{"id":53975,"date":"2025-12-29T16:47:20","date_gmt":"2025-12-29T08:47:20","guid":{"rendered":"https:\/\/ulpmat.com\/product\/aluminate-de-cobalt-oxyde-de-cobalt-et-daluminium\/"},"modified":"2025-12-29T16:47:20","modified_gmt":"2025-12-29T08:47:20","slug":"aluminate-de-cobalt-oxyde-de-cobalt-et-daluminium","status":"publish","type":"product","link":"https:\/\/ulpmat.com\/fr\/produit\/aluminate-de-cobalt-oxyde-de-cobalt-et-daluminium\/","title":{"rendered":"Aluminate de cobalt (oxyde de cobalt et d&rsquo;aluminium)"},"content":{"rendered":"<h2><span style=\"font-size: 14pt;\">Cible de pulv\u00e9risation en aluminate de cobalt Pr\u00e9sentation<\/span><\/h2>\n<p>Les cibles de pulv\u00e9risation<br \/>\n<span style=\"color: #0000ff;\"><a style=\"color: #0000ff;\" href=\"https:\/\/ulpmat.com\/fr\/recherche\/?type=name&#038;keyword=Cobalt+Aluminate\">en aluminate de cobalt<\/a><\/span><br \/>\nsont des cibles c\u00e9ramiques haute performance utilis\u00e9es dans le d\u00e9p\u00f4t physique en phase vapeur (PVD), principalement pour la pr\u00e9paration de films minces pr\u00e9sentant une excellente stabilit\u00e9 thermique, une r\u00e9sistance \u00e0 la corrosion et des propri\u00e9t\u00e9s optiques sp\u00e9cifiques.<\/p>\n<p>Nous proposons des cibles de pulv\u00e9risation en aluminate de cobalt de haute puret\u00e9 et haute densit\u00e9, pouvant \u00eatre personnalis\u00e9es selon diff\u00e9rentes sp\u00e9cifications et m\u00e9thodes de liaison. Veuillez <span style=\"color: #0000ff;\"><a style=\"color: #0000ff;\" href=\"https:\/\/ulpmat.com\/fr\/contactez-nous\/\">nous contacter<\/a><\/span><br \/>\npour obtenir des param\u00e8tres techniques d\u00e9taill\u00e9s et un devis personnalis\u00e9.<\/p>\n<h2><span style=\"font-size: 14pt;\">Points forts du produit<\/span><\/h2>\n<p>Excellente stabilit\u00e9 chimique<br \/>\nPropri\u00e9t\u00e9s thermiques sup\u00e9rieures<br \/>\nHaute puret\u00e9 et haute densit\u00e9<br \/>\nStructure cristalline contr\u00f4lable<br \/>\nLiaison et traitement professionnels<br \/>\n<span style=\"color: #0000ff;\"><a style=\"color: #0000ff;\" href=\"https:\/\/ulpmat.com\/fr\/service\/support-technique\/\">Assistance technique<\/a><\/span><br \/>\nfiable<\/p>\n<h2><span style=\"font-size: 14pt;\">Applications des cibles de pulv\u00e9risation en aluminate de cobalt<\/span><\/h2>\n<p>Rev\u00eatements thermiques et protecteurs : utilis\u00e9s dans les composants \u00e0 haute temp\u00e9rature tels que les aubes de moteurs a\u00e9ronautiques, les films d&rsquo;aluminate de cobalt d\u00e9pos\u00e9s isolent efficacement la chaleur et r\u00e9sistent \u00e0 l&rsquo;oxydation et \u00e0 la corrosion thermique. Films minces<br \/>\n<span style=\"color: #0000ff;\"><a style=\"color: #0000ff;\" href=\"https:\/\/ulpmat.com\/fr\/candidature\/materiaux-optiques\/\">optiques<\/a><\/span><br \/>\net d\u00e9coratifs : en raison de leur teinte bleue stable et de leur durabilit\u00e9, ils sont couramment utilis\u00e9s pour pr\u00e9parer des filtres optiques haut de gamme, des rev\u00eatements d\u00e9coratifs r\u00e9sistants aux intemp\u00e9ries et des rev\u00eatements pour verre artistique.<br \/>\n<span style=\"color: #0000ff;\"><a style=\"color: #0000ff;\" href=\"https:\/\/ulpmat.com\/fr\/candidature\/materiaux-semi-conducteurs\/\">Semi-conducteurs<\/a><\/span><br \/>\net films minces fonctionnels : dans le domaine de la micro\u00e9lectronique, ils peuvent servir de couche di\u00e9lectrique sp\u00e9ciale, de couche de passivation ou de source de mat\u00e9riau pour la pr\u00e9paration de nouveaux films minces fonctionnels magn\u00e9tiques et catalytiques.<\/p>\n<h2><span style=\"color: #0000ff;\"><a style=\"color: #0000ff;\" href=\"https:\/\/ulpmat.com\/fr\/societe\/faq\/\"><span style=\"font-size: 14pt;\">FAQ<\/span><\/a><\/span><\/h2>\n<p>Q1 : Quelle est la r\u00e9sistance \u00e0 la temp\u00e9rature des cibles en spinelle de cobalt-aluminium ?<br \/>\nA1 : Excellente. Sa structure en spinelle est extr\u00eamement stable \u00e0 haute temp\u00e9rature, ce qui la rend adapt\u00e9e \u00e0 la pr\u00e9paration de films minces n\u00e9cessitant une exposition prolong\u00e9e \u00e0 des environnements \u00e0 haute temp\u00e9rature.<\/p>\n<p>Q2 : De quelle couleur est le film d\u00e9pos\u00e9 \u00e0 l&rsquo;aide de cette cible ?<br \/>\nR2 : Il pr\u00e9sente g\u00e9n\u00e9ralement une couleur bleue stable et vive. La teinte sp\u00e9cifique peut \u00eatre ajust\u00e9e en modifiant les param\u00e8tres du processus de pulv\u00e9risation.<\/p>\n<p>Q3 : Quelle est la diff\u00e9rence entre cette cible et les cibles en alumine ?<br \/>\nR3 : La principale diff\u00e9rence r\u00e9side dans la composition et les propri\u00e9t\u00e9s. L&rsquo;aluminate de cobalt contient du cobalt qui, tout en conservant une grande stabilit\u00e9, conf\u00e8re au mat\u00e9riau une couleur bleue unique et des propri\u00e9t\u00e9s fonctionnelles potentielles.<\/p>\n<p>Q4 : Est-il possible de commander des tailles non standard sur mesure ?<br \/>\nA4 : Oui. Nous pouvons personnaliser des cibles de diff\u00e9rentes formes, tailles et \u00e9paisseurs en fonction de la cavit\u00e9 de votre \u00e9quipement de rev\u00eatement et des exigences du processus.<\/p>\n<h2><span style=\"font-size: 14pt;\">Rapports<\/span><\/h2>\n<p>Chaque lot est fourni avec :<br \/>\n<span style=\"color: #0000ff;\"><a style=\"color: #0000ff;\" href=\"https:\/\/ulpmat.com\/fr\/documents\/certificat-danalyse\/\">Certificat d&rsquo;analyse (COA)<\/a><\/span><\/p>\n<p><span style=\"color: #0000ff;\"><a style=\"color: #0000ff;\" href=\"https:\/\/ulpmat.com\/fr\/documents\/fiche-technique\/\">Fiche technique (TDS)<\/a><\/span><\/p>\n<p><span style=\"color: #0000ff;\"><a style=\"color: #0000ff;\" href=\"https:\/\/ulpmat.com\/fr\/documents\/fiche-de-donnees-de-securite\/\">Fiche de donn\u00e9es de s\u00e9curit\u00e9 (MSDS)<\/a><\/span><br \/>\nRapport d&rsquo;inspection des dimensions<br \/>\nRapports d&rsquo;essais effectu\u00e9s par des tiers disponibles sur demande<\/p>\n<h2><span style=\"font-size: 14pt;\">Pourquoi nous choisir ?<\/span><\/h2>\n<p>Nous disposons d&rsquo;une expertise approfondie dans le domaine des cibles de pulv\u00e9risation c\u00e9ramiques avanc\u00e9es et d&rsquo;une compr\u00e9hension approfondie des d\u00e9fis li\u00e9s \u00e0 la synth\u00e8se et \u00e0 l&rsquo;application des mat\u00e9riaux \u00e0 base d&rsquo;aluminate de cobalt. Nous choisir, c&rsquo;est choisir un partenaire fiable, fort d&rsquo;une vaste expertise professionnelle, qui se consacre \u00e0 r\u00e9soudre les d\u00e9fis technologiques de pointe en mati\u00e8re de rev\u00eatement avec ses clients.<\/p>\n","protected":false},"excerpt":{"rendered":"<p>Cible de pulv\u00e9risation en aluminate de cobalt Pr\u00e9sentation Les cibles de pulv\u00e9risation en aluminate de cobalt sont des cibles c\u00e9ramiques haute performance utilis\u00e9es dans le d\u00e9p\u00f4t physique en phase vapeur (PVD), principalement pour la pr\u00e9paration de films minces pr\u00e9sentant une excellente stabilit\u00e9 thermique, une r\u00e9sistance \u00e0 la corrosion et des propri\u00e9t\u00e9s optiques sp\u00e9cifiques. Nous proposons [&hellip;]<\/p>\n","protected":false},"featured_media":53976,"template":"","meta":{"_acf_changed":false},"product_brand":[132],"product_cat":[449],"product_tag":[380,8275],"class_list":{"0":"post-53975","1":"product","2":"type-product","3":"status-publish","4":"has-post-thumbnail","6":"product_brand-ulpmat","7":"product_cat-cible-de-pulverisation-ceramique","8":"product_tag-cible-de-pulverisation","9":"product_tag-cible-de-pulverisation-daluminate-de-cobalt-oxyde-de-cobalt-et-daluminium","11":"first","12":"instock","13":"shipping-taxable","14":"product-type-variable"},"acf":[],"_links":{"self":[{"href":"https:\/\/ulpmat.com\/fr\/wp-json\/wp\/v2\/product\/53975","targetHints":{"allow":["GET"]}}],"collection":[{"href":"https:\/\/ulpmat.com\/fr\/wp-json\/wp\/v2\/product"}],"about":[{"href":"https:\/\/ulpmat.com\/fr\/wp-json\/wp\/v2\/types\/product"}],"wp:featuredmedia":[{"embeddable":true,"href":"https:\/\/ulpmat.com\/fr\/wp-json\/wp\/v2\/media\/53976"}],"wp:attachment":[{"href":"https:\/\/ulpmat.com\/fr\/wp-json\/wp\/v2\/media?parent=53975"}],"wp:term":[{"taxonomy":"product_brand","embeddable":true,"href":"https:\/\/ulpmat.com\/fr\/wp-json\/wp\/v2\/product_brand?post=53975"},{"taxonomy":"product_cat","embeddable":true,"href":"https:\/\/ulpmat.com\/fr\/wp-json\/wp\/v2\/product_cat?post=53975"},{"taxonomy":"product_tag","embeddable":true,"href":"https:\/\/ulpmat.com\/fr\/wp-json\/wp\/v2\/product_tag?post=53975"}],"curies":[{"name":"wp","href":"https:\/\/api.w.org\/{rel}","templated":true}]}}