{"id":53813,"date":"2025-12-29T16:47:22","date_gmt":"2025-12-29T08:47:22","guid":{"rendered":"https:\/\/ulpmat.com\/product\/cobalt-chrome-aluminium\/"},"modified":"2025-12-29T16:47:22","modified_gmt":"2025-12-29T08:47:22","slug":"cobalt-chrome-aluminium","status":"publish","type":"product","link":"https:\/\/ulpmat.com\/fr\/produit\/cobalt-chrome-aluminium\/","title":{"rendered":"Cobalt Chrome Aluminium"},"content":{"rendered":"<h2><span style=\"font-size: 14pt;\">Cible de pulv\u00e9risation en cobalt-chrome-aluminium Pr\u00e9sentation<\/span><\/h2>\n<p>Les cibles de<br \/>\n<span style=\"color: #0000ff;\"><a style=\"color: #0000ff;\" href=\"https:\/\/ulpmat.com\/fr\/recherche\/?type=element&#038;keyword=Co%2CCr%2CAl\"><\/a><\/span><br \/>\npulv\u00e9risation<br \/>\n<span style=\"color: #0000ff;\"><a style=\"color: #0000ff;\" href=\"https:\/\/ulpmat.com\/fr\/recherche\/?type=element&#038;keyword=Co%2CCr%2CAl\">en cobalt-chrome-aluminium<\/a><\/span><br \/>\nsont des cibles en alliage haute performance sp\u00e9cialement con\u00e7ues pour les proc\u00e9d\u00e9s de d\u00e9p\u00f4t physique en phase vapeur (PVD) afin de pr\u00e9parer des rev\u00eatements durs pr\u00e9sentant une excellente r\u00e9sistance \u00e0 l&rsquo;usure, une r\u00e9sistance \u00e0 l&rsquo;oxydation \u00e0 haute temp\u00e9rature et une r\u00e9sistance \u00e0 la corrosion exceptionnelle.<\/p>\n<p>Nous proposons des cibles en cobalt-chrome-aluminium de haute puret\u00e9 dans diff\u00e9rents rapports de composition et diff\u00e9rentes tailles, et proposons des services de liaison personnalis\u00e9s. Veuillez <span style=\"color: #0000ff;\"><a style=\"color: #0000ff;\" href=\"https:\/\/ulpmat.com\/fr\/contactez-nous\/\">contacter notre<\/a><\/span><br \/>\n\u00e9quipe technique pour obtenir des sp\u00e9cifications d\u00e9taill\u00e9es et des conseils professionnels pour choisir le produit qui vous convient.<\/p>\n<h2><span style=\"font-size: 14pt;\">Points forts du produit<\/span><\/h2>\n<p>Composition uniforme, haute puret\u00e9, faible teneur en oxyg\u00e8ne<br \/>\nMicrostructure dense, grains fins<br \/>\nExcellente ductilit\u00e9, forte r\u00e9sistance aux fissures<br \/>\nRev\u00eatement dense, performances sup\u00e9rieures<br \/>\nLiaison professionnelle, conductivit\u00e9 thermique \u00e9lev\u00e9e<br \/>\nApprovisionnement continu, stable et fiable<\/p>\n<h2><span style=\"font-size: 14pt;\">Applications des cibles de pulv\u00e9risation en cobalt-chrome-aluminium<\/span><\/h2>\n<p>Rev\u00eatements haut de gamme pour outils de coupe : les rev\u00eatements \u00e0 base de nitrure ou de carbure de cobalt-chrome-aluminium d\u00e9pos\u00e9s sur cette cible ont une duret\u00e9 extr\u00eamement \u00e9lev\u00e9e, ce qui am\u00e9liore consid\u00e9rablement les performances de coupe \u00e0 grande vitesse et la dur\u00e9e de vie des outils de coupe et des matrices.<br \/>\nRev\u00eatement protecteur pour composants critiques : utilis\u00e9 pour les composants expos\u00e9s \u00e0 des temp\u00e9ratures \u00e9lev\u00e9es, tels que les aubes et les turbines de moteurs a\u00e9ronautiques, il offre une protection contre la corrosion et l&rsquo;oxydation dans des environnements \u00e0 tr\u00e8s haute temp\u00e9rature.<br \/>\nFilms minces <span style=\"color: #0000ff;\"><a style=\"color: #0000ff;\" href=\"https:\/\/ulpmat.com\/fr\/candidature\/materiaux-optiques\/\">optiques<\/a><\/span><br \/>\net \u00e9lectroniques de pr\u00e9cision : peuvent \u00eatre utilis\u00e9s comme mat\u00e9riaux fonctionnels en couches minces sur les surfaces des dispositifs optiques ou des composants \u00e9lectroniques ayant des exigences particuli\u00e8res en mati\u00e8re de r\u00e9sistance \u00e0 l&rsquo;usure et de stabilit\u00e9.<\/p>\n<h2><span style=\"color: #0000ff;\"><a style=\"color: #0000ff;\" href=\"https:\/\/ulpmat.com\/fr\/societe\/faq\/\"><span style=\"font-size: 14pt;\">FAQ<\/span><\/a><\/span><\/h2>\n<p>Q1 : Quel est le proc\u00e9d\u00e9 g\u00e9n\u00e9ralement utilis\u00e9 pour produire ce mat\u00e9riau cible ?<br \/>\nA1 : Nous utilisons principalement des proc\u00e9d\u00e9s avanc\u00e9s de m\u00e9tallurgie des poudres et de pressage isostatique \u00e0 chaud (HIP) afin de garantir que le mat\u00e9riau cible est exempt de pores, pr\u00e9sente une composition uniforme et une densit\u00e9 extr\u00eamement \u00e9lev\u00e9e.<\/p>\n<p>Q2 : Quels sont les avantages de l&rsquo;ajout de cobalt ?<br \/>\nR2 : L&rsquo;ajout de cobalt \u00e0 la base chrome-aluminium am\u00e9liore encore la duret\u00e9 thermique, la t\u00e9nacit\u00e9 et la r\u00e9sistance globale \u00e0 la corrosion \u00e0 haute temp\u00e9rature du rev\u00eatement, ce qui le rend particuli\u00e8rement adapt\u00e9 aux environnements de traitement plus exigeants.<\/p>\n<p>Q3 : \u00c0 quelle temp\u00e9rature le rev\u00eatement peut-il r\u00e9sister ?<br \/>\nA3 : Les rev\u00eatements pr\u00e9par\u00e9s \u00e0 partir de cibles de cobalt-chrome-aluminium de haute qualit\u00e9 pr\u00e9sentent une excellente stabilit\u00e9 thermique, avec des temp\u00e9ratures de r\u00e9sistance \u00e0 l&rsquo;oxydation nettement sup\u00e9rieures \u00e0 celles des rev\u00eatements traditionnels, pouvant atteindre 1 000 \u00b0C dans certaines applications.<\/p>\n<p>Q4 : Proposez-vous des tailles personnalis\u00e9es ?<br \/>\nA4 : Oui. Nous pouvons fournir des cibles de pulv\u00e9risation en cobalt-chrome-aluminium personnalis\u00e9es dans diff\u00e9rentes formes et tailles, notamment rondes, tubulaires et rectangulaires, en fonction de la conception de la cavit\u00e9 de votre \u00e9quipement de rev\u00eatement et des exigences du processus.<\/p>\n<h2><span style=\"font-size: 14pt;\">Rapports<\/span><\/h2>\n<p>Chaque lot est fourni avec :<br \/>\n<span style=\"color: #0000ff;\"><a style=\"color: #0000ff;\" href=\"https:\/\/ulpmat.com\/fr\/documents\/certificat-danalyse\/\">Certificat d&rsquo;analyse (COA)<\/a><\/span><\/p>\n<p><span style=\"color: #0000ff;\"><a style=\"color: #0000ff;\" href=\"https:\/\/ulpmat.com\/fr\/documents\/fiche-technique\/\">Fiche technique (TDS)<\/a><\/span><\/p>\n<p><span style=\"color: #0000ff;\"><a style=\"color: #0000ff;\" href=\"https:\/\/ulpmat.com\/fr\/documents\/fiche-de-donnees-de-securite\/\">Fiche de donn\u00e9es de s\u00e9curit\u00e9 (MSDS)<\/a><\/span><br \/>\nRapport d&rsquo;inspection des dimensions<br \/>\nRapports d&rsquo;essais effectu\u00e9s par des tiers disponibles sur demande<\/p>\n<h2><span style=\"font-size: 14pt;\">Pourquoi nous choisir ?<\/span><\/h2>\n<p>Forts de notre vaste exp\u00e9rience dans la pr\u00e9paration des mat\u00e9riaux et les applications de rev\u00eatement dans le domaine des cibles de pulv\u00e9risation en alliages haute performance, nous fournissons non seulement des cibles de pulv\u00e9risation en cobalt-chrome-aluminium qui r\u00e9pondent \u00e0 des sp\u00e9cifications strictes, mais nous proposons \u00e9galement des solutions compl\u00e8tes, du choix des mat\u00e9riaux \u00e0 l&rsquo;optimisation des processus, pour r\u00e9pondre \u00e0 vos besoins sp\u00e9cifiques en mati\u00e8re de rev\u00eatement. Nous sommes votre partenaire de confiance.<\/p>\n","protected":false},"excerpt":{"rendered":"<p>Cible de pulv\u00e9risation en cobalt-chrome-aluminium Pr\u00e9sentation Les cibles de pulv\u00e9risation en cobalt-chrome-aluminium sont des cibles en alliage haute performance sp\u00e9cialement con\u00e7ues pour les proc\u00e9d\u00e9s de d\u00e9p\u00f4t physique en phase vapeur (PVD) afin de pr\u00e9parer des rev\u00eatements durs pr\u00e9sentant une excellente r\u00e9sistance \u00e0 l&rsquo;usure, une r\u00e9sistance \u00e0 l&rsquo;oxydation \u00e0 haute temp\u00e9rature et une r\u00e9sistance \u00e0 la [&hellip;]<\/p>\n","protected":false},"featured_media":53814,"template":"","meta":{"_acf_changed":false},"product_brand":[132],"product_cat":[560],"product_tag":[380,8221,8210],"class_list":{"0":"post-53813","1":"product","2":"type-product","3":"status-publish","4":"has-post-thumbnail","6":"product_brand-ulpmat","7":"product_cat-cible-de-pulverisation-dalliage","8":"product_tag-cible-de-pulverisation","9":"product_tag-cible-de-pulverisation-cathodique-cobalt-chrome-aluminium","10":"product_tag-cible-en-alliage","12":"first","13":"instock","14":"shipping-taxable","15":"product-type-variable"},"acf":[],"_links":{"self":[{"href":"https:\/\/ulpmat.com\/fr\/wp-json\/wp\/v2\/product\/53813","targetHints":{"allow":["GET"]}}],"collection":[{"href":"https:\/\/ulpmat.com\/fr\/wp-json\/wp\/v2\/product"}],"about":[{"href":"https:\/\/ulpmat.com\/fr\/wp-json\/wp\/v2\/types\/product"}],"wp:featuredmedia":[{"embeddable":true,"href":"https:\/\/ulpmat.com\/fr\/wp-json\/wp\/v2\/media\/53814"}],"wp:attachment":[{"href":"https:\/\/ulpmat.com\/fr\/wp-json\/wp\/v2\/media?parent=53813"}],"wp:term":[{"taxonomy":"product_brand","embeddable":true,"href":"https:\/\/ulpmat.com\/fr\/wp-json\/wp\/v2\/product_brand?post=53813"},{"taxonomy":"product_cat","embeddable":true,"href":"https:\/\/ulpmat.com\/fr\/wp-json\/wp\/v2\/product_cat?post=53813"},{"taxonomy":"product_tag","embeddable":true,"href":"https:\/\/ulpmat.com\/fr\/wp-json\/wp\/v2\/product_tag?post=53813"}],"curies":[{"name":"wp","href":"https:\/\/api.w.org\/{rel}","templated":true}]}}