{"id":53687,"date":"2026-01-05T10:36:56","date_gmt":"2026-01-05T02:36:56","guid":{"rendered":"https:\/\/ulpmat.com\/product\/metal-ferreux-4\/"},"modified":"2026-01-05T10:36:56","modified_gmt":"2026-01-05T02:36:56","slug":"metal-ferreux-4","status":"publish","type":"product","link":"https:\/\/ulpmat.com\/fr\/produit\/metal-ferreux-4\/","title":{"rendered":"M\u00e9tal ferreux"},"content":{"rendered":"<h2><span style=\"font-size: 14pt;\">Granul\u00e9s de fer m\u00e9tallique Pr\u00e9sentation<\/span><\/h2>\n<p>Les granul\u00e9s<br \/>\n<span style=\"color: #0000ff;\"><a style=\"color: #0000ff;\" href=\"https:\/\/ulpmat.com\/fr\/recherche\/?type=name&#038;keyword=Iron+metal\">de fer m\u00e9tallique<\/a><\/span><br \/>\n, caract\u00e9ris\u00e9s par leur grande puret\u00e9 et leur taille uniforme, sont largement utilis\u00e9s dans les mat\u00e9riaux pour batteries, le blindage \u00e9lectromagn\u00e9tique, les rev\u00eatements m\u00e9talliques et la catalyse. Ils conviennent \u00e0 divers besoins industriels et de recherche.<\/p>\n<p>Nous proposons des granul\u00e9s de fer m\u00e9tallique de haute qualit\u00e9 qui r\u00e9pondent aux normes industrielles et satisfont les diverses exigences de nos clients. N&rsquo;h\u00e9sitez pas \u00e0 <span style=\"color: #0000ff;\"><a style=\"color: #0000ff;\" href=\"https:\/\/ulpmat.com\/fr\/contactez-nous\/\">nous contacter<\/a><\/span><br \/>\nsi vous avez des questions sur nos produits.<\/p>\n<h2><span style=\"font-size: 14pt;\">Points forts du produit<\/span><\/h2>\n<p>Haute puret\u00e9<br \/>\nTaille uniforme des particules<br \/>\nBonne conductivit\u00e9 \u00e9lectrique<br \/>\nExcellente r\u00e9sistance \u00e0 la corrosion Services<br \/>\n<span style=\"color: #0000ff;\"><a style=\"color: #0000ff;\" href=\"https:\/\/ulpmat.com\/fr\/service\/personnalisation\/\">de personnalisation<\/a><\/span><br \/>\ndisponibles<\/p>\n<h2><span style=\"font-size: 14pt;\">Applications des granul\u00e9s de fer<\/span><\/h2>\n<p>Mat\u00e9riaux<br \/>\n<span style=\"color: #0000ff;\"><a style=\"color: #0000ff;\" href=\"https:\/\/ulpmat.com\/fr\/candidature\/materiaux-de-la-batterie\/\">pour batteries<\/a><\/span><br \/>\n: largement utilis\u00e9s comme mat\u00e9riaux d&rsquo;\u00e9lectrode n\u00e9gative dans les batteries au lithium pour am\u00e9liorer l&rsquo;efficacit\u00e9 de charge et de d\u00e9charge.<br \/>\nBlindage \u00e9lectromagn\u00e9tique : utilis\u00e9s pour la protection contre les ondes \u00e9lectromagn\u00e9tiques, am\u00e9liorant la stabilit\u00e9 des \u00e9quipements et les capacit\u00e9s anti-interf\u00e9rences.<br \/>\nRev\u00eatements m\u00e9talliques : peuvent \u00eatre utilis\u00e9s dans les processus de rev\u00eatement pour am\u00e9liorer la duret\u00e9 et la r\u00e9sistance \u00e0 l&rsquo;usure du rev\u00eatement.<br \/>\nCatalyseurs : les granul\u00e9s de fer m\u00e9tallique peuvent agir comme catalyseurs, augmentant les vitesses de r\u00e9action et la s\u00e9lectivit\u00e9 dans les r\u00e9actions chimiques.<\/p>\n<h2><span style=\"color: #0000ff;\"><a style=\"color: #0000ff;\" href=\"https:\/\/ulpmat.com\/fr\/societe\/faq\/\"><span style=\"font-size: 14pt;\">FAQ<\/span><\/a><\/span><\/h2>\n<p>Q1 : Quelles sont les applications ?<br \/>\nA1 : Il est largement utilis\u00e9 dans les mat\u00e9riaux pour batteries, le blindage \u00e9lectromagn\u00e9tique, les rev\u00eatements m\u00e9talliques et la catalyse, r\u00e9pondant \u00e0 divers besoins industriels.<\/p>\n<p>Q2 : Quelle est la puret\u00e9 de nos granul\u00e9s de fer ?<br \/>\nR2 : Nos granul\u00e9s de fer ont une puret\u00e9 sup\u00e9rieure \u00e0 99,99 %, ce qui garantit des performances \u00e9lev\u00e9es du produit.<\/p>\n<p>Q3 : Comment devons-nous les stocker ?<br \/>\nR3 : Afin de pr\u00e9server la qualit\u00e9 des granul\u00e9s de fer, nous recommandons de les stocker dans un environnement sec et bien ventil\u00e9, en \u00e9vitant l&rsquo;humidit\u00e9 et les temp\u00e9ratures \u00e9lev\u00e9es.<\/p>\n<p>Q4 : Proposez-vous un service personnalis\u00e9 ?<br \/>\nA4 : Oui, nous proposons des services de personnalisation et pouvons ajuster la taille des particules et la puret\u00e9 en fonction des besoins sp\u00e9cifiques des clients.<\/p>\n<h2><span style=\"font-size: 14pt;\">Rapports<\/span><\/h2>\n<p>Chaque lot est fourni avec :<br \/>\n<span style=\"color: #0000ff;\"><a style=\"color: #0000ff;\" href=\"https:\/\/ulpmat.com\/fr\/documents\/certificat-danalyse\/\">Certificat d&rsquo;analyse (COA)<\/a><\/span><\/p>\n<p><span style=\"color: #0000ff;\"><a style=\"color: #0000ff;\" href=\"https:\/\/ulpmat.com\/fr\/documents\/fiche-technique\/\">Fiche technique (TDS)<\/a><\/span><\/p>\n<p><span style=\"color: #0000ff;\"><a style=\"color: #0000ff;\" href=\"https:\/\/ulpmat.com\/fr\/documents\/fiche-de-donnees-de-securite\/\">Fiche de donn\u00e9es de s\u00e9curit\u00e9 (MSDS)<\/a><\/span><br \/>\nRapports d&rsquo;essais effectu\u00e9s par des tiers disponibles sur demande<\/p>\n<h2><span style=\"font-size: 14pt;\">Pourquoi nous choisir ?<\/span><\/h2>\n<p>Nous choisir, c&rsquo;est b\u00e9n\u00e9ficier de granul\u00e9s de fer de haute qualit\u00e9, d&rsquo;un contr\u00f4le qualit\u00e9 rigoureux et d&rsquo;un service apr\u00e8s-vente professionnel. Nous nous engageons \u00e0 fournir \u00e0 nos clients des produits et des solutions de la plus haute qualit\u00e9, afin de r\u00e9pondre \u00e0 vos besoins.<\/p>\n","protected":false},"excerpt":{"rendered":"<p>Granul\u00e9s de fer m\u00e9tallique Pr\u00e9sentation Les granul\u00e9s de fer m\u00e9tallique , caract\u00e9ris\u00e9s par leur grande puret\u00e9 et leur taille uniforme, sont largement utilis\u00e9s dans les mat\u00e9riaux pour batteries, le blindage \u00e9lectromagn\u00e9tique, les rev\u00eatements m\u00e9talliques et la catalyse. Ils conviennent \u00e0 divers besoins industriels et de recherche. Nous proposons des granul\u00e9s de fer m\u00e9tallique de haute [&hellip;]<\/p>\n","protected":false},"featured_media":53688,"template":"","meta":{"_acf_changed":false},"product_brand":[132],"product_cat":[296],"product_tag":[8185],"class_list":{"0":"post-53687","1":"product","2":"type-product","3":"status-publish","4":"has-post-thumbnail","6":"product_brand-ulpmat","7":"product_cat-materiaux-devaporation","8":"product_tag-granules-de-metal-ferreux","10":"first","11":"instock","12":"shipping-taxable","13":"product-type-variable"},"acf":[],"_links":{"self":[{"href":"https:\/\/ulpmat.com\/fr\/wp-json\/wp\/v2\/product\/53687","targetHints":{"allow":["GET"]}}],"collection":[{"href":"https:\/\/ulpmat.com\/fr\/wp-json\/wp\/v2\/product"}],"about":[{"href":"https:\/\/ulpmat.com\/fr\/wp-json\/wp\/v2\/types\/product"}],"wp:featuredmedia":[{"embeddable":true,"href":"https:\/\/ulpmat.com\/fr\/wp-json\/wp\/v2\/media\/53688"}],"wp:attachment":[{"href":"https:\/\/ulpmat.com\/fr\/wp-json\/wp\/v2\/media?parent=53687"}],"wp:term":[{"taxonomy":"product_brand","embeddable":true,"href":"https:\/\/ulpmat.com\/fr\/wp-json\/wp\/v2\/product_brand?post=53687"},{"taxonomy":"product_cat","embeddable":true,"href":"https:\/\/ulpmat.com\/fr\/wp-json\/wp\/v2\/product_cat?post=53687"},{"taxonomy":"product_tag","embeddable":true,"href":"https:\/\/ulpmat.com\/fr\/wp-json\/wp\/v2\/product_tag?post=53687"}],"curies":[{"name":"wp","href":"https:\/\/api.w.org\/{rel}","templated":true}]}}