{"id":53525,"date":"2026-01-05T10:36:58","date_gmt":"2026-01-05T02:36:58","guid":{"rendered":"https:\/\/ulpmat.com\/product\/metal-ferreux\/"},"modified":"2026-01-05T10:36:58","modified_gmt":"2026-01-05T02:36:58","slug":"metal-ferreux","status":"publish","type":"product","link":"https:\/\/ulpmat.com\/fr\/produit\/metal-ferreux\/","title":{"rendered":"M\u00e9tal ferreux"},"content":{"rendered":"<h2><span style=\"font-size: 14pt;\">Cible de pulv\u00e9risation en fer m\u00e9tallique Pr\u00e9sentation du produit<\/span><\/h2>\n<p>Les cibles de pulv\u00e9risation<br \/>\n<a href=\"https:\/\/ulpmat.com\/fr\/recherche\/?type=name&#038;keyword=Iron+metal\"><span style=\"color: #0000ff;\">en fer<\/span><\/a><br \/>\nconstituent un mat\u00e9riau de base essentiel pour la fabrication de films minces fonctionnels \u00e0 l&rsquo;aide de techniques de d\u00e9p\u00f4t physique en phase vapeur (PVD), telles que la pulv\u00e9risation magn\u00e9tron. Leurs principaux avantages r\u00e9sident dans leur puret\u00e9 m\u00e9tallique exceptionnellement \u00e9lev\u00e9e et leurs propri\u00e9t\u00e9s ferromagn\u00e9tiques remarquables. Ces cibles sont principalement utilis\u00e9es dans la fabrication de semi-conducteurs, les \u00e9crans d&rsquo;affichage, le stockage de donn\u00e9es et la recherche scientifique pour d\u00e9poser des films minces \u00e0 l&rsquo;\u00e9chelle nanom\u00e9trique pr\u00e9sentant une conductivit\u00e9, un magn\u00e9tisme et une stabilit\u00e9 sup\u00e9rieurs.<\/p>\n<p>Nous proposons divers mat\u00e9riaux cibles <span style=\"color: #0000ff;\"><a style=\"color: #0000ff;\" href=\"https:\/\/ulpmat.com\/fr\/recherche\/?type=name&#038;keyword=iron\">en fer<\/a><\/span><br \/>\nm\u00e9tallique de haute puret\u00e9, de forme circulaire, rectangulaire ou autre. Des services de collage professionnels avec des plaques de support en cuivre sans oxyg\u00e8ne sont disponibles pour optimiser la dissipation thermique et am\u00e9liorer la stabilit\u00e9 de la pulv\u00e9risation. De plus, nous proposons une personnalisation pouss\u00e9e des dimensions, de la puret\u00e9, des formes et m\u00eame des compositions d&rsquo;alliages afin de r\u00e9pondre aux exigences sp\u00e9cifiques de votre \u00e9quipement et de vos processus. N&rsquo;h\u00e9sitez pas \u00e0 <span style=\"color: #0000ff;\"><a style=\"color: #0000ff;\" href=\"https:\/\/ulpmat.com\/fr\/contactez-nous\/\">nous contacter<\/a><\/span><br \/>\npour toute question.<\/p>\n<h2><span style=\"font-size: 14pt;\">Points forts du produit<\/span><\/h2>\n<p>Ultra-haute puret\u00e9<br \/>\nHaute densit\u00e9<br \/>\nPropri\u00e9t\u00e9s magn\u00e9tiques sup\u00e9rieures<br \/>\nProcessus de collage professionnel<\/p>\n<h2><span style=\"font-size: 14pt;\">Applications des cibles de pulv\u00e9risation en fer<\/span><\/h2>\n<p><span style=\"color: #0000ff;\"><a style=\"color: #0000ff;\" href=\"https:\/\/ulpmat.com\/fr\/candidature\/materiaux-semi-conducteurs\/\">Semi-conducteurs<\/a><\/span><br \/>\net micro\u00e9lectronique : utilis\u00e9es pour le d\u00e9p\u00f4t d&rsquo;\u00e9lectrodes, d&rsquo;interconnexions et de couches barri\u00e8res dans la fabrication de circuits int\u00e9gr\u00e9s, r\u00e9pondant aux exigences de miniaturisation et de haute performance des appareils.<br \/>\nTechnologie d&rsquo;affichage \u00e0 \u00e9cran plat : utilis\u00e9es dans la production d&rsquo;\u00e9crans LCD, OLED et autres pour la fabrication de circuits conducteurs de pr\u00e9cision et de couches de film critiques dans les transistors \u00e0 couche mince (TFT).<br \/>\nStockage de donn\u00e9es et dispositifs magn\u00e9tiques : servent de mat\u00e9riau cible principal pour la fabrication de supports d&rsquo;enregistrement magn\u00e9tiques sur des plateaux de disques durs, diverses t\u00eates magn\u00e9tiques et des capteurs magn\u00e9tiques haute sensibilit\u00e9.<br \/>\nRecherche de pointe et rev\u00eatement optique : fournit un support de mat\u00e9riaux de haute puret\u00e9 pour le d\u00e9veloppement de nouveaux mat\u00e9riaux (par exemple, les dispositifs spintroniques) dans les universit\u00e9s et les instituts de recherche, ainsi que des rev\u00eatements fonctionnels pour les composants optiques.<\/p>\n<h2><span style=\"color: #0000ff;\"><a style=\"color: #0000ff;\" href=\"https:\/\/ulpmat.com\/fr\/societe\/faq\/\"><span style=\"font-size: 14pt;\">FAQ<\/span><\/a><\/span><\/h2>\n<p>Q1 : Comment la puret\u00e9 des cibles de fer est-elle mesur\u00e9e ? Quels sont les principaux \u00e9l\u00e9ments contr\u00f4l\u00e9s pour les impuret\u00e9s ?<br \/>\nA1 : La puret\u00e9 est g\u00e9n\u00e9ralement exprim\u00e9e en pourcentage. Nous testons et contr\u00f4lons rigoureusement les principales impuret\u00e9s, notamment les m\u00e9taux alcalins, les m\u00e9taux lourds et les \u00e9l\u00e9ments gazeux (oxyg\u00e8ne, azote), \u00e0 l&rsquo;aide de m\u00e9thodes de pr\u00e9cision telles que la spectrom\u00e9trie de masse \u00e0 d\u00e9charge luminescente (GD-MS) afin de garantir la conformit\u00e9 aux normes d&rsquo;application haut de gamme.<\/p>\n<p>Q2 : Le fer est-il un mat\u00e9riau fortement magn\u00e9tique ?<br \/>\nR2 : Oui. Le fort magn\u00e9tisme des cibles en fer peut prot\u00e9ger les champs magn\u00e9tiques, ce qui peut affecter la stabilit\u00e9 du plasma de pulv\u00e9risation.<\/p>\n<p>Q3 : Pourquoi certaines cibles en fer doivent-elles \u00eatre coll\u00e9es \u00e0 une plaque de support (par exemple, en cuivre) ?<br \/>\nA3 : Il est essentiel de coller une plaque de support \u00e0 haute conductivit\u00e9 thermique. Elle dissipe rapidement la chaleur g\u00e9n\u00e9r\u00e9e pendant la pulv\u00e9risation, emp\u00eachant ainsi la fissuration ou la d\u00e9formation de la cible due \u00e0 une surchauffe localis\u00e9e. Cela am\u00e9liore consid\u00e9rablement l&rsquo;utilisation de la cible et la s\u00e9curit\u00e9 op\u00e9rationnelle, en particulier pour les processus de pulv\u00e9risation \u00e0 haute puissance.<\/p>\n<p>Q4 : Les cibles \u00e0 base de fer peuvent-elles \u00eatre personnalis\u00e9es avec des dimensions non standard ou des compositions d&rsquo;alliages sp\u00e9ciales ?<br \/>\nA4 : Absolument. Nous disposons de capacit\u00e9s de traitement compl\u00e8tes, de la fonte et du forgeage \u00e0 l&rsquo;usinage de pr\u00e9cision, ce qui nous permet de personnaliser des cibles de toutes tailles et formes \u00e0 partir des plans que vous nous fournissez.<\/p>\n<h2><span style=\"font-size: 14pt;\">Rapports<\/span><\/h2>\n<p>Chaque lot est accompagn\u00e9 des documents suivants :<br \/>\n<span style=\"color: #0000ff;\"><a style=\"color: #0000ff;\" href=\"https:\/\/ulpmat.com\/fr\/documents\/certificat-danalyse\/\">Certificat d&rsquo;analyse (COA)<\/a><\/span><\/p>\n<p><span style=\"color: #0000ff;\"><a style=\"color: #0000ff;\" href=\"https:\/\/ulpmat.com\/fr\/documents\/fiche-technique\/\">Fiche technique (TDS)<\/a><\/span><\/p>\n<p><span style=\"color: #0000ff;\"><a style=\"color: #0000ff;\" href=\"https:\/\/ulpmat.com\/fr\/documents\/fiche-de-donnees-de-securite\/\">Fiche de donn\u00e9es de s\u00e9curit\u00e9 (MSDS)<\/a><\/span><br \/>\nRapport d&rsquo;inspection des dimensions<br \/>\nRapports d&rsquo;essais effectu\u00e9s par des tiers disponibles sur demande<\/p>\n<h2><span style=\"font-size: 14pt;\">Pourquoi nous choisir ?<\/span><\/h2>\n<p>Nous sommes sp\u00e9cialis\u00e9s dans les mat\u00e9riaux m\u00e9talliques de haute puret\u00e9 et fournissons non seulement des produits, mais aussi des solutions compl\u00e8tes. Gr\u00e2ce \u00e0 notre connaissance approfondie des d\u00e9fis li\u00e9s \u00e0 la pulv\u00e9risation des cibles ferromagn\u00e9tiques et \u00e0 notre contr\u00f4le qualit\u00e9 rigoureux de bout en bout, de la purification des mati\u00e8res premi\u00e8res \u00e0 l&#8217;emballage final, nous garantissons que chaque cible offre des performances exceptionnelles et constantes.<\/p>\n","protected":false},"excerpt":{"rendered":"<p>Cible de pulv\u00e9risation en fer m\u00e9tallique Pr\u00e9sentation du produit Les cibles de pulv\u00e9risation en fer constituent un mat\u00e9riau de base essentiel pour la fabrication de films minces fonctionnels \u00e0 l&rsquo;aide de techniques de d\u00e9p\u00f4t physique en phase vapeur (PVD), telles que la pulv\u00e9risation magn\u00e9tron. Leurs principaux avantages r\u00e9sident dans leur puret\u00e9 m\u00e9tallique exceptionnellement \u00e9lev\u00e9e et [&hellip;]<\/p>\n","protected":false},"featured_media":53526,"template":"","meta":{"_acf_changed":false},"product_brand":[132],"product_cat":[274],"product_tag":[380,8167],"class_list":{"0":"post-53525","1":"product","2":"type-product","3":"status-publish","4":"has-post-thumbnail","6":"product_brand-ulpmat","7":"product_cat-cible-de-pulverisation-metallique","8":"product_tag-cible-de-pulverisation","9":"product_tag-cible-de-pulverisation-du-metal-ferreux","11":"first","12":"instock","13":"shipping-taxable","14":"product-type-variable"},"acf":[],"_links":{"self":[{"href":"https:\/\/ulpmat.com\/fr\/wp-json\/wp\/v2\/product\/53525","targetHints":{"allow":["GET"]}}],"collection":[{"href":"https:\/\/ulpmat.com\/fr\/wp-json\/wp\/v2\/product"}],"about":[{"href":"https:\/\/ulpmat.com\/fr\/wp-json\/wp\/v2\/types\/product"}],"wp:featuredmedia":[{"embeddable":true,"href":"https:\/\/ulpmat.com\/fr\/wp-json\/wp\/v2\/media\/53526"}],"wp:attachment":[{"href":"https:\/\/ulpmat.com\/fr\/wp-json\/wp\/v2\/media?parent=53525"}],"wp:term":[{"taxonomy":"product_brand","embeddable":true,"href":"https:\/\/ulpmat.com\/fr\/wp-json\/wp\/v2\/product_brand?post=53525"},{"taxonomy":"product_cat","embeddable":true,"href":"https:\/\/ulpmat.com\/fr\/wp-json\/wp\/v2\/product_cat?post=53525"},{"taxonomy":"product_tag","embeddable":true,"href":"https:\/\/ulpmat.com\/fr\/wp-json\/wp\/v2\/product_tag?post=53525"}],"curies":[{"name":"wp","href":"https:\/\/api.w.org\/{rel}","templated":true}]}}