{"id":53411,"date":"2026-01-05T10:36:59","date_gmt":"2026-01-05T02:36:59","guid":{"rendered":"https:\/\/ulpmat.com\/product\/oxyde-de-fer-4\/"},"modified":"2026-01-05T10:36:59","modified_gmt":"2026-01-05T02:36:59","slug":"oxyde-de-fer-4","status":"publish","type":"product","link":"https:\/\/ulpmat.com\/fr\/produit\/oxyde-de-fer-4\/","title":{"rendered":"Oxyde de fer"},"content":{"rendered":"<h2><span style=\"font-size: 14pt;\">Pr\u00e9sentation des cibles de pulv\u00e9risation en oxyde de fer<\/span><\/h2>\n<p>Les cibles de pulv\u00e9risation<br \/>\n<span style=\"color: #0000ff;\"><a style=\"color: #0000ff;\" href=\"https:\/\/ulpmat.com\/fr\/recherche\/?type=name&#038;keyword=Iron+Oxide\">en oxyde de fer<\/a><\/span><br \/>\nsont des mat\u00e9riaux sources solides compos\u00e9s de c\u00e9ramique en oxyde de fer de haute puret\u00e9, principalement utilis\u00e9s dans les processus de d\u00e9p\u00f4t physique en phase vapeur (PVD). Elles d\u00e9posent des films minces d&rsquo;oxyde de fer dot\u00e9s de fonctions opto\u00e9lectroniques, magn\u00e9tiques ou catalytiques sp\u00e9cifiques sur des substrats \u00e0 l&rsquo;aide de m\u00e9thodes telles que la pulv\u00e9risation magn\u00e9tron. Ce mat\u00e9riau est largement utilis\u00e9 dans les rev\u00eatements <span style=\"color: #0000ff;\"><a style=\"color: #0000ff;\" href=\"https:\/\/ulpmat.com\/fr\/candidature\/materiaux-optiques\/\">optiques<\/a><\/span><br \/>\n, les dispositifs magn\u00e9tiques, les capteurs et la recherche de pointe en photo\u00e9lectrocatalyse.<\/p>\n<p>Nos cibles Fe2O3 peuvent \u00eatre personnalis\u00e9es dans diff\u00e9rentes formes et tailles, notamment circulaires et rectangulaires, afin de r\u00e9pondre \u00e0 vos besoins, garantissant une microstructure dense et des performances stables. Veuillez <span style=\"color: #0000ff;\"><a style=\"color: #0000ff;\" href=\"https:\/\/ulpmat.com\/fr\/contactez-nous\/\">nous contacter<\/a><\/span><br \/>\npour obtenir une liste d\u00e9taill\u00e9e des sp\u00e9cifications.<\/p>\n<h2><span style=\"font-size: 14pt;\">Points forts du produit<\/span><\/h2>\n<p>Puret\u00e9 ultra-\u00e9lev\u00e9e<br \/>\nFormes cristallines s\u00e9lectionnables<br \/>\nHaute densit\u00e9 et faible porosit\u00e9<br \/>\nSp\u00e9cifications flexibles et <span style=\"color: #0000ff;\"><a style=\"color: #0000ff;\" href=\"https:\/\/ulpmat.com\/fr\/service\/personnalisation\/\">personnalisables<\/a><\/span><\/p>\n<h2><span style=\"font-size: 14pt;\">Applications des cibles de pulv\u00e9risation d&rsquo;oxyde de fer<\/span><\/h2>\n<p>Films minces et rev\u00eatements<br \/>\n<span style=\"color: #0000ff;\"><a style=\"color: #0000ff;\" href=\"https:\/\/ulpmat.com\/fr\/candidature\/materiaux-optiques\/\">optiques<\/a><\/span><br \/>\n: utilis\u00e9s pour la pr\u00e9paration de films antireflets, de filtres d&rsquo;interf\u00e9rence et de divers rev\u00eatements optiques. L&rsquo;indice de r\u00e9fraction, la duret\u00e9 et d&rsquo;autres propri\u00e9t\u00e9s du film mince sont \u00e9troitement li\u00e9es \u00e0 la puret\u00e9 du mat\u00e9riau cible.<br \/>\nDispositifs fonctionnels magn\u00e9tiques : servent de mat\u00e9riau cible principal pour la pr\u00e9paration de films minces magn\u00e9tiques essentiels dans les supports d&rsquo;enregistrement magn\u00e9tiques, les capteurs magn\u00e9tiques et les dispositifs magn\u00e9to\u00e9lectroniques. Capteurs de gaz et de produits chimiques : utilis\u00e9s pour le d\u00e9p\u00f4t de films minces sensibles, leur puret\u00e9 et leur microstructure affectent directement la sensibilit\u00e9, la s\u00e9lectivit\u00e9 et la vitesse de r\u00e9ponse du capteur.<br \/>\nRecherche en photovolta\u00efque et catalyse : utilis\u00e9s dans la conversion de l&rsquo;\u00e9nergie solaire et la catalyse comme mat\u00e9riaux pour la pr\u00e9paration de photoanodes ou de films minces catalytiques. Sa haute puret\u00e9 et sa bonne cristallinit\u00e9 contribuent \u00e0 am\u00e9liorer l&rsquo;efficacit\u00e9 et la stabilit\u00e9 de la conversion.<\/p>\n<h2><span style=\"color: #0000ff;\"><a style=\"color: #0000ff;\" href=\"https:\/\/ulpmat.com\/fr\/societe\/faq\/\"><span style=\"font-size: 14pt;\">FAQ<\/span><\/a><\/span><\/h2>\n<p>Q1 : Quelles sont les diff\u00e9rences entre les mat\u00e9riaux cibles \u03b1-Fe\u2082O\u2083 et \u03b3-Fe\u2082O\u2083 ? Comment choisir ?<br \/>\nA1 : Les deux diff\u00e8rent par leur structure cristalline et leurs propri\u00e9t\u00e9s physiques. L&rsquo;\u03b1-Fe\u2082O\u2083 (h\u00e9matite) est le plus stable sur le plan thermodynamique et le plus largement utilis\u00e9 ; le \u03b3-Fe\u2082O\u2083 (magn\u00e9site) a un magn\u00e9tisme plus fort. Le choix d\u00e9pend des performances souhait\u00e9es pour le film mince : si une stabilit\u00e9 chimique \u00e9lev\u00e9e et une bande interdite optique sp\u00e9cifique sont requises, la phase \u03b1 peut \u00eatre s\u00e9lectionn\u00e9e ; si un film mince fortement magn\u00e9tique est n\u00e9cessaire, la phase \u03b3 est plus appropri\u00e9e. Notre \u00e9quipe technique peut vous aider \u00e0 faire votre choix en fonction de l&rsquo;application finale.<\/p>\n<p>Q2 : Pourquoi le mat\u00e9riau cible doit-il \u00eatre coll\u00e9 \u00e0 une plaque de support ?<br \/>\nA2 : Il est essentiel de le coller \u00e0 une plaque de support m\u00e9tallique \u00e0 haute conductivit\u00e9 thermique. Celle-ci dissipe rapidement l&rsquo;\u00e9norme chaleur g\u00e9n\u00e9r\u00e9e \u00e0 la surface de la cible pendant la pulv\u00e9risation, emp\u00eachant ainsi la fissuration de la cible ou la d\u00e9gradation de ses performances due \u00e0 une surchauffe localis\u00e9e, ce qui garantit une pulv\u00e9risation stable et prolonge la dur\u00e9e de vie de la cible.<\/p>\n<p>Q3 : Comment les cibles de pulv\u00e9risation d&rsquo;oxyde de fer (III) doivent-elles \u00eatre stock\u00e9es ?<br \/>\nR3 : Elles doivent \u00eatre stock\u00e9es dans un environnement sec et bien ventil\u00e9, \u00e0 plat pour \u00e9viter les chocs, l&rsquo;oxydation, la contamination et les dommages physiques.<\/p>\n<p>Q4 : Les produits sont-ils personnalis\u00e9s ?<br \/>\nR4 : Nous pouvons personnaliser divers produits en fonction des besoins des clients.<\/p>\n<h2><span style=\"font-size: 14pt;\">Rapports<\/span><\/h2>\n<p>Chaque lot est fourni avec :<br \/>\n<span style=\"color: #0000ff;\"><a style=\"color: #0000ff;\" href=\"https:\/\/ulpmat.com\/fr\/documents\/certificat-danalyse\/\">Certificat d&rsquo;analyse (COA)<\/a><\/span><\/p>\n<p><span style=\"color: #0000ff;\"><a style=\"color: #0000ff;\" href=\"https:\/\/ulpmat.com\/fr\/documents\/fiche-technique\/\">Fiche technique (TDS)<\/a><\/span><\/p>\n<p><span style=\"color: #0000ff;\"><a style=\"color: #0000ff;\" href=\"https:\/\/ulpmat.com\/fr\/documents\/fiche-de-donnees-de-securite\/\">Fiche de donn\u00e9es de s\u00e9curit\u00e9 (MSDS)<\/a><\/span><br \/>\nRapport d&rsquo;inspection des dimensions<br \/>\nRapports d&rsquo;essais effectu\u00e9s par des tiers disponibles sur demande<\/p>\n<h2><span style=\"font-size: 14pt;\">Pourquoi nous choisir ?<\/span><\/h2>\n<p>Nous nous concentrons sur la recherche, le d\u00e9veloppement et la production de cibles de pulv\u00e9risation c\u00e9ramiques haute performance, en comprenant parfaitement l&rsquo;influence d\u00e9cisive de la puret\u00e9 des mat\u00e9riaux, de la forme cristalline et de la microstructure sur les performances finales du film mince. De la synth\u00e8se de poudres de haute puret\u00e9 au frittage de pr\u00e9cision, nous mettons en \u0153uvre un contr\u00f4le qualit\u00e9 strict tout au long du processus afin de garantir l&rsquo;excellente qualit\u00e9 de chaque mat\u00e9riau cible.<\/p>\n","protected":false},"excerpt":{"rendered":"<p>Pr\u00e9sentation des cibles de pulv\u00e9risation en oxyde de fer Les cibles de pulv\u00e9risation en oxyde de fer sont des mat\u00e9riaux sources solides compos\u00e9s de c\u00e9ramique en oxyde de fer de haute puret\u00e9, principalement utilis\u00e9s dans les processus de d\u00e9p\u00f4t physique en phase vapeur (PVD). Elles d\u00e9posent des films minces d&rsquo;oxyde de fer dot\u00e9s de fonctions [&hellip;]<\/p>\n","protected":false},"featured_media":53412,"template":"","meta":{"_acf_changed":false},"product_brand":[132],"product_cat":[449],"product_tag":[380,8143],"class_list":{"0":"post-53411","1":"product","2":"type-product","3":"status-publish","4":"has-post-thumbnail","6":"product_brand-ulpmat","7":"product_cat-cible-de-pulverisation-ceramique","8":"product_tag-cible-de-pulverisation","9":"product_tag-cible-de-pulverisation-doxyde-de-fer","11":"first","12":"instock","13":"shipping-taxable","14":"product-type-variable"},"acf":[],"_links":{"self":[{"href":"https:\/\/ulpmat.com\/fr\/wp-json\/wp\/v2\/product\/53411","targetHints":{"allow":["GET"]}}],"collection":[{"href":"https:\/\/ulpmat.com\/fr\/wp-json\/wp\/v2\/product"}],"about":[{"href":"https:\/\/ulpmat.com\/fr\/wp-json\/wp\/v2\/types\/product"}],"wp:featuredmedia":[{"embeddable":true,"href":"https:\/\/ulpmat.com\/fr\/wp-json\/wp\/v2\/media\/53412"}],"wp:attachment":[{"href":"https:\/\/ulpmat.com\/fr\/wp-json\/wp\/v2\/media?parent=53411"}],"wp:term":[{"taxonomy":"product_brand","embeddable":true,"href":"https:\/\/ulpmat.com\/fr\/wp-json\/wp\/v2\/product_brand?post=53411"},{"taxonomy":"product_cat","embeddable":true,"href":"https:\/\/ulpmat.com\/fr\/wp-json\/wp\/v2\/product_cat?post=53411"},{"taxonomy":"product_tag","embeddable":true,"href":"https:\/\/ulpmat.com\/fr\/wp-json\/wp\/v2\/product_tag?post=53411"}],"curies":[{"name":"wp","href":"https:\/\/api.w.org\/{rel}","templated":true}]}}