{"id":53357,"date":"2026-01-05T10:37:01","date_gmt":"2026-01-05T02:37:01","guid":{"rendered":"https:\/\/ulpmat.com\/product\/oxyde-de-fer-2\/"},"modified":"2026-01-05T10:37:01","modified_gmt":"2026-01-05T02:37:01","slug":"oxyde-de-fer-2","status":"publish","type":"product","link":"https:\/\/ulpmat.com\/fr\/produit\/oxyde-de-fer-2\/","title":{"rendered":"Oxyde de fer"},"content":{"rendered":"<h2><span style=\"font-size: 14pt;\">Pr\u00e9sentation de la poudre d&rsquo;oxyde de fer<\/span><\/h2>\n<p>La poudre<br \/>\n<span style=\"color: #0000ff;\"><a style=\"color: #0000ff;\" href=\"https:\/\/ulpmat.com\/fr\/recherche\/?type=name&#038;keyword=Iron+Oxide\">d&rsquo;oxyde de fer<\/a><\/span><br \/>\nposs\u00e8de une grande stabilit\u00e9 magn\u00e9tique et chimique, ce qui la rend largement utilis\u00e9e dans la catalyse, la d\u00e9pollution environnementale et les mat\u00e9riaux magn\u00e9tiques.<\/p>\n<p>Nous proposons de la poudre Fe3O4 de haute puret\u00e9, personnalisable pour r\u00e9pondre \u00e0 diverses applications industrielles. <span style=\"color: #0000ff;\"><a style=\"color: #0000ff;\" href=\"https:\/\/ulpmat.com\/fr\/contactez-nous\/\">Contactez-nous<\/a><\/span><br \/>\npour plus d&rsquo;informations sur nos produits.<\/p>\n<h2><span style=\"font-size: 14pt;\">Points forts du produit<\/span><\/h2>\n<p>Haute puret\u00e9<br \/>\nForte force magn\u00e9tique<br \/>\nExcellente stabilit\u00e9 chimique<br \/>\nProcessus de production de haute qualit\u00e9 Service<br \/>\n<span style=\"color: #0000ff;\"><a style=\"color: #0000ff;\" href=\"https:\/\/ulpmat.com\/fr\/service\/personnalisation\/\">personnalis\u00e9<\/a><\/span><\/p>\n<p><span style=\"color: #0000ff;\"><a style=\"color: #0000ff;\" href=\"https:\/\/ulpmat.com\/fr\/service\/service-apres-vente\/\">Assistance apr\u00e8s-vente<\/a><\/span><br \/>\nprofessionnelle<\/p>\n<h2><span style=\"font-size: 14pt;\">Applications de la poudre d&rsquo;oxyde de fer<\/span><\/h2>\n<p>Catalyseurs : largement utilis\u00e9s comme catalyseurs ou supports de catalyseurs dans la p\u00e9trochimie, la d\u00e9pollution environnementale et d&rsquo;autres domaines pour am\u00e9liorer l&rsquo;efficacit\u00e9 des r\u00e9actions.<br \/>\nAssainissement environnemental : la poudre Fe3O4 \u00e9limine efficacement les substances nocives dans le traitement de l&rsquo;eau et la purification des gaz r\u00e9siduaires, ce qui en fait un mat\u00e9riau id\u00e9al pour l&rsquo;assainissement environnemental.<br \/>\nMat\u00e9riaux magn\u00e9tiques : en raison de ses excellentes propri\u00e9t\u00e9s magn\u00e9tiques, elle est largement utilis\u00e9e dans les capteurs magn\u00e9tiques et les dispositifs d&rsquo;enregistrement magn\u00e9tique, et poss\u00e8de une grande valeur technologique.<br \/>\nIndustrie pharmaceutique : peut \u00eatre utilis\u00e9 dans les excipients, l&rsquo;administration cibl\u00e9e de m\u00e9dicaments et d&rsquo;autres domaines, favorisant le d\u00e9veloppement des technologies m\u00e9dicales.<\/p>\n<h2><span style=\"font-size: 14pt;\">FAQ<\/span><\/h2>\n<p>Q1 : Quelles sont les principales caract\u00e9ristiques de la poudre d&rsquo;oxyde de fer ?<br \/>\nA1 : Avec ses propri\u00e9t\u00e9s magn\u00e9tiques \u00e9lev\u00e9es, sa stabilit\u00e9 chimique et sa bonne dispersibilit\u00e9, c&rsquo;est un choix id\u00e9al pour de nombreuses applications haut de gamme.<\/p>\n<p>Q2 : Quelles sont les applications de la poudre d&rsquo;oxyde de fer dans la protection de l&rsquo;environnement ?<br \/>\nA2 : La poudre d&rsquo;oxyde de fer peut adsorber efficacement les polluants pr\u00e9sents dans l&rsquo;eau et est largement utilis\u00e9e dans le traitement des eaux us\u00e9es et la purification des gaz d&rsquo;\u00e9chappement.<\/p>\n<p>Q3 : Quelles sont les conditions de stockage de l&rsquo;oxyde de fer ?<br \/>\nA3 : Il doit \u00eatre stock\u00e9 dans un endroit sec et frais, \u00e0 l&rsquo;abri de l&rsquo;humidit\u00e9 et de la lumi\u00e8re intense.<\/p>\n<p>Q4 : Comment am\u00e9liorer l&rsquo;effet d&rsquo;application de la poudre Fe3O4 ?<br \/>\nR4 : Dans les applications pratiques, ses performances peuvent \u00eatre am\u00e9lior\u00e9es en ajustant la taille des particules et le traitement de surface.<\/p>\n<h2><span style=\"font-size: 14pt;\">Rapports<\/span><\/h2>\n<p>Chaque lot est fourni avec :<br \/>\n<span style=\"color: #0000ff;\"><a style=\"color: #0000ff;\" href=\"https:\/\/ulpmat.com\/fr\/documents\/certificat-danalyse\/\">Certificat d&rsquo;analyse (COA)<\/a><\/span><\/p>\n<p><span style=\"color: #0000ff;\"><a style=\"color: #0000ff;\" href=\"https:\/\/ulpmat.com\/fr\/documents\/fiche-technique\/\">Fiche technique (TDS)<\/a><\/span><\/p>\n<p><span style=\"color: #0000ff;\"><a style=\"color: #0000ff;\" href=\"https:\/\/ulpmat.com\/fr\/documents\/fiche-de-donnees-de-securite\/\">Fiche de donn\u00e9es de s\u00e9curit\u00e9 (MSDS)<\/a><\/span><br \/>\nRapports d&rsquo;essais effectu\u00e9s par des tiers disponibles sur demande<\/p>\n<h2><span style=\"font-size: 14pt;\">Pourquoi nous choisir ?<\/span><\/h2>\n<p>Nous sommes sp\u00e9cialis\u00e9s dans la production de poudres de haute puret\u00e9, disposons d&rsquo;une technologie et d&rsquo;\u00e9quipements de pointe, et pouvons fournir des services personnalis\u00e9s pour r\u00e9pondre aux divers besoins de nos clients. Nos produits sont d&rsquo;une qualit\u00e9 stable et notre <span style=\"color: #0000ff;\"><a style=\"color: #0000ff;\" href=\"https:\/\/ulpmat.com\/fr\/service\/service-apres-vente\/\">service apr\u00e8s-vente<\/a><\/span><br \/>\nest excellent, ce qui nous a valu la confiance de nos clients.<\/p>\n","protected":false},"excerpt":{"rendered":"<p>Pr\u00e9sentation de la poudre d&rsquo;oxyde de fer La poudre d&rsquo;oxyde de fer poss\u00e8de une grande stabilit\u00e9 magn\u00e9tique et chimique, ce qui la rend largement utilis\u00e9e dans la catalyse, la d\u00e9pollution environnementale et les mat\u00e9riaux magn\u00e9tiques. Nous proposons de la poudre Fe3O4 de haute puret\u00e9, personnalisable pour r\u00e9pondre \u00e0 diverses applications industrielles. Contactez-nous pour plus d&rsquo;informations [&hellip;]<\/p>\n","protected":false},"featured_media":53358,"template":"","meta":{"_acf_changed":false},"product_brand":[132],"product_cat":[335],"product_tag":[8149],"class_list":{"0":"post-53357","1":"product","2":"type-product","3":"status-publish","4":"has-post-thumbnail","6":"product_brand-ulpmat","7":"product_cat-oxydes","8":"product_tag-poudre-doxyde-de-fer","10":"first","11":"instock","12":"shipping-taxable","13":"product-type-variable"},"acf":[],"_links":{"self":[{"href":"https:\/\/ulpmat.com\/fr\/wp-json\/wp\/v2\/product\/53357","targetHints":{"allow":["GET"]}}],"collection":[{"href":"https:\/\/ulpmat.com\/fr\/wp-json\/wp\/v2\/product"}],"about":[{"href":"https:\/\/ulpmat.com\/fr\/wp-json\/wp\/v2\/types\/product"}],"wp:featuredmedia":[{"embeddable":true,"href":"https:\/\/ulpmat.com\/fr\/wp-json\/wp\/v2\/media\/53358"}],"wp:attachment":[{"href":"https:\/\/ulpmat.com\/fr\/wp-json\/wp\/v2\/media?parent=53357"}],"wp:term":[{"taxonomy":"product_brand","embeddable":true,"href":"https:\/\/ulpmat.com\/fr\/wp-json\/wp\/v2\/product_brand?post=53357"},{"taxonomy":"product_cat","embeddable":true,"href":"https:\/\/ulpmat.com\/fr\/wp-json\/wp\/v2\/product_cat?post=53357"},{"taxonomy":"product_tag","embeddable":true,"href":"https:\/\/ulpmat.com\/fr\/wp-json\/wp\/v2\/product_tag?post=53357"}],"curies":[{"name":"wp","href":"https:\/\/api.w.org\/{rel}","templated":true}]}}