{"id":53327,"date":"2026-01-05T10:37:01","date_gmt":"2026-01-05T02:37:01","guid":{"rendered":"https:\/\/ulpmat.com\/product\/oxyde-de-fer\/"},"modified":"2026-01-05T10:37:01","modified_gmt":"2026-01-05T02:37:01","slug":"oxyde-de-fer","status":"publish","type":"product","link":"https:\/\/ulpmat.com\/fr\/produit\/oxyde-de-fer\/","title":{"rendered":"Oxyde de fer"},"content":{"rendered":"<h2><span style=\"font-size: 14pt;\">Pr\u00e9sentation des cibles de pulv\u00e9risation en oxyde de fer<\/span><\/h2>\n<p>Les cibles de pulv\u00e9risation<br \/>\n<span style=\"color: #0000ff;\"><a style=\"color: #0000ff;\" href=\"https:\/\/ulpmat.com\/fr\/recherche\/?type=name&#038;keyword=Iron+Oxide\">en oxyde de fer<\/a><\/span><br \/>\nposs\u00e8dent une excellente stabilit\u00e9 magn\u00e9tique et chimique, ce qui les rend largement utilis\u00e9es dans le d\u00e9p\u00f4t de couches minces, les dispositifs \u00e9lectroniques et les mat\u00e9riaux magn\u00e9tiques.<\/p>\n<p>Nous proposons des cibles de pulv\u00e9risation Fe3O4 de haute qualit\u00e9, personnalisables selon les sp\u00e9cifications du client, adapt\u00e9es \u00e0 diverses applications de d\u00e9p\u00f4t de couches minces et r\u00e9pondant \u00e0 des exigences de haute performance. <span style=\"color: #0000ff;\"><a style=\"color: #0000ff;\" href=\"https:\/\/ulpmat.com\/fr\/service\/support-technique\/\">Contactez-nous<\/a><\/span><br \/>\npour plus d&rsquo;informations sur nos produits.<\/p>\n<h2><span style=\"font-size: 14pt;\">Points forts du produit<\/span><\/h2>\n<p>Haute puret\u00e9<br \/>\nExcellentes propri\u00e9t\u00e9s magn\u00e9tiques<br \/>\nGrande stabilit\u00e9 chimique<br \/>\nConvient au d\u00e9p\u00f4t de couches minces de haute pr\u00e9cision<br \/>\nTailles personnalisables<br \/>\n<span style=\"color: #0000ff;\"><a style=\"color: #0000ff;\" href=\"https:\/\/ulpmat.com\/fr\/service\/support-technique\/\">Assistance technique<\/a><\/span><br \/>\nprofessionnelle Backplanes et liaisons personnalisables<\/p>\n<h2><span style=\"font-size: 14pt;\">Applications des cibles de pulv\u00e9risation en oxyde de fer<\/span><\/h2>\n<p>D\u00e9p\u00f4t de couches minces : les cibles de pulv\u00e9risation en Fe3O4 sont couramment utilis\u00e9es dans les processus de d\u00e9p\u00f4t physique en phase vapeur (PVD), largement appliqu\u00e9s dans la pr\u00e9paration de couches minces pour les semi-conducteurs, les dispositifs opto\u00e9lectroniques et les composants \u00e9lectroniques, am\u00e9liorant ainsi la qualit\u00e9 des couches.<br \/>\nMat\u00e9riaux magn\u00e9tiques : en raison de leurs excellentes propri\u00e9t\u00e9s magn\u00e9tiques, elles sont largement utilis\u00e9es dans la production d&rsquo;enregistrements magn\u00e9tiques, de capteurs et de mat\u00e9riaux de stockage magn\u00e9tiques.<br \/>\nDispositifs \u00e9lectroniques : elles jouent un r\u00f4le crucial dans la fabrication de composants \u00e9lectroniques magn\u00e9tiques, largement utilis\u00e9s dans la production de films minces magn\u00e9tiques dans l&rsquo;industrie \u00e9lectronique. Rev\u00eatement<br \/>\n<span style=\"color: #0000ff;\"><a style=\"color: #0000ff;\" href=\"https:\/\/ulpmat.com\/fr\/candidature\/materiaux-optiques\/\">optique<\/a><\/span><br \/>\n: dans la production de rev\u00eatements optiques, elles contribuent \u00e0 am\u00e9liorer les performances optiques du rev\u00eatement et sont largement utilis\u00e9es dans la production de lentilles, d&rsquo;\u00e9crans et d&rsquo;autres produits.<\/p>\n<h2><span style=\"font-size: 14pt;\">FAQ<\/span><\/h2>\n<p>Q1 : Quelles sont les principales utilisations des cibles de pulv\u00e9risation Fe3O4 ?<br \/>\nA1 : Largement utilis\u00e9es dans le d\u00e9p\u00f4t de films minces, la production de mat\u00e9riaux magn\u00e9tiques et les rev\u00eatements optiques, elles sont particuli\u00e8rement adapt\u00e9es aux mat\u00e9riaux hautement magn\u00e9tiques et aux applications de films minces de haute pr\u00e9cision.<\/p>\n<p>Q2 : Quelles sont les exigences de puret\u00e9 pour les cibles de pulv\u00e9risation Fe3O4 ?<br \/>\nR2 : Nous proposons des cibles de pulv\u00e9risation Fe3O4 d&rsquo;une puret\u00e9 pouvant atteindre 99,95 %, garantissant des r\u00e9sultats optimaux dans diverses applications de haute pr\u00e9cision.<\/p>\n<p>Q3 : Comment am\u00e9liorer l&rsquo;efficacit\u00e9 de pulv\u00e9risation des cibles de pulv\u00e9risation Fe3O4 ?<br \/>\nR3 : En optimisant l&rsquo;\u00e9paisseur de la cible et les param\u00e8tres de d\u00e9p\u00f4t, l&rsquo;efficacit\u00e9 de pulv\u00e9risation des cibles de pulv\u00e9risation Fe\u2083O\u2084 peut \u00eatre efficacement am\u00e9lior\u00e9e, permettant d&rsquo;obtenir une meilleure qualit\u00e9 de film mince.<\/p>\n<p>Q4 : Quelles sont les conditions de stockage des cibles de pulv\u00e9risation en oxyde de fer ?<br \/>\nA4 : Elles doivent \u00eatre stock\u00e9es dans un environnement sec et frais, \u00e0 l&rsquo;abri de l&rsquo;humidit\u00e9 et de la lumi\u00e8re directe du soleil, afin de pr\u00e9server leurs performances.<\/p>\n<h2><span style=\"font-size: 14pt;\">Rapports<\/span><\/h2>\n<p>Chaque lot est fourni avec :<br \/>\n<span style=\"color: #0000ff;\"><a style=\"color: #0000ff;\" href=\"https:\/\/ulpmat.com\/fr\/documents\/certificat-danalyse\/\">Certificat d&rsquo;analyse (COA)<\/a><\/span><\/p>\n<p><span style=\"color: #0000ff;\"><a style=\"color: #0000ff;\" href=\"https:\/\/ulpmat.com\/fr\/documents\/fiche-technique\/\">Fiche technique (TDS)<\/a><\/span><\/p>\n<p><span style=\"color: #0000ff;\"><a style=\"color: #0000ff;\" href=\"https:\/\/ulpmat.com\/fr\/documents\/fiche-de-donnees-de-securite\/\">Fiche de donn\u00e9es de s\u00e9curit\u00e9 (MSDS)<\/a><\/span><br \/>\nRapport d&rsquo;inspection des dimensions<br \/>\nRapports d&rsquo;essais effectu\u00e9s par des tiers disponibles sur demande<\/p>\n<h2><span style=\"font-size: 14pt;\">Pourquoi nous choisir ?<\/span><\/h2>\n<p>Nous avons de nombreuses ann\u00e9es d&rsquo;exp\u00e9rience dans la fabrication professionnelle et nous nous engageons \u00e0 fournir des cibles de pulv\u00e9risation Fe3O4 de haute qualit\u00e9 et haute performance. Nous offrons des services personnalis\u00e9s pour r\u00e9pondre aux diff\u00e9rents besoins de nos clients et fournissons <span style=\"color: #0000ff;\"><a style=\"color: #0000ff;\" href=\"https:\/\/ulpmat.com\/fr\/service\/support-technique\/\">une assistance technique<\/a><\/span><br \/>\ncompl\u00e8te pour garantir la r\u00e9ussite de chaque projet.<\/p>\n","protected":false},"excerpt":{"rendered":"<p>Pr\u00e9sentation des cibles de pulv\u00e9risation en oxyde de fer Les cibles de pulv\u00e9risation en oxyde de fer poss\u00e8dent une excellente stabilit\u00e9 magn\u00e9tique et chimique, ce qui les rend largement utilis\u00e9es dans le d\u00e9p\u00f4t de couches minces, les dispositifs \u00e9lectroniques et les mat\u00e9riaux magn\u00e9tiques. Nous proposons des cibles de pulv\u00e9risation Fe3O4 de haute qualit\u00e9, personnalisables selon [&hellip;]<\/p>\n","protected":false},"featured_media":53328,"template":"","meta":{"_acf_changed":false},"product_brand":[132],"product_cat":[449],"product_tag":[8143],"class_list":{"0":"post-53327","1":"product","2":"type-product","3":"status-publish","4":"has-post-thumbnail","6":"product_brand-ulpmat","7":"product_cat-cible-de-pulverisation-ceramique","8":"product_tag-cible-de-pulverisation-doxyde-de-fer","10":"first","11":"instock","12":"shipping-taxable","13":"product-type-variable"},"acf":[],"_links":{"self":[{"href":"https:\/\/ulpmat.com\/fr\/wp-json\/wp\/v2\/product\/53327","targetHints":{"allow":["GET"]}}],"collection":[{"href":"https:\/\/ulpmat.com\/fr\/wp-json\/wp\/v2\/product"}],"about":[{"href":"https:\/\/ulpmat.com\/fr\/wp-json\/wp\/v2\/types\/product"}],"wp:featuredmedia":[{"embeddable":true,"href":"https:\/\/ulpmat.com\/fr\/wp-json\/wp\/v2\/media\/53328"}],"wp:attachment":[{"href":"https:\/\/ulpmat.com\/fr\/wp-json\/wp\/v2\/media?parent=53327"}],"wp:term":[{"taxonomy":"product_brand","embeddable":true,"href":"https:\/\/ulpmat.com\/fr\/wp-json\/wp\/v2\/product_brand?post=53327"},{"taxonomy":"product_cat","embeddable":true,"href":"https:\/\/ulpmat.com\/fr\/wp-json\/wp\/v2\/product_cat?post=53327"},{"taxonomy":"product_tag","embeddable":true,"href":"https:\/\/ulpmat.com\/fr\/wp-json\/wp\/v2\/product_tag?post=53327"}],"curies":[{"name":"wp","href":"https:\/\/api.w.org\/{rel}","templated":true}]}}