{"id":53285,"date":"2026-01-05T10:37:02","date_gmt":"2026-01-05T02:37:02","guid":{"rendered":"https:\/\/ulpmat.com\/product\/borure-de-fer-2\/"},"modified":"2026-01-05T10:37:02","modified_gmt":"2026-01-05T02:37:02","slug":"borure-de-fer-2","status":"publish","type":"product","link":"https:\/\/ulpmat.com\/fr\/produit\/borure-de-fer-2\/","title":{"rendered":"Borure de fer"},"content":{"rendered":"<h2><span style=\"font-size: 14pt;\">Pr\u00e9sentation de la poudre de borure de fer<\/span><\/h2>\n<p>La poudre<br \/>\n<span style=\"color: #0000ff;\"><a style=\"color: #0000ff;\" href=\"https:\/\/ulpmat.com\/fr\/recherche\/?type=name&#038;keyword=Iron+Boride\">de borure de fer<\/a><\/span><br \/>\nest un alliage tr\u00e8s dur et r\u00e9sistant aux temp\u00e9ratures \u00e9lev\u00e9es, largement utilis\u00e9 dans les rev\u00eatements durs, les mat\u00e9riaux de friction et les catalyseurs.<\/p>\n<p>Nous proposons une poudre FeB de haute puret\u00e9 pour r\u00e9pondre aux exigences de haute performance des rev\u00eatements durs et des mat\u00e9riaux de friction, et pouvons \u00e9galement personnaliser les poudres en fonction des besoins des clients. N&rsquo;h\u00e9sitez pas \u00e0 <span style=\"color: #0000ff;\"><a style=\"color: #0000ff;\" href=\"https:\/\/ulpmat.com\/fr\/contactez-nous\/\">nous contacter<\/a><\/span><br \/>\n.<\/p>\n<h2><span style=\"font-size: 14pt;\">Points forts du produit<\/span><\/h2>\n<p>Haute duret\u00e9<br \/>\nExcellente r\u00e9sistance aux temp\u00e9ratures \u00e9lev\u00e9es<br \/>\nStabilit\u00e9 chimique exceptionnelle Taille des particules et sp\u00e9cifications<br \/>\n<span style=\"color: #0000ff;\"><a style=\"color: #0000ff;\" href=\"https:\/\/ulpmat.com\/fr\/service\/personnalisation\/\">personnalisables<\/a><\/span><\/p>\n<p>Bonne r\u00e9sistance \u00e0 l&rsquo;oxydation<br \/>\nAssistance technique professionnelle et service apr\u00e8s-vente<\/p>\n<h2><span style=\"font-size: 14pt;\">Applications de la poudre de borure de fer<\/span><\/h2>\n<p>Rev\u00eatements durs : en raison de son excellente duret\u00e9 et de sa r\u00e9sistance \u00e0 l&rsquo;usure, elle est couramment utilis\u00e9e dans la production de rev\u00eatements durs, largement appliqu\u00e9s dans le traitement de surface des outils, des moules et des pi\u00e8ces m\u00e9caniques.<br \/>\nMat\u00e9riaux de friction : utilis\u00e9 dans la production de mat\u00e9riaux de friction tels que les plaquettes de frein et les disques d&#8217;embrayage, il pr\u00e9sente une excellente r\u00e9sistance \u00e0 l&rsquo;usure et \u00e0 la chaleur, prolongeant ainsi la dur\u00e9e de vie du mat\u00e9riau.<br \/>\nCatalyseurs : dans l&rsquo;industrie chimique, il peut \u00eatre utilis\u00e9 comme catalyseur dans la p\u00e9trochimie, les r\u00e9actions d&rsquo;hydrog\u00e9nation et d&rsquo;autres domaines pour augmenter les vitesses de r\u00e9action.<br \/>\nComposants \u00e9lectroniques : en raison de son excellente conductivit\u00e9 et de sa stabilit\u00e9 chimique, il est largement utilis\u00e9 dans les composants \u00e9lectroniques et les mat\u00e9riaux conducteurs.<\/p>\n<h2><span style=\"font-size: 14pt;\">FAQ<\/span><\/h2>\n<p>Q1 : Quelles sont les principales caract\u00e9ristiques de la poudre de borure de fer ?<br \/>\nA1 : Elle pr\u00e9sente une duret\u00e9 \u00e9lev\u00e9e, une r\u00e9sistance aux temp\u00e9ratures \u00e9lev\u00e9es et une forte r\u00e9sistance \u00e0 l&rsquo;oxydation. Elle est largement utilis\u00e9e dans les rev\u00eatements durs, les mat\u00e9riaux de friction et les catalyseurs.<\/p>\n<p>Q2 : Quelles sont les applications de la poudre de borure de fer ?<br \/>\nA2 : Elle est principalement utilis\u00e9e dans les rev\u00eatements durs, les mat\u00e9riaux de friction, les catalyseurs et les composants \u00e9lectroniques. Elle est particuli\u00e8rement adapt\u00e9e aux environnements \u00e0 forte r\u00e9sistance \u00e0 l&rsquo;usure et \u00e0 haute temp\u00e9rature.<\/p>\n<p>Q3 : Comment choisir la taille des particules de la poudre de borure de fer ?<br \/>\nA3 : Diff\u00e9rentes tailles de particules peuvent \u00eatre personnalis\u00e9es en fonction des exigences de l&rsquo;application afin de garantir des performances optimales dans divers environnements.<\/p>\n<p>Q4 : Quelle est la puret\u00e9 de la poudre de borure de fer ?<br \/>\nA4 : Nous proposons une puret\u00e9 de 99,5 %, mais d&rsquo;autres puret\u00e9s peuvent \u00e9galement \u00eatre personnalis\u00e9es.<\/p>\n<h2><span style=\"font-size: 14pt;\">Rapports<\/span><\/h2>\n<p>Chaque lot est fourni avec :<br \/>\n<span style=\"color: #0000ff;\"><a style=\"color: #0000ff;\" href=\"https:\/\/ulpmat.com\/fr\/documents\/certificat-danalyse\/\">Certificat d&rsquo;analyse (COA)<\/a><\/span><\/p>\n<p><span style=\"color: #0000ff;\"><a style=\"color: #0000ff;\" href=\"https:\/\/ulpmat.com\/fr\/documents\/fiche-technique\/\">Fiche technique (TDS)<\/a><\/span><\/p>\n<p><span style=\"color: #0000ff;\"><a style=\"color: #0000ff;\" href=\"https:\/\/ulpmat.com\/fr\/documents\/fiche-de-donnees-de-securite\/\">Fiche de donn\u00e9es de s\u00e9curit\u00e9 (MSDS)<\/a><\/span><br \/>\nRapports d&rsquo;essais effectu\u00e9s par des tiers disponibles sur demande<\/p>\n<h2><span style=\"font-size: 14pt;\">Pourquoi nous choisir ?<\/span><\/h2>\n<p>Forts de nos ann\u00e9es d&rsquo;exp\u00e9rience, nous nous engageons \u00e0 fournir une poudre de borure de fer haute performance et haute puret\u00e9. Nous offrons des services personnalis\u00e9s pour r\u00e9pondre aux besoins sp\u00e9cifiques de nos clients et fournissons une assistance technique professionnelle et <span style=\"color: #0000ff;\"><a style=\"color: #0000ff;\" href=\"https:\/\/ulpmat.com\/fr\/service\/service-apres-vente\/\">un service apr\u00e8s-vente<\/a><\/span><br \/>\nafin de garantir une qualit\u00e9 stable et des performances sup\u00e9rieures.<\/p>\n","protected":false},"excerpt":{"rendered":"<p>Pr\u00e9sentation de la poudre de borure de fer La poudre de borure de fer est un alliage tr\u00e8s dur et r\u00e9sistant aux temp\u00e9ratures \u00e9lev\u00e9es, largement utilis\u00e9 dans les rev\u00eatements durs, les mat\u00e9riaux de friction et les catalyseurs. Nous proposons une poudre FeB de haute puret\u00e9 pour r\u00e9pondre aux exigences de haute performance des rev\u00eatements durs [&hellip;]<\/p>\n","protected":false},"featured_media":53286,"template":"","meta":{"_acf_changed":false},"product_brand":[132],"product_cat":[710],"product_tag":[8131],"class_list":{"0":"post-53285","1":"product","2":"type-product","3":"status-publish","4":"has-post-thumbnail","6":"product_brand-ulpmat","7":"product_cat-materiaux-refractaires","8":"product_tag-poudre-de-borure-de-fer","10":"first","11":"instock","12":"shipping-taxable","13":"product-type-variable"},"acf":[],"_links":{"self":[{"href":"https:\/\/ulpmat.com\/fr\/wp-json\/wp\/v2\/product\/53285","targetHints":{"allow":["GET"]}}],"collection":[{"href":"https:\/\/ulpmat.com\/fr\/wp-json\/wp\/v2\/product"}],"about":[{"href":"https:\/\/ulpmat.com\/fr\/wp-json\/wp\/v2\/types\/product"}],"wp:featuredmedia":[{"embeddable":true,"href":"https:\/\/ulpmat.com\/fr\/wp-json\/wp\/v2\/media\/53286"}],"wp:attachment":[{"href":"https:\/\/ulpmat.com\/fr\/wp-json\/wp\/v2\/media?parent=53285"}],"wp:term":[{"taxonomy":"product_brand","embeddable":true,"href":"https:\/\/ulpmat.com\/fr\/wp-json\/wp\/v2\/product_brand?post=53285"},{"taxonomy":"product_cat","embeddable":true,"href":"https:\/\/ulpmat.com\/fr\/wp-json\/wp\/v2\/product_cat?post=53285"},{"taxonomy":"product_tag","embeddable":true,"href":"https:\/\/ulpmat.com\/fr\/wp-json\/wp\/v2\/product_tag?post=53285"}],"curies":[{"name":"wp","href":"https:\/\/api.w.org\/{rel}","templated":true}]}}