{"id":53261,"date":"2026-01-05T10:37:03","date_gmt":"2026-01-05T02:37:03","guid":{"rendered":"https:\/\/ulpmat.com\/product\/borure-de-fer\/"},"modified":"2026-01-05T10:37:03","modified_gmt":"2026-01-05T02:37:03","slug":"borure-de-fer","status":"publish","type":"product","link":"https:\/\/ulpmat.com\/fr\/produit\/borure-de-fer\/","title":{"rendered":"Borure de fer"},"content":{"rendered":"<h2><span style=\"font-size: 14pt;\">Pr\u00e9sentation des cibles de pulv\u00e9risation en borure de fer<\/span><\/h2>\n<p>Les cibles de pulv\u00e9risation<br \/>\n<span style=\"color: #0000ff;\"><a style=\"color: #0000ff;\" href=\"https:\/\/ulpmat.com\/fr\/recherche\/?type=name&#038;keyword=Iron+Boride\">en borure de fer<\/a><\/span><br \/>\nsont des cibles de pulv\u00e9risation en c\u00e9ramique de borure de fer de haute puret\u00e9, un mat\u00e9riau de base utilis\u00e9 pour la pr\u00e9paration de films minces et de rev\u00eatements fonctionnels haute performance, durs et r\u00e9sistants \u00e0 l&rsquo;usure, \u00e0 l&rsquo;aide de la technologie de d\u00e9p\u00f4t physique en phase vapeur (PVD).<\/p>\n<p>Nous proposons une gamme vari\u00e9e de cibles en borure de fer de haute puret\u00e9, adapt\u00e9es \u00e0 vos \u00e9quipements et \u00e0 vos processus. Nous fournissons \u00e9galement des services professionnels de collage de plaques arri\u00e8re pour les cibles c\u00e9ramiques fragiles. <span style=\"color: #0000ff;\"><a style=\"color: #0000ff;\" href=\"https:\/\/ulpmat.com\/fr\/contactez-nous\/\">Contactez-nous<\/a><\/span><br \/>\nd\u00e8s maintenant pour obtenir des solutions.<\/p>\n<h2><span style=\"font-size: 14pt;\">Points forts du produit<\/span><\/h2>\n<p>Puret\u00e9 extr\u00eamement \u00e9lev\u00e9e, composition pr\u00e9cise<br \/>\nStructure dense, grains uniformes<br \/>\nFaible perm\u00e9abilit\u00e9 magn\u00e9tique, haute efficacit\u00e9 de pulv\u00e9risation<br \/>\nDuret\u00e9, r\u00e9sistance \u00e0 l&rsquo;usure et \u00e0 la corrosion exceptionnelles<br \/>\nGamme compl\u00e8te de sp\u00e9cifications, personnalisation prise en charge<\/p>\n<h2><span style=\"font-size: 14pt;\">Applications des cibles de pulv\u00e9risation en borure de fer<\/span><\/h2>\n<p>Rev\u00eatements ultra-durs et r\u00e9sistants \u00e0 l&rsquo;usure : utilis\u00e9s pour le rev\u00eatement de surface d&rsquo;outils de coupe, de moules et de composants de pr\u00e9cision, ils am\u00e9liorent consid\u00e9rablement leur duret\u00e9, leur r\u00e9sistance \u00e0 l&rsquo;usure et leur dur\u00e9e de vie, et r\u00e9sistent \u00e0 des conditions de travail difficiles.<br \/>\nProtection et modification de surface : d\u00e9p\u00f4t de films protecteurs sur des composants a\u00e9rospatiaux et automobiles critiques, offrant une excellente r\u00e9sistance \u00e0 la corrosion et des barri\u00e8res contre l&rsquo;oxydation, am\u00e9liorant la stabilit\u00e9 des mat\u00e9riaux.<br \/>\nPr\u00e9paration de films minces fonctionnels : au service de la recherche scientifique et des industries de pointe, cette application permet de pr\u00e9parer des films minces fonctionnels dot\u00e9s de propri\u00e9t\u00e9s \u00e9lectromagn\u00e9tiques ou d&rsquo;activit\u00e9s catalytiques sp\u00e9ciales afin de r\u00e9pondre aux besoins d&rsquo;exploration dans des domaines tels que les nouvelles \u00e9nergies et les semi-conducteurs.<br \/>\nRev\u00eatement d&rsquo;outils et d\u00e9coratif : appliqu\u00e9 au traitement de surface de pi\u00e8ces d\u00e9coratives haut de gamme et d&rsquo;outils r\u00e9sistants \u00e0 l&rsquo;usure, il conf\u00e8re un aspect luxueux tout en garantissant une durabilit\u00e9 de surface et une r\u00e9sistance aux rayures extr\u00eamement \u00e9lev\u00e9es.<\/p>\n<h2><span style=\"font-size: 14pt;\">FAQ<\/span><\/h2>\n<p>Q1 : Le borure de fer est un mat\u00e9riau cible c\u00e9ramique. Quelles pr\u00e9cautions particuli\u00e8res faut-il prendre lors de son utilisation ?<br \/>\nA1 : Oui. Les cibles c\u00e9ramiques ont g\u00e9n\u00e9ralement une mauvaise conductivit\u00e9 thermique et sont fragiles. Par cons\u00e9quent, nous recommandons vivement de l&rsquo;utiliser en association avec une plaque de support en cuivre sans oxyg\u00e8ne afin d&rsquo;optimiser la dissipation thermique, d&rsquo;\u00e9viter les fissures et de contr\u00f4ler strictement la puissance de pulv\u00e9risation pour \u00e9viter toute fissure ou d\u00e9faillance de la cible due \u00e0 une surchauffe localis\u00e9e.<\/p>\n<p>Q2 : Pourquoi insiste-t-on sur le fait que ce mat\u00e9riau cible a une \u00ab faible perm\u00e9abilit\u00e9 magn\u00e9tique \u00bb ?<br \/>\nR2 : Une faible perm\u00e9abilit\u00e9 magn\u00e9tique est essentielle pour garantir le fonctionnement efficace et stable des processus de pulv\u00e9risation magn\u00e9tron.<\/p>\n<p>Q3 : Que signifie exactement \u00ab mat\u00e9riau cible associ\u00e9 \u00e0 une plaque de support \u00bb ?<br \/>\nA3 : Le collage de la plaque de support consiste \u00e0 utiliser une soudure de haute puret\u00e9 (telle que l&rsquo;indium) pour coller fermement la cible c\u00e9ramique fragile \u00e0 une plaque de support m\u00e9tallique \u00e0 haute conductivit\u00e9 thermique (g\u00e9n\u00e9ralement du cuivre sans oxyg\u00e8ne) en un seul bloc.<\/p>\n<p>Q4 : Comment stocker et entretenir les cibles inutilis\u00e9es ?<br \/>\nA4 : Il est recommand\u00e9 de stocker les cibles dans un environnement sec et propre, sous gaz inerte, ou dans un sac sous vide afin d&rsquo;\u00e9viter l&rsquo;oxydation de la surface ou l&rsquo;absorption d&rsquo;humidit\u00e9.<\/p>\n<h2><span style=\"font-size: 14pt;\">Rapports<\/span><\/h2>\n<p>Chaque lot est fourni avec :<br \/>\n<span style=\"color: #0000ff;\"><a style=\"color: #0000ff;\" href=\"https:\/\/ulpmat.com\/fr\/documents\/certificat-danalyse\/\">Certificat d&rsquo;analyse (COA)<\/a><\/span><\/p>\n<p><span style=\"color: #0000ff;\"><a style=\"color: #0000ff;\" href=\"https:\/\/ulpmat.com\/fr\/documents\/fiche-technique\/\">Fiche technique (TDS)<\/a><\/span><\/p>\n<p><span style=\"color: #0000ff;\"><a style=\"color: #0000ff;\" href=\"https:\/\/ulpmat.com\/fr\/documents\/fiche-de-donnees-de-securite\/\">Fiche de donn\u00e9es de s\u00e9curit\u00e9 (MSDS)<\/a><\/span><br \/>\nRapport d&rsquo;inspection des dimensions<br \/>\nRapports d&rsquo;essais effectu\u00e9s par des tiers disponibles sur demande<\/p>\n<h2><span style=\"font-size: 14pt;\">Pourquoi nous choisir ?<\/span><\/h2>\n<p>Nous nous concentrons sur la recherche, le d\u00e9veloppement et la production de cibles de pulv\u00e9risation c\u00e9ramiques haute performance, et comprenons parfaitement les exigences fondamentales des mat\u00e9riaux avanc\u00e9s tels que le borure de fer dans les applications exigeantes. Des ratios pr\u00e9cis des composants aux processus avanc\u00e9s de moulage et de frittage, en passant par le collage rigoureux des plaques de support et l&rsquo;inspection qualit\u00e9 tout au long du processus, nous veillons \u00e0 ce que chaque cible pr\u00e9sente une fiabilit\u00e9 et une coh\u00e9rence excellentes.<\/p>\n","protected":false},"excerpt":{"rendered":"<p>Pr\u00e9sentation des cibles de pulv\u00e9risation en borure de fer Les cibles de pulv\u00e9risation en borure de fer sont des cibles de pulv\u00e9risation en c\u00e9ramique de borure de fer de haute puret\u00e9, un mat\u00e9riau de base utilis\u00e9 pour la pr\u00e9paration de films minces et de rev\u00eatements fonctionnels haute performance, durs et r\u00e9sistants \u00e0 l&rsquo;usure, \u00e0 l&rsquo;aide [&hellip;]<\/p>\n","protected":false},"featured_media":53262,"template":"","meta":{"_acf_changed":false},"product_brand":[132],"product_cat":[449],"product_tag":[380,8125],"class_list":{"0":"post-53261","1":"product","2":"type-product","3":"status-publish","4":"has-post-thumbnail","6":"product_brand-ulpmat","7":"product_cat-cible-de-pulverisation-ceramique","8":"product_tag-cible-de-pulverisation","9":"product_tag-cible-de-pulverisation-cathodique-en-borure-de-fer","11":"first","12":"instock","13":"shipping-taxable","14":"product-type-variable"},"acf":[],"_links":{"self":[{"href":"https:\/\/ulpmat.com\/fr\/wp-json\/wp\/v2\/product\/53261","targetHints":{"allow":["GET"]}}],"collection":[{"href":"https:\/\/ulpmat.com\/fr\/wp-json\/wp\/v2\/product"}],"about":[{"href":"https:\/\/ulpmat.com\/fr\/wp-json\/wp\/v2\/types\/product"}],"wp:featuredmedia":[{"embeddable":true,"href":"https:\/\/ulpmat.com\/fr\/wp-json\/wp\/v2\/media\/53262"}],"wp:attachment":[{"href":"https:\/\/ulpmat.com\/fr\/wp-json\/wp\/v2\/media?parent=53261"}],"wp:term":[{"taxonomy":"product_brand","embeddable":true,"href":"https:\/\/ulpmat.com\/fr\/wp-json\/wp\/v2\/product_brand?post=53261"},{"taxonomy":"product_cat","embeddable":true,"href":"https:\/\/ulpmat.com\/fr\/wp-json\/wp\/v2\/product_cat?post=53261"},{"taxonomy":"product_tag","embeddable":true,"href":"https:\/\/ulpmat.com\/fr\/wp-json\/wp\/v2\/product_tag?post=53261"}],"curies":[{"name":"wp","href":"https:\/\/api.w.org\/{rel}","templated":true}]}}