{"id":53201,"date":"2026-01-05T10:37:04","date_gmt":"2026-01-05T02:37:04","guid":{"rendered":"https:\/\/ulpmat.com\/product\/chlorure-de-fer-dihydrate\/"},"modified":"2026-01-05T10:37:04","modified_gmt":"2026-01-05T02:37:04","slug":"chlorure-de-fer-dihydrate","status":"publish","type":"product","link":"https:\/\/ulpmat.com\/fr\/produit\/chlorure-de-fer-dihydrate\/","title":{"rendered":"Chlorure de fer dihydrat\u00e9"},"content":{"rendered":"<h2><span style=\"font-size: 14pt;\">Pr\u00e9sentation de la poudre de chlorure ferrique dihydrat\u00e9<\/span><\/h2>\n<p>La poudre<br \/>\n<span style=\"color: #0000ff;\"><a style=\"color: #0000ff;\" href=\"https:\/\/ulpmat.com\/fr\/recherche\/?type=name&#038;keyword=Iron+chloride\">de chlorure ferrique<\/a><\/span><br \/>\ndihydrat\u00e9 est une mati\u00e8re premi\u00e8re chimique couramment utilis\u00e9e dans le traitement de l&rsquo;eau, la synth\u00e8se chimique et le traitement des surfaces m\u00e9talliques. Elle pr\u00e9sente une excellente solubilit\u00e9 et stabilit\u00e9.<\/p>\n<p>Nous fournissons de la poudre de chlorure ferrique dihydrat\u00e9 de haute puret\u00e9 et pouvons fournir des produits avec des tailles de particules sp\u00e9cifiques sur demande. Veuillez <span style=\"color: #0000ff;\"><a style=\"color: #0000ff;\" href=\"https:\/\/ulpmat.com\/fr\/contactez-nous\/\">nous contacter<\/a><\/span><br \/>\npour plus de d\u00e9tails.<\/p>\n<h2><span style=\"font-size: 14pt;\">Points forts du produit<\/span><\/h2>\n<p>Morphologie cristalline stable<br \/>\nExcellente solubilit\u00e9<br \/>\nContenu pr\u00e9cis et fiable<br \/>\nFacile \u00e0 stocker et \u00e0 utiliser<br \/>\nEmballage flexible<br \/>\nQuantit\u00e9 minimale de commande faible<br \/>\nTransport s\u00fbr du produit<\/p>\n<h2><span style=\"font-size: 14pt;\">Applications de la poudre de chlorure ferrique dihydrat\u00e9<\/span><\/h2>\n<p>Traitement de l&rsquo;eau Floculation : en tant que coagulant, le chlorure ferrique dihydrat\u00e9 \u00e9limine efficacement les solides en suspension et les phosphates de l&rsquo;eau. Il est largement utilis\u00e9 dans la purification de l&rsquo;eau potable et le traitement des eaux us\u00e9es.<br \/>\nTraitement de surface des m\u00e9taux : utilis\u00e9 pour la gravure et le nettoyage de surface des m\u00e9taux tels que le cuivre et l&rsquo;acier inoxydable, c&rsquo;est un produit chimique essentiel dans l&rsquo;industrie manufacturi\u00e8re.<br \/>\nMati\u00e8re premi\u00e8re pour la synth\u00e8se chimique : en tant que source de fer et catalyseur de base, il participe aux processus de synth\u00e8se de divers colorants, pigments et compos\u00e9s inorganiques.<br \/>\nAnalyse en laboratoire : utilis\u00e9 comme r\u00e9actif standard ou agent de test dans la recherche scientifique et le contr\u00f4le qualit\u00e9, pour l&rsquo;analyse de la qualit\u00e9 de l&rsquo;eau, les exp\u00e9riences p\u00e9dagogiques et d&rsquo;autres sc\u00e9narios.<\/p>\n<h2><span style=\"color: #0000ff;\"><a style=\"color: #0000ff;\" href=\"https:\/\/ulpmat.com\/fr\/societe\/faq\/\"><span style=\"font-size: 14pt;\">FAQ<\/span><\/a><\/span><\/h2>\n<p>Q1 : Quelle est la principale diff\u00e9rence entre le chlorure ferrique dihydrat\u00e9 et anhydre ?<br \/>\nR1 : La diff\u00e9rence principale r\u00e9side dans l&rsquo;eau de cristallisation. Le dihydrate contient une proportion fixe d&rsquo;eau de cristallisation, ce qui le rend plus stable, moins hygroscopique et g\u00e9n\u00e9ralement plus facile \u00e0 utiliser et \u00e0 stocker.<\/p>\n<p>Q2 : Le produit s&rsquo;agglutine-t-il pendant le stockage ? Comment \u00e9viter cela ?<br \/>\nA2 : Une l\u00e9g\u00e8re absorption d&rsquo;humidit\u00e9 est possible dans les environnements humides. La cl\u00e9 est de le stocker dans un endroit sec et frais, dans un r\u00e9cipient herm\u00e9tique, et de l&rsquo;utiliser d\u00e8s que possible apr\u00e8s ouverture.<\/p>\n<p>Q3 : Quelle est sa teneur en fer ? Comment le dosage est-il calcul\u00e9 ?<br \/>\nA3 : La teneur th\u00e9orique en fer (sous forme de Fe) du chlorure ferrique dihydrat\u00e9 est d&rsquo;environ 34 %. La teneur r\u00e9elle est soumise au rapport d&rsquo;inspection de la qualit\u00e9, et le dosage doit \u00eatre calcul\u00e9 en cons\u00e9quence.<\/p>\n<p>Q4 : Peut-il \u00eatre utilis\u00e9 dans les domaines alimentaire ou pharmaceutique ?<br \/>\nA4 : Il ne convient pas aux produits industriels conventionnels. S&rsquo;il s&rsquo;agit de domaines particuliers tels que l&rsquo;alimentation ou les produits pharmaceutiques, veuillez le pr\u00e9ciser et nous pourrons \u00e9valuer et fournir un produit de sp\u00e9cifications sup\u00e9rieures.<\/p>\n<h2><span style=\"font-size: 14pt;\">Rapports<\/span><\/h2>\n<p>Chaque lot est fourni avec :<br \/>\n<span style=\"color: #0000ff;\"><a style=\"color: #0000ff;\" href=\"https:\/\/ulpmat.com\/fr\/documents\/certificat-danalyse\/\">Certificat d&rsquo;analyse (COA)<\/a><\/span><\/p>\n<p><span style=\"color: #0000ff;\"><a style=\"color: #0000ff;\" href=\"https:\/\/ulpmat.com\/fr\/documents\/fiche-technique\/\">Fiche technique (TDS)<\/a><\/span><\/p>\n<p><span style=\"color: #0000ff;\"><a style=\"color: #0000ff;\" href=\"https:\/\/ulpmat.com\/fr\/documents\/fiche-de-donnees-de-securite\/\">Fiche de donn\u00e9es de s\u00e9curit\u00e9 (MSDS)<\/a><\/span><br \/>\nRapports d&rsquo;essais effectu\u00e9s par des tiers disponibles sur demande<\/p>\n<h2><span style=\"font-size: 14pt;\">Pourquoi nous choisir ?<\/span><\/h2>\n<p>Nous sommes sp\u00e9cialis\u00e9s dans les produits \u00e0 base de sels inorganiques fins et avons une connaissance approfondie de la production et des propri\u00e9t\u00e9s du chlorure ferrique hydrat\u00e9. Gr\u00e2ce \u00e0 un contr\u00f4le pr\u00e9cis des processus, nous garantissons une cristallisation stable, une teneur pr\u00e9cise et une coh\u00e9rence d&rsquo;un lot \u00e0 l&rsquo;autre.<\/p>\n","protected":false},"excerpt":{"rendered":"<p>Pr\u00e9sentation de la poudre de chlorure ferrique dihydrat\u00e9 La poudre de chlorure ferrique dihydrat\u00e9 est une mati\u00e8re premi\u00e8re chimique couramment utilis\u00e9e dans le traitement de l&rsquo;eau, la synth\u00e8se chimique et le traitement des surfaces m\u00e9talliques. Elle pr\u00e9sente une excellente solubilit\u00e9 et stabilit\u00e9. Nous fournissons de la poudre de chlorure ferrique dihydrat\u00e9 de haute puret\u00e9 et [&hellip;]<\/p>\n","protected":false},"featured_media":53202,"template":"","meta":{"_acf_changed":false},"product_brand":[132],"product_cat":[313],"product_tag":[8113],"class_list":{"0":"post-53201","1":"product","2":"type-product","3":"status-publish","4":"has-post-thumbnail","6":"product_brand-ulpmat","7":"product_cat-materiaux-halogenes","8":"product_tag-chlorure-de-fer-dihydrate-en-poudre","10":"first","11":"instock","12":"shipping-taxable","13":"product-type-variable"},"acf":[],"_links":{"self":[{"href":"https:\/\/ulpmat.com\/fr\/wp-json\/wp\/v2\/product\/53201","targetHints":{"allow":["GET"]}}],"collection":[{"href":"https:\/\/ulpmat.com\/fr\/wp-json\/wp\/v2\/product"}],"about":[{"href":"https:\/\/ulpmat.com\/fr\/wp-json\/wp\/v2\/types\/product"}],"wp:featuredmedia":[{"embeddable":true,"href":"https:\/\/ulpmat.com\/fr\/wp-json\/wp\/v2\/media\/53202"}],"wp:attachment":[{"href":"https:\/\/ulpmat.com\/fr\/wp-json\/wp\/v2\/media?parent=53201"}],"wp:term":[{"taxonomy":"product_brand","embeddable":true,"href":"https:\/\/ulpmat.com\/fr\/wp-json\/wp\/v2\/product_brand?post=53201"},{"taxonomy":"product_cat","embeddable":true,"href":"https:\/\/ulpmat.com\/fr\/wp-json\/wp\/v2\/product_cat?post=53201"},{"taxonomy":"product_tag","embeddable":true,"href":"https:\/\/ulpmat.com\/fr\/wp-json\/wp\/v2\/product_tag?post=53201"}],"curies":[{"name":"wp","href":"https:\/\/api.w.org\/{rel}","templated":true}]}}