{"id":53123,"date":"2026-01-05T10:37:05","date_gmt":"2026-01-05T02:37:05","guid":{"rendered":"https:\/\/ulpmat.com\/product\/17-7ph-acier-inoxydable\/"},"modified":"2026-01-05T10:37:05","modified_gmt":"2026-01-05T02:37:05","slug":"17-7ph-acier-inoxydable","status":"publish","type":"product","link":"https:\/\/ulpmat.com\/fr\/produit\/17-7ph-acier-inoxydable\/","title":{"rendered":"17-7PH Acier inoxydable"},"content":{"rendered":"<h2><span style=\"font-size: 14pt;\">Aper\u00e7u de la poudre sph\u00e9rique en acier inoxydable 17-7PH<\/span><\/h2>\n<p><span style=\"color: #0000ff;\"><a style=\"color: #0000ff;\" href=\"https:\/\/ulpmat.com\/fr\/recherche\/?type=name&#038;keyword=17-7PH\">Le 17-7PH<\/a><\/span><br \/>\nest une poudre d&rsquo;acier inoxydable semi-aust\u00e9nitique durcissant par pr\u00e9cipitation. Gr\u00e2ce \u00e0 un traitement thermique pr\u00e9cis, il atteint une r\u00e9sistance extr\u00eamement \u00e9lev\u00e9e et une excellente r\u00e9sistance \u00e0 la corrosion, ce qui le rend id\u00e9al pour la fabrication de composants haut de gamme soumis \u00e0 des exigences de performance strictes.<\/p>\n<p>Nous produisons une poudre sph\u00e9rique 17-7PH \u00e0 haute sph\u00e9ricit\u00e9 et \u00e0 faible teneur en oxyg\u00e8ne \u00e0 l&rsquo;aide d&rsquo;un proc\u00e9d\u00e9 d&rsquo;atomisation au gaz et proposons diff\u00e9rentes sp\u00e9cifications de taille de particules et des services d&#8217;emballage personnalis\u00e9s. Veuillez <span style=\"color: #0000ff;\"><a style=\"color: #0000ff;\" href=\"https:\/\/ulpmat.com\/fr\/contactez-nous\/\">nous contacter<\/a><\/span><br \/>\npour obtenir des \u00e9chantillons et des solutions techniques d\u00e9taill\u00e9es.<\/p>\n<h2><span style=\"font-size: 14pt;\">Points forts du produit<\/span><\/h2>\n<p>Haute r\u00e9sistance et haute duret\u00e9<br \/>\nExcellente r\u00e9sistance \u00e0 la corrosion<br \/>\nPoudre \u00e0 haute sph\u00e9ricit\u00e9<br \/>\nPerformances stables et contr\u00f4lables Processus<br \/>\n<span style=\"color: #0000ff;\"><a style=\"color: #0000ff;\" href=\"https:\/\/ulpmat.com\/fr\/service\/personnalisation\/\">personnalis\u00e9s<\/a><\/span><br \/>\npris en charge<\/p>\n<h2><span style=\"font-size: 14pt;\">Applications de la poudre sph\u00e9rique en acier inoxydable 17-7PH<\/span><\/h2>\n<p>Composants de pr\u00e9cision pour l&rsquo;a\u00e9rospatiale : utilis\u00e9e dans la fabrication d&rsquo;instruments de contr\u00f4le des avions, de structures de fuselage et de pi\u00e8ces de moteur. Sa haute r\u00e9sistance et sa r\u00e9sistance \u00e0 la fatigue r\u00e9pondent aux exigences mat\u00e9rielles extr\u00eames en mati\u00e8re de s\u00e9curit\u00e9 des vols.<br \/>\nDispositifs m\u00e9dicaux haut de gamme : convient \u00e0 la fabrication additive d&rsquo;instruments chirurgicaux, d&rsquo;implants et d&rsquo;autres produits. Le mat\u00e9riau combine une bonne biocompatibilit\u00e9, une r\u00e9sistance \u00e0 la corrosion et les propri\u00e9t\u00e9s m\u00e9caniques n\u00e9cessaires.<br \/>\nRessorts et fixations industriels : utilis\u00e9 dans la fabrication de ressorts de pr\u00e9cision, de boulons \u00e0 haute r\u00e9sistance et d&rsquo;autres \u00e9l\u00e9ments \u00e9lastiques fonctionnant dans des environnements corrosifs, garantissant une stabilit\u00e9 dimensionnelle et une fiabilit\u00e9 \u00e0 long terme. Moules et pi\u00e8ces de pr\u00e9cision : les moules complexes, les engrenages, etc. sont fabriqu\u00e9s \u00e0 l&rsquo;aide de la m\u00e9tallurgie des poudres ou de la technologie d&rsquo;impression 3D. Leurs performances globales sup\u00e9rieures am\u00e9liorent consid\u00e9rablement la durabilit\u00e9 et la pr\u00e9cision des pi\u00e8ces.<\/p>\n<h2><span style=\"color: #0000ff;\"><a style=\"color: #0000ff;\" href=\"https:\/\/ulpmat.com\/fr\/societe\/faq\/\"><span style=\"font-size: 14pt;\">FAQ<\/span><\/a><\/span><\/h2>\n<p>Q1 : Comment choisir la taille des particules de poudre pour mon \u00e9quipement ?<br \/>\nA1 : Les \u00e9quipements courants d&rsquo;impression 3D m\u00e9tallique utilisent g\u00e9n\u00e9ralement des particules de 15 \u00e0 53 microm\u00e8tres ou de 20 \u00e0 63 microm\u00e8tres. Veuillez nous indiquer le mod\u00e8le de votre \u00e9quipement et vos objectifs de processus, et nous vous recommanderons la distribution granulom\u00e9trique la plus appropri\u00e9e.<\/p>\n<p>Q2 : Les pi\u00e8ces fabriqu\u00e9es \u00e0 partir de poudre sph\u00e9rique en acier inoxydable 17-7PH n\u00e9cessitent-elles n\u00e9cessairement un traitement thermique ?<br \/>\nR2 : Oui. Pour obtenir la haute r\u00e9sistance pr\u00e9vue pour le mat\u00e9riau, les pi\u00e8ces moul\u00e9es doivent subir un traitement de mise en solution, un conditionnement et des traitements thermiques de vieillissement sp\u00e9cifiques afin de compl\u00e9ter la transformation de la microstructure et le renforcement par pr\u00e9cipitation.<\/p>\n<p>Q3 : Comment l&#8217;emballage de la poudre emp\u00eache-t-il l&rsquo;oxydation ?<br \/>\nR3 : Nous utilisons un emballage sous vide \u00e0 double couche, avec un sac ext\u00e9rieur en feuille d&rsquo;aluminium \u00e9tanche \u00e0 l&rsquo;humidit\u00e9 afin de garantir la stabilit\u00e9 de la poudre pendant le stockage et le transport.<\/p>\n<p>Q4 : Quelles sont les principales diff\u00e9rences par rapport \u00e0 la poudre sph\u00e9rique en acier inoxydable 17-4PH ?<br \/>\nR4 : Le 17-7PH est une poudre semi-aust\u00e9nitique qui pr\u00e9sente une plus grande t\u00e9nacit\u00e9 \u00e0 l&rsquo;\u00e9tat trait\u00e9 par solution et une plus grande facilit\u00e9 de formage et de traitement. Une r\u00e9sistance \u00e9lev\u00e9e est ensuite obtenue gr\u00e2ce \u00e0 un traitement thermique complexe. La poudre sph\u00e9rique en acier inoxydable 17-4PH est martensitique, avec une m\u00e9thode de traitement relativement plus simple. Les deux sont adapt\u00e9es \u00e0 diff\u00e9rentes exigences de performance et de processus.<\/p>\n<h2><span style=\"font-size: 14pt;\">Rapports<\/span><\/h2>\n<p>Chaque lot est fourni avec :<br \/>\n<span style=\"color: #0000ff;\"><a style=\"color: #0000ff;\" href=\"https:\/\/ulpmat.com\/fr\/documents\/certificat-danalyse\/\">Certificat d&rsquo;analyse (COA)<\/a><\/span><\/p>\n<p><span style=\"color: #0000ff;\"><a style=\"color: #0000ff;\" href=\"https:\/\/ulpmat.com\/fr\/documents\/fiche-technique\/\">Fiche technique (TDS)<\/a><\/span><\/p>\n<p><span style=\"color: #0000ff;\"><a style=\"color: #0000ff;\" href=\"https:\/\/ulpmat.com\/fr\/documents\/fiche-de-donnees-de-securite\/\">Fiche de donn\u00e9es de s\u00e9curit\u00e9 (MSDS)<\/a><\/span><br \/>\nRapports d&rsquo;essais par des tiers disponibles sur demande<\/p>\n<h2><span style=\"font-size: 14pt;\">Pourquoi nous choisir ?<\/span><\/h2>\n<p>Nous sommes sp\u00e9cialis\u00e9s dans la recherche et la production de poudres d&rsquo;acier inoxydable \u00e0 durcissement par pr\u00e9cipitation haute performance. Gr\u00e2ce \u00e0 notre connaissance approfondie des m\u00e9canismes de transformation de phase des mat\u00e9riaux et des processus de traitement thermique, nous fournissons non seulement des poudres de haute sph\u00e9ricit\u00e9, \u00e0 faible teneur en impuret\u00e9s et de haute qualit\u00e9, mais nous offrons \u00e9galement une assistance technique compl\u00e8te, du choix des mat\u00e9riaux et des param\u00e8tres de processus au traitement thermique ult\u00e9rieur, afin de garantir des performances optimales pour vos pi\u00e8ces fabriqu\u00e9es. Nous sommes votre partenaire de confiance pour les solutions mat\u00e9rielles.<\/p>\n","protected":false},"excerpt":{"rendered":"<p>Aper\u00e7u de la poudre sph\u00e9rique en acier inoxydable 17-7PH Le 17-7PH est une poudre d&rsquo;acier inoxydable semi-aust\u00e9nitique durcissant par pr\u00e9cipitation. Gr\u00e2ce \u00e0 un traitement thermique pr\u00e9cis, il atteint une r\u00e9sistance extr\u00eamement \u00e9lev\u00e9e et une excellente r\u00e9sistance \u00e0 la corrosion, ce qui le rend id\u00e9al pour la fabrication de composants haut de gamme soumis \u00e0 des [&hellip;]<\/p>\n","protected":false},"featured_media":53124,"template":"","meta":{"_acf_changed":false},"product_brand":[132],"product_cat":[1141],"product_tag":[8095],"class_list":{"0":"post-53123","1":"product","2":"type-product","3":"status-publish","4":"has-post-thumbnail","6":"product_brand-ulpmat","7":"product_cat-impression-3d-de-poudre-spherique","8":"product_tag-acier-inoxydable-17-7ph-poudre-spherique","10":"first","11":"instock","12":"shipping-taxable","13":"product-type-variable"},"acf":[],"_links":{"self":[{"href":"https:\/\/ulpmat.com\/fr\/wp-json\/wp\/v2\/product\/53123","targetHints":{"allow":["GET"]}}],"collection":[{"href":"https:\/\/ulpmat.com\/fr\/wp-json\/wp\/v2\/product"}],"about":[{"href":"https:\/\/ulpmat.com\/fr\/wp-json\/wp\/v2\/types\/product"}],"wp:featuredmedia":[{"embeddable":true,"href":"https:\/\/ulpmat.com\/fr\/wp-json\/wp\/v2\/media\/53124"}],"wp:attachment":[{"href":"https:\/\/ulpmat.com\/fr\/wp-json\/wp\/v2\/media?parent=53123"}],"wp:term":[{"taxonomy":"product_brand","embeddable":true,"href":"https:\/\/ulpmat.com\/fr\/wp-json\/wp\/v2\/product_brand?post=53123"},{"taxonomy":"product_cat","embeddable":true,"href":"https:\/\/ulpmat.com\/fr\/wp-json\/wp\/v2\/product_cat?post=53123"},{"taxonomy":"product_tag","embeddable":true,"href":"https:\/\/ulpmat.com\/fr\/wp-json\/wp\/v2\/product_tag?post=53123"}],"curies":[{"name":"wp","href":"https:\/\/api.w.org\/{rel}","templated":true}]}}