{"id":53015,"date":"2026-01-05T10:37:09","date_gmt":"2026-01-05T02:37:09","guid":{"rendered":"https:\/\/ulpmat.com\/product\/alliage-de-fer-de-chrome-et-daluminium\/"},"modified":"2026-01-05T10:37:09","modified_gmt":"2026-01-05T02:37:09","slug":"alliage-de-fer-de-chrome-et-daluminium","status":"publish","type":"product","link":"https:\/\/ulpmat.com\/fr\/produit\/alliage-de-fer-de-chrome-et-daluminium\/","title":{"rendered":"Alliage de fer, de chrome et d&rsquo;aluminium"},"content":{"rendered":"<h2><span style=\"font-size: 14pt;\">Cibles de pulv\u00e9risation en alliage fer-chrome-aluminium <\/span><span style=\"font-size: 14pt;\">Pr\u00e9sentation<\/span><\/h2>\n<p>Les cibles de pulv\u00e9risation en alliage<br \/>\n<span style=\"color: #0000ff;\"><a style=\"color: #0000ff;\" href=\"https:\/\/ulpmat.com\/fr\/recherche\/?type=name&#038;keyword=Iron+chromium+aluminum\">fer-chrome-aluminium<\/a><\/span><br \/>\nsont constitu\u00e9es d&rsquo;un alliage ternaire de fer, de chrome et d&rsquo;aluminium, sp\u00e9cialement con\u00e7u pour le d\u00e9p\u00f4t de films minces fonctionnels pr\u00e9sentant une excellente r\u00e9sistance \u00e0 l&rsquo;oxydation et \u00e0 la corrosion \u00e0 haute temp\u00e9rature.<\/p>\n<p>Nous proposons des cibles en alliage fer-chrome-aluminium dans diff\u00e9rents rapports de composition et diff\u00e9rentes tailles, et nous prenons en charge <span style=\"color: #0000ff;\"><a style=\"color: #0000ff;\" href=\"https:\/\/ulpmat.com\/fr\/service\/collage-des-cibles\/\">le collage<\/a><\/span><br \/>\nde plaques arri\u00e8re et le traitement sur mesure. N&rsquo;h\u00e9sitez pas \u00e0 <span style=\"color: #0000ff;\"><a style=\"color: #0000ff;\" href=\"https:\/\/ulpmat.com\/fr\/contactez-nous\/\">nous contacter<\/a><\/span><br \/>\npour <span style=\"color: #0000ff;\"><a style=\"color: #0000ff;\" href=\"https:\/\/ulpmat.com\/fr\/contactez-nous\/\">toute demande<\/a><\/span><br \/>\nde solution personnalis\u00e9e.<\/p>\n<h2><span style=\"font-size: 14pt;\">Points forts du produit<\/span><\/h2>\n<p>Excellentes performances \u00e0 haute temp\u00e9rature<br \/>\nForte r\u00e9sistance \u00e0 l&rsquo;oxydation<br \/>\nComposition flexible et ajustable<br \/>\nStructure dense et uniforme<br \/>\nLongue dur\u00e9e de vie<\/p>\n<h2><span style=\"font-size: 14pt;\">Applications des cibles de pulv\u00e9risation en alliage de fer, chrome et aluminium<\/span><\/h2>\n<p>Rev\u00eatements protecteurs \u00e0 haute temp\u00e9rature : utilis\u00e9s pour les composants critiques \u00e0 haute temp\u00e9rature tels que les aubes de moteurs a\u00e9ronautiques et les rouleaux de fours industriels. Le film d\u00e9pos\u00e9 bloque efficacement l&rsquo;oxyg\u00e8ne, prolongeant consid\u00e9rablement la dur\u00e9e de vie du substrat dans des environnements \u00e0 tr\u00e8s haute temp\u00e9rature.<\/p>\n<p>Films minces fonctionnels r\u00e9sistants \u00e0 la corrosion : dans le traitement de surface des \u00e9quipements chimiques et maritimes, la pulv\u00e9risation forme des films minces denses, offrant une protection efficace contre la corrosion par les acides, les alcalis et les embruns sal\u00e9s pour le substrat.<\/p>\n<p>Films minces \u00e9lectrothermiques et r\u00e9sistifs : en raison de l&rsquo;excellente stabilit\u00e9 r\u00e9sistive de l&rsquo;alliage, il est utilis\u00e9 pour pr\u00e9parer des couches r\u00e9sistives \u00e0 film mince pour des \u00e9l\u00e9ments \u00e9lectrothermiques haute performance, des r\u00e9sistances de pr\u00e9cision et des dispositifs \u00e0 semi-conducteurs.<\/p>\n<p>Rev\u00eatement renforc\u00e9 et r\u00e9sistant \u00e0 l&rsquo;usure : appliqu\u00e9 sur les surfaces de travail des outils de coupe et des moules, le film d&rsquo;alliage obtenu am\u00e9liore consid\u00e9rablement la duret\u00e9 de la surface, la r\u00e9sistance \u00e0 l&rsquo;usure et les propri\u00e9t\u00e9s anti-adh\u00e9rence.<\/p>\n<h2><span style=\"color: #0000ff;\"><a style=\"color: #0000ff;\" href=\"https:\/\/ulpmat.com\/fr\/societe\/faq\/\"><span style=\"font-size: 14pt;\">FAQ<\/span><\/a><\/span><\/h2>\n<p>Q1 : Quels sont les avantages des cibles de pulv\u00e9risation en fer-chrome-aluminium par rapport aux cibles en m\u00e9tal pur ?<br \/>\nA1 : Les cibles en alliage peuvent d\u00e9poser un film composite de composition uniforme en une seule op\u00e9ration de pulv\u00e9risation, \u00e9liminant ainsi le besoin de processus complexes de rev\u00eatement multicouche. Les performances globales du film (telles que la r\u00e9sistance \u00e0 l&rsquo;oxydation \u00e0 haute temp\u00e9rature) sont \u00e9galement sup\u00e9rieures \u00e0 celles des films m\u00e9talliques simples.<\/p>\n<p>Q2 : Comment choisir la taille de cible appropri\u00e9e pour mon \u00e9quipement ?<br \/>\nA2 : Nous pouvons fournir diff\u00e9rentes formes standard, telles que rondes et rectangulaires, et nous prenons \u00e9galement en charge la personnalisation non standard. Veuillez nous fournir le mod\u00e8le de votre \u00e9quipement de pulv\u00e9risation ou le dessin du support de cible, et nous vous recommanderons les sp\u00e9cifications les plus appropri\u00e9es.<\/p>\n<p>Q3 : Comment \u00e9value-t-on g\u00e9n\u00e9ralement la \u00ab dur\u00e9e de vie \u00bb d&rsquo;une cible ?<br \/>\nA3 : La dur\u00e9e de vie d\u00e9pend principalement de la puissance du processus de pulv\u00e9risation, du taux d&rsquo;utilisation et de la densit\u00e9 initiale de la cible. Nous garantissons une densit\u00e9 \u00e9lev\u00e9e de la cible gr\u00e2ce \u00e0 des processus tels que le pressage isostatique \u00e0 chaud, ce qui prolonge sa dur\u00e9e de vie.<\/p>\n<p>Q4 : Quel est l&rsquo;effet des diff\u00e9rentes teneurs en chrome et en aluminium sur les performances du film ?<br \/>\nA4 : La teneur en chrome am\u00e9liore principalement la r\u00e9sistance \u00e0 la corrosion, tandis que la teneur en aluminium domine la r\u00e9sistance \u00e0 l&rsquo;oxydation \u00e0 haute temp\u00e9rature. Nous pouvons ajuster et fournir le rapport d&rsquo;alliage optimal en fonction de vos priorit\u00e9s en mati\u00e8re de performances.<\/p>\n<h2><span style=\"font-size: 14pt;\">Rapports<\/span><\/h2>\n<p>Chaque lot est fourni avec :<br \/>\n<span style=\"color: #0000ff;\"><a style=\"color: #0000ff;\" href=\"https:\/\/ulpmat.com\/fr\/documents\/certificat-danalyse\/\">Certificat d&rsquo;analyse (COA)<\/a><\/span><\/p>\n<p><span style=\"color: #0000ff;\"><a style=\"color: #0000ff;\" href=\"https:\/\/ulpmat.com\/fr\/documents\/fiche-technique\/\">Fiche technique (TDS)<\/a><\/span><\/p>\n<p><span style=\"color: #0000ff;\"><a style=\"color: #0000ff;\" href=\"https:\/\/ulpmat.com\/fr\/documents\/fiche-de-donnees-de-securite\/\">Fiche de donn\u00e9es de s\u00e9curit\u00e9 (MSDS)<\/a><\/span><br \/>\nRapport d&rsquo;inspection des dimensions<br \/>\nRapports d&rsquo;essais effectu\u00e9s par des tiers disponibles sur demande<\/p>\n<h2><span style=\"font-size: 14pt;\">Pourquoi nous choisir ?<\/span><\/h2>\n<p>Nous sommes sp\u00e9cialis\u00e9s dans les cibles de pulv\u00e9risation en alliage FeCrAl haute performance. Nous contr\u00f4lons non seulement avec pr\u00e9cision la composition des mat\u00e9riaux afin de r\u00e9pondre aux diverses exigences de performance des films minces, mais nous garantissons \u00e9galement une densit\u00e9 et une uniformit\u00e9 \u00e9lev\u00e9es gr\u00e2ce \u00e0 des technologies de formage et de traitement avanc\u00e9es. Nous nous engageons \u00e0 fournir une assistance technique professionnelle dans le choix des mat\u00e9riaux et des services personnalis\u00e9s fiables, ce qui fait de nous votre partenaire de confiance pour les solutions mat\u00e9rielles.<\/p>\n","protected":false},"excerpt":{"rendered":"<p>Cibles de pulv\u00e9risation en alliage fer-chrome-aluminium Pr\u00e9sentation Les cibles de pulv\u00e9risation en alliage fer-chrome-aluminium sont constitu\u00e9es d&rsquo;un alliage ternaire de fer, de chrome et d&rsquo;aluminium, sp\u00e9cialement con\u00e7u pour le d\u00e9p\u00f4t de films minces fonctionnels pr\u00e9sentant une excellente r\u00e9sistance \u00e0 l&rsquo;oxydation et \u00e0 la corrosion \u00e0 haute temp\u00e9rature. Nous proposons des cibles en alliage fer-chrome-aluminium dans [&hellip;]<\/p>\n","protected":false},"featured_media":53016,"template":"","meta":{"_acf_changed":false},"product_brand":[132],"product_cat":[560],"product_tag":[380,8065],"class_list":{"0":"post-53015","1":"product","2":"type-product","3":"status-publish","4":"has-post-thumbnail","6":"product_brand-ulpmat","7":"product_cat-cible-de-pulverisation-dalliage","8":"product_tag-cible-de-pulverisation","9":"product_tag-cible-de-pulverisation-cathodique-en-alliage-de-fer-de-chrome-et-daluminium","11":"first","12":"instock","13":"shipping-taxable","14":"product-type-variable"},"acf":[],"_links":{"self":[{"href":"https:\/\/ulpmat.com\/fr\/wp-json\/wp\/v2\/product\/53015","targetHints":{"allow":["GET"]}}],"collection":[{"href":"https:\/\/ulpmat.com\/fr\/wp-json\/wp\/v2\/product"}],"about":[{"href":"https:\/\/ulpmat.com\/fr\/wp-json\/wp\/v2\/types\/product"}],"wp:featuredmedia":[{"embeddable":true,"href":"https:\/\/ulpmat.com\/fr\/wp-json\/wp\/v2\/media\/53016"}],"wp:attachment":[{"href":"https:\/\/ulpmat.com\/fr\/wp-json\/wp\/v2\/media?parent=53015"}],"wp:term":[{"taxonomy":"product_brand","embeddable":true,"href":"https:\/\/ulpmat.com\/fr\/wp-json\/wp\/v2\/product_brand?post=53015"},{"taxonomy":"product_cat","embeddable":true,"href":"https:\/\/ulpmat.com\/fr\/wp-json\/wp\/v2\/product_cat?post=53015"},{"taxonomy":"product_tag","embeddable":true,"href":"https:\/\/ulpmat.com\/fr\/wp-json\/wp\/v2\/product_tag?post=53015"}],"curies":[{"name":"wp","href":"https:\/\/api.w.org\/{rel}","templated":true}]}}