{"id":52979,"date":"2026-01-05T10:37:09","date_gmt":"2026-01-05T02:37:09","guid":{"rendered":"https:\/\/ulpmat.com\/product\/alliage-de-fer-et-de-gallium-2\/"},"modified":"2026-01-05T10:37:09","modified_gmt":"2026-01-05T02:37:09","slug":"alliage-de-fer-et-de-gallium-2","status":"publish","type":"product","link":"https:\/\/ulpmat.com\/fr\/produit\/alliage-de-fer-et-de-gallium-2\/","title":{"rendered":"Alliage de fer et de gallium"},"content":{"rendered":"<h2><span style=\"font-size: 14pt;\">Pr\u00e9sentation des granul\u00e9s d&rsquo;alliage<\/span><span style=\"font-size: 14pt;\"> fer<\/span><span style=\"font-size: 14pt;\">-gallium<\/span><\/h2>\n<p>Les granul\u00e9s<br \/>\n<span style=\"color: #0000ff;\"><a style=\"color: #0000ff;\" href=\"https:\/\/ulpmat.com\/fr\/recherche\/?type=name&#038;keyword=Iron+gallium+alloy\">d&rsquo;alliage fer-gallium<\/a><\/span><br \/>\nsont des mat\u00e9riaux fonctionnels dot\u00e9s d&rsquo;excellentes propri\u00e9t\u00e9s magn\u00e9tostrictives, principalement utilis\u00e9s dans la fabrication de capteurs, d&rsquo;actionneurs et de transducteurs haute performance.<\/p>\n<p>Nous fournissons des granul\u00e9s d&rsquo;alliage fer-gallium de haute puret\u00e9 et proposons des tailles de particules et des ratios de composition <span style=\"color: #0000ff;\"><a style=\"color: #0000ff;\" href=\"https:\/\/ulpmat.com\/fr\/service\/personnalisation\/\">personnalis\u00e9s<\/a><\/span><br \/>\n. Veuillez <span style=\"color: #0000ff;\"><a style=\"color: #0000ff;\" href=\"https:\/\/ulpmat.com\/fr\/contactez-nous\/\">nous contacter<\/a><\/span><br \/>\npour obtenir des \u00e9chantillons et des param\u00e8tres sp\u00e9cifiques.<\/p>\n<h2><span style=\"font-size: 14pt;\">Points forts du produit<\/span><\/h2>\n<p>Propri\u00e9t\u00e9s magn\u00e9tostrictives \u00e9lev\u00e9es<br \/>\nRendement \u00e9nerg\u00e9tique \u00e9lev\u00e9<br \/>\nVitesse de r\u00e9ponse rapide<br \/>\nPerformances stables et fiables<\/p>\n<h2><span style=\"font-size: 14pt;\">Applications des granul\u00e9s d&rsquo;alliage de gallium-fer<\/span><\/h2>\n<p>D\u00e9tection et contr\u00f4le de pr\u00e9cision : utilis\u00e9s dans la fabrication de capteurs de couple de haute pr\u00e9cision, d&rsquo;\u00e9l\u00e9ments de d\u00e9tection de contrainte et de contr\u00f4leurs de micro-d\u00e9placement. Leur effet magn\u00e9tostrictif permet une mesure et un contr\u00f4le pr\u00e9cis sans contact.<\/p>\n<p>\u00c9quipements \u00e0 ultrasons et \u00e0 vibrations : en tant que mat\u00e9riau d&rsquo;entra\u00eenement principal, ils sont utilis\u00e9s dans les sonars, le nettoyage par ultrasons, l&rsquo;imagerie m\u00e9dicale par ultrasons et les dispositifs de r\u00e9cup\u00e9ration d&rsquo;\u00e9nergie vibratoire, permettant une conversion \u00e9lectrom\u00e9canique efficace de l&rsquo;\u00e9nergie.<\/p>\n<p>Amortissement actif des vibrations et r\u00e9duction du bruit : utilis\u00e9 dans les structures intelligentes des machines-outils de pr\u00e9cision et des v\u00e9hicules a\u00e9rospatiaux, il supprime efficacement les vibrations et le bruit du syst\u00e8me en g\u00e9n\u00e9rant des vibrations inverses en temps r\u00e9el.<\/p>\n<p>Dispositifs intelligents avanc\u00e9s : l&rsquo;un des mat\u00e9riaux cl\u00e9s pour les unit\u00e9s d&rsquo;actionnement centrales dans le d\u00e9veloppement de nouveaux syst\u00e8mes micro\u00e9lectrom\u00e9caniques, de m\u00e9moires magn\u00e9tiques et de dispositifs optiques adaptatifs.<\/p>\n<h2><span style=\"color: #0000ff;\"><a style=\"color: #0000ff;\" href=\"https:\/\/ulpmat.com\/fr\/societe\/faq\/\"><span style=\"font-size: 14pt;\">FAQ<\/span><\/a><\/span><\/h2>\n<p>Q1 : Qu&rsquo;est-ce que le \u00ab coefficient de magn\u00e9tostriction \u00bb ?<br \/>\nR1 : Il mesure le degr\u00e9 de variation de longueur d&rsquo;un mat\u00e9riau dans un champ magn\u00e9tique. Nos particules d&rsquo;alliage FeGa ont un coefficient de magn\u00e9tostriction \u00e0 saturation tr\u00e8s \u00e9lev\u00e9, ce qui signifie que m\u00eame une faible variation du champ magn\u00e9tique peut produire une d\u00e9formation ou une force de sortie importante.<\/p>\n<p>Q2 : La temp\u00e9rature a-t-elle une incidence significative sur les propri\u00e9t\u00e9s du mat\u00e9riau ?<br \/>\nR2 : Elle a un certain effet. Les propri\u00e9t\u00e9s magn\u00e9tostrictives changent avec la temp\u00e9rature. Nous pouvons fournir des alliages dont la composition est optimis\u00e9e pour \u00e9quilibrer les performances et la stabilit\u00e9 thermique, en fonction de la plage de temp\u00e9rature de votre application.<\/p>\n<p>Q3 : Quelles sont les formes et les tailles de particules disponibles ?<br \/>\nR3 : Nous fournissons principalement des particules de forme irr\u00e9guli\u00e8re, mais nous pouvons \u00e9galement fournir des produits personnalis\u00e9s de tailles sp\u00e9cifiques en fonction des exigences de fusion ou de traitement ult\u00e9rieures.<\/p>\n<p>Q4 : Comment \u00e9viter l&rsquo;oxydation pendant l&rsquo;utilisation ?<br \/>\nR4 : Les granul\u00e9s d&rsquo;alliage gallium-fer sont relativement stables \u00e0 l&rsquo;air, mais il est recommand\u00e9 de les stocker dans un environnement sec. La fusion ou le traitement \u00e0 haute temp\u00e9rature doit \u00eatre effectu\u00e9 dans un environnement inerte ou sous vide afin d&rsquo;\u00e9viter une oxydation excessive de la surface.<\/p>\n<h2><span style=\"font-size: 14pt;\">Rapports<\/span><\/h2>\n<p>Chaque lot est fourni avec :<br \/>\n<span style=\"color: #0000ff;\"><a style=\"color: #0000ff;\" href=\"https:\/\/ulpmat.com\/fr\/documents\/certificat-danalyse\/\">Certificat d&rsquo;analyse (COA)<\/a><\/span><\/p>\n<p><span style=\"color: #0000ff;\"><a style=\"color: #0000ff;\" href=\"https:\/\/ulpmat.com\/fr\/documents\/fiche-technique\/\">Fiche technique (TDS)<\/a><\/span><\/p>\n<p><span style=\"color: #0000ff;\"><a style=\"color: #0000ff;\" href=\"https:\/\/ulpmat.com\/fr\/documents\/fiche-de-donnees-de-securite\/\">Fiche de donn\u00e9es de s\u00e9curit\u00e9 (MSDS)<\/a><\/span><br \/>\nRapport d&rsquo;inspection des dimensions<br \/>\nRapports d&rsquo;essais par des tiers disponibles sur demande<\/p>\n<h2><span style=\"font-size: 14pt;\">Pourquoi nous choisir ?<\/span><\/h2>\n<p>Nous nous concentrons sur la recherche, le d\u00e9veloppement et la production de mat\u00e9riaux fonctionnels magn\u00e9tiques haute performance, et comprenons parfaitement le r\u00f4le central des alliages FeGa dans les appareils intelligents. Gr\u00e2ce \u00e0 un contr\u00f4le m\u00e9tallurgique pr\u00e9cis, nous garantissons une composition uniforme des mat\u00e9riaux et des performances constantes. En nous choisissant, vous b\u00e9n\u00e9ficierez d&rsquo;un soutien technique professionnel et de solutions mat\u00e9rielles fiables pour vous aider dans le d\u00e9veloppement de vos produits de pointe.<\/p>\n","protected":false},"excerpt":{"rendered":"<p>Pr\u00e9sentation des granul\u00e9s d&rsquo;alliage fer-gallium Les granul\u00e9s d&rsquo;alliage fer-gallium sont des mat\u00e9riaux fonctionnels dot\u00e9s d&rsquo;excellentes propri\u00e9t\u00e9s magn\u00e9tostrictives, principalement utilis\u00e9s dans la fabrication de capteurs, d&rsquo;actionneurs et de transducteurs haute performance. Nous fournissons des granul\u00e9s d&rsquo;alliage fer-gallium de haute puret\u00e9 et proposons des tailles de particules et des ratios de composition personnalis\u00e9s . Veuillez nous contacter [&hellip;]<\/p>\n","protected":false},"featured_media":52980,"template":"","meta":{"_acf_changed":false},"product_brand":[132],"product_cat":[296],"product_tag":[8053],"class_list":{"0":"post-52979","1":"product","2":"type-product","3":"status-publish","4":"has-post-thumbnail","6":"product_brand-ulpmat","7":"product_cat-materiaux-devaporation","8":"product_tag-granules-dalliage-de-fer-et-de-gallium","10":"first","11":"instock","12":"shipping-taxable","13":"product-type-variable"},"acf":[],"_links":{"self":[{"href":"https:\/\/ulpmat.com\/fr\/wp-json\/wp\/v2\/product\/52979","targetHints":{"allow":["GET"]}}],"collection":[{"href":"https:\/\/ulpmat.com\/fr\/wp-json\/wp\/v2\/product"}],"about":[{"href":"https:\/\/ulpmat.com\/fr\/wp-json\/wp\/v2\/types\/product"}],"wp:featuredmedia":[{"embeddable":true,"href":"https:\/\/ulpmat.com\/fr\/wp-json\/wp\/v2\/media\/52980"}],"wp:attachment":[{"href":"https:\/\/ulpmat.com\/fr\/wp-json\/wp\/v2\/media?parent=52979"}],"wp:term":[{"taxonomy":"product_brand","embeddable":true,"href":"https:\/\/ulpmat.com\/fr\/wp-json\/wp\/v2\/product_brand?post=52979"},{"taxonomy":"product_cat","embeddable":true,"href":"https:\/\/ulpmat.com\/fr\/wp-json\/wp\/v2\/product_cat?post=52979"},{"taxonomy":"product_tag","embeddable":true,"href":"https:\/\/ulpmat.com\/fr\/wp-json\/wp\/v2\/product_tag?post=52979"}],"curies":[{"name":"wp","href":"https:\/\/api.w.org\/{rel}","templated":true}]}}