{"id":52961,"date":"2026-01-05T10:37:10","date_gmt":"2026-01-05T02:37:10","guid":{"rendered":"https:\/\/ulpmat.com\/product\/alliage-de-fer-et-de-gallium\/"},"modified":"2026-01-05T10:37:10","modified_gmt":"2026-01-05T02:37:10","slug":"alliage-de-fer-et-de-gallium","status":"publish","type":"product","link":"https:\/\/ulpmat.com\/fr\/produit\/alliage-de-fer-et-de-gallium\/","title":{"rendered":"Alliage de fer et de gallium"},"content":{"rendered":"<h2><span style=\"font-size: 14pt;\">Cibles de pulv\u00e9risation en alliage fer-gallium <\/span><span style=\"font-size: 14pt;\">Pr\u00e9sentation<\/span><\/h2>\n<p>Les cibles de pulv\u00e9risation en alliage<br \/>\n<span style=\"color: #0000ff;\"><a style=\"color: #0000ff;\" href=\"https:\/\/ulpmat.com\/fr\/recherche\/?type=name&#038;keyword=Iron+gallium\">fer-gallium<\/a><\/span><br \/>\nsont sp\u00e9cialement con\u00e7ues pour la pr\u00e9paration de films minces fonctionnels dot\u00e9s de propri\u00e9t\u00e9s magn\u00e9tostrictives haute performance \u00e0 l&rsquo;aide du d\u00e9p\u00f4t physique en phase vapeur (PVD).<\/p>\n<p>Nous proposons des cibles en alliage FeGa dans diff\u00e9rents rapports de composition et diff\u00e9rentes sp\u00e9cifications, et proposons des services personnalis\u00e9s tels que <span style=\"color: #0000ff;\"><a style=\"color: #0000ff;\" href=\"https:\/\/ulpmat.com\/fr\/service\/collage-des-cibles\/\">le collage<\/a><\/span><br \/>\nde fond de panier. Veuillez <span style=\"color: #0000ff;\"><a style=\"color: #0000ff;\" href=\"https:\/\/ulpmat.com\/fr\/contactez-nous\/\">nous contacter<\/a><\/span><br \/>\npour toute demande sp\u00e9cifique.<\/p>\n<h2><span style=\"font-size: 14pt;\">Points forts du produit<\/span><\/h2>\n<p>Propri\u00e9t\u00e9s magn\u00e9tostrictives \u00e9lev\u00e9es<br \/>\nComposition du film mince contr\u00f4lable avec pr\u00e9cision<br \/>\nFaible coercivit\u00e9 et bon magn\u00e9tisme doux<br \/>\nStructure dense et uniforme de la cible<br \/>\nComposition d&rsquo;alliage personnalis\u00e9e prise en charge<\/p>\n<h2><span style=\"font-size: 14pt;\">Applications des cibles de pulv\u00e9risation en alliage FeGa<\/span><\/h2>\n<p>Capteurs haute performance : utilis\u00e9s pour le d\u00e9p\u00f4t de films minces magn\u00e9tostrictifs afin de fabriquer des capteurs de courant, de champ magn\u00e9tique ou de contrainte hautement sensibles pour des mesures pr\u00e9cises.<br \/>\nDispositifs \u00e0 couplage magn\u00e9to\u00e9lectrique : en tant que couche magn\u00e9tostrictive cl\u00e9, combin\u00e9e \u00e0 des mat\u00e9riaux pi\u00e9zo\u00e9lectriques, elle est utilis\u00e9e pour fabriquer des dispositifs micro-ondes et des cellules de m\u00e9moire de nouvelle g\u00e9n\u00e9ration \u00e0 faible consommation et haute sensibilit\u00e9.<br \/>\nDispositifs micro\u00e9lectroniques haute fr\u00e9quence : les films minces fabriqu\u00e9s peuvent \u00eatre utilis\u00e9s comme couches fonctionnelles de base dans des composants \u00e9lectroniques avanc\u00e9s tels que les micro-antennes int\u00e9gr\u00e9es et les filtres haute fr\u00e9quence.<br \/>\nDispositifs biom\u00e9dicaux : les dispositifs d\u00e9velopp\u00e9s \u00e0 partir de ses films minces fonctionnels ont un potentiel d&rsquo;application dans la m\u00e9decine de pr\u00e9cision, les nouvelles technologies de traitement et d&rsquo;autres domaines.<\/p>\n<h2><span style=\"color: #0000ff;\"><a style=\"color: #0000ff;\" href=\"https:\/\/ulpmat.com\/fr\/societe\/faq\/\"><span style=\"font-size: 14pt;\">FAQ<\/span><\/a><\/span><\/h2>\n<p>Q1 : Comment puis-je m&rsquo;assurer que la composition du film pulv\u00e9ris\u00e9 est conforme \u00e0 celle de la cible ?<br \/>\nA1 : Nous utilisons des proc\u00e9d\u00e9s de fusion et de formage avanc\u00e9s pour garantir une composition uniforme de la cible. Pour les exigences de pr\u00e9cision extr\u00eamement \u00e9lev\u00e9es, nous pouvons fournir des conseils sur le processus, permettant d&rsquo;ajuster la composition du film pendant la pulv\u00e9risation par des m\u00e9thodes telles que des patchs pr\u00e9-plac\u00e9s.<\/p>\n<p>Q2 : Quel processus de pulv\u00e9risation est recommand\u00e9 pour les cibles en fer-gallium ?<br \/>\nR2 : La pulv\u00e9risation magn\u00e9tron \u00e0 radiofr\u00e9quence (RF) est une m\u00e9thode couramment utilis\u00e9e et \u00e9prouv\u00e9e qui permet de d\u00e9poser efficacement des films minces d&rsquo;alliage. Nous pouvons fournir des r\u00e9f\u00e9rences de param\u00e8tres de processus de base en fonction de votre \u00e9quipement.<\/p>\n<p>Q3 : Quels sont les avantages des films minces de fer-gallium en termes de performances ?<br \/>\nA3 : Leur principal avantage r\u00e9side dans la combinaison d&rsquo;un coefficient de magn\u00e9tostriction \u00e9lev\u00e9 et de bonnes propri\u00e9t\u00e9s magn\u00e9tiques douces (faible coercivit\u00e9), qui permettent aux dispositifs de poss\u00e9der \u00e0 la fois une sensibilit\u00e9 \u00e9lev\u00e9e et une faible consommation d&rsquo;\u00e9nergie.<\/p>\n<p>Q4 : Quelles sont les pr\u00e9cautions \u00e0 prendre pour le stockage et l&rsquo;utilisation des cibles ?<br \/>\nA4 : Il est recommand\u00e9 de les stocker dans un environnement sec et propre. Pendant l&rsquo;utilisation, assurez-vous que la cible est correctement install\u00e9e, \u00e9vitez les courts-circuits et suivez les proc\u00e9dures de nettoyage et d&rsquo;inspection sp\u00e9cifi\u00e9es par l&rsquo;\u00e9quipement avant le pulv\u00e9risation.<\/p>\n<h2><span style=\"font-size: 14pt;\">Rapports<\/span><\/h2>\n<p>Chaque lot est fourni avec :<br \/>\n<span style=\"color: #0000ff;\"><a style=\"color: #0000ff;\" href=\"https:\/\/ulpmat.com\/fr\/documents\/certificat-danalyse\/\">Certificat d&rsquo;analyse (COA)<\/a><\/span><\/p>\n<p><span style=\"color: #0000ff;\"><a style=\"color: #0000ff;\" href=\"https:\/\/ulpmat.com\/fr\/documents\/fiche-technique\/\">Fiche technique (TDS)<\/a><\/span><\/p>\n<p><span style=\"color: #0000ff;\"><a style=\"color: #0000ff;\" href=\"https:\/\/ulpmat.com\/fr\/documents\/fiche-de-donnees-de-securite\/\">Fiche de donn\u00e9es de s\u00e9curit\u00e9 (MSDS)<\/a><\/span><br \/>\nRapport d&rsquo;inspection des dimensions<br \/>\nRapports d&rsquo;essais effectu\u00e9s par des tiers disponibles sur demande<\/p>\n<h2><span style=\"font-size: 14pt;\">Pourquoi nous choisir ?<\/span><\/h2>\n<p>Nous sommes sp\u00e9cialis\u00e9s dans la recherche, le d\u00e9veloppement et la pr\u00e9paration de cibles de pulv\u00e9risation en alliage haute performance, et poss\u00e9dons une connaissance approfondie des applications principales des mat\u00e9riaux fonctionnels tels que l&rsquo;alliage fer-gallium dans les appareils de pointe. Gr\u00e2ce \u00e0 un contr\u00f4le pr\u00e9cis de l&rsquo;ensemble du processus de fusion et de traitement, nous garantissons une composition pr\u00e9cise de la cible, une structure dense et des performances stables.<\/p>\n","protected":false},"excerpt":{"rendered":"<p>Cibles de pulv\u00e9risation en alliage fer-gallium Pr\u00e9sentation Les cibles de pulv\u00e9risation en alliage fer-gallium sont sp\u00e9cialement con\u00e7ues pour la pr\u00e9paration de films minces fonctionnels dot\u00e9s de propri\u00e9t\u00e9s magn\u00e9tostrictives haute performance \u00e0 l&rsquo;aide du d\u00e9p\u00f4t physique en phase vapeur (PVD). Nous proposons des cibles en alliage FeGa dans diff\u00e9rents rapports de composition et diff\u00e9rentes sp\u00e9cifications, et [&hellip;]<\/p>\n","protected":false},"featured_media":52962,"template":"","meta":{"_acf_changed":false},"product_brand":[132],"product_cat":[560],"product_tag":[380,8047],"class_list":{"0":"post-52961","1":"product","2":"type-product","3":"status-publish","4":"has-post-thumbnail","6":"product_brand-ulpmat","7":"product_cat-cible-de-pulverisation-dalliage","8":"product_tag-cible-de-pulverisation","9":"product_tag-cible-de-pulverisation-cathodique-en-alliage-de-fer-et-de-gallium","11":"first","12":"instock","13":"shipping-taxable","14":"product-type-variable"},"acf":[],"_links":{"self":[{"href":"https:\/\/ulpmat.com\/fr\/wp-json\/wp\/v2\/product\/52961","targetHints":{"allow":["GET"]}}],"collection":[{"href":"https:\/\/ulpmat.com\/fr\/wp-json\/wp\/v2\/product"}],"about":[{"href":"https:\/\/ulpmat.com\/fr\/wp-json\/wp\/v2\/types\/product"}],"wp:featuredmedia":[{"embeddable":true,"href":"https:\/\/ulpmat.com\/fr\/wp-json\/wp\/v2\/media\/52962"}],"wp:attachment":[{"href":"https:\/\/ulpmat.com\/fr\/wp-json\/wp\/v2\/media?parent=52961"}],"wp:term":[{"taxonomy":"product_brand","embeddable":true,"href":"https:\/\/ulpmat.com\/fr\/wp-json\/wp\/v2\/product_brand?post=52961"},{"taxonomy":"product_cat","embeddable":true,"href":"https:\/\/ulpmat.com\/fr\/wp-json\/wp\/v2\/product_cat?post=52961"},{"taxonomy":"product_tag","embeddable":true,"href":"https:\/\/ulpmat.com\/fr\/wp-json\/wp\/v2\/product_tag?post=52961"}],"curies":[{"name":"wp","href":"https:\/\/api.w.org\/{rel}","templated":true}]}}