{"id":52892,"date":"2026-01-05T10:37:11","date_gmt":"2026-01-05T02:37:11","guid":{"rendered":"https:\/\/ulpmat.com\/product\/alliage-de-fer-et-de-nickel\/"},"modified":"2026-01-05T10:37:11","modified_gmt":"2026-01-05T02:37:11","slug":"alliage-de-fer-et-de-nickel","status":"publish","type":"product","link":"https:\/\/ulpmat.com\/fr\/produit\/alliage-de-fer-et-de-nickel\/","title":{"rendered":"Alliage de fer et de nickel"},"content":{"rendered":"<h2><span style=\"font-size: 14pt;\">\u00a0Cibles de pulv\u00e9risation en alliage fer-nickel <\/span><span style=\"font-size: 14pt;\">Pr\u00e9sentation<\/span><\/h2>\n<p>Les cibles de pulv\u00e9risation en<br \/>\n<span style=\"color: #0000ff;\"><\/span><br \/>\nalliage<br \/>\n<span style=\"color: #0000ff;\"><a style=\"color: #0000ff;\" href=\"https:\/\/ulpmat.com\/fr\/recherche\/?type=name&#038;keyword=Iron+Nickel\">fer-nickel<\/a><\/span><br \/>\nsont des cibles fonctionnelles bas\u00e9es sur un syst\u00e8me d&rsquo;alliage fer-nickel, principalement utilis\u00e9es pour la pr\u00e9paration de films minces magn\u00e9tiques, de mat\u00e9riaux \u00e9lectroniques et de rev\u00eatements fonctionnels associ\u00e9s.<\/p>\n<p>Nous proposons des cibles de pulv\u00e9risation en alliage fer-nickel dans diff\u00e9rents rapports de composition et diff\u00e9rentes tailles afin de r\u00e9pondre aux diverses exigences des processus de d\u00e9p\u00f4t. Veuillez <span style=\"color: #0000ff;\"><a style=\"color: #0000ff;\" href=\"https:\/\/ulpmat.com\/fr\/contactez-nous\/\">nous contacter<\/a><\/span><br \/>\npour confirmer les param\u00e8tres techniques.<\/p>\n<h2><span style=\"font-size: 14pt;\">Points forts du produit<\/span><\/h2>\n<p>Rapport de composition contr\u00f4lable<br \/>\nPropri\u00e9t\u00e9s magn\u00e9tiques stables<br \/>\nStructure uniforme<br \/>\nCompatible avec plusieurs processus de d\u00e9p\u00f4t PVD<br \/>\nTailles et rapports d&rsquo;alliage personnalis\u00e9s pris en charge<br \/>\nApprovisionnement stable<\/p>\n<h2><span style=\"font-size: 14pt;\">Applications des cibles de pulv\u00e9risation en alliage fer-nickel<\/span><\/h2>\n<p>Mat\u00e9riaux pour films minces magn\u00e9tiques : les alliages fer-nickel sont couramment utilis\u00e9s pour pr\u00e9parer des films minces magn\u00e9tiques doux ou fonctionnels, adapt\u00e9s \u00e0 la recherche et \u00e0 la fabrication de capteurs, d&rsquo;enregistrements magn\u00e9tiques et de dispositifs connexes.<\/p>\n<p>Mat\u00e9riaux \u00e9lectroniques et <span style=\"color: #0000ff;\"><a style=\"color: #0000ff;\" href=\"https:\/\/ulpmat.com\/fr\/candidature\/materiaux-semi-conducteurs\/\">semi-conducteurs<\/a><\/span><br \/>\n: dans les composants \u00e9lectroniques et les processus semi-conducteurs, ces cibles en alliage peuvent \u00eatre utilis\u00e9es pour le d\u00e9p\u00f4t de couches m\u00e9talliques ou fonctionnelles, am\u00e9liorant ainsi la coh\u00e9rence des performances des films minces.<\/p>\n<p>Rev\u00eatements fonctionnels et ing\u00e9nierie des surfaces : le d\u00e9p\u00f4t de films minces en alliage fer-nickel par pulv\u00e9risation peut am\u00e9liorer la structure de la surface du mat\u00e9riau ou obtenir des propri\u00e9t\u00e9s fonctionnelles sp\u00e9cifiques.<\/p>\n<p>Recherche scientifique et applications en laboratoire : convient \u00e0 la recherche fondamentale dans les universit\u00e9s et les instituts de recherche sur les films minces en alliage, les m\u00e9canismes de croissance et l&rsquo;optimisation des processus.<\/p>\n<h2><span style=\"font-size: 14pt;\">FAQ<\/span><\/h2>\n<p>Q1 : Le pulv\u00e9risation cathodique DC ou RF convient-elle aux cibles de pulv\u00e9risation en alliage fer-nickel ?<br \/>\nA1 : La pulv\u00e9risation cathodique DC ou RF peut \u00eatre choisie en fonction de la composition sp\u00e9cifique de l&rsquo;alliage et des conditions de l&rsquo;\u00e9quipement.<\/p>\n<p>Q2 : Le rapport fer\/nickel dans l&rsquo;alliage peut-il \u00eatre ajust\u00e9 ?<br \/>\nR2 : Oui, une production personnalis\u00e9e avec diff\u00e9rents rapports fer\/nickel est possible en fonction des exigences de l&rsquo;application.<\/p>\n<p>Q3 : La cible de pulv\u00e9risation en alliage fer-nickel est-elle stable pendant une pulv\u00e9risation \u00e0 long terme ?<br \/>\nR3 : Avec des param\u00e8tres de processus raisonnables, le processus de pulv\u00e9risation de la cible est stable, ce qui permet d&rsquo;obtenir des films minces uniformes.<\/p>\n<p>Q4 : La cible de pulv\u00e9risation en alliage fer-nickel est-elle plus adapt\u00e9e \u00e0 la recherche scientifique ou aux applications industrielles ?<br \/>\nA4 : Elle peut r\u00e9pondre aux besoins des exp\u00e9riences de recherche scientifique et convient \u00e9galement \u00e0 certaines applications pilotes et industrielles.<\/p>\n<h2><span style=\"font-size: 14pt;\">Rapports<\/span><\/h2>\n<p>Chaque lot est fourni avec :<br \/>\n<span style=\"color: #0000ff;\"><a style=\"color: #0000ff;\" href=\"https:\/\/ulpmat.com\/fr\/documents\/certificat-danalyse\/\">Certificat d&rsquo;analyse (COA)<\/a><\/span><\/p>\n<p><span style=\"color: #0000ff;\"><a style=\"color: #0000ff;\" href=\"https:\/\/ulpmat.com\/fr\/documents\/fiche-technique\/\">Fiche technique (TDS)<\/a><\/span><\/p>\n<p><span style=\"color: #0000ff;\"><a style=\"color: #0000ff;\" href=\"https:\/\/ulpmat.com\/fr\/documents\/fiche-de-donnees-de-securite\/\">Fiche de donn\u00e9es de s\u00e9curit\u00e9 (MSDS)<\/a><\/span><br \/>\nRapport d&rsquo;inspection des dimensions<br \/>\nRapports d&rsquo;essais par des tiers disponibles sur demande<\/p>\n<h2><span style=\"font-size: 14pt;\">Pourquoi nous choisir ?<\/span><\/h2>\n<p>Nous nous concentrons depuis longtemps sur la recherche et la fourniture de cibles de pulv\u00e9risation en m\u00e9tal et en alliage, en mettant l&rsquo;accent sur le contr\u00f4le de la composition, la coh\u00e9rence du traitement et l&rsquo;efficacit\u00e9 de la r\u00e9ponse technique. Nous pouvons fournir un soutien mat\u00e9riel fiable et durable pour les projets li\u00e9s aux mat\u00e9riaux magn\u00e9tiques et aux films minces \u00e9lectroniques.<\/p>\n","protected":false},"excerpt":{"rendered":"<p>\u00a0Cibles de pulv\u00e9risation en alliage fer-nickel Pr\u00e9sentation Les cibles de pulv\u00e9risation en alliage fer-nickel sont des cibles fonctionnelles bas\u00e9es sur un syst\u00e8me d&rsquo;alliage fer-nickel, principalement utilis\u00e9es pour la pr\u00e9paration de films minces magn\u00e9tiques, de mat\u00e9riaux \u00e9lectroniques et de rev\u00eatements fonctionnels associ\u00e9s. Nous proposons des cibles de pulv\u00e9risation en alliage fer-nickel dans diff\u00e9rents rapports de composition [&hellip;]<\/p>\n","protected":false},"featured_media":52893,"template":"","meta":{"_acf_changed":false},"product_brand":[132],"product_cat":[560],"product_tag":[380,8024],"class_list":{"0":"post-52892","1":"product","2":"type-product","3":"status-publish","4":"has-post-thumbnail","6":"product_brand-ulpmat","7":"product_cat-cible-de-pulverisation-dalliage","8":"product_tag-cible-de-pulverisation","9":"product_tag-cible-de-pulverisation-cathodique-en-alliage-fer-nickel","11":"first","12":"instock","13":"shipping-taxable","14":"product-type-variable"},"acf":[],"_links":{"self":[{"href":"https:\/\/ulpmat.com\/fr\/wp-json\/wp\/v2\/product\/52892","targetHints":{"allow":["GET"]}}],"collection":[{"href":"https:\/\/ulpmat.com\/fr\/wp-json\/wp\/v2\/product"}],"about":[{"href":"https:\/\/ulpmat.com\/fr\/wp-json\/wp\/v2\/types\/product"}],"wp:featuredmedia":[{"embeddable":true,"href":"https:\/\/ulpmat.com\/fr\/wp-json\/wp\/v2\/media\/52893"}],"wp:attachment":[{"href":"https:\/\/ulpmat.com\/fr\/wp-json\/wp\/v2\/media?parent=52892"}],"wp:term":[{"taxonomy":"product_brand","embeddable":true,"href":"https:\/\/ulpmat.com\/fr\/wp-json\/wp\/v2\/product_brand?post=52892"},{"taxonomy":"product_cat","embeddable":true,"href":"https:\/\/ulpmat.com\/fr\/wp-json\/wp\/v2\/product_cat?post=52892"},{"taxonomy":"product_tag","embeddable":true,"href":"https:\/\/ulpmat.com\/fr\/wp-json\/wp\/v2\/product_tag?post=52892"}],"curies":[{"name":"wp","href":"https:\/\/api.w.org\/{rel}","templated":true}]}}