{"id":52754,"date":"2026-01-05T10:37:14","date_gmt":"2026-01-05T02:37:14","guid":{"rendered":"https:\/\/ulpmat.com\/product\/sulfure-de-fer\/"},"modified":"2026-01-05T10:37:14","modified_gmt":"2026-01-05T02:37:14","slug":"sulfure-de-fer","status":"publish","type":"product","link":"https:\/\/ulpmat.com\/fr\/produit\/sulfure-de-fer\/","title":{"rendered":"Sulfure de fer"},"content":{"rendered":"<h2><span style=\"font-size: 14pt;\">Pr\u00e9sentation des cibles de pulv\u00e9risation en sulfure de fer<\/span><\/h2>\n<p>Les cibles de pulv\u00e9risation<br \/>\n<span style=\"color: #0000ff;\"><a style=\"color: #0000ff;\" href=\"https:\/\/ulpmat.com\/fr\/recherche\/?type=element&#038;keyword=Fe%2CS\">en sulfure de fer<\/a><\/span><br \/>\nconstituent un mat\u00e9riau semi-conducteur prometteur. Elles ont suscit\u00e9 un vif int\u00e9r\u00eat en raison de leur bande interdite appropri\u00e9e, de leur coefficient d&rsquo;absorption lumineuse extr\u00eamement \u00e9lev\u00e9 et du fait que leurs \u00e9l\u00e9ments constitutifs sont abondants, non toxiques et peu co\u00fbteux dans la cro\u00fbte terrestre. Gr\u00e2ce \u00e0 la technologie de pulv\u00e9risation magn\u00e9tron, les cibles de pulv\u00e9risation FeS\u2082 peuvent \u00eatre utilis\u00e9es pour pr\u00e9parer des films minces FeS\u2082 de haute qualit\u00e9, de grande surface et uniformes, qui constituent les couches fonctionnelles essentielles \u00e0 la construction de divers dispositifs opto\u00e9lectroniques et \u00e9nerg\u00e9tiques avanc\u00e9s.<\/p>\n<p>Nous sommes sp\u00e9cialis\u00e9s dans la production et la fourniture de cibles de pulv\u00e9risation en sulfure de fer de haute qualit\u00e9 pour la pulv\u00e9risation magn\u00e9tron r\u00e9active. Nos produits sont pr\u00e9par\u00e9s \u00e0 partir de mati\u00e8res premi\u00e8res de haute puret\u00e9 et de proc\u00e9d\u00e9s avanc\u00e9s, garantissant une structure cristalline pure, une composition pr\u00e9cise, une densit\u00e9 \u00e9lev\u00e9e et une microstructure uniforme, r\u00e9pondant ainsi \u00e0 divers besoins, de la R&amp;D \u00e0 la production \u00e0 grande \u00e9chelle. N&rsquo;h\u00e9sitez pas \u00e0 <span style=\"color: #0000ff;\"><a style=\"color: #0000ff;\" href=\"https:\/\/ulpmat.com\/fr\/contactez-nous\/\">nous contacter<\/a>.<\/span><\/p>\n<h2><span style=\"font-size: 14pt;\">Points forts du produit<\/span><\/h2>\n<p>Excellentes propri\u00e9t\u00e9s opto\u00e9lectroniques<br \/>\nR\u00e9serves abondantes en \u00e9l\u00e9ments<br \/>\nExcellente qualit\u00e9 de film<br \/>\nRentabilit\u00e9 \u00e9lev\u00e9e<br \/>\nLarge \u00e9ventail d&rsquo;applications<\/p>\n<h2><span style=\"font-size: 14pt;\">Applications des cibles de pulv\u00e9risation en sulfure de fer<\/span><\/h2>\n<p>Cellules <span style=\"color: #0000ff;\"><a style=\"color: #0000ff;\" href=\"https:\/\/ulpmat.com\/fr\/candidature\/solaire-photovoltaique\/\">solaires<\/a><\/span><br \/>\n\u00e0 couche mince : en tant que mat\u00e9riau tr\u00e8s prometteur pour les couches absorbant la lumi\u00e8re, les couches minces de FeS\u2082 peuvent \u00eatre utilis\u00e9es pour pr\u00e9parer des cellules solaires de nouvelle g\u00e9n\u00e9ration \u00e0 faible co\u00fbt et \u00e0 haut rendement.<br \/>\nPhotod\u00e9tecteurs et capteurs : gr\u00e2ce \u00e0 ses excellentes caract\u00e9ristiques de r\u00e9ponse photo\u00e9lectrique, le FeS\u2082 peut \u00eatre utilis\u00e9 pour fabriquer des photod\u00e9tecteurs haute performance et divers capteurs dans les bandes du visible au proche infrarouge.<\/p>\n<p>\u00c9lectrodes <span style=\"color: #0000ff;\"><a style=\"color: #0000ff;\" href=\"https:\/\/ulpmat.com\/fr\/candidature\/materiaux-de-la-batterie\/\">de batteries<\/a><\/span><br \/>\nlithium\/sodium-ion : les nanostructures de sulfure de fer, avec leur capacit\u00e9 th\u00e9orique \u00e9lev\u00e9e, sont de nouveaux mat\u00e9riaux d&rsquo;anode prometteurs pour les batteries de stockage d&rsquo;\u00e9nergie, contribuant \u00e0 am\u00e9liorer la densit\u00e9 \u00e9nerg\u00e9tique des batteries.<\/p>\n<p>Absorption et blindage des ondes \u00e9lectromagn\u00e9tiques : les micro\/nanomat\u00e9riaux de sulfure de fer avec des morphologies sp\u00e9cifiques pr\u00e9sentent d&rsquo;excellentes performances d&rsquo;absorption des ondes \u00e9lectromagn\u00e9tiques, ce qui les rend pr\u00e9cieux dans les rev\u00eatements de compatibilit\u00e9 \u00e9lectromagn\u00e9tique et de furtivit\u00e9.<\/p>\n<p>Photocatalyse et photo\u00e9lectrochimie : le sulfure de fer peut \u00eatre utilis\u00e9 dans des processus photocatalytiques tels que la dissociation de l&rsquo;eau pour la production d&rsquo;hydrog\u00e8ne ou la d\u00e9gradation des polluants, ainsi que dans la construction de batteries photo\u00e9lectrochimiques.<\/p>\n<h2><span style=\"font-size: 14pt;\">FAQ<\/span><\/h2>\n<p>Q1 : Quel type de film mince se forme principalement lorsque le sulfure de fer est utilis\u00e9 comme cible pour la pulv\u00e9risation cathodique ?<br \/>\nR1 : Les films minces de FeS\u2082 pr\u00e9par\u00e9s par pulv\u00e9risation magn\u00e9tron r\u00e9active sont g\u00e9n\u00e9ralement des films semi-conducteurs polycristallins ou nanocristallins. Leur type de conductivit\u00e9 (type P ou type N) et leurs propri\u00e9t\u00e9s \u00e9lectriques peuvent \u00eatre contr\u00f4l\u00e9s efficacement en ajustant avec pr\u00e9cision des param\u00e8tres tels que la temp\u00e9rature de d\u00e9p\u00f4t, la tension partielle de H\u2082S et la puissance de pulv\u00e9risation.<\/p>\n<p>Q2 : Quels sont les avantages de la pulv\u00e9risation par rapport \u00e0 d&rsquo;autres m\u00e9thodes de pr\u00e9paration ?<br \/>\nR2 : La pulv\u00e9risation magn\u00e9tron, en particulier la pulv\u00e9risation magn\u00e9tron puls\u00e9e \u00e0 haute puissance (HIPIMS), permet un contr\u00f4le pr\u00e9cis de la composition du film, offre une excellente uniformit\u00e9 et densit\u00e9 du film, ainsi qu&rsquo;une bonne r\u00e9p\u00e9tabilit\u00e9 du processus, ce qui facilite la production industrielle continue \u00e0 grande \u00e9chelle.<\/p>\n<p>Q3 : Quels sont les param\u00e8tres cl\u00e9s du processus \u00e0 prendre en compte lors de l&rsquo;utilisation de cibles de pulv\u00e9risation en sulfure de fer ?<br \/>\nR3 : Les param\u00e8tres cl\u00e9s du processus sont les suivants : temp\u00e9rature du substrat, rapport entre les gaz r\u00e9actifs H\u2082S et Ar, et pression de travail totale. Ces param\u00e8tres ont une incidence directe sur la qualit\u00e9 cristalline, la st\u0153chiom\u00e9trie et les propri\u00e9t\u00e9s photo\u00e9lectriques finales du film.<\/p>\n<h2><span style=\"font-size: 14pt;\">Rapports<\/span><\/h2>\n<p>Chaque lot est accompagn\u00e9 des documents suivants :<br \/>\n<span style=\"color: #0000ff;\"><a style=\"color: #0000ff;\" href=\"https:\/\/ulpmat.com\/fr\/documents\/certificat-danalyse\/\">Certificat d&rsquo;analyse (COA)<\/a><\/span><\/p>\n<p><span style=\"color: #0000ff;\"><a style=\"color: #0000ff;\" href=\"https:\/\/ulpmat.com\/fr\/documents\/fiche-technique\/\">Fiche technique (TDS)<\/a><\/span><\/p>\n<p><span style=\"color: #0000ff;\"><a style=\"color: #0000ff;\" href=\"https:\/\/ulpmat.com\/fr\/documents\/fiche-de-donnees-de-securite\/\">Fiche de donn\u00e9es de s\u00e9curit\u00e9 (MSDS)<\/a><\/span><br \/>\nRapport d&rsquo;inspection des dimensions<br \/>\nRapports d&rsquo;essais effectu\u00e9s par des tiers disponibles sur demande<\/p>\n<h2><span style=\"font-size: 14pt;\">Pourquoi nous choisir ?<\/span><\/h2>\n<p>Dans le domaine des mat\u00e9riaux en couche mince, nous ne sommes pas seulement un fournisseur, mais un partenaire de confiance. Nous disposons d&rsquo;une \u00e9quipe internationale professionnelle de R&amp;D et d&rsquo;ing\u00e9nieurs techniques poss\u00e9dant une expertise approfondie dans le secteur des cibles de pulv\u00e9risation, et nous avons mis en place un syst\u00e8me complet de gestion de la qualit\u00e9. Nous nous engageons \u00e0 fournir \u00e0 nos clients un soutien technique et des solutions personnalis\u00e9es qui vont au-del\u00e0 des produits eux-m\u00eames, afin de contribuer \u00e0 la r\u00e9ussite de vos projets de recherche et de production.<\/p>\n","protected":false},"excerpt":{"rendered":"<p>Pr\u00e9sentation des cibles de pulv\u00e9risation en sulfure de fer Les cibles de pulv\u00e9risation en sulfure de fer constituent un mat\u00e9riau semi-conducteur prometteur. Elles ont suscit\u00e9 un vif int\u00e9r\u00eat en raison de leur bande interdite appropri\u00e9e, de leur coefficient d&rsquo;absorption lumineuse extr\u00eamement \u00e9lev\u00e9 et du fait que leurs \u00e9l\u00e9ments constitutifs sont abondants, non toxiques et peu [&hellip;]<\/p>\n","protected":false},"featured_media":52755,"template":"","meta":{"_acf_changed":false},"product_brand":[132],"product_cat":[449],"product_tag":[380,7994],"class_list":{"0":"post-52754","1":"product","2":"type-product","3":"status-publish","4":"has-post-thumbnail","6":"product_brand-ulpmat","7":"product_cat-cible-de-pulverisation-ceramique","8":"product_tag-cible-de-pulverisation","9":"product_tag-cible-de-pulverisation-de-sulfure-de-fer","11":"first","12":"instock","13":"shipping-taxable","14":"product-type-variable"},"acf":[],"_links":{"self":[{"href":"https:\/\/ulpmat.com\/fr\/wp-json\/wp\/v2\/product\/52754","targetHints":{"allow":["GET"]}}],"collection":[{"href":"https:\/\/ulpmat.com\/fr\/wp-json\/wp\/v2\/product"}],"about":[{"href":"https:\/\/ulpmat.com\/fr\/wp-json\/wp\/v2\/types\/product"}],"wp:featuredmedia":[{"embeddable":true,"href":"https:\/\/ulpmat.com\/fr\/wp-json\/wp\/v2\/media\/52755"}],"wp:attachment":[{"href":"https:\/\/ulpmat.com\/fr\/wp-json\/wp\/v2\/media?parent=52754"}],"wp:term":[{"taxonomy":"product_brand","embeddable":true,"href":"https:\/\/ulpmat.com\/fr\/wp-json\/wp\/v2\/product_brand?post=52754"},{"taxonomy":"product_cat","embeddable":true,"href":"https:\/\/ulpmat.com\/fr\/wp-json\/wp\/v2\/product_cat?post=52754"},{"taxonomy":"product_tag","embeddable":true,"href":"https:\/\/ulpmat.com\/fr\/wp-json\/wp\/v2\/product_tag?post=52754"}],"curies":[{"name":"wp","href":"https:\/\/api.w.org\/{rel}","templated":true}]}}