{"id":52670,"date":"2026-01-05T10:37:16","date_gmt":"2026-01-05T02:37:16","guid":{"rendered":"https:\/\/ulpmat.com\/product\/siliciure-de-fer\/"},"modified":"2026-01-05T10:37:16","modified_gmt":"2026-01-05T02:37:16","slug":"siliciure-de-fer","status":"publish","type":"product","link":"https:\/\/ulpmat.com\/fr\/produit\/siliciure-de-fer\/","title":{"rendered":"Siliciure de fer"},"content":{"rendered":"<h2><span style=\"font-size: 14pt;\">Cibles de pulv\u00e9risation en siliciure de fer &#8211; Pr\u00e9sentation<\/span><\/h2>\n<p>Les cibles de pulv\u00e9risation<br \/>\n<span style=\"color: #0000ff;\"><a style=\"color: #0000ff;\" href=\"https:\/\/ulpmat.com\/fr\/recherche\/?type=name&#038;keyword=Iron+silicide\">en siliciure de fer<\/a><\/span><br \/>\nconstituent un mat\u00e9riau de base essentiel pour la pr\u00e9paration de films minces fonctionnels dot\u00e9s d&rsquo;excellentes propri\u00e9t\u00e9s opto\u00e9lectroniques. Gr\u00e2ce \u00e0 des proc\u00e9d\u00e9s avanc\u00e9s tels que la pulv\u00e9risation magn\u00e9tron, elles permettent de former des films minces <span style=\"color: #0000ff;\"><a style=\"color: #0000ff;\" href=\"https:\/\/ulpmat.com\/fr\/candidature\/materiaux-semi-conducteurs\/\">semi-conducteurs<\/a><\/span><br \/>\ntels que le \u03b2-FeSi\u2082, largement utilis\u00e9s dans les dispositifs opto\u00e9lectroniques, les cellules solaires et les nouveaux composants semi-conducteurs. Elles constituent une alternative \u00e9cologique id\u00e9ale aux mat\u00e9riaux traditionnels contenant des \u00e9l\u00e9ments toxiques ou rares tels que l&rsquo;arsenic et l&rsquo;indium.<\/p>\n<p>Nous proposons des cibles de pulv\u00e9risation en siliciure de fer de haute puret\u00e9, haute densit\u00e9 et \u00e0 grains fins, fabriqu\u00e9es \u00e0 l&rsquo;aide de proc\u00e9d\u00e9s avanc\u00e9s tels que le pressage isostatique \u00e0 chaud et le frittage par plasma \u00e0 \u00e9tincelles. Nous proposons des tailles standard et sp\u00e9ciales <span style=\"color: #0000ff;\"><a style=\"color: #0000ff;\" href=\"https:\/\/ulpmat.com\/fr\/service\/personnalisation\/\">personnalis\u00e9es<\/a><\/span><br \/>\nafin de r\u00e9pondre aux diff\u00e9rentes exigences en mati\u00e8re d&rsquo;\u00e9quipements de rev\u00eatement et de proc\u00e9d\u00e9s. Pour toute demande de personnalisation, veuillez <span style=\"color: #0000ff;\"><a style=\"color: #0000ff;\" href=\"https:\/\/ulpmat.com\/fr\/contactez-nous\/\">nous contacter<\/a><\/span><br \/>\n.<\/p>\n<h2><span style=\"font-size: 14pt;\">Points forts du produit<\/span><\/h2>\n<p>Haute puret\u00e9 et faible teneur en impuret\u00e9s<br \/>\nHaute densit\u00e9 et grains fins<br \/>\nExcellentes caract\u00e9ristiques de pulv\u00e9risation<br \/>\nExcellente conductivit\u00e9 thermique et excellentes propri\u00e9t\u00e9s m\u00e9caniques<br \/>\nChoix de mat\u00e9riaux respectueux de l&rsquo;environnement<\/p>\n<h2><span style=\"font-size: 14pt;\">Applications des cibles de pulv\u00e9risation en siliciure de fer<\/span><\/h2>\n<p>Opto\u00e9lectronique et \u00e9nergie <span style=\"color: #0000ff;\"><a style=\"color: #0000ff;\" href=\"https:\/\/ulpmat.com\/fr\/candidature\/solaire-photovoltaique\/\">solaire<\/a><\/span><br \/>\n: utilis\u00e9es pour le d\u00e9p\u00f4t de films minces semi-conducteurs \u03b2-FeSi\u2082 avec des largeurs de bande interdite appropri\u00e9es, ce qui en fait un mat\u00e9riau potentiellement id\u00e9al pour la fabrication de cellules solaires et de photod\u00e9tecteurs respectueux de l&rsquo;environnement.<br \/>\n<span style=\"color: #0000ff;\"><a style=\"color: #0000ff;\" href=\"https:\/\/ulpmat.com\/fr\/candidature\/materiaux-semi-conducteurs\/\">Semi-conducteurs<\/a><\/span><br \/>\net circuits int\u00e9gr\u00e9s : dans les dispositifs \u00e0 semi-conducteurs, les films minces de siliciure de fer peuvent servir de rev\u00eatements fonctionnels ou de mat\u00e9riaux de liaison pour r\u00e9pondre \u00e0 des exigences sp\u00e9cifiques en mati\u00e8re de performances \u00e9lectriques et thermiques.<br \/>\nDispositifs thermo\u00e9lectriques : gr\u00e2ce \u00e0 ses propri\u00e9t\u00e9s de conversion thermo\u00e9lectrique, il peut \u00eatre utilis\u00e9 pour fabriquer des dispositifs thermo\u00e9lectriques \u00e0 couche mince qui convertissent directement l&rsquo;\u00e9nergie thermique en \u00e9nergie \u00e9lectrique.<br \/>\nRecherche scientifique de pointe : en tant que source cible pour la pr\u00e9paration de films minces monocristallins ou de nanostructures de compos\u00e9s fer-silicium, il est utilis\u00e9 dans l&rsquo;exploration de domaines de pointe tels que les dispositifs quantiques et la spintronique.<\/p>\n<h2><span style=\"color: #0000ff;\"><a style=\"color: #0000ff;\" href=\"https:\/\/ulpmat.com\/fr\/societe\/faq\/\"><span style=\"font-size: 14pt;\">FAQ<\/span><\/a><\/span><\/h2>\n<p>Q1 : Quelles sont la puret\u00e9 et les principales sp\u00e9cifications de vos cibles en siliciure de fer ?<br \/>\nR1 : Nous fournissons des produits de haute puret\u00e9 et pouvons personnaliser des cibles de diff\u00e9rentes tailles, granulom\u00e9tries et proportions de composition chimique en fonction de vos besoins en mati\u00e8re de recherche ou de production.<\/p>\n<p>Q2 : Je souhaite commander des cibles non standard avec des tailles ou des compositions sp\u00e9ciales. Pouvez-vous les personnaliser ? Quel est le processus ?<br \/>\nR2 : Nous proposons des services de personnalisation. Veuillez fournir des exigences techniques d\u00e9taill\u00e9es (telles que des dessins, la composition et les indicateurs de performance). Notre \u00e9quipe d&rsquo;ing\u00e9nieurs \u00e9valuera votre demande et vous proposera des solutions, des d\u00e9lais de livraison et des devis.<\/p>\n<p>Q3 : Comment garantissez-vous la stabilit\u00e9 de la cible et la qualit\u00e9 du film pendant le processus de pulv\u00e9risation ?<br \/>\nA3 : Nous garantissons une densit\u00e9 \u00e9lev\u00e9e et une faible porosit\u00e9 de nos cibles de pulv\u00e9risation gr\u00e2ce \u00e0 un processus de frittage strictement contr\u00f4l\u00e9. Cela permet de r\u00e9duire les projections de particules et les d\u00e9charges anormales pendant la pulv\u00e9risation, ce qui donne des films uniformes, denses et de haute qualit\u00e9.<\/p>\n<p>Q4 : Comment les cibles sont-elles emball\u00e9es et transport\u00e9es, et quelles pr\u00e9cautions sont prises ?<br \/>\nA4 : Toutes les cibles sont nettoy\u00e9es puis emball\u00e9es dans un emballage antichoc et scell\u00e9 sous vide afin d&rsquo;\u00e9viter toute humidit\u00e9, oxydation ou contamination pendant le transport et le stockage, garantissant ainsi qu&rsquo;elles arrivent en \u00e9tat d&rsquo;\u00eatre utilis\u00e9es.<\/p>\n<h2><span style=\"font-size: 14pt;\">Rapports<\/span><\/h2>\n<p>Chaque lot est fourni avec :<br \/>\n<span style=\"color: #0000ff;\"><a style=\"color: #0000ff;\" href=\"https:\/\/ulpmat.com\/fr\/documents\/certificat-danalyse\/\">Certificat d&rsquo;analyse (COA)<\/a><\/span><\/p>\n<p><span style=\"color: #0000ff;\"><a style=\"color: #0000ff;\" href=\"https:\/\/ulpmat.com\/fr\/documents\/fiche-technique\/\">Fiche technique (TDS)<\/a><\/span><\/p>\n<p><span style=\"color: #0000ff;\"><a style=\"color: #0000ff;\" href=\"https:\/\/ulpmat.com\/fr\/documents\/fiche-de-donnees-de-securite\/\">Fiche de donn\u00e9es de s\u00e9curit\u00e9 (MSDS)<\/a><\/span><br \/>\nRapport d&rsquo;inspection des dimensions<br \/>\nRapports d&rsquo;essais effectu\u00e9s par des tiers disponibles sur demande<\/p>\n<h2><span style=\"font-size: 14pt;\">Pourquoi nous choisir ?<\/span><\/h2>\n<p>Nous ne sommes pas seulement un fabricant de cibles de pulv\u00e9risation, mais aussi un partenaire qui vous aide \u00e0 relever vos d\u00e9fis techniques. Gr\u00e2ce \u00e0 notre connaissance approfondie des processus et \u00e0 notre syst\u00e8me de contr\u00f4le qualit\u00e9 rigoureux, nous garantissons que chaque cible offre des performances sup\u00e9rieures et constantes. Nous nous engageons \u00e0 devenir votre partenaire de confiance \u00e0 long terme, avec des produits professionnels et fiables et des services efficaces et flexibles, afin de faire progresser ensemble les technologies de pointe.<\/p>\n","protected":false},"excerpt":{"rendered":"<p>Cibles de pulv\u00e9risation en siliciure de fer &#8211; Pr\u00e9sentation Les cibles de pulv\u00e9risation en siliciure de fer constituent un mat\u00e9riau de base essentiel pour la pr\u00e9paration de films minces fonctionnels dot\u00e9s d&rsquo;excellentes propri\u00e9t\u00e9s opto\u00e9lectroniques. Gr\u00e2ce \u00e0 des proc\u00e9d\u00e9s avanc\u00e9s tels que la pulv\u00e9risation magn\u00e9tron, elles permettent de former des films minces semi-conducteurs tels que le [&hellip;]<\/p>\n","protected":false},"featured_media":52671,"template":"","meta":{"_acf_changed":false},"product_brand":[132],"product_cat":[449],"product_tag":[380,7976],"class_list":{"0":"post-52670","1":"product","2":"type-product","3":"status-publish","4":"has-post-thumbnail","6":"product_brand-ulpmat","7":"product_cat-cible-de-pulverisation-ceramique","8":"product_tag-cible-de-pulverisation","9":"product_tag-cible-de-pulverisation-du-siliciure-de-fer","11":"first","12":"instock","13":"shipping-taxable","14":"product-type-variable"},"acf":[],"_links":{"self":[{"href":"https:\/\/ulpmat.com\/fr\/wp-json\/wp\/v2\/product\/52670","targetHints":{"allow":["GET"]}}],"collection":[{"href":"https:\/\/ulpmat.com\/fr\/wp-json\/wp\/v2\/product"}],"about":[{"href":"https:\/\/ulpmat.com\/fr\/wp-json\/wp\/v2\/types\/product"}],"wp:featuredmedia":[{"embeddable":true,"href":"https:\/\/ulpmat.com\/fr\/wp-json\/wp\/v2\/media\/52671"}],"wp:attachment":[{"href":"https:\/\/ulpmat.com\/fr\/wp-json\/wp\/v2\/media?parent=52670"}],"wp:term":[{"taxonomy":"product_brand","embeddable":true,"href":"https:\/\/ulpmat.com\/fr\/wp-json\/wp\/v2\/product_brand?post=52670"},{"taxonomy":"product_cat","embeddable":true,"href":"https:\/\/ulpmat.com\/fr\/wp-json\/wp\/v2\/product_cat?post=52670"},{"taxonomy":"product_tag","embeddable":true,"href":"https:\/\/ulpmat.com\/fr\/wp-json\/wp\/v2\/product_tag?post=52670"}],"curies":[{"name":"wp","href":"https:\/\/api.w.org\/{rel}","templated":true}]}}