{"id":52652,"date":"2026-01-05T10:37:16","date_gmt":"2026-01-05T02:37:16","guid":{"rendered":"https:\/\/ulpmat.com\/product\/fer-silicium-bore\/"},"modified":"2026-01-05T10:37:16","modified_gmt":"2026-01-05T02:37:16","slug":"fer-silicium-bore","status":"publish","type":"product","link":"https:\/\/ulpmat.com\/fr\/produit\/fer-silicium-bore\/","title":{"rendered":"Fer Silicium Bore"},"content":{"rendered":"<h2><span style=\"font-size: 14pt;\">Cibles de pulv\u00e9risation en fer-silicium-bore &#8211; Pr\u00e9sentation<\/span><\/h2>\n<p>Les cibles de pulv\u00e9risation<br \/>\n<span style=\"color: #0000ff;\"><a style=\"color: #0000ff;\" href=\"https:\/\/ulpmat.com\/fr\/recherche\/?type=name&#038;keyword=Iron+silicon+boron\">en fer-silicium-bore<\/a><\/span><br \/>\nsont un mat\u00e9riau cl\u00e9 utilis\u00e9 dans le d\u00e9p\u00f4t physique en phase vapeur (PVD) pour pr\u00e9parer des films minces amorphes, nanocristallins ou fonctionnels sp\u00e9cialis\u00e9s. En raison de leurs propri\u00e9t\u00e9s magn\u00e9tiques douces uniques, de leur r\u00e9sistance \u00e0 l&rsquo;usure et \u00e0 la corrosion, et de leur effet magn\u00e9tostrictif, ces mat\u00e9riaux sont largement utilis\u00e9s dans des domaines de pointe tels que les appareils \u00e9lectroniques de pr\u00e9cision, les capteurs, l&rsquo;efficacit\u00e9 \u00e9nerg\u00e9tique et la protection des surfaces.<\/p>\n<p>Nous proposons des cibles de pulv\u00e9risation en fer-silicium-bore de haute puret\u00e9 et haute densit\u00e9, personnalisables en termes de composition, de taille et de degr\u00e9 de puret\u00e9 afin de r\u00e9pondre \u00e0 vos besoins. Nous prenons en charge divers proc\u00e9d\u00e9s avanc\u00e9s tels que le pressage isostatique \u00e0 chaud et la fusion sous vide afin de garantir d&rsquo;excellentes performances et une stabilit\u00e9 des lots. Veuillez <span style=\"color: #0000ff;\"><a style=\"color: #0000ff;\" href=\"https:\/\/ulpmat.com\/fr\/contactez-nous\/\">nous contacter<\/a><\/span><br \/>\npour obtenir les sp\u00e9cifications d\u00e9taill\u00e9es du produit ou les derniers prix.<\/p>\n<h2><span style=\"font-size: 14pt;\">Points forts du produit<\/span><\/h2>\n<p>Composition pr\u00e9cise, performances ajustables<br \/>\nHaute puret\u00e9, contr\u00f4le strict des impuret\u00e9s<br \/>\nHaute densit\u00e9, grains uniformes et fins<br \/>\nTaux de pulv\u00e9risation stable, excellente qualit\u00e9 du film<br \/>\nLongue dur\u00e9e de vie, rentabilit\u00e9 \u00e9lev\u00e9e<br \/>\nTailles et formes personnalis\u00e9es prises en charge<\/p>\n<h2><span style=\"font-size: 14pt;\">Applications des cibles de pulv\u00e9risation en fer-silicium-bore<\/span><\/h2>\n<p><strong>Capteurs magn\u00e9tiques et composants \u00e9lectroniques haute performance :<\/strong><br \/>\nutilis\u00e9s pour pr\u00e9parer des films minces magn\u00e9tiques amorphes ou nanocristallins. Ces films poss\u00e8dent d&rsquo;excellentes propri\u00e9t\u00e9s telles qu&rsquo;une perm\u00e9abilit\u00e9 \u00e9lev\u00e9e et une faible perte, ce qui en fait des couches fonctionnelles essentielles pour la fabrication de transformateurs haute fr\u00e9quence, d&rsquo;inducteurs, de capteurs magn\u00e9tiques et de capteurs magn\u00e9tostrictifs.<\/p>\n<p><strong>Renforcement de surface et rev\u00eatements protecteurs :<\/strong><br \/>\nles rev\u00eatements en film mince \u00e0 base de fer-silicium-bore form\u00e9s par pulv\u00e9risation pr\u00e9sentent une duret\u00e9 \u00e9lev\u00e9e, une bonne r\u00e9sistance \u00e0 l&rsquo;usure et \u00e0 la corrosion, ce qui am\u00e9liore consid\u00e9rablement la dur\u00e9e de vie des pi\u00e8ces de pr\u00e9cision, des outils, des moules, etc. dans des environnements tr\u00e8s usants ou corrosifs.<\/p>\n<p><strong>Technologie avanc\u00e9e de stockage et <span style=\"color: #0000ff;\"><a style=\"color: #0000ff;\" href=\"https:\/\/ulpmat.com\/fr\/candidature\/materiaux-semi-conducteurs\/\">de semi-conducteurs<\/a><\/span> :<\/strong><br \/>\nsous une composition et une structure sp\u00e9cifiques, ils peuvent \u00eatre utilis\u00e9s pour d\u00e9velopper des couches fonctionnelles de film mince dans de nouveaux supports d&rsquo;enregistrement magn\u00e9tique ou dispositifs \u00e0 semi-conducteurs, r\u00e9pondant ainsi aux exigences plus \u00e9lev\u00e9es en mati\u00e8re de performances des mat\u00e9riaux dans le domaine des technologies de l&rsquo;information.<\/p>\n<p><strong>Recherche scientifique de pointe et exploration fonctionnelle :<\/strong><br \/>\nen tant que mat\u00e9riau de recherche important, il sert \u00e0 la recherche scientifique fondamentale et au d\u00e9veloppement d&rsquo;applications innovantes dans les nouveaux mat\u00e9riaux magn\u00e9tiques, la spintronique, les dispositifs thermo\u00e9lectriques et d&rsquo;autres domaines, fournissant une base mat\u00e9rielle pour les perc\u00e9es technologiques.<\/p>\n<h2><span style=\"font-size: 14pt;\">FAQ<\/span><\/h2>\n<p>Q1 : Comment d\u00e9terminer la composition et les sp\u00e9cifications appropri\u00e9es de la cible de pulv\u00e9risation dont j&rsquo;ai besoin ?<br \/>\nA1 : Le choix sp\u00e9cifique de la cible d\u00e9pend principalement des exigences de performance finales du film mince et du mod\u00e8le d&rsquo;\u00e9quipement de pulv\u00e9risation que vous utiliserez. Nos ing\u00e9nieurs techniques peuvent vous recommander la composition et les sp\u00e9cifications les plus appropri\u00e9es en fonction de vos objectifs d&rsquo;application et des conditions de processus.<\/p>\n<p>Q2 : Combien de temps faut-il pour personnaliser une cible avec une taille ou une composition sp\u00e9ciale ?<br \/>\nA2 : Le cycle de personnalisation d\u00e9pend de la complexit\u00e9 du processus sp\u00e9cifique, g\u00e9n\u00e9ralement plusieurs semaines. Pour les ajustements des compositions d&rsquo;alliages standard ou les modifications dimensionnelles, nous nous efforcerons de raccourcir le d\u00e9lai de livraison. Veuillez nous fournir vos exigences sp\u00e9cifiques, nous les \u00e9valuerons et vous communiquerons une date de livraison pr\u00e9cise.<\/p>\n<p>Q3 : Comment garantissez-vous la qualit\u00e9 et la coh\u00e9rence des lots de vos cibles ?<br \/>\nA3 : Nous commen\u00e7ons par contr\u00f4ler les mati\u00e8res premi\u00e8res et utilisons des processus de production et de test standardis\u00e9s et pr\u00e9cis tout au long du processus. Chaque lot de cibles est accompagn\u00e9 d&rsquo;un rapport d&rsquo;inspection qualit\u00e9 d\u00e9taill\u00e9 afin de garantir que la composition chimique, les propri\u00e9t\u00e9s physiques et la microstructure r\u00e9pondent \u00e0 vos exigences.<\/p>\n<p>Q4 : Outre la cible de pulv\u00e9risation elle-m\u00eame, pouvez-vous fournir des conseils d&rsquo;utilisation ?<br \/>\nR4 : Oui. Nous pouvons fournir des directives d&rsquo;utilisation de base pour l&rsquo;installation, le nettoyage et le stockage des cibles de pulv\u00e9risation afin de vous aider \u00e0 optimiser vos processus et \u00e0 mieux utiliser le produit.<\/p>\n<h2><span style=\"font-size: 14pt;\">Rapports<\/span><\/h2>\n<p>Chaque lot est fourni avec :<br \/>\n<span style=\"color: #0000ff;\"><a style=\"color: #0000ff;\" href=\"https:\/\/ulpmat.com\/fr\/documents\/certificat-danalyse\/\">Certificat d&rsquo;analyse (COA)<\/a><\/span><\/p>\n<p><span style=\"color: #0000ff;\"><a style=\"color: #0000ff;\" href=\"https:\/\/ulpmat.com\/fr\/documents\/fiche-technique\/\">Fiche technique (TDS)<\/a><\/span><\/p>\n<p><span style=\"color: #0000ff;\"><a style=\"color: #0000ff;\" href=\"https:\/\/ulpmat.com\/fr\/documents\/fiche-de-donnees-de-securite\/\">Fiche de donn\u00e9es de s\u00e9curit\u00e9 (MSDS)<\/a><\/span><br \/>\nRapport d&rsquo;inspection des dimensions<br \/>\nRapports d&rsquo;essais par des tiers disponibles sur demande<\/p>\n<h2><span style=\"font-size: 14pt;\">Pourquoi nous choisir ?<\/span><\/h2>\n<p>Nous disposons d&rsquo;une expertise approfondie dans le domaine des cibles de pulv\u00e9risation haut de gamme, poss\u00e9dant non seulement des capacit\u00e9s techniques compl\u00e8tes, de la conception des mat\u00e9riaux \u00e0 la fabrication de pr\u00e9cision, mais \u00e9galement une compr\u00e9hension approfondie de l&rsquo;importance de mat\u00e9riaux stables et fiables pour la R&amp;D et la production de nos clients. Nous nous engageons \u00e0 vous fournir des cibles de pulv\u00e9risation fer-silicium-bore hautement performantes et tr\u00e8s homog\u00e8nes gr\u00e2ce \u00e0 un contr\u00f4le rigoureux des processus et \u00e0 des services techniques professionnels, devenant ainsi votre partenaire de confiance en mati\u00e8re de mat\u00e9riaux.<\/p>\n","protected":false},"excerpt":{"rendered":"<p>Cibles de pulv\u00e9risation en fer-silicium-bore &#8211; Pr\u00e9sentation Les cibles de pulv\u00e9risation en fer-silicium-bore sont un mat\u00e9riau cl\u00e9 utilis\u00e9 dans le d\u00e9p\u00f4t physique en phase vapeur (PVD) pour pr\u00e9parer des films minces amorphes, nanocristallins ou fonctionnels sp\u00e9cialis\u00e9s. En raison de leurs propri\u00e9t\u00e9s magn\u00e9tiques douces uniques, de leur r\u00e9sistance \u00e0 l&rsquo;usure et \u00e0 la corrosion, et de [&hellip;]<\/p>\n","protected":false},"featured_media":52653,"template":"","meta":{"_acf_changed":false},"product_brand":[132],"product_cat":[560],"product_tag":[380,7970],"class_list":{"0":"post-52652","1":"product","2":"type-product","3":"status-publish","4":"has-post-thumbnail","6":"product_brand-ulpmat","7":"product_cat-cible-de-pulverisation-dalliage","8":"product_tag-cible-de-pulverisation","9":"product_tag-cible-de-pulverisation-cathodique-en-fer-silicium-et-bore","11":"first","12":"instock","13":"shipping-taxable","14":"product-type-variable"},"acf":[],"_links":{"self":[{"href":"https:\/\/ulpmat.com\/fr\/wp-json\/wp\/v2\/product\/52652","targetHints":{"allow":["GET"]}}],"collection":[{"href":"https:\/\/ulpmat.com\/fr\/wp-json\/wp\/v2\/product"}],"about":[{"href":"https:\/\/ulpmat.com\/fr\/wp-json\/wp\/v2\/types\/product"}],"wp:featuredmedia":[{"embeddable":true,"href":"https:\/\/ulpmat.com\/fr\/wp-json\/wp\/v2\/media\/52653"}],"wp:attachment":[{"href":"https:\/\/ulpmat.com\/fr\/wp-json\/wp\/v2\/media?parent=52652"}],"wp:term":[{"taxonomy":"product_brand","embeddable":true,"href":"https:\/\/ulpmat.com\/fr\/wp-json\/wp\/v2\/product_brand?post=52652"},{"taxonomy":"product_cat","embeddable":true,"href":"https:\/\/ulpmat.com\/fr\/wp-json\/wp\/v2\/product_cat?post=52652"},{"taxonomy":"product_tag","embeddable":true,"href":"https:\/\/ulpmat.com\/fr\/wp-json\/wp\/v2\/product_tag?post=52652"}],"curies":[{"name":"wp","href":"https:\/\/api.w.org\/{rel}","templated":true}]}}