{"id":52616,"date":"2026-01-05T10:37:17","date_gmt":"2026-01-05T02:37:17","guid":{"rendered":"https:\/\/ulpmat.com\/product\/oxyde-de-fer-et-de-titane-ilemnite\/"},"modified":"2026-01-05T10:37:17","modified_gmt":"2026-01-05T02:37:17","slug":"oxyde-de-fer-et-de-titane-ilemnite","status":"publish","type":"product","link":"https:\/\/ulpmat.com\/fr\/produit\/oxyde-de-fer-et-de-titane-ilemnite\/","title":{"rendered":"Oxyde de fer et de titane (Ilemnite)"},"content":{"rendered":"<h2><span style=\"font-size: 14pt;\">Pr\u00e9sentation <\/span><span style=\"font-size: 14pt;\">des cibles de pulv\u00e9risation en oxyde <\/span><span style=\"font-size: 14pt;\">de fer et <\/span><span style=\"font-size: 14pt;\">de titane<\/span><\/h2>\n<p>Les cibles de pulv\u00e9risation<br \/>\n<span style=\"color: #0000ff;\"><a style=\"color: #0000ff;\" href=\"https:\/\/ulpmat.com\/fr\/recherche\/?type=name&#038;keyword=Iron+titanium+oxide\">en oxyde de fer et de titane<\/a><\/span><br \/>\nsont des cibles c\u00e9ramiques essentielles utilis\u00e9es dans les processus de d\u00e9p\u00f4t physique en phase vapeur (PVD). Gr\u00e2ce \u00e0 des technologies avanc\u00e9es telles que la pulv\u00e9risation magn\u00e9tron, elles permettent de d\u00e9poser des films minces d&rsquo;oxyde composite avec une composition stable et uniforme sur des substrats. Ces films jouent un r\u00f4le fonctionnel important dans des domaines de haute technologie tels que <span style=\"color: #0000ff;\"><a style=\"color: #0000ff;\" href=\"https:\/\/ulpmat.com\/fr\/candidature\/materiaux-semi-conducteurs\/\">les semi-conducteurs<\/a><\/span><br \/>\n, les rev\u00eatements <span style=\"color: #0000ff;\"><a style=\"color: #0000ff;\" href=\"https:\/\/ulpmat.com\/fr\/candidature\/materiaux-optiques\/\">optiques<\/a><\/span><br \/>\n, les capteurs et l&rsquo;ing\u00e9nierie des surfaces.<\/p>\n<p>Nous fournissons de mani\u00e8re professionnelle une s\u00e9rie de cibles de pulv\u00e9risation en oxyde de fer et de titane de haute puret\u00e9 et haute densit\u00e9, et proposons des personnalisations dans diverses sp\u00e9cifications, y compris <span style=\"color: #0000ff;\"><a style=\"color: #0000ff;\" href=\"https:\/\/ulpmat.com\/fr\/product-category\/materiaux-de-premier-choix\/cibles-rotatives\/\">des cibles<\/a><\/span><br \/>\nplanes et<span style=\"color: #0000ff;\"><a style=\"color: #0000ff;\" href=\"https:\/\/ulpmat.com\/fr\/product-category\/materiaux-de-premier-choix\/cibles-rotatives\/\"> rotatives<\/a><\/span><br \/>\n, afin de r\u00e9pondre \u00e0 vos besoins sp\u00e9cifiques dans diff\u00e9rents sc\u00e9narios d&rsquo;application et \u00e9quipements de rev\u00eatement. Veuillez nous contacter si vous avez besoin d&rsquo;une fiche technique d\u00e9taill\u00e9e du produit.<\/p>\n<h2><span style=\"font-size: 14pt;\">Points forts du produit<\/span><\/h2>\n<p>St\u0153chiom\u00e9trie strictement contr\u00f4l\u00e9e<br \/>\nPuret\u00e9 ultra-\u00e9lev\u00e9e, teneur en impuret\u00e9s extr\u00eamement faible<br \/>\nDensit\u00e9 \u00e9lev\u00e9e et excellente uniformit\u00e9 de la microstructure<br \/>\nPerformances de pulv\u00e9risation et taux de formation de film stables<br \/>\nPrise en charge des processus de pulv\u00e9risation r\u00e9active et de pulv\u00e9risation \u00e0 moyenne fr\u00e9quence<br \/>\nAssure un contr\u00f4le qualit\u00e9 de bout en bout, des mati\u00e8res premi\u00e8res aux produits finis<\/p>\n<h2><span style=\"font-size: 14pt;\">Applications des cibles de pulv\u00e9risation en oxyde de fer et de titane<\/span><\/h2>\n<p><strong>Rev\u00eatement <span style=\"color: #0000ff;\"><a style=\"color: #0000ff;\" href=\"https:\/\/ulpmat.com\/fr\/candidature\/materiaux-optiques\/\">optique<\/a><\/span> avanc\u00e9 :<\/strong><br \/>\nles cibles sont utilis\u00e9es pour d\u00e9poser des films optiques minces haute performance sur des substrats tels que le verre, notamment des films antireflets, des films \u00e0 faible \u00e9missivit\u00e9 (LOW-E) et des films de contr\u00f4le solaire. Ceux-ci r\u00e9gulent efficacement la transmission et la r\u00e9flexion de la lumi\u00e8re, am\u00e9liorant ainsi les performances du verre architectural et des composants optiques.<\/p>\n<p><strong><span style=\"color: #0000ff;\"><a style=\"color: #0000ff;\" href=\"https:\/\/ulpmat.com\/fr\/candidature\/materiaux-semi-conducteurs\/\">Semi-conducteurs<\/a> <\/span>et dispositifs fonctionnels :<\/strong><br \/>\nles films minces d&rsquo;oxyde de fer et de titane d\u00e9pos\u00e9s peuvent \u00eatre utilis\u00e9s pour pr\u00e9parer des couches fonctionnelles sp\u00e9cifiques, telles que des couches di\u00e9lectriques ou sensibles dans des dispositifs \u00e0 semi-conducteurs, appliqu\u00e9es dans les domaines de la micro\u00e9lectronique et des capteurs.<\/p>\n<p><strong>Rev\u00eatements de protection et de modification de surface :<\/strong><br \/>\ngr\u00e2ce aux proc\u00e9d\u00e9s de pulv\u00e9risation, un rev\u00eatement protecteur d&rsquo;oxyde dense et dur peut \u00eatre form\u00e9 \u00e0 la surface d&rsquo;outils, de moules ou de composants critiques, am\u00e9liorant consid\u00e9rablement leur r\u00e9sistance \u00e0 l&rsquo;usure, leur r\u00e9sistance \u00e0 la corrosion et leur dur\u00e9e de vie.<\/p>\n<p><strong>Recherche scientifique de pointe et d\u00e9veloppement de nouveaux mat\u00e9riaux :<\/strong><br \/>\nen tant que mat\u00e9riaux exp\u00e9rimentaux essentiels, ils servent \u00e0 l&rsquo;exploration et \u00e0 la recherche de nouveaux films minces fonctionnels, de mat\u00e9riaux catalytiques et de mat\u00e9riaux \u00e9nerg\u00e9tiques (tels que la photo\u00e9lectrocatalyse), fournissant une base mat\u00e9rielle pour l&rsquo;innovation technologique.<\/p>\n<h2><span style=\"font-size: 14pt;\">FAQ<\/span><\/h2>\n<p>Q1 : Quel est le niveau de puret\u00e9 typique des cibles d&rsquo;oxyde de fer et de titane ?<br \/>\nA1 : La puret\u00e9 de nos produits peut \u00eatre personnalis\u00e9e en fonction des exigences de l&rsquo;application, pouvant atteindre 99,9 %. La teneur en \u00e9l\u00e9ments d&rsquo;impuret\u00e9s cl\u00e9s est contr\u00f4l\u00e9e \u00e0 des niveaux extr\u00eamement bas afin de r\u00e9pondre aux exigences strictes des processus de rev\u00eatement optique ou de semi-conducteurs.<\/p>\n<p>Q2 : Comment choisir la taille et la forme de cible appropri\u00e9es pour mon \u00e9quipement de rev\u00eatement ?<br \/>\nR2 : Nous proposons une vari\u00e9t\u00e9 de formes standardis\u00e9es, y compris des cibles planes et rotatives, et acceptons les tailles personnalis\u00e9es. Il vous suffit de fournir le mod\u00e8le de l&rsquo;\u00e9quipement ou les dessins sp\u00e9cifiques et les exigences techniques, et notre \u00e9quipe technique vous recommandera ou concevra la solution la plus adapt\u00e9e \u00e0 vos besoins.<\/p>\n<p>Q3 : Quel est le cycle de production pour commander une cible de composition non standard ou de sp\u00e9cification sp\u00e9ciale ?<br \/>\nR3 : Le cycle de personnalisation d\u00e9pend de la complexit\u00e9 de la formulation et de la difficult\u00e9 de traitement. Pour les ajustements bas\u00e9s sur des processus matures, cela prend g\u00e9n\u00e9ralement plusieurs semaines ; pour les d\u00e9veloppements enti\u00e8rement nouveaux, nous devons proc\u00e9der \u00e0 une \u00e9valuation du processus. Apr\u00e8s avoir re\u00e7u vos exigences sp\u00e9cifiques, nous vous fournirons un calendrier d\u00e9taill\u00e9 et un devis dans les plus brefs d\u00e9lais.<\/p>\n<p>Q4 : Quelles pr\u00e9cautions particuli\u00e8res doivent \u00eatre prises lors de l&rsquo;utilisation de cibles de pulv\u00e9risation en c\u00e9ramique pour garantir la stabilit\u00e9 du processus ?<br \/>\nR4 : Lorsque vous utilisez des cibles de pulv\u00e9risation en c\u00e9ramique, veillez \u00e0 les installer correctement et \u00e9vitez de les serrer excessivement afin d&rsquo;\u00e9viter toute fissure. Il est \u00e9galement recommand\u00e9 d&rsquo;effectuer un pr\u00e9-pulv\u00e9risation minutieuse pour nettoyer la surface de la cible. Pour les processus de pulv\u00e9risation r\u00e9active, un contr\u00f4le pr\u00e9cis de la pression partielle d&rsquo;oxyg\u00e8ne et l&rsquo;utilisation d&rsquo;une alimentation \u00e9lectrique \u00e0 moyenne fr\u00e9quence sont essentiels pour maintenir la stabilit\u00e9 de la pulv\u00e9risation et \u00e9viter l&#8217;empoisonnement de la cible et la formation d&rsquo;arcs \u00e9lectriques.<\/p>\n<h2><span style=\"font-size: 14pt;\">Rapports<\/span><\/h2>\n<p>Chaque lot est fourni avec :<br \/>\nCertificat d&rsquo;analyse (COA)<br \/>\nFiche technique (TDS)<br \/>\nFiche de donn\u00e9es de s\u00e9curit\u00e9 (MSDS)<br \/>\nRapport d&rsquo;inspection dimensionnelle<br \/>\nRapports d&rsquo;essais effectu\u00e9s par des tiers disponibles sur demande<\/p>\n<h2><span style=\"font-size: 14pt;\">Pourquoi nous choisir ?<\/span><\/h2>\n<p>Nous ne sommes pas seulement un fabricant de cibles de pulv\u00e9risation, mais aussi un partenaire de solutions pour vos d\u00e9fis techniques. Gr\u00e2ce \u00e0 notre connaissance approfondie des propri\u00e9t\u00e9s des mat\u00e9riaux oxyd\u00e9s et \u00e0 un contr\u00f4le strict et pr\u00e9cis tout au long du processus, nous garantissons que chaque cible offre des performances excellentes et constantes. Nous nous engageons \u00e0 devenir votre partenaire de confiance \u00e0 long terme gr\u00e2ce \u00e0 des produits professionnels et fiables et \u00e0 des services efficaces et flexibles.<\/p>\n","protected":false},"excerpt":{"rendered":"<p>Pr\u00e9sentation des cibles de pulv\u00e9risation en oxyde de fer et de titane Les cibles de pulv\u00e9risation en oxyde de fer et de titane sont des cibles c\u00e9ramiques essentielles utilis\u00e9es dans les processus de d\u00e9p\u00f4t physique en phase vapeur (PVD). Gr\u00e2ce \u00e0 des technologies avanc\u00e9es telles que la pulv\u00e9risation magn\u00e9tron, elles permettent de d\u00e9poser des films [&hellip;]<\/p>\n","protected":false},"featured_media":52617,"template":"","meta":{"_acf_changed":false},"product_brand":[132],"product_cat":[449],"product_tag":[380,7952],"class_list":{"0":"post-52616","1":"product","2":"type-product","3":"status-publish","4":"has-post-thumbnail","6":"product_brand-ulpmat","7":"product_cat-cible-de-pulverisation-ceramique","8":"product_tag-cible-de-pulverisation","9":"product_tag-cible-de-pulverisation-cathodique-en-oxyde-de-fer-et-de-titane-ilemnite","11":"first","12":"instock","13":"shipping-taxable","14":"product-type-variable"},"acf":[],"_links":{"self":[{"href":"https:\/\/ulpmat.com\/fr\/wp-json\/wp\/v2\/product\/52616","targetHints":{"allow":["GET"]}}],"collection":[{"href":"https:\/\/ulpmat.com\/fr\/wp-json\/wp\/v2\/product"}],"about":[{"href":"https:\/\/ulpmat.com\/fr\/wp-json\/wp\/v2\/types\/product"}],"wp:featuredmedia":[{"embeddable":true,"href":"https:\/\/ulpmat.com\/fr\/wp-json\/wp\/v2\/media\/52617"}],"wp:attachment":[{"href":"https:\/\/ulpmat.com\/fr\/wp-json\/wp\/v2\/media?parent=52616"}],"wp:term":[{"taxonomy":"product_brand","embeddable":true,"href":"https:\/\/ulpmat.com\/fr\/wp-json\/wp\/v2\/product_brand?post=52616"},{"taxonomy":"product_cat","embeddable":true,"href":"https:\/\/ulpmat.com\/fr\/wp-json\/wp\/v2\/product_cat?post=52616"},{"taxonomy":"product_tag","embeddable":true,"href":"https:\/\/ulpmat.com\/fr\/wp-json\/wp\/v2\/product_tag?post=52616"}],"curies":[{"name":"wp","href":"https:\/\/api.w.org\/{rel}","templated":true}]}}