{"id":52598,"date":"2026-01-05T10:37:17","date_gmt":"2026-01-05T02:37:17","guid":{"rendered":"https:\/\/ulpmat.com\/product\/alliage-de-fer-et-de-zirconium\/"},"modified":"2026-01-05T10:37:17","modified_gmt":"2026-01-05T02:37:17","slug":"alliage-de-fer-et-de-zirconium","status":"publish","type":"product","link":"https:\/\/ulpmat.com\/fr\/produit\/alliage-de-fer-et-de-zirconium\/","title":{"rendered":"Alliage de fer et de zirconium"},"content":{"rendered":"<h2><span style=\"font-size: 14pt;\">Cibles de pulv\u00e9risation en alliage de fer et de zirconium <\/span><span style=\"font-size: 14pt;\">&#8211; Pr\u00e9sentation<\/span><\/h2>\n<p>Les cibles de pulv\u00e9risation<br \/>\n<span style=\"color: #0000ff;\"><a style=\"color: #0000ff;\" href=\"https:\/\/ulpmat.com\/fr\/recherche\/?type=name&#038;keyword=Iron+zirconium+Alloy\">en alliage de fer et de zirconium<\/a><\/span><br \/>\nsont des cibles en alliage essentielles utilis\u00e9es dans les processus de d\u00e9p\u00f4t physique en phase vapeur (PVD). Elles sont principalement utilis\u00e9es pour d\u00e9poser des films minces en alliage ferreux et zirconium haute performance sur divers substrats via pulv\u00e9risation magn\u00e9tron. Ces films, qui pr\u00e9sentent une excellente adh\u00e9rence, une r\u00e9sistance sup\u00e9rieure \u00e0 l&rsquo;usure et une bonne stabilit\u00e9 \u00e0 haute temp\u00e9rature, ont des applications importantes dans les rev\u00eatements d&rsquo;outils, <span style=\"color: #0000ff;\"><a style=\"color: #0000ff;\" href=\"https:\/\/ulpmat.com\/fr\/candidature\/materiaux-semi-conducteurs\/\">les semi-conducteurs<\/a><\/span><br \/>\net <span style=\"color: #0000ff;\"><a style=\"color: #0000ff;\" href=\"https:\/\/ulpmat.com\/fr\/candidature\/materiaux-optiques\/\">l&rsquo;optique<\/a><\/span><br \/>\nde pr\u00e9cision.<\/p>\n<p>Nous proposons des cibles de pulv\u00e9risation en alliage de fer et de zirconium de haute puret\u00e9 et haute densit\u00e9. Nous pouvons personnaliser des produits de diff\u00e9rentes tailles et formes pour r\u00e9pondre aux exigences de votre \u00e9quipement et de vos processus, garantissant ainsi un d\u00e9p\u00f4t de film uniforme et constant. Veuillez <span style=\"color: #0000ff;\"><a style=\"color: #0000ff;\" href=\"https:\/\/ulpmat.com\/fr\/contactez-nous\/\">nous contacter<\/a><\/span><br \/>\npour obtenir les sp\u00e9cifications d\u00e9taill\u00e9es des produits.<\/p>\n<h2><span style=\"font-size: 14pt;\">Points forts du produit<\/span><\/h2>\n<p>Composition d&rsquo;alliage de haute puret\u00e9 avec une teneur en impuret\u00e9s extr\u00eamement faible.<br \/>\nMicrostructure dense et uniforme.<br \/>\nExcellente r\u00e9sistance \u00e0 l&rsquo;usure et \u00e0 la corrosion.<br \/>\nAdh\u00e9rence sup\u00e9rieure du film. Taille et forme<br \/>\n<span style=\"color: #0000ff;\"><a style=\"color: #0000ff;\" href=\"https:\/\/ulpmat.com\/fr\/service\/personnalisation\/\">personnalisables.<\/a><\/span><\/p>\n<p>Performances de pulv\u00e9risation et qualit\u00e9 du film stables<\/p>\n<h2><span style=\"font-size: 14pt;\">.<br \/>\nApplications des cibles de pulv\u00e9risation en alliage de fer et de zirconium<\/span><\/h2>\n<p>Rev\u00eatements protecteurs r\u00e9sistants \u00e0 l&rsquo;usure et \u00e0 la corrosion : les films en alliage de fer et de zirconium, utilis\u00e9s comme rev\u00eatements de surface pour les outils, les moules et les composants critiques, am\u00e9liorent consid\u00e9rablement la duret\u00e9 et renforcent la r\u00e9sistance aux environnements abrasifs et corrosifs, prolongeant ainsi consid\u00e9rablement la dur\u00e9e de vie.<\/p>\n<p>Micro\u00e9lectronique et <span style=\"color: #0000ff;\"><a style=\"color: #0000ff;\" href=\"https:\/\/ulpmat.com\/fr\/candidature\/materiaux-semi-conducteurs\/\">semi-conducteurs<\/a><\/span><br \/>\n: Dans la fabrication des semi-conducteurs, ce film peut servir de couche de m\u00e9tallisation sp\u00e9ciale ou de couche barri\u00e8re, appliqu\u00e9e aux \u00e9lectrodes des transistors ou aux interconnexions des circuits int\u00e9gr\u00e9s, offrant des performances \u00e9lectriques stables et un blocage fiable de la diffusion.<\/p>\n<p>Dispositifs <span style=\"color: #0000ff;\"><a style=\"color: #0000ff;\" href=\"https:\/\/ulpmat.com\/fr\/candidature\/materiaux-optiques\/\">optiques<\/a><\/span><br \/>\navanc\u00e9s : les films en alliage de fer et de zirconium d\u00e9pos\u00e9s sur les surfaces des lentilles optiques, des miroirs et d&rsquo;autres composants am\u00e9liorent efficacement la transmittance, la r\u00e9flectivit\u00e9 et la durabilit\u00e9 environnementale des syst\u00e8mes optiques, garantissant la stabilit\u00e9 \u00e0 long terme des performances optiques.<\/p>\n<p>Composants a\u00e9rospatiaux : Gr\u00e2ce \u00e0 leur excellente stabilit\u00e9 et r\u00e9sistance \u00e0 haute temp\u00e9rature, les films en alliage de fer-zirconium conviennent au renforcement de surface des composants \u00e0 haute temp\u00e9rature des moteurs a\u00e9ronautiques ou des mat\u00e9riaux de structure des avions, r\u00e9pondant ainsi aux exigences de performance dans des environnements extr\u00eames.<\/p>\n<h2><span style=\"font-size: 14pt;\">FAQ<\/span><\/h2>\n<p>Q1 : Quelle est la puret\u00e9 de la cible de pulv\u00e9risation en alliage de fer-zirconium ? Quelles sont les principales sp\u00e9cifications ?<br \/>\nR1 : Nous proposons des produits de haute puret\u00e9. Les degr\u00e9s de puret\u00e9 sp\u00e9cifiques et les ratios des \u00e9l\u00e9ments cl\u00e9s peuvent \u00eatre personnalis\u00e9s en fonction des exigences de l&rsquo;application. Les sp\u00e9cifications des produits couvrent des tailles standard et non standard, et les formes comprennent des cibles planes et rotatives.<\/p>\n<p>Q2 : Puis-je personnaliser une cible de taille sp\u00e9ciale pour mon \u00e9quipement de rev\u00eatement ? Quel est le processus ?<br \/>\nA2 : La personnalisation est prise en charge. Il vous suffit de fournir le mod\u00e8le de l&rsquo;\u00e9quipement, les performances du film cible ou les exigences sp\u00e9cifiques en mati\u00e8re de dessin. Notre \u00e9quipe technique \u00e9valuera et vous fournira une solution adapt\u00e9e, un devis et un cycle de production.<\/p>\n<p>Q3 : Comment garantissez-vous l&rsquo;uniformit\u00e9 de la composition et la stabilit\u00e9 des lots de la cible de pulv\u00e9risation en alliage ?<br \/>\nR3 : Nous garantissons la coh\u00e9rence de la composition chimique et de la microstructure de chaque lot de cibles gr\u00e2ce \u00e0 une s\u00e9lection rigoureuse des mati\u00e8res premi\u00e8res, \u00e0 des processus de fusion et de formage avanc\u00e9s (tels que la m\u00e9tallurgie des poudres ou le pressage isostatique \u00e0 chaud) et \u00e0 des tests pr\u00e9cis tout au long du processus.<\/p>\n<p>Q4 : Lors de l&rsquo;utilisation de cibles de pulv\u00e9risation en alliage, comment optimiser le processus de pulv\u00e9risation pour obtenir un film mince id\u00e9al ?<br \/>\nR4 : Nous vous recommandons de vous r\u00e9f\u00e9rer \u00e0 nos directives de processus, en vous concentrant sur les param\u00e8tres cl\u00e9s tels que la puissance de pulv\u00e9risation, la pression du gaz et la polarisation du substrat. Une augmentation appropri\u00e9e de la puissance de pulv\u00e9risation permet g\u00e9n\u00e9ralement d&rsquo;obtenir des films plus denses et plus performants.<\/p>\n<h2><span style=\"font-size: 14pt;\">Rapports<\/span><\/h2>\n<p>Chaque lot est fourni avec :<br \/>\n<span style=\"color: #0000ff;\"><a style=\"color: #0000ff;\" href=\"https:\/\/ulpmat.com\/fr\/documents\/certificat-danalyse\/\">Certificat d&rsquo;analyse (COA)<\/a><\/span><\/p>\n<p><span style=\"color: #0000ff;\"><a style=\"color: #0000ff;\" href=\"https:\/\/ulpmat.com\/fr\/documents\/fiche-technique\/\">Fiche technique (TDS)<\/a><\/span><\/p>\n<p><span style=\"color: #0000ff;\"><a style=\"color: #0000ff;\" href=\"https:\/\/ulpmat.com\/fr\/documents\/fiche-de-donnees-de-securite\/\">Fiche de donn\u00e9es de s\u00e9curit\u00e9 (MSDS)<\/a><\/span><br \/>\nRapport d&rsquo;inspection des dimensions<br \/>\nRapports d&rsquo;essais effectu\u00e9s par des tiers disponibles sur demande<\/p>\n<h2><span style=\"font-size: 14pt;\">Pourquoi nous choisir ?<\/span><\/h2>\n<p>Nous ne sommes pas seulement un fabricant de cibles de pulv\u00e9risation, mais aussi votre partenaire technique pour les solutions mat\u00e9rielles. Nous comprenons parfaitement les exigences d&rsquo;application des films minces en alliage et garantissons des performances fiables et des donn\u00e9es transparentes pour chaque cible de pulv\u00e9risation livr\u00e9e gr\u00e2ce \u00e0 un contr\u00f4le de bout en bout, de la conception de la composition \u00e0 la fabrication de pr\u00e9cision. Nous soutenons votre innovation et votre production avec des produits et des services professionnels.<\/p>\n","protected":false},"excerpt":{"rendered":"<p>Cibles de pulv\u00e9risation en alliage de fer et de zirconium &#8211; Pr\u00e9sentation Les cibles de pulv\u00e9risation en alliage de fer et de zirconium sont des cibles en alliage essentielles utilis\u00e9es dans les processus de d\u00e9p\u00f4t physique en phase vapeur (PVD). Elles sont principalement utilis\u00e9es pour d\u00e9poser des films minces en alliage ferreux et zirconium haute [&hellip;]<\/p>\n","protected":false},"featured_media":52599,"template":"","meta":{"_acf_changed":false},"product_brand":[132],"product_cat":[560],"product_tag":[380,7946],"class_list":{"0":"post-52598","1":"product","2":"type-product","3":"status-publish","4":"has-post-thumbnail","6":"product_brand-ulpmat","7":"product_cat-cible-de-pulverisation-dalliage","8":"product_tag-cible-de-pulverisation","9":"product_tag-cible-de-pulverisation-en-alliage-de-fer-et-de-zirconium","11":"first","12":"instock","13":"shipping-taxable","14":"product-type-variable"},"acf":[],"_links":{"self":[{"href":"https:\/\/ulpmat.com\/fr\/wp-json\/wp\/v2\/product\/52598","targetHints":{"allow":["GET"]}}],"collection":[{"href":"https:\/\/ulpmat.com\/fr\/wp-json\/wp\/v2\/product"}],"about":[{"href":"https:\/\/ulpmat.com\/fr\/wp-json\/wp\/v2\/types\/product"}],"wp:featuredmedia":[{"embeddable":true,"href":"https:\/\/ulpmat.com\/fr\/wp-json\/wp\/v2\/media\/52599"}],"wp:attachment":[{"href":"https:\/\/ulpmat.com\/fr\/wp-json\/wp\/v2\/media?parent=52598"}],"wp:term":[{"taxonomy":"product_brand","embeddable":true,"href":"https:\/\/ulpmat.com\/fr\/wp-json\/wp\/v2\/product_brand?post=52598"},{"taxonomy":"product_cat","embeddable":true,"href":"https:\/\/ulpmat.com\/fr\/wp-json\/wp\/v2\/product_cat?post=52598"},{"taxonomy":"product_tag","embeddable":true,"href":"https:\/\/ulpmat.com\/fr\/wp-json\/wp\/v2\/product_tag?post=52598"}],"curies":[{"name":"wp","href":"https:\/\/api.w.org\/{rel}","templated":true}]}}