{"id":52466,"date":"2026-01-05T15:50:46","date_gmt":"2026-01-05T07:50:46","guid":{"rendered":"https:\/\/ulpmat.com\/product\/manganese-metal\/"},"modified":"2026-01-05T15:50:46","modified_gmt":"2026-01-05T07:50:46","slug":"manganese-metal","status":"publish","type":"product","link":"https:\/\/ulpmat.com\/fr\/produit\/manganese-metal\/","title":{"rendered":"Mangan\u00e8se m\u00e9tal"},"content":{"rendered":"<h2><span style=\"font-size: 14pt;\">Cibles de pulv\u00e9risation en mangan\u00e8se <\/span><span style=\"font-size: 14pt;\">&#8211; Pr\u00e9sentation<\/span><\/h2>\n<p>Les cibles de pulv\u00e9risation<br \/>\n<span style=\"color: #0000ff;\"><a style=\"color: #0000ff;\" href=\"https:\/\/ulpmat.com\/fr\/recherche\/?type=element&#038;keyword=Mn\">en mangan\u00e8se m\u00e9tallique<\/a><\/span><br \/>\nsont des cibles m\u00e9talliques de haute puret\u00e9 utilis\u00e9es dans les processus de d\u00e9p\u00f4t physique en phase vapeur (PVD) pour former des films minces de haute qualit\u00e9. Ce mat\u00e9riau a des applications importantes dans la fabrication \u00e9lectronique de pointe, les rev\u00eatements optiques et le traitement de surface fonctionnel.<\/p>\n<p>Nous pouvons fournir des cibles en mangan\u00e8se de haute puret\u00e9 dans des dimensions personnalis\u00e9es. Veuillez <span style=\"color: #0000ff;\"><a style=\"color: #0000ff;\" href=\"https:\/\/ulpmat.com\/fr\/contactez-nous\/\">nous contacter<\/a><\/span><br \/>\n.<\/p>\n<h2><span style=\"font-size: 14pt;\">Caract\u00e9ristiques du produit<\/span><\/h2>\n<p>Excellentes performances de d\u00e9p\u00f4t de films minces<br \/>\nOptions de haute densit\u00e9 et puret\u00e9 disponibles<br \/>\nFormes personnalisables Liaison et fonds de panier<br \/>\n<span style=\"color: #0000ff;\"><a style=\"color: #0000ff;\" href=\"https:\/\/ulpmat.com\/fr\/service\/personnalisation\/\">personnalisables<\/a><\/span><\/p>\n<p>Excellente conductivit\u00e9 thermique et stabilit\u00e9 \u00e9lectrique<br \/>\nCompatible avec divers \u00e9quipements de pulv\u00e9risation<br \/>\nSyst\u00e8me de contr\u00f4le qualit\u00e9 strict.<\/p>\n<h2><span style=\"font-size: 14pt;\">Applications des cibles de pulv\u00e9risation en mangan\u00e8se<\/span><\/h2>\n<p>Fabrication<br \/>\n<span style=\"color: #0000ff;\"><a style=\"color: #0000ff;\" href=\"https:\/\/ulpmat.com\/fr\/candidature\/materiaux-semi-conducteurs\/\">de semi-conducteurs<\/a><\/span><br \/>\net circuits int\u00e9gr\u00e9s : les cibles de pulv\u00e9risation en mangan\u00e8se peuvent \u00eatre utilis\u00e9es pour d\u00e9poser des couches minces m\u00e9talliques uniformes et hautement performantes sur des substrats tels que des plaquettes de silicium, ce qui en fait une mati\u00e8re premi\u00e8re importante pour les processus de fabrication de circuits int\u00e9gr\u00e9s et de semi-conducteurs.<\/p>\n<p>Rev\u00eatement d&rsquo;\u00e9crans et de dispositifs \u00e9lectroniques : dans la fabrication d&rsquo;\u00e9crans plats, de composants d&rsquo;\u00e9crans OLED\/LED et de dispositifs tactiles, les cibles en mangan\u00e8se sont utilis\u00e9es pour d\u00e9poser des films minces fonctionnels afin d&rsquo;am\u00e9liorer les performances et la fiabilit\u00e9.<\/p>\n<p>Fabrication de capteurs et de supports de stockage : utilis\u00e9es pour fabriquer des films minces m\u00e9talliques pour les supports de stockage magn\u00e9tiques et divers composants de capteurs, elles am\u00e9liorent la stabilit\u00e9 et les performances de r\u00e9ponse des produits. Rev\u00eatements<\/p>\n<p><span style=\"color: #0000ff;\"><a style=\"color: #0000ff;\" href=\"https:\/\/ulpmat.com\/fr\/candidature\/materiaux-optiques\/\">optiques<\/a><\/span><br \/>\net d\u00e9coratifs : dans les processus de rev\u00eatement optique \u00e0 film mince et d\u00e9coratif, le d\u00e9p\u00f4t par pulv\u00e9risation am\u00e9liore la r\u00e9sistance aux rayures et l&rsquo;uniformit\u00e9 de la surface, ce qui convient \u00e0 des applications telles que les miroirs et le verre architectural.<\/p>\n<h2><span style=\"color: #0000ff;\"><a style=\"color: #0000ff;\" href=\"https:\/\/ulpmat.com\/fr\/societe\/faq\/\"><span style=\"font-size: 14pt;\">FAQ<\/span><\/a><\/span><\/h2>\n<p>Q1 : Quels sont les processus de d\u00e9p\u00f4t adapt\u00e9s aux cibles de pulv\u00e9risation de mangan\u00e8se ?<br \/>\nR1 : Les cibles de pulv\u00e9risation au mangan\u00e8se sont principalement utilis\u00e9es dans les techniques de d\u00e9p\u00f4t physique en phase vapeur, telles que la pulv\u00e9risation magn\u00e9tron, pour former des films minces m\u00e9talliques de haute qualit\u00e9.<\/p>\n<p>Q2 : Comment la puret\u00e9 de la cible de pulv\u00e9risation affecte-t-elle la qualit\u00e9 du film ?<br \/>\nR2 : Une puret\u00e9 plus \u00e9lev\u00e9e de la cible contribue \u00e0 r\u00e9duire les impuret\u00e9s dans le film, am\u00e9liorant ainsi ses propri\u00e9t\u00e9s \u00e9lectriques et physiques, et r\u00e9pondant ainsi \u00e0 des exigences de processus plus \u00e9lev\u00e9es.<\/p>\n<p>Q3 : Pouvez-vous fournir des cibles de taille non standard ?<br \/>\nR3 : Nous proposons des formes et des tailles de cibles personnalis\u00e9es en fonction des sp\u00e9cifications des \u00e9quipements des clients, compatibles avec diff\u00e9rents mod\u00e8les et plateformes de processus.<\/p>\n<p>Q4 : Comment choisir un fond de panier ou une m\u00e9thode de liaison pour le produit ?<br \/>\nR4 : Des fonds de panier et des m\u00e9thodes de liaison appropri\u00e9s, tels que la liaison \u00e0 l&rsquo;indium, peuvent \u00eatre s\u00e9lectionn\u00e9s en fonction du type d&rsquo;\u00e9quipement de pulv\u00e9risation et des conditions de traitement thermique afin d&rsquo;am\u00e9liorer la stabilit\u00e9 de la pulv\u00e9risation et la dissipation thermique.<\/p>\n<h2><span style=\"font-size: 14pt;\">Rapports<\/span><\/h2>\n<p>Chaque lot est fourni avec :<br \/>\n<span style=\"color: #0000ff;\"><a style=\"color: #0000ff;\" href=\"https:\/\/ulpmat.com\/fr\/documents\/certificat-danalyse\/\">Certificat d&rsquo;analyse (COA)<\/a><\/span><\/p>\n<p><span style=\"color: #0000ff;\"><a style=\"color: #0000ff;\" href=\"https:\/\/ulpmat.com\/fr\/documents\/fiche-technique\/\">Fiche technique (TDS)<\/a><\/span><\/p>\n<p><span style=\"color: #0000ff;\"><a style=\"color: #0000ff;\" href=\"https:\/\/ulpmat.com\/fr\/documents\/fiche-de-donnees-de-securite\/\">Fiche de donn\u00e9es de s\u00e9curit\u00e9 (MSDS)<\/a><\/span><br \/>\nRapport d&rsquo;inspection des dimensions<br \/>\nRapports d&rsquo;essais effectu\u00e9s par des tiers disponibles sur demande<\/p>\n<h2><span style=\"font-size: 14pt;\">Pourquoi nous choisir ?<\/span><\/h2>\n<p>Nous disposons d&rsquo;un syst\u00e8me mature de traitement et de test des cibles, ce qui nous conf\u00e8re des avantages en termes de puret\u00e9 des mat\u00e9riaux, de contr\u00f4le dimensionnel et d&rsquo;approvisionnement par lots. Nous fournissons \u00e9galement une assistance technique professionnelle et des services de r\u00e9ponse rapide afin d&rsquo;aider nos clients \u00e0 atteindre une production stable et une pr\u00e9paration de films de haute qualit\u00e9.<\/p>\n","protected":false},"excerpt":{"rendered":"<p>Cibles de pulv\u00e9risation en mangan\u00e8se &#8211; Pr\u00e9sentation Les cibles de pulv\u00e9risation en mangan\u00e8se m\u00e9tallique sont des cibles m\u00e9talliques de haute puret\u00e9 utilis\u00e9es dans les processus de d\u00e9p\u00f4t physique en phase vapeur (PVD) pour former des films minces de haute qualit\u00e9. Ce mat\u00e9riau a des applications importantes dans la fabrication \u00e9lectronique de pointe, les rev\u00eatements optiques [&hellip;]<\/p>\n","protected":false},"featured_media":52467,"template":"","meta":{"_acf_changed":false},"product_brand":[132],"product_cat":[274],"product_tag":[380,7928],"class_list":{"0":"post-52466","1":"product","2":"type-product","3":"status-publish","4":"has-post-thumbnail","6":"product_brand-ulpmat","7":"product_cat-cible-de-pulverisation-metallique","8":"product_tag-cible-de-pulverisation","9":"product_tag-cible-de-pulverisation-cathodique-en-metal-manganese","11":"first","12":"instock","13":"shipping-taxable","14":"product-type-variable"},"acf":[],"_links":{"self":[{"href":"https:\/\/ulpmat.com\/fr\/wp-json\/wp\/v2\/product\/52466","targetHints":{"allow":["GET"]}}],"collection":[{"href":"https:\/\/ulpmat.com\/fr\/wp-json\/wp\/v2\/product"}],"about":[{"href":"https:\/\/ulpmat.com\/fr\/wp-json\/wp\/v2\/types\/product"}],"wp:featuredmedia":[{"embeddable":true,"href":"https:\/\/ulpmat.com\/fr\/wp-json\/wp\/v2\/media\/52467"}],"wp:attachment":[{"href":"https:\/\/ulpmat.com\/fr\/wp-json\/wp\/v2\/media?parent=52466"}],"wp:term":[{"taxonomy":"product_brand","embeddable":true,"href":"https:\/\/ulpmat.com\/fr\/wp-json\/wp\/v2\/product_brand?post=52466"},{"taxonomy":"product_cat","embeddable":true,"href":"https:\/\/ulpmat.com\/fr\/wp-json\/wp\/v2\/product_cat?post=52466"},{"taxonomy":"product_tag","embeddable":true,"href":"https:\/\/ulpmat.com\/fr\/wp-json\/wp\/v2\/product_tag?post=52466"}],"curies":[{"name":"wp","href":"https:\/\/api.w.org\/{rel}","templated":true}]}}