{"id":52352,"date":"2026-01-05T15:50:49","date_gmt":"2026-01-05T07:50:49","guid":{"rendered":"https:\/\/ulpmat.com\/product\/alliage-de-manganese-et-de-cobalt\/"},"modified":"2026-02-11T15:04:18","modified_gmt":"2026-02-11T07:04:18","slug":"alliage-de-manganese-et-de-cobalt","status":"publish","type":"product","link":"https:\/\/ulpmat.com\/fr\/produit\/alliage-de-manganese-et-de-cobalt\/","title":{"rendered":"Alliage de mangan\u00e8se et de cobalt"},"content":{"rendered":"<h2><span style=\"font-size: 14pt;\">Cibles de pulv\u00e9risation <span style=\"color: #0000ff;\"><a style=\"color: #0000ff;\" href=\"https:\/\/ulpmat.com\/fr\/recherche\/?type=name&#038;keyword=Manganese+Cobalt+Alloy\">en alliage de mangan\u00e8se-cobalt<\/a><\/span><\/span><span style=\"font-size: 14pt;\"> Pr\u00e9sentation<\/span><\/h2>\n<p>Les cibles de pulv\u00e9risation en alliage de mangan\u00e8se-cobalt sont des cibles m\u00e9talliques ou en alliage de haute puret\u00e9 compos\u00e9es de mangan\u00e8se (Mn) et de cobalt (Co), sp\u00e9cialement con\u00e7ues pour former des films minces uniformes dans les syst\u00e8mes de d\u00e9p\u00f4t physique en phase vapeur (PVD). Ces cibles en alliage jouent un r\u00f4le crucial dans la fabrication de mat\u00e9riaux \u00e9lectroniques, magn\u00e9tiques et de films minces fonctionnels avanc\u00e9s, et peuvent \u00eatre utilis\u00e9es dans les dispositifs \u00e0 semi-conducteurs, le stockage magn\u00e9tique et d&rsquo;autres processus de stratification de films de pr\u00e9cision.<\/p>\n<p>Nous proposons des cibles en alliage de mangan\u00e8se-cobalt dans diff\u00e9rents rapports de composition et diff\u00e9rentes tailles, et pouvons les personnaliser pour r\u00e9pondre \u00e0 vos exigences de processus. N&rsquo;h\u00e9sitez pas \u00e0 <span style=\"color: #0000ff;\"><a style=\"color: #0000ff;\" href=\"https:\/\/ulpmat.com\/fr\/contactez-nous\/\">nous contacter<\/a><\/span><br \/>\n.<\/p>\n<h2><span style=\"font-size: 14pt;\">Points forts du produit<\/span><\/h2>\n<p>Mat\u00e9riau de haute puret\u00e9<br \/>\nAlliage uniforme et dense<br \/>\nConvient au pulv\u00e9risation DC et RF Forme et<br \/>\n<span style=\"color: #0000ff;\"><a style=\"color: #0000ff;\" href=\"https:\/\/ulpmat.com\/fr\/service\/personnalisation\/\">taille personnalisables<\/a><\/span><\/p>\n<p>Excellente stabilit\u00e9 thermique<br \/>\nGrande uniformit\u00e9 du film<br \/>\nConvient aux syst\u00e8mes complexes de stratification de films<br \/>\nApprovisionnement stable par lots.<\/p>\n<h2><span style=\"font-size: 14pt;\">Applications des cibles de pulv\u00e9risation en alliage de mangan\u00e8se-cobalt<\/span><\/h2>\n<p>Fabrication de films minces<br \/>\n<span style=\"color: #0000ff;\"><a style=\"color: #0000ff;\" href=\"https:\/\/ulpmat.com\/fr\/candidature\/materiaux-semi-conducteurs\/\">pour semi-conducteurs<\/a><\/span><br \/>\n: les cibles MnCo sont utilis\u00e9es dans les syst\u00e8mes de pulv\u00e9risation magn\u00e9tron pour d\u00e9poser des films minces de m\u00e9tal ou d&rsquo;alliage, fournissant une base mat\u00e9rielle stable pour les interconnexions de circuits int\u00e9gr\u00e9s, les \u00e9lectrodes et les couches fonctionnelles.<\/p>\n<p>Dispositifs de stockage magn\u00e9tique : cette cible en alliage peut \u00eatre utilis\u00e9e pour fabriquer des composants \u00e0 couche mince magn\u00e9tique, am\u00e9liorant ainsi les performances de r\u00e9ponse magn\u00e9tique et la stabilit\u00e9 des supports de stockage de donn\u00e9es, ce qui en fait un mat\u00e9riau important dans l&rsquo;industrie du stockage magn\u00e9tique.<\/p>\n<p>Capteurs et dispositifs micro\u00e9lectroniques : dans la fabrication de composants micro\u00e9lectroniques tels que les capteurs et les MEMS, les films fonctionnels d\u00e9pos\u00e9s \u00e0 l&rsquo;aide de cibles MnCo peuvent optimiser la sensibilit\u00e9 et les performances \u00e9lectriques des dispositifs.<\/p>\n<p>Films minces fonctionnels avanc\u00e9s et dispositifs opto\u00e9lectroniques : utilis\u00e9s pour pr\u00e9parer des mat\u00e9riaux en film mince dot\u00e9s de fonctions \u00e9lectriques, magn\u00e9tiques ou chimiques sp\u00e9ciales, adapt\u00e9s aux applications en film mince dans les domaines de l&rsquo;affichage, de l&rsquo;opto\u00e9lectronique et des nouvelles \u00e9nergies.<\/p>\n<h2><span style=\"color: #0000ff;\"><a style=\"color: #0000ff;\" href=\"https:\/\/ulpmat.com\/fr\/societe\/faq\/\"><span style=\"font-size: 14pt;\">FAQ<\/span><\/a><\/span><\/h2>\n<p>Q1 : Quelles sont les combinaisons de composition typiques des cibles de pulv\u00e9risation MnCo ?<br \/>\nR1 : Les cibles MnCo sont g\u00e9n\u00e9ralement un syst\u00e8me d&rsquo;alliage de mangan\u00e8se et de cobalt. Le rapport entre les deux m\u00e9taux et la composition de la cible peuvent \u00eatre ajust\u00e9s en fonction des exigences sp\u00e9cifiques du film mince.<\/p>\n<p>Q2 : \u00c0 quels proc\u00e9d\u00e9s de pulv\u00e9risation cette cible est-elle adapt\u00e9e ?<br \/>\nA2 : Elle est compatible avec les \u00e9quipements de pulv\u00e9risation magn\u00e9tron DC et RF et convient \u00e0 divers proc\u00e9d\u00e9s de d\u00e9p\u00f4t par pulv\u00e9risation PVD.<\/p>\n<p>Q3 : La taille et la forme de la cible peuvent-elles \u00eatre personnalis\u00e9es ?<br \/>\nA3 : Oui, les cibles peuvent \u00eatre personnalis\u00e9es en rond, en carr\u00e9 ou dans des tailles sp\u00e9cifiques pour r\u00e9pondre aux besoins de diff\u00e9rents \u00e9quipements et proc\u00e9d\u00e9s.<\/p>\n<p>Q4 : Comment la puret\u00e9 des cibles en alliage affecte-t-elle les performances de d\u00e9p\u00f4t du film ?<br \/>\nA4 : Les cibles de haute puret\u00e9 peuvent r\u00e9duire la teneur en impuret\u00e9s du film, am\u00e9liorer ses propri\u00e9t\u00e9s \u00e9lectriques et magn\u00e9tiques et renforcer la coh\u00e9rence du produit.<\/p>\n<h2><span style=\"font-size: 14pt;\">Rapports<\/span><\/h2>\n<p>Chaque lot est fourni avec :<br \/>\n<span style=\"color: #0000ff;\"><a style=\"color: #0000ff;\" href=\"https:\/\/ulpmat.com\/fr\/documents\/certificat-danalyse\/\">Certificat d&rsquo;analyse (COA)<\/a><\/span><\/p>\n<p><span style=\"color: #0000ff;\"><a style=\"color: #0000ff;\" href=\"https:\/\/ulpmat.com\/fr\/documents\/fiche-technique\/\">Fiche technique (TDS)<\/a><\/span><\/p>\n<p><span style=\"color: #0000ff;\"><a style=\"color: #0000ff;\" href=\"https:\/\/ulpmat.com\/fr\/documents\/fiche-de-donnees-de-securite\/\">Fiche de donn\u00e9es de s\u00e9curit\u00e9 (MSDS)<\/a><\/span><br \/>\nRapport d&rsquo;inspection des dimensions<br \/>\nRapports d&rsquo;essais tiers disponibles sur demande<\/p>\n<h2><span style=\"font-size: 14pt;\">Pourquoi nous choisir ?<\/span><\/h2>\n<p>Nous disposons de capacit\u00e9s de d\u00e9veloppement et de traitement des cibles \u00e9prouv\u00e9es, contr\u00f4lons strictement la puret\u00e9 des mat\u00e9riaux et la coh\u00e9rence structurelle, et pouvons personnaliser les sp\u00e9cifications en fonction des exigences des \u00e9quipements des clients. Nous fournissons <span style=\"color: #0000ff;\"><a style=\"color: #0000ff;\" href=\"https:\/\/ulpmat.com\/fr\/service\/support-technique\/\">une assistance technique<\/a><\/span><br \/>\nprofessionnelle et des services d&rsquo;approvisionnement rapides, offrant \u00e0 nos clients une base mat\u00e9rielle fiable dans le domaine du d\u00e9p\u00f4t de films minces.<\/p>\n","protected":false},"excerpt":{"rendered":"<p>Cibles de pulv\u00e9risation en alliage de mangan\u00e8se-cobalt Pr\u00e9sentation Les cibles de pulv\u00e9risation en alliage de mangan\u00e8se-cobalt sont des cibles m\u00e9talliques ou en alliage de haute puret\u00e9 compos\u00e9es de mangan\u00e8se (Mn) et de cobalt (Co), sp\u00e9cialement con\u00e7ues pour former des films minces uniformes dans les syst\u00e8mes de d\u00e9p\u00f4t physique en phase vapeur (PVD). Ces cibles en [&hellip;]<\/p>\n","protected":false},"featured_media":52353,"template":"","meta":{"_acf_changed":false},"product_brand":[132],"product_cat":[560],"product_tag":[380,7904],"class_list":{"0":"post-52352","1":"product","2":"type-product","3":"status-publish","4":"has-post-thumbnail","6":"product_brand-ulpmat","7":"product_cat-cible-de-pulverisation-dalliage","8":"product_tag-cible-de-pulverisation","9":"product_tag-cible-de-pulverisation-cathodique-en-alliage-de-manganese-et-de-cobalt","11":"first","12":"instock","13":"shipping-taxable","14":"product-type-variable"},"acf":[],"_links":{"self":[{"href":"https:\/\/ulpmat.com\/fr\/wp-json\/wp\/v2\/product\/52352","targetHints":{"allow":["GET"]}}],"collection":[{"href":"https:\/\/ulpmat.com\/fr\/wp-json\/wp\/v2\/product"}],"about":[{"href":"https:\/\/ulpmat.com\/fr\/wp-json\/wp\/v2\/types\/product"}],"wp:featuredmedia":[{"embeddable":true,"href":"https:\/\/ulpmat.com\/fr\/wp-json\/wp\/v2\/media\/52353"}],"wp:attachment":[{"href":"https:\/\/ulpmat.com\/fr\/wp-json\/wp\/v2\/media?parent=52352"}],"wp:term":[{"taxonomy":"product_brand","embeddable":true,"href":"https:\/\/ulpmat.com\/fr\/wp-json\/wp\/v2\/product_brand?post=52352"},{"taxonomy":"product_cat","embeddable":true,"href":"https:\/\/ulpmat.com\/fr\/wp-json\/wp\/v2\/product_cat?post=52352"},{"taxonomy":"product_tag","embeddable":true,"href":"https:\/\/ulpmat.com\/fr\/wp-json\/wp\/v2\/product_tag?post=52352"}],"curies":[{"name":"wp","href":"https:\/\/api.w.org\/{rel}","templated":true}]}}