{"id":52118,"date":"2026-01-05T15:50:52","date_gmt":"2026-01-05T07:50:52","guid":{"rendered":"https:\/\/ulpmat.com\/product\/oxyde-de-manganese\/"},"modified":"2026-01-05T15:50:52","modified_gmt":"2026-01-05T07:50:52","slug":"oxyde-de-manganese","status":"publish","type":"product","link":"https:\/\/ulpmat.com\/fr\/produit\/oxyde-de-manganese\/","title":{"rendered":"Oxyde de mangan\u00e8se"},"content":{"rendered":"<h2><span style=\"font-size: 14pt;\">Cibles de pulv\u00e9risation en oxyde de mangan\u00e8se Pr\u00e9sentation<\/span><\/h2>\n<p>Les cibles de pulv\u00e9risation<br \/>\n<span style=\"color: #0000ff;\"><a style=\"color: #0000ff;\" href=\"https:\/\/ulpmat.com\/fr\/recherche\/?type=name&#038;keyword=Manganese+Oxide\">en oxyde de mangan\u00e8se<\/a><\/span><br \/>\nsont largement utilis\u00e9es dans les processus de pulv\u00e9risation magn\u00e9tron (PVD) pour la pr\u00e9paration de films minces de haute qualit\u00e9. Ces cibles sont couramment utilis\u00e9es dans les industries de l&rsquo;\u00e9lectronique, du verre et de la c\u00e9ramique, o\u00f9 elles offrent d&rsquo;excellentes performances \u00e9lectrochimiques et une grande durabilit\u00e9.<\/p>\n<p>Nous proposons des cibles de pulv\u00e9risation MnO2 de diff\u00e9rentes puret\u00e9s, tailles de particules et sp\u00e9cifications personnalis\u00e9es afin de r\u00e9pondre \u00e0 divers besoins d&rsquo;application. Veuillez <span style=\"color: #0000ff;\"><a style=\"color: #0000ff;\" href=\"https:\/\/ulpmat.com\/fr\/contactez-nous\/\">nous contacter<\/a><\/span><br \/>\npour obtenir plus d&rsquo;informations techniques et des devis.<\/p>\n<h2><span style=\"font-size: 14pt;\">Points forts du produit<\/span><\/h2>\n<p>Cibles de haute puret\u00e9<br \/>\nExcellentes performances \u00e9lectrochimiques<br \/>\nR\u00e9sistance aux temp\u00e9ratures \u00e9lev\u00e9es<br \/>\nD\u00e9p\u00f4t stable de films minces<br \/>\nConvient \u00e0 divers \u00e9quipements de pulv\u00e9risation<br \/>\n<span style=\"color: #0000ff;\"><a style=\"color: #0000ff;\" href=\"https:\/\/ulpmat.com\/fr\/service\/personnalisation\/\">Services personnalis\u00e9s<\/a><\/span><br \/>\nContr\u00f4le qualit\u00e9 strict<br \/>\nGarantie d&rsquo;approvisionnement \u00e0 long terme<\/p>\n<h2><span style=\"font-size: 14pt;\">Applications des cibles de pulv\u00e9risation \u00e0 l&rsquo;oxyde de mangan\u00e8se<\/span><\/h2>\n<p>Composants \u00e9lectroniques et <span style=\"color: #0000ff;\"><a style=\"color: #0000ff;\" href=\"https:\/\/ulpmat.com\/fr\/candidature\/materiaux-semi-conducteurs\/\">semi-conducteurs<\/a><\/span><br \/>\n: utilis\u00e9s dans la fabrication de films minces conducteurs transparents, de dispositifs de m\u00e9moire et de composants de capteurs, largement utilis\u00e9s dans l&rsquo;industrie des semi-conducteurs. Leur stabilit\u00e9 \u00e9lectrochimique et leur conductivit\u00e9 \u00e9lev\u00e9e garantissent les performances \u00e0 long terme des dispositifs.<\/p>\n<p>Rev\u00eatements en verre et en c\u00e9ramique : utilis\u00e9s dans le processus de fabrication du verre et de la c\u00e9ramique pour former des rev\u00eatements d\u00e9coratifs ou fonctionnels, am\u00e9liorant la couleur, les propri\u00e9t\u00e9s optiques et la r\u00e9sistance \u00e0 la corrosion des produits.<\/p>\n<p><span style=\"color: #0000ff;\"><a style=\"color: #0000ff;\" href=\"https:\/\/ulpmat.com\/fr\/candidature\/materiaux-optiques\/\">Opto\u00e9lectronique<\/a><\/span><br \/>\net \u00e9quipements \u00e9nerg\u00e9tiques : largement utilis\u00e9 dans les mat\u00e9riaux opto\u00e9lectroniques et les \u00e9quipements \u00e9nerg\u00e9tiques, en particulier pour am\u00e9liorer la conductivit\u00e9 et la stabilit\u00e9 des dispositifs photovolta\u00efques et augmenter leur efficacit\u00e9 de conversion \u00e9nerg\u00e9tique.<\/p>\n<p>Catalyse environnementale : en raison de ses excellentes performances catalytiques, il est \u00e9galement utilis\u00e9 dans le domaine de la catalyse, o\u00f9 il joue un r\u00f4le crucial, en particulier dans le traitement des gaz et la d\u00e9composition des polluants.<\/p>\n<h2><span style=\"color: #0000ff;\"><a style=\"color: #0000ff;\" href=\"https:\/\/ulpmat.com\/fr\/societe\/faq\/\"><span style=\"font-size: 14pt;\">FAQ<\/span><\/a><\/span><\/h2>\n<p>Q1 : Quelles sont les principales applications des cibles de pulv\u00e9risation MnO2 ?<br \/>\nR1 : Elles sont principalement utilis\u00e9es dans les domaines de l&rsquo;\u00e9lectronique, du verre, de la c\u00e9ramique et des \u00e9quipements \u00e9nerg\u00e9tiques, et sont largement utilis\u00e9es dans le d\u00e9p\u00f4t de couches minces, les mat\u00e9riaux opto\u00e9lectroniques et les catalyseurs.<\/p>\n<p>Q2 : Comment choisir la puret\u00e9 appropri\u00e9e pour les cibles de pulv\u00e9risation MnO2 ?<br \/>\nR2 : Lors du choix de la puret\u00e9 de la cible, il est n\u00e9cessaire de tenir compte des exigences sp\u00e9cifiques de l&rsquo;application. Les applications dans le domaine des semi-conducteurs et de l&rsquo;\u00e9lectronique n\u00e9cessitent g\u00e9n\u00e9ralement une puret\u00e9 plus \u00e9lev\u00e9e, tandis que les applications dans le domaine de la c\u00e9ramique et du verre n\u00e9cessitent une puret\u00e9 plus faible.<\/p>\n<p>Q3 : Quels types d&rsquo;\u00e9quipements de pulv\u00e9risation conviennent aux cibles de pulv\u00e9risation \u00e0 l&rsquo;oxyde de mangan\u00e8se ?<br \/>\nA3 : Convient aux \u00e9quipements de pulv\u00e9risation \u00e0 courant continu et \u00e0 radiofr\u00e9quence, r\u00e9pondant aux besoins de d\u00e9p\u00f4t de diff\u00e9rentes applications.<\/p>\n<p>Q4 : Comment stocker les cibles de pulv\u00e9risation MnO2 ?<br \/>\nA4 : Stockez-les dans un environnement sec, frais et sombre, en \u00e9vitant tout contact avec l&rsquo;humidit\u00e9 ou des oxydants puissants afin de garantir leur stabilit\u00e9 chimique et leur dur\u00e9e de vie.<\/p>\n<h2><span style=\"font-size: 14pt;\">Rapports<\/span><\/h2>\n<p>Chaque lot est fourni avec :<br \/>\n<span style=\"color: #0000ff;\"><a style=\"color: #0000ff;\" href=\"https:\/\/ulpmat.com\/fr\/documents\/certificat-danalyse\/\">Certificat d&rsquo;analyse (COA)<\/a><\/span><\/p>\n<p><span style=\"color: #0000ff;\"><a style=\"color: #0000ff;\" href=\"https:\/\/ulpmat.com\/fr\/documents\/fiche-technique\/\">Fiche technique (TDS)<\/a><\/span><\/p>\n<p><span style=\"color: #0000ff;\"><a style=\"color: #0000ff;\" href=\"https:\/\/ulpmat.com\/fr\/documents\/fiche-de-donnees-de-securite\/\">Fiche de donn\u00e9es de s\u00e9curit\u00e9 (MSDS)<\/a><\/span><br \/>\nRapport d&rsquo;inspection des dimensions<br \/>\nRapports d&rsquo;essais effectu\u00e9s par des tiers disponibles sur demande<\/p>\n<h2><span style=\"font-size: 14pt;\">Pourquoi nous choisir ?<\/span><\/h2>\n<p>Nous nous engageons \u00e0 fournir des cibles de pulv\u00e9risation MnO2 de haute qualit\u00e9, en contr\u00f4lant strictement la qualit\u00e9 de chaque lot afin de garantir sa stabilit\u00e9 et sa coh\u00e9rence. Gr\u00e2ce \u00e0 des services personnalis\u00e9s et \u00e0 <span style=\"color: #0000ff;\"><a style=\"color: #0000ff;\" href=\"https:\/\/ulpmat.com\/fr\/service\/service-apres-vente\/\">un support apr\u00e8s-vente<\/a><\/span><br \/>\ncomplet, nous aidons nos clients \u00e0 obtenir des performances sup\u00e9rieures dans diverses applications techniques, garantissant ainsi la stabilit\u00e9 de partenariats \u00e0 long terme.<\/p>\n","protected":false},"excerpt":{"rendered":"<p>Cibles de pulv\u00e9risation en oxyde de mangan\u00e8se Pr\u00e9sentation Les cibles de pulv\u00e9risation en oxyde de mangan\u00e8se sont largement utilis\u00e9es dans les processus de pulv\u00e9risation magn\u00e9tron (PVD) pour la pr\u00e9paration de films minces de haute qualit\u00e9. Ces cibles sont couramment utilis\u00e9es dans les industries de l&rsquo;\u00e9lectronique, du verre et de la c\u00e9ramique, o\u00f9 elles offrent d&rsquo;excellentes [&hellip;]<\/p>\n","protected":false},"featured_media":52119,"template":"","meta":{"_acf_changed":false},"product_brand":[132],"product_cat":[449],"product_tag":[380,7874],"class_list":{"0":"post-52118","1":"product","2":"type-product","3":"status-publish","4":"has-post-thumbnail","6":"product_brand-ulpmat","7":"product_cat-cible-de-pulverisation-ceramique","8":"product_tag-cible-de-pulverisation","9":"product_tag-cible-de-pulverisation-doxyde-de-manganese","11":"first","12":"instock","13":"shipping-taxable","14":"product-type-variable"},"acf":[],"_links":{"self":[{"href":"https:\/\/ulpmat.com\/fr\/wp-json\/wp\/v2\/product\/52118","targetHints":{"allow":["GET"]}}],"collection":[{"href":"https:\/\/ulpmat.com\/fr\/wp-json\/wp\/v2\/product"}],"about":[{"href":"https:\/\/ulpmat.com\/fr\/wp-json\/wp\/v2\/types\/product"}],"wp:featuredmedia":[{"embeddable":true,"href":"https:\/\/ulpmat.com\/fr\/wp-json\/wp\/v2\/media\/52119"}],"wp:attachment":[{"href":"https:\/\/ulpmat.com\/fr\/wp-json\/wp\/v2\/media?parent=52118"}],"wp:term":[{"taxonomy":"product_brand","embeddable":true,"href":"https:\/\/ulpmat.com\/fr\/wp-json\/wp\/v2\/product_brand?post=52118"},{"taxonomy":"product_cat","embeddable":true,"href":"https:\/\/ulpmat.com\/fr\/wp-json\/wp\/v2\/product_cat?post=52118"},{"taxonomy":"product_tag","embeddable":true,"href":"https:\/\/ulpmat.com\/fr\/wp-json\/wp\/v2\/product_tag?post=52118"}],"curies":[{"name":"wp","href":"https:\/\/api.w.org\/{rel}","templated":true}]}}