{"id":52082,"date":"2026-01-05T15:50:53","date_gmt":"2026-01-05T07:50:53","guid":{"rendered":"https:\/\/ulpmat.com\/product\/tellurure-de-manganese\/"},"modified":"2026-01-05T15:50:53","modified_gmt":"2026-01-05T07:50:53","slug":"tellurure-de-manganese","status":"publish","type":"product","link":"https:\/\/ulpmat.com\/fr\/produit\/tellurure-de-manganese\/","title":{"rendered":"Tellurure de mangan\u00e8se"},"content":{"rendered":"<h2><span style=\"font-size: 14pt;\">Pr\u00e9sentation de la poudre de tellurure de mangan\u00e8se<\/span><\/h2>\n<p>La poudre<br \/>\n<span style=\"color: #0000ff;\"><a style=\"color: #0000ff;\" href=\"https:\/\/ulpmat.com\/fr\/recherche\/?type=name&#038;keyword=Manganese+Telluride\">de tellurure de mangan\u00e8se<\/a><\/span><br \/>\nest un compos\u00e9 constitu\u00e9 de mangan\u00e8se et de tellure, couramment utilis\u00e9 dans les domaines <span style=\"color: #0000ff;\"><a style=\"color: #0000ff;\" href=\"https:\/\/ulpmat.com\/fr\/candidature\/materiaux-semi-conducteurs\/\">des semi-conducteurs<\/a><\/span><br \/>\net de l&rsquo;opto\u00e9lectronique. Elle pr\u00e9sente une excellente stabilit\u00e9 thermique et une excellente conductivit\u00e9 \u00e9lectrique, ce qui la rend id\u00e9ale pour la fabrication de mat\u00e9riaux et de dispositifs haute performance.<\/p>\n<p>Nous proposons une poudre de MnTe de haute puret\u00e9 avec une taille de particules uniforme, adapt\u00e9e \u00e0 de multiples applications industrielles. Pour plus de d\u00e9tails sur les produits et les services personnalis\u00e9s, n&rsquo;h\u00e9sitez pas \u00e0 <span style=\"color: #0000ff;\"><a style=\"color: #0000ff;\" href=\"https:\/\/ulpmat.com\/fr\/contactez-nous\/\">nous contacter<\/a><\/span><br \/>\n.<\/p>\n<h2><span style=\"font-size: 14pt;\">Points forts du produit<\/span><\/h2>\n<p>Poudre de haute puret\u00e9<br \/>\nExcellente stabilit\u00e9 thermique<br \/>\nBonne conductivit\u00e9 \u00e9lectrique<br \/>\nAdapt\u00e9e \u00e0 de multiples applications<br \/>\nTaille de particules uniforme<br \/>\nStabilit\u00e9 des lots<br \/>\nContr\u00f4le qualit\u00e9 strict<br \/>\n<span style=\"color: #0000ff;\"><a style=\"color: #0000ff;\" href=\"https:\/\/ulpmat.com\/fr\/service\/personnalisation\/\">Personnalisable<\/a><\/span><br \/>\nselon vos besoins<\/p>\n<h2><span style=\"font-size: 14pt;\">Applications de la poudre de tellurure de mangan\u00e8se<\/span><\/h2>\n<p>Mat\u00e9riaux<br \/>\n<span style=\"color: #0000ff;\"><a style=\"color: #0000ff;\" href=\"https:\/\/ulpmat.com\/fr\/candidature\/materiaux-semi-conducteurs\/\">semi-conducteurs<\/a><\/span><br \/>\n: Mat\u00e9riau important dans l&rsquo;industrie des semi-conducteurs, il est largement utilis\u00e9 dans la fabrication de dispositifs opto\u00e9lectroniques et de cellules solaires. Son excellente conductivit\u00e9 \u00e9lectrique lui conf\u00e8re un r\u00f4le crucial dans les dispositifs semi-conducteurs \u00e0 haut rendement. Dispositifs<\/p>\n<p><span style=\"color: #0000ff;\"><a style=\"color: #0000ff;\" href=\"https:\/\/ulpmat.com\/fr\/candidature\/materiaux-optiques\/\">opto\u00e9lectroniques<\/a><\/span><br \/>\n: Mat\u00e9riau opto\u00e9lectronique hautement efficace, la poudre de MnTe est couramment utilis\u00e9e dans la fabrication de photod\u00e9tecteurs et de lasers, contribuant \u00e0 am\u00e9liorer les performances et la stabilit\u00e9 des dispositifs. Elle est largement utilis\u00e9e dans les domaines de la communication laser et des capteurs d&rsquo;image.<\/p>\n<p>Mat\u00e9riaux thermo\u00e9lectriques : la poudre de MnTe poss\u00e8de d&rsquo;excellentes propri\u00e9t\u00e9s thermo\u00e9lectriques et est couramment utilis\u00e9e dans la fabrication de mat\u00e9riaux de refroidissement thermo\u00e9lectriques et de dispositifs de production d&rsquo;\u00e9nergie thermo\u00e9lectrique, offrant de larges perspectives d&rsquo;application dans la r\u00e9cup\u00e9ration d&rsquo;\u00e9nergie et la production d&rsquo;\u00e9nergie thermo\u00e9lectrique.<\/p>\n<p>Applications catalytiques : la poudre de MnTe pr\u00e9sente une activit\u00e9 catalytique significative dans certaines r\u00e9actions catalytiques et est fr\u00e9quemment utilis\u00e9e dans le traitement des gaz et les r\u00e9actions organiques, offrant des effets catalytiques tr\u00e8s efficaces.<\/p>\n<h2><span style=\"color: #0000ff;\"><a style=\"color: #0000ff;\" href=\"https:\/\/ulpmat.com\/fr\/societe\/faq\/\"><span style=\"font-size: 14pt;\">FAQ<\/span><\/a><\/span><\/h2>\n<p>Q1 : Quelles sont les principales applications de cette poudre ?<br \/>\nA1 : Largement utilis\u00e9e dans les mat\u00e9riaux semi-conducteurs, les dispositifs opto\u00e9lectroniques, les mat\u00e9riaux thermo\u00e9lectriques et les catalyseurs, elle constitue un choix id\u00e9al pour la fabrication de mat\u00e9riaux et de dispositifs haute performance.<\/p>\n<p>Q2 : Quel est le r\u00f4le de la poudre de tellurure de mangan\u00e8se dans le domaine des semi-conducteurs ?<br \/>\nR2 : En tant que mat\u00e9riau \u00e9lectronique dans le domaine des semi-conducteurs, elle offre une excellente conductivit\u00e9 \u00e9lectrique et est couramment utilis\u00e9e dans la fabrication de dispositifs opto\u00e9lectroniques et de cellules solaires.<\/p>\n<p>Q3 : Comment la poudre de tellurure de mangan\u00e8se affecte-t-elle les performances des mat\u00e9riaux thermo\u00e9lectriques ?<br \/>\nR3 : Elle poss\u00e8de d&rsquo;excellentes propri\u00e9t\u00e9s thermo\u00e9lectriques et peut \u00eatre utilis\u00e9e pour fabriquer des mat\u00e9riaux de refroidissement et de production d&rsquo;\u00e9nergie thermo\u00e9lectriques, am\u00e9liorant ainsi l&rsquo;efficacit\u00e9 des dispositifs thermo\u00e9lectriques.<\/p>\n<p>Q4 : Comment choisir la puret\u00e9 ?<br \/>\nA4 : La puret\u00e9 doit \u00eatre d\u00e9termin\u00e9e en fonction des exigences de l&rsquo;application. Les applications semi-conductrices et opto\u00e9lectroniques n\u00e9cessitent g\u00e9n\u00e9ralement une puret\u00e9 plus \u00e9lev\u00e9e, tandis que d&rsquo;autres applications industrielles ont des exigences de puret\u00e9 relativement moins \u00e9lev\u00e9es.<\/p>\n<h2><span style=\"font-size: 14pt;\">Rapports<\/span><\/h2>\n<p>Chaque lot est fourni avec :<br \/>\n<span style=\"color: #0000ff;\"><a style=\"color: #0000ff;\" href=\"https:\/\/ulpmat.com\/fr\/documents\/certificat-danalyse\/\">Certificat d&rsquo;analyse (COA)<\/a><\/span><\/p>\n<p><span style=\"color: #0000ff;\"><a style=\"color: #0000ff;\" href=\"https:\/\/ulpmat.com\/fr\/documents\/fiche-technique\/\">Fiche technique (TDS)<\/a><\/span><\/p>\n<p><span style=\"color: #0000ff;\"><a style=\"color: #0000ff;\" href=\"https:\/\/ulpmat.com\/fr\/documents\/fiche-de-donnees-de-securite\/\">Fiche de donn\u00e9es de s\u00e9curit\u00e9 (MSDS)<\/a><\/span><br \/>\nRapports d&rsquo;essais effectu\u00e9s par des tiers disponibles sur demande<\/p>\n<h2><span style=\"font-size: 14pt;\">Pourquoi nous choisir ?<\/span><\/h2>\n<p>Nous nous engageons \u00e0 fournir une poudre de MnTe de haute puret\u00e9 et de haute qualit\u00e9. Un contr\u00f4le qualit\u00e9 strict et des processus de production avanc\u00e9s garantissent la coh\u00e9rence de chaque lot. Gr\u00e2ce \u00e0 des services personnalis\u00e9s et \u00e0 une assistance technique compl\u00e8te, nous fournissons \u00e0 nos clients les solutions produits les plus adapt\u00e9es pour les aider \u00e0 atteindre des performances optimales dans divers domaines d&rsquo;application.<\/p>\n","protected":false},"excerpt":{"rendered":"<p>Pr\u00e9sentation de la poudre de tellurure de mangan\u00e8se La poudre de tellurure de mangan\u00e8se est un compos\u00e9 constitu\u00e9 de mangan\u00e8se et de tellure, couramment utilis\u00e9 dans les domaines des semi-conducteurs et de l&rsquo;opto\u00e9lectronique. Elle pr\u00e9sente une excellente stabilit\u00e9 thermique et une excellente conductivit\u00e9 \u00e9lectrique, ce qui la rend id\u00e9ale pour la fabrication de mat\u00e9riaux et [&hellip;]<\/p>\n","protected":false},"featured_media":52083,"template":"","meta":{"_acf_changed":false},"product_brand":[132],"product_cat":[668,1087],"product_tag":[7862],"class_list":{"0":"post-52082","1":"product","2":"type-product","3":"status-publish","4":"has-post-thumbnail","6":"product_brand-ulpmat","7":"product_cat-materiaux-de-chalcogenure","8":"product_cat-materiaux-de-chalcogenure-fr","9":"product_tag-poudre-de-tellurure-de-manganese","11":"first","12":"instock","13":"shipping-taxable","14":"product-type-variable"},"acf":[],"_links":{"self":[{"href":"https:\/\/ulpmat.com\/fr\/wp-json\/wp\/v2\/product\/52082","targetHints":{"allow":["GET"]}}],"collection":[{"href":"https:\/\/ulpmat.com\/fr\/wp-json\/wp\/v2\/product"}],"about":[{"href":"https:\/\/ulpmat.com\/fr\/wp-json\/wp\/v2\/types\/product"}],"wp:featuredmedia":[{"embeddable":true,"href":"https:\/\/ulpmat.com\/fr\/wp-json\/wp\/v2\/media\/52083"}],"wp:attachment":[{"href":"https:\/\/ulpmat.com\/fr\/wp-json\/wp\/v2\/media?parent=52082"}],"wp:term":[{"taxonomy":"product_brand","embeddable":true,"href":"https:\/\/ulpmat.com\/fr\/wp-json\/wp\/v2\/product_brand?post=52082"},{"taxonomy":"product_cat","embeddable":true,"href":"https:\/\/ulpmat.com\/fr\/wp-json\/wp\/v2\/product_cat?post=52082"},{"taxonomy":"product_tag","embeddable":true,"href":"https:\/\/ulpmat.com\/fr\/wp-json\/wp\/v2\/product_tag?post=52082"}],"curies":[{"name":"wp","href":"https:\/\/api.w.org\/{rel}","templated":true}]}}