{"id":51989,"date":"2026-01-06T11:35:34","date_gmt":"2026-01-06T03:35:34","guid":{"rendered":"https:\/\/ulpmat.com\/product\/chrome-metal-5\/"},"modified":"2026-01-06T11:35:34","modified_gmt":"2026-01-06T03:35:34","slug":"chrome-metal-5","status":"publish","type":"product","link":"https:\/\/ulpmat.com\/fr\/produit\/chrome-metal-5\/","title":{"rendered":"Chrome m\u00e9tal"},"content":{"rendered":"<h2><span style=\"font-size: 14pt;\">Pr\u00e9sentation des granul\u00e9s de chrome m\u00e9tallique<\/span><\/h2>\n<p>Les granul\u00e9s<br \/>\n<span style=\"color: #0000ff;\"><a style=\"color: #0000ff;\" href=\"https:\/\/ulpmat.com\/fr\/recherche\/?type=name&#038;keyword=Chromium+meta\">de chrome m\u00e9tal<\/a>l<a style=\"color: #0000ff;\" href=\"https:\/\/ulpmat.com\/fr\/recherche\/?type=name&#038;keyword=Chromium+meta\">ique<\/a><\/span><br \/>\nsont un mat\u00e9riau pr\u00e9sentant une excellente r\u00e9sistance \u00e0 la corrosion et une grande stabilit\u00e9 \u00e0 haute temp\u00e9rature. Ils sont largement utilis\u00e9s dans les industries de l&rsquo;acier, de la fonderie et des alliages, et constituent une mati\u00e8re premi\u00e8re importante pour la fabrication d&rsquo;alliages r\u00e9sistants \u00e0 l&rsquo;usure et \u00e0 la chaleur.<\/p>\n<p>Nous proposons des granul\u00e9s de chrome m\u00e9tallique dans diff\u00e9rentes sp\u00e9cifications et puret\u00e9s afin de r\u00e9pondre aux besoins de diff\u00e9rentes applications industrielles. <span style=\"color: #0000ff;\"><a style=\"color: #0000ff;\" href=\"https:\/\/ulpmat.com\/fr\/contactez-nous\/\">Contactez-nous<\/a><\/span><br \/>\npour obtenir des \u00e9chantillons.<\/p>\n<h2><span style=\"font-size: 14pt;\">Points forts du produit<\/span><\/h2>\n<p>Granul\u00e9s m\u00e9talliques de haute puret\u00e9<br \/>\nExcellente r\u00e9sistance \u00e0 la corrosion<br \/>\nBonne stabilit\u00e9 thermique<br \/>\nLargement applicable aux environnements \u00e0 haute temp\u00e9rature<br \/>\nTaille des particules uniforme<br \/>\nAssurance qualit\u00e9 \u00e9lev\u00e9e<br \/>\n<span style=\"color: #0000ff;\"><a style=\"color: #0000ff;\" href=\"https:\/\/ulpmat.com\/fr\/service\/personnalisation\/\"><span style=\"color: #000000;\">S<\/span><\/a><\/span><br \/>\nervice<br \/>\n<span style=\"color: #0000ff;\"><a style=\"color: #0000ff;\" href=\"https:\/\/ulpmat.com\/fr\/service\/personnalisation\/\">personnalisable<\/a><\/span><\/p>\n<p>Approvisionnement stable par lots<\/p>\n<h2><span style=\"font-size: 14pt;\">Applications des granul\u00e9s de chrome m\u00e9tallique<\/span><\/h2>\n<p><strong>Fabrication de l&rsquo;acier :<\/strong><br \/>\nles granul\u00e9s de chrome m\u00e9tallique sont un \u00e9l\u00e9ment d&rsquo;alliage important dans la fabrication de l&rsquo;acier, am\u00e9liorant efficacement la duret\u00e9, la r\u00e9sistance \u00e0 l&rsquo;usure et la r\u00e9sistance \u00e0 la corrosion de l&rsquo;acier. Ils jouent un r\u00f4le crucial dans la production d&rsquo;acier inoxydable et d&rsquo;acier fortement alli\u00e9.<\/p>\n<p><strong>Industrie de la fonderie :<\/strong><br \/>\ndans l&rsquo;industrie de la fonderie, le chrome est couramment utilis\u00e9 pour fabriquer des pi\u00e8ces moul\u00e9es en alliage r\u00e9sistantes aux temp\u00e9ratures \u00e9lev\u00e9es et \u00e0 la corrosion. Son point de fusion \u00e9lev\u00e9 et sa stabilit\u00e9 chimique font des alliages de chrome le mat\u00e9riau de choix pour les pi\u00e8ces moul\u00e9es haut de gamme.<\/p>\n<p><strong>Mat\u00e9riaux r\u00e9sistants \u00e0 l&rsquo;usure :<\/strong><br \/>\nle chrome a de nombreuses applications dans la fabrication de mat\u00e9riaux r\u00e9sistants \u00e0 l&rsquo;usure, en particulier dans les industries mini\u00e8re, m\u00e9tallurgique et de la construction. Sa duret\u00e9 \u00e9lev\u00e9e en fait un choix id\u00e9al pour les mat\u00e9riaux de surface r\u00e9sistants \u00e0 l&rsquo;usure.<\/p>\n<p><strong>Industrie de la galvanoplastie :<\/strong><br \/>\nlargement utilis\u00e9 dans l&rsquo;industrie de la galvanoplastie comme mati\u00e8re premi\u00e8re pour la galvanoplastie au chrome, il offre une excellente r\u00e9sistance \u00e0 la corrosion et une grande duret\u00e9, et est largement utilis\u00e9 dans le traitement de surface des automobiles, des appareils \u00e9lectrom\u00e9nagers et des outils.<\/p>\n<h2><span style=\"color: #0000ff;\"><a style=\"color: #0000ff;\" href=\"https:\/\/ulpmat.com\/fr\/societe\/faq\/\"><span style=\"font-size: 14pt;\">FAQ<\/span><\/a><\/span><\/h2>\n<p>Q1 : Quels sont les principaux domaines d&rsquo;application des particules m\u00e9talliques de chrome ?<br \/>\nA1 : Largement utilis\u00e9 dans la fabrication de l&rsquo;acier, la fonderie, les mat\u00e9riaux r\u00e9sistants \u00e0 l&rsquo;usure et les industries de galvanoplastie, c&rsquo;est un composant cl\u00e9 des mat\u00e9riaux alli\u00e9s haut de gamme.<\/p>\n<p>Q2 : Comment la puret\u00e9 des particules m\u00e9talliques de chrome affecte-t-elle les applications ?<br \/>\nR2 : Les particules de chrome m\u00e9tallique de haute puret\u00e9 offrent de meilleures propri\u00e9t\u00e9s m\u00e9caniques et une meilleure r\u00e9sistance \u00e0 la corrosion, ce qui les rend adapt\u00e9es aux applications exigeant une grande puret\u00e9, telles que la fabrication d&rsquo;acier inoxydable et la production d&rsquo;alliages \u00e0 haute temp\u00e9rature.<\/p>\n<p>Q3 : Comment choisir la taille des particules ?<br \/>\nR3 : Le choix de la taille des particules doit \u00eatre bas\u00e9 sur les exigences sp\u00e9cifiques de l&rsquo;application. Les applications de moulage et de galvanoplastie n\u00e9cessitent g\u00e9n\u00e9ralement des particules plus fines, tandis que la fabrication de l&rsquo;acier et les mat\u00e9riaux r\u00e9sistants \u00e0 l&rsquo;usure s\u00e9lectionnent des tailles de particules appropri\u00e9es en fonction des exigences du processus.<\/p>\n<p>Q4 : Quelles sont les conditions de stockage des particules de chrome m\u00e9tallique ?<br \/>\nA4 : Stockez-les dans un environnement sec et bien ventil\u00e9, en \u00e9vitant tout contact avec l&rsquo;humidit\u00e9 afin de maintenir leur stabilit\u00e9 qualitative.<\/p>\n<h2><span style=\"font-size: 14pt;\">Rapports<\/span><\/h2>\n<p>Chaque lot est fourni avec :<br \/>\n<span style=\"color: #0000ff;\"><a style=\"color: #0000ff;\" href=\"https:\/\/ulpmat.com\/fr\/documents\/certificat-danalyse\/\"><u>Certificat d&rsquo;analyse (COA)<\/u><\/a><\/span><\/p>\n<p><span style=\"color: #0000ff;\"><a style=\"color: #0000ff;\" href=\"https:\/\/ulpmat.com\/fr\/documents\/fiche-technique\/\"><u>Fiche technique (TDS)<\/u><\/a><\/span><\/p>\n<p><span style=\"color: #0000ff;\"><a style=\"color: #0000ff;\" href=\"https:\/\/ulpmat.com\/fr\/documents\/fiche-de-donnees-de-securite\/\"><u>Fiche de donn\u00e9es de s\u00e9curit\u00e9 (MSDS)<\/u><\/a><\/span><br \/>\nRapport d&rsquo;inspection des tailles<br \/>\nRapports d&rsquo;essais effectu\u00e9s par des tiers disponibles sur demande<\/p>\n<h2><span style=\"font-size: 14pt;\">Pourquoi nous choisir ?<\/span><\/h2>\n<p>Nous sommes sp\u00e9cialis\u00e9s dans la production et la fourniture de granul\u00e9s de chrome. Nous disposons de processus de production avanc\u00e9s et d&rsquo;un contr\u00f4le qualit\u00e9 rigoureux afin de garantir la stabilit\u00e9 et la coh\u00e9rence de chaque lot. Gr\u00e2ce \u00e0 des services personnalis\u00e9s et \u00e0 <span style=\"color: #0000ff;\"><a style=\"color: #0000ff;\" href=\"https:\/\/ulpmat.com\/fr\/service\/support-technique\/\">une assistance technique<\/a><\/span><br \/>\ncompl\u00e8te, nous fournissons \u00e0 nos clients des solutions optimales pour les aider \u00e0 r\u00e9ussir dans divers secteurs.<\/p>\n","protected":false},"excerpt":{"rendered":"<p>Pr\u00e9sentation des granul\u00e9s de chrome m\u00e9tallique Les granul\u00e9s de chrome m\u00e9tallique sont un mat\u00e9riau pr\u00e9sentant une excellente r\u00e9sistance \u00e0 la corrosion et une grande stabilit\u00e9 \u00e0 haute temp\u00e9rature. Ils sont largement utilis\u00e9s dans les industries de l&rsquo;acier, de la fonderie et des alliages, et constituent une mati\u00e8re premi\u00e8re importante pour la fabrication d&rsquo;alliages r\u00e9sistants \u00e0 [&hellip;]<\/p>\n","protected":false},"featured_media":51990,"template":"","meta":{"_acf_changed":false},"product_brand":[132],"product_cat":[296],"product_tag":[7844],"class_list":{"0":"post-51989","1":"product","2":"type-product","3":"status-publish","4":"has-post-thumbnail","6":"product_brand-ulpmat","7":"product_cat-materiaux-devaporation","8":"product_tag-chrome-metal-granules","10":"first","11":"instock","12":"shipping-taxable","13":"product-type-variable"},"acf":[],"_links":{"self":[{"href":"https:\/\/ulpmat.com\/fr\/wp-json\/wp\/v2\/product\/51989","targetHints":{"allow":["GET"]}}],"collection":[{"href":"https:\/\/ulpmat.com\/fr\/wp-json\/wp\/v2\/product"}],"about":[{"href":"https:\/\/ulpmat.com\/fr\/wp-json\/wp\/v2\/types\/product"}],"wp:featuredmedia":[{"embeddable":true,"href":"https:\/\/ulpmat.com\/fr\/wp-json\/wp\/v2\/media\/51990"}],"wp:attachment":[{"href":"https:\/\/ulpmat.com\/fr\/wp-json\/wp\/v2\/media?parent=51989"}],"wp:term":[{"taxonomy":"product_brand","embeddable":true,"href":"https:\/\/ulpmat.com\/fr\/wp-json\/wp\/v2\/product_brand?post=51989"},{"taxonomy":"product_cat","embeddable":true,"href":"https:\/\/ulpmat.com\/fr\/wp-json\/wp\/v2\/product_cat?post=51989"},{"taxonomy":"product_tag","embeddable":true,"href":"https:\/\/ulpmat.com\/fr\/wp-json\/wp\/v2\/product_tag?post=51989"}],"curies":[{"name":"wp","href":"https:\/\/api.w.org\/{rel}","templated":true}]}}