{"id":51959,"date":"2026-01-06T11:35:35","date_gmt":"2026-01-06T03:35:35","guid":{"rendered":"https:\/\/ulpmat.com\/product\/chrome-metal-4\/"},"modified":"2026-01-06T11:35:35","modified_gmt":"2026-01-06T03:35:35","slug":"chrome-metal-4","status":"publish","type":"product","link":"https:\/\/ulpmat.com\/fr\/produit\/chrome-metal-4\/","title":{"rendered":"Chrome m\u00e9tal"},"content":{"rendered":"<h2><span style=\"font-size: 14pt;\">Pr\u00e9sentation des pi\u00e8ces m\u00e9talliques en chrome<\/span><\/h2>\n<p>Les pi\u00e8ces<br \/>\n<span style=\"color: #0000ff;\"><a style=\"color: #0000ff;\" href=\"https:\/\/ulpmat.com\/fr\/recherche\/?type=name&#038;keyword=Chromium+meta\">m\u00e9tal<\/a>l<a style=\"color: #0000ff;\" href=\"https:\/\/ulpmat.com\/fr\/recherche\/?type=name&#038;keyword=Chromium+meta\">iques en chrome<\/a><\/span><br \/>\nsont un mat\u00e9riau m\u00e9tallique pr\u00e9sentant une excellente r\u00e9sistance \u00e0 la corrosion et aux temp\u00e9ratures \u00e9lev\u00e9es, largement utilis\u00e9 dans divers domaines industriels. Ses bonnes propri\u00e9t\u00e9s m\u00e9caniques et sa stabilit\u00e9 chimique en font un mat\u00e9riau id\u00e9al pour la fabrication d&rsquo;alliages \u00e0 haute durabilit\u00e9, de composants \u00e9lectroniques, etc.<\/p>\n<p>Nous proposons des t\u00f4les de chrome de haute qualit\u00e9 adapt\u00e9es \u00e0 diff\u00e9rents besoins industriels, y compris des sp\u00e9cifications et des dimensions personnalis\u00e9es. N&rsquo;h\u00e9sitez pas \u00e0 <span style=\"color: #0000ff;\"><a style=\"color: #0000ff;\" href=\"https:\/\/ulpmat.com\/fr\/contactez-nous\/\">nous contacter<\/a><\/span><br \/>\npour toute demande <span style=\"color: #0000ff;\"><a style=\"color: #0000ff;\" href=\"https:\/\/ulpmat.com\/fr\/service\/personnalisation\/\">de personnalisation<\/a><\/span><br \/>\nou pour <span style=\"color: #0000ff;\"><a style=\"color: #0000ff;\" href=\"https:\/\/ulpmat.com\/fr\/contactez-nous\/\">toute question<\/a><\/span><br \/>\nsur nos produits.<\/p>\n<h2><span style=\"font-size: 14pt;\">Points forts du produit<\/span><\/h2>\n<p>T\u00f4le de haute puret\u00e9<br \/>\nR\u00e9sistance aux temp\u00e9ratures \u00e9lev\u00e9es<br \/>\nBonne r\u00e9sistance \u00e0 la corrosion<br \/>\nHaute r\u00e9sistance m\u00e9canique<br \/>\nAdapt\u00e9 \u00e0 diverses applications Sp\u00e9cifications<br \/>\n<span style=\"color: #0000ff;\"><a style=\"color: #0000ff;\" href=\"https:\/\/ulpmat.com\/fr\/service\/personnalisation\/\">personnalisables<\/a><\/span><\/p>\n<p>Cha\u00eene d&rsquo;approvisionnement stable<br \/>\nContr\u00f4le qualit\u00e9 strict<\/p>\n<h2><span style=\"font-size: 14pt;\">Applications des pi\u00e8ces m\u00e9talliques en chrome<\/span><\/h2>\n<p><strong>Fabrication d&rsquo;alliages haute temp\u00e9rature :<\/strong><br \/>\nlargement utilis\u00e9 dans la fabrication d&rsquo;alliages haute temp\u00e9rature, en particulier dans l&rsquo;a\u00e9rospatiale et les machines haut de gamme. Sa r\u00e9sistance aux temp\u00e9ratures \u00e9lev\u00e9es lui permet de conserver d&rsquo;excellentes performances dans des conditions de temp\u00e9rature extr\u00eames, ce qui en fait un mat\u00e9riau cl\u00e9 pour la fabrication de turbines \u00e0 gaz et d&rsquo;autres composants haute temp\u00e9rature.<\/p>\n<p><strong>Composants \u00e9lectroniques :<\/strong><br \/>\nil a des applications importantes dans l&rsquo;industrie \u00e9lectronique, en particulier dans la fabrication de batteries, d&rsquo;interrupteurs, de mat\u00e9riaux de contact conducteurs, etc. Il offre une conductivit\u00e9 et une durabilit\u00e9 fiables, prolongeant ainsi la dur\u00e9e de vie des appareils \u00e9lectroniques.<\/p>\n<p><strong>\u00c9quipements chimiques :<\/strong><br \/>\ndans l&rsquo;industrie chimique, il est couramment utilis\u00e9 dans la fabrication de r\u00e9acteurs, de tuyaux et de conteneurs. Son excellente r\u00e9sistance \u00e0 la corrosion et aux temp\u00e9ratures \u00e9lev\u00e9es en fait un mat\u00e9riau id\u00e9al pour la p\u00e9trochimie et d&rsquo;autres processus chimiques.<\/p>\n<p><strong>Traitement de surface r\u00e9sistant \u00e0 l&rsquo;abrasion :<\/strong><br \/>\nen raison de sa duret\u00e9 et de sa r\u00e9sistance \u00e0 l&rsquo;abrasion, la t\u00f4le de chrome est largement utilis\u00e9e dans le traitement de surface des mat\u00e9riaux et outils r\u00e9sistants \u00e0 l&rsquo;abrasion, jouant un r\u00f4le crucial, en particulier dans la fabrication d&rsquo;outils de coupe, d&rsquo;abrasifs et d&rsquo;\u00e9quipements lourds haute performance.<\/p>\n<h2><span style=\"color: #0000ff;\"><a style=\"color: #0000ff;\" href=\"https:\/\/ulpmat.com\/fr\/societe\/faq\/\"><span style=\"font-size: 14pt;\">FAQ<\/span><\/a><\/span><\/h2>\n<p>Q1 : Quels sont les principaux domaines d&rsquo;application de la t\u00f4le de chrome ?<br \/>\nR1 : Largement utilis\u00e9e dans la fabrication d&rsquo;alliages \u00e0 haute temp\u00e9rature, les composants \u00e9lectroniques, les \u00e9quipements chimiques et le traitement de surface r\u00e9sistant \u00e0 l&rsquo;abrasion, elle est une mati\u00e8re premi\u00e8re essentielle dans de nombreux secteurs industriels.<\/p>\n<p>Q2 : Comment la puret\u00e9 de la t\u00f4le de chrome influe-t-elle sur ses applications ?<br \/>\nR2 : La t\u00f4le de chrome de haute puret\u00e9 offre une meilleure r\u00e9sistance \u00e0 la corrosion et une meilleure stabilit\u00e9 thermique, ce qui la rend adapt\u00e9e aux applications exigeant une grande puret\u00e9, telles que l&rsquo;a\u00e9rospatiale, les composants \u00e9lectroniques et les r\u00e9acteurs chimiques.<\/p>\n<p>Q3 : Quel est le r\u00f4le de la t\u00f4le de chrome dans les composants \u00e9lectroniques ?<br \/>\nA3 : Elle offre une excellente conductivit\u00e9 \u00e9lectrique et une excellente r\u00e9sistance \u00e0 la corrosion dans les composants \u00e9lectroniques. Elle est largement utilis\u00e9e dans les composants \u00e9lectroniques tels que les batteries, les mat\u00e9riaux de contact \u00e9lectrique et les interrupteurs, am\u00e9liorant ainsi la durabilit\u00e9 et l&rsquo;efficacit\u00e9 des appareils.<\/p>\n<p>Q4 : Quelles sont les conditions de stockage des t\u00f4les de chrome ?<br \/>\nA4 : Elles doivent \u00eatre stock\u00e9es dans un environnement sec et frais, en \u00e9vitant tout contact avec l&rsquo;humidit\u00e9 afin de conserver leurs excellentes propri\u00e9t\u00e9s m\u00e9caniques et leur stabilit\u00e9 chimique.<\/p>\n<h2><span style=\"font-size: 14pt;\">Rapport<\/span><\/h2>\n<p>Chaque lot est fourni avec :<br \/>\n<span style=\"color: #0000ff;\"><a style=\"color: #0000ff;\" href=\"https:\/\/ulpmat.com\/fr\/documents\/certificat-danalyse\/\"><u>Certificat d&rsquo;analyse (COA)<\/u><\/a><\/span><\/p>\n<p><span style=\"color: #0000ff;\"><a style=\"color: #0000ff;\" href=\"https:\/\/ulpmat.com\/fr\/documents\/fiche-technique\/\"><u>Fiche technique (TDS)<\/u><\/a><\/span><\/p>\n<p><span style=\"color: #0000ff;\"><a style=\"color: #0000ff;\" href=\"https:\/\/ulpmat.com\/fr\/documents\/fiche-de-donnees-de-securite\/\"><u>Fiche de donn\u00e9es de s\u00e9curit\u00e9 (MSDS)<\/u><\/a><\/span><br \/>\nRapport d&rsquo;inspection des dimensions<br \/>\nRapports d&rsquo;essais effectu\u00e9s par des tiers disponibles sur demande<\/p>\n<h2><span style=\"font-size: 14pt;\">Pourquoi nous choisir ?<\/span><\/h2>\n<p>Nous fournissons des t\u00f4les de chrome de haute puret\u00e9 et de haute qualit\u00e9, garantissant les performances et la stabilit\u00e9 de chaque lot. Forts d&rsquo;une vaste exp\u00e9rience dans le secteur et d&rsquo;un syst\u00e8me de contr\u00f4le qualit\u00e9 rigoureux, nous pouvons fournir des services personnalis\u00e9s et aider nos clients \u00e0 am\u00e9liorer les performances de leurs produits gr\u00e2ce \u00e0 un service apr\u00e8s-vente complet. Choisissez-nous et vous b\u00e9n\u00e9ficierez d&rsquo;un approvisionnement fiable et d&rsquo;une assistance technique.<\/p>\n","protected":false},"excerpt":{"rendered":"<p>Pr\u00e9sentation des pi\u00e8ces m\u00e9talliques en chrome Les pi\u00e8ces m\u00e9talliques en chrome sont un mat\u00e9riau m\u00e9tallique pr\u00e9sentant une excellente r\u00e9sistance \u00e0 la corrosion et aux temp\u00e9ratures \u00e9lev\u00e9es, largement utilis\u00e9 dans divers domaines industriels. Ses bonnes propri\u00e9t\u00e9s m\u00e9caniques et sa stabilit\u00e9 chimique en font un mat\u00e9riau id\u00e9al pour la fabrication d&rsquo;alliages \u00e0 haute durabilit\u00e9, de composants \u00e9lectroniques, [&hellip;]<\/p>\n","protected":false},"featured_media":51960,"template":"","meta":{"_acf_changed":false},"product_brand":[132],"product_cat":[296],"product_tag":[7838],"class_list":{"0":"post-51959","1":"product","2":"type-product","3":"status-publish","4":"has-post-thumbnail","6":"product_brand-ulpmat","7":"product_cat-materiaux-devaporation","8":"product_tag-morceaux-de-chrome-metal","10":"first","11":"instock","12":"shipping-taxable","13":"product-type-variable"},"acf":[],"_links":{"self":[{"href":"https:\/\/ulpmat.com\/fr\/wp-json\/wp\/v2\/product\/51959","targetHints":{"allow":["GET"]}}],"collection":[{"href":"https:\/\/ulpmat.com\/fr\/wp-json\/wp\/v2\/product"}],"about":[{"href":"https:\/\/ulpmat.com\/fr\/wp-json\/wp\/v2\/types\/product"}],"wp:featuredmedia":[{"embeddable":true,"href":"https:\/\/ulpmat.com\/fr\/wp-json\/wp\/v2\/media\/51960"}],"wp:attachment":[{"href":"https:\/\/ulpmat.com\/fr\/wp-json\/wp\/v2\/media?parent=51959"}],"wp:term":[{"taxonomy":"product_brand","embeddable":true,"href":"https:\/\/ulpmat.com\/fr\/wp-json\/wp\/v2\/product_brand?post=51959"},{"taxonomy":"product_cat","embeddable":true,"href":"https:\/\/ulpmat.com\/fr\/wp-json\/wp\/v2\/product_cat?post=51959"},{"taxonomy":"product_tag","embeddable":true,"href":"https:\/\/ulpmat.com\/fr\/wp-json\/wp\/v2\/product_tag?post=51959"}],"curies":[{"name":"wp","href":"https:\/\/api.w.org\/{rel}","templated":true}]}}