{"id":51723,"date":"2026-01-06T11:35:39","date_gmt":"2026-01-06T03:35:39","guid":{"rendered":"https:\/\/ulpmat.com\/product\/chrome-carbure-daluminium\/"},"modified":"2026-01-06T11:35:39","modified_gmt":"2026-01-06T03:35:39","slug":"chrome-carbure-daluminium","status":"publish","type":"product","link":"https:\/\/ulpmat.com\/fr\/produit\/chrome-carbure-daluminium\/","title":{"rendered":"Chrome Carbure d&rsquo;aluminium"},"content":{"rendered":"<h2><span style=\"font-size: 14pt;\">Cibles de pulv\u00e9risation en carbure de chrome et d&rsquo;aluminium Pr\u00e9sentation<\/span><\/h2>\n<p>Les cibles de pulv\u00e9risation<br \/>\n<span style=\"color: #0000ff;\"><a style=\"color: #0000ff;\" href=\"https:\/\/ulpmat.com\/fr\/recherche\/?type=name&#038;keyword=Chromium+Aluminum+Carbide\">en carbure de chrome et d&rsquo;aluminium<\/a><\/span><br \/>\nsont des mat\u00e9riaux haute performance qui pr\u00e9sentent une excellente stabilit\u00e9 thermique et une excellente r\u00e9sistance \u00e0 l&rsquo;oxydation, adapt\u00e9s aux environnements \u00e0 haute temp\u00e9rature et hautement corrosifs. Elles sont couramment utilis\u00e9es dans les technologies de d\u00e9p\u00f4t de couches minces et de rev\u00eatement avanc\u00e9es, et sont largement utilis\u00e9es dans l&rsquo;\u00e9lectronique, l&rsquo;a\u00e9rospatiale et la science des mat\u00e9riaux.<\/p>\n<p>Nous proposons des cibles de pulv\u00e9risation Cr2AlC de haute puret\u00e9, garantissant un fonctionnement stable dans les processus de d\u00e9p\u00f4t complexes. N&rsquo;h\u00e9sitez pas \u00e0 <span style=\"color: #0000ff;\"><a style=\"color: #0000ff;\" href=\"https:\/\/ulpmat.com\/fr\/contactez-nous\/\">nous contacter<\/a><\/span><br \/>\npour toute demande sp\u00e9cifique concernant nos produits ou pour toute question technique.<\/p>\n<h2><span style=\"font-size: 14pt;\">Caract\u00e9ristiques du produit<\/span><\/h2>\n<p>Haute stabilit\u00e9 thermique<br \/>\nExcellente r\u00e9sistance \u00e0 l&rsquo;oxydation<br \/>\nTaille et forme pr\u00e9cises de la cible<br \/>\nBonne conductivit\u00e9 \u00e9lectrique<br \/>\n<span style=\"color: #0000ff;\"><a style=\"color: #0000ff;\" href=\"https:\/\/ulpmat.com\/fr\/service\/collage-des-cibles\/\">Liaison<\/a><\/span><br \/>\net plaque de support personnalisables<br \/>\nConvient aux rev\u00eatements avanc\u00e9s et au d\u00e9p\u00f4t de couches minces<br \/>\nFortes capacit\u00e9s <span style=\"color: #0000ff;\"><a style=\"color: #0000ff;\" href=\"https:\/\/ulpmat.com\/fr\/service\/personnalisation\/\">de personnalisation<\/a><\/span><\/p>\n<h2><span style=\"font-size: 14pt;\">Applications des cibles de pulv\u00e9risation en carbure de chrome et d&rsquo;aluminium<\/span><\/h2>\n<p><strong>D\u00e9p\u00f4t de couches minces :<\/strong><br \/>\nutilis\u00e9 pour le d\u00e9p\u00f4t de couches minces haute performance, en particulier dans la fabrication de semi-conducteurs et de dispositifs optiques, am\u00e9liorant la durabilit\u00e9 et la fonctionnalit\u00e9 des produits.<br \/>\n<strong>Rev\u00eatements anticorrosion :<\/strong><br \/>\nlargement utilis\u00e9s dans l&rsquo;industrie a\u00e9rospatiale comme rev\u00eatements anticorrosion, ils restent stables dans des environnements extr\u00eames \u00e0 haute temp\u00e9rature et difficiles, prot\u00e9geant les \u00e9quipements de la corrosion.<br \/>\n<strong>Rev\u00eatements durs :<\/strong><br \/>\nla duret\u00e9 \u00e9lev\u00e9e du Cr2AlC le rend adapt\u00e9 aux rev\u00eatements durs sur les outils et les machines, am\u00e9liorant leur r\u00e9sistance \u00e0 l&rsquo;usure.<br \/>\n<strong>Dispositifs \u00e9lectroniques :<\/strong><br \/>\ndans l&rsquo;industrie \u00e9lectronique, il est utilis\u00e9 comme rev\u00eatement et mat\u00e9riau structurel pour les composants haut de gamme, am\u00e9liorant la stabilit\u00e9 et la durabilit\u00e9 des dispositifs.<br \/>\nFAQ<br \/>\nQ1 : Quelle est la temp\u00e9rature de fonctionnement maximale de la cible de pulv\u00e9risation en carbure de chrome et d&rsquo;aluminium ?<br \/>\nA1 : Les cibles de pulv\u00e9risation <span style=\"color: #0000ff;\"><a style=\"color: #0000ff;\" href=\"https:\/\/ulpmat.com\/fr\/product-category\/materiaux-de-premier-choix\/les-precurseurs-mxene-materiaux-de-phase-max\/\">en Cr2AlC<\/a><\/span><br \/>\nont d&rsquo;excellentes performances \u00e0 haute temp\u00e9rature, capables de fonctionner de mani\u00e8re stable \u00e0 des temp\u00e9ratures allant jusqu&rsquo;\u00e0 1000 \u00b0C, ce qui les rend adapt\u00e9es aux applications dans des environnements \u00e0 haute temp\u00e9rature.<\/p>\n<p>Q2 : \u00c0 quelles m\u00e9thodes de d\u00e9p\u00f4t de couches minces ce produit est-il adapt\u00e9 ?<br \/>\nR2 : Il convient \u00e0 diverses m\u00e9thodes de d\u00e9p\u00f4t de couches minces telles que le pulv\u00e9risation magn\u00e9tron et la pulv\u00e9risation ionique, largement utilis\u00e9es dans la production de dispositifs \u00e9lectroniques haut de gamme et de couches minces <span style=\"color: #0000ff;\"><a style=\"color: #0000ff;\" href=\"https:\/\/ulpmat.com\/fr\/candidature\/materiaux-optiques\/\">optiques<\/a><\/span><br \/>\n.<\/p>\n<p>Q3 : La cible de pulv\u00e9risation en carbure de chrome et d&rsquo;aluminium est-elle r\u00e9sistante \u00e0 l&rsquo;oxydation ?<br \/>\nR3 : Oui, elle pr\u00e9sente une excellente r\u00e9sistance \u00e0 l&rsquo;oxydation et peut \u00eatre utilis\u00e9e de mani\u00e8re stable pendant de longues p\u00e9riodes dans des environnements \u00e0 haute temp\u00e9rature et corrosifs.<\/p>\n<p>Q4 : Quelle est la conductivit\u00e9 \u00e9lectrique de la cible en carbure de chrome et d&rsquo;aluminium ?<br \/>\nA4 : Excellente conductivit\u00e9 \u00e9lectrique, adapt\u00e9e \u00e0 diverses applications \u00e9lectroniques et \u00e9lectriques, garantissant des performances \u00e9lectriques stables.<\/p>\n<h2><span style=\"font-size: 14pt;\">Rapports<\/span><\/h2>\n<p>Chaque lot est fourni avec :<br \/>\n<span style=\"color: #0000ff;\"><a style=\"color: #0000ff;\" href=\"https:\/\/ulpmat.com\/fr\/documents\/certificat-danalyse\/\"><u>Certificat d&rsquo;analyse (COA)<\/u><\/a><\/span><\/p>\n<p><span style=\"color: #0000ff;\"><a style=\"color: #0000ff;\" href=\"https:\/\/ulpmat.com\/fr\/documents\/fiche-technique\/\"><u>Fiche technique (TDS)<\/u><\/a><\/span><\/p>\n<p><span style=\"color: #0000ff;\"><a style=\"color: #0000ff;\" href=\"https:\/\/ulpmat.com\/fr\/documents\/fiche-de-donnees-de-securite\/\"><u>Fiche de donn\u00e9es de s\u00e9curit\u00e9 (MSDS)<\/u><\/a><\/span><br \/>\nRapport d&rsquo;inspection des dimensions<br \/>\nRapports d&rsquo;essais effectu\u00e9s par des tiers disponibles sur demande<\/p>\n<h2><span style=\"font-size: 14pt;\">Pourquoi nous choisir ?<\/span><\/h2>\n<p>Nous sommes sp\u00e9cialis\u00e9s dans la R&amp;D et la production de cibles de pulv\u00e9risation haute performance, et poss\u00e9dons des ann\u00e9es d&rsquo;exp\u00e9rience dans le secteur et une expertise technologique accumul\u00e9e. En nous choisissant, vous b\u00e9n\u00e9ficierez de cibles de pulv\u00e9risation Cr2AlC de haute qualit\u00e9, de services <span style=\"color: #0000ff;\"><a style=\"color: #0000ff;\" href=\"https:\/\/ulpmat.com\/fr\/service\/personnalisation\/\">de personnalisation<\/a><\/span><br \/>\nefficaces et <span style=\"color: #0000ff;\"><a style=\"color: #0000ff;\" href=\"https:\/\/ulpmat.com\/fr\/service\/support-technique\/\">d&rsquo;une assistance technique<\/a><\/span><br \/>\ncompl\u00e8te<span style=\"color: #0000ff;\"><a style=\"color: #0000ff;\" href=\"https:\/\/ulpmat.com\/fr\/service\/support-technique\/\">,<\/a><\/span><br \/>\nqui vous aideront \u00e0 r\u00e9ussir vos applications.<\/p>\n","protected":false},"excerpt":{"rendered":"<p>Cibles de pulv\u00e9risation en carbure de chrome et d&rsquo;aluminium Pr\u00e9sentation Les cibles de pulv\u00e9risation en carbure de chrome et d&rsquo;aluminium sont des mat\u00e9riaux haute performance qui pr\u00e9sentent une excellente stabilit\u00e9 thermique et une excellente r\u00e9sistance \u00e0 l&rsquo;oxydation, adapt\u00e9s aux environnements \u00e0 haute temp\u00e9rature et hautement corrosifs. Elles sont couramment utilis\u00e9es dans les technologies de d\u00e9p\u00f4t [&hellip;]<\/p>\n","protected":false},"featured_media":51725,"template":"","meta":{"_acf_changed":false},"product_brand":[132],"product_cat":[449],"product_tag":[7808],"class_list":{"0":"post-51723","1":"product","2":"type-product","3":"status-publish","4":"has-post-thumbnail","6":"product_brand-ulpmat","7":"product_cat-cible-de-pulverisation-ceramique","8":"product_tag-cible-de-pulverisation-cathodique-en-chrome-et-carbure-daluminium","10":"first","11":"instock","12":"shipping-taxable","13":"product-type-variable"},"acf":[],"_links":{"self":[{"href":"https:\/\/ulpmat.com\/fr\/wp-json\/wp\/v2\/product\/51723","targetHints":{"allow":["GET"]}}],"collection":[{"href":"https:\/\/ulpmat.com\/fr\/wp-json\/wp\/v2\/product"}],"about":[{"href":"https:\/\/ulpmat.com\/fr\/wp-json\/wp\/v2\/types\/product"}],"wp:featuredmedia":[{"embeddable":true,"href":"https:\/\/ulpmat.com\/fr\/wp-json\/wp\/v2\/media\/51725"}],"wp:attachment":[{"href":"https:\/\/ulpmat.com\/fr\/wp-json\/wp\/v2\/media?parent=51723"}],"wp:term":[{"taxonomy":"product_brand","embeddable":true,"href":"https:\/\/ulpmat.com\/fr\/wp-json\/wp\/v2\/product_brand?post=51723"},{"taxonomy":"product_cat","embeddable":true,"href":"https:\/\/ulpmat.com\/fr\/wp-json\/wp\/v2\/product_cat?post=51723"},{"taxonomy":"product_tag","embeddable":true,"href":"https:\/\/ulpmat.com\/fr\/wp-json\/wp\/v2\/product_tag?post=51723"}],"curies":[{"name":"wp","href":"https:\/\/api.w.org\/{rel}","templated":true}]}}