{"id":51633,"date":"2026-01-06T11:35:40","date_gmt":"2026-01-06T03:35:40","guid":{"rendered":"https:\/\/ulpmat.com\/product\/oxyde-de-chrome-3\/"},"modified":"2026-01-06T11:35:40","modified_gmt":"2026-01-06T03:35:40","slug":"oxyde-de-chrome-3","status":"publish","type":"product","link":"https:\/\/ulpmat.com\/fr\/produit\/oxyde-de-chrome-3\/","title":{"rendered":"Oxyde de chrome"},"content":{"rendered":"<h2><span style=\"font-size: 14pt;\">Pr\u00e9sentation des granul\u00e9s d&rsquo;oxyde de chrome<\/span><\/h2>\n<p>Les granul\u00e9s<br \/>\n<span style=\"color: #0000ff;\"><a style=\"color: #0000ff;\" href=\"https:\/\/ulpmat.com\/fr\/recherche\/?type=name&#038;keyword=Chromium+Oxide\">d&rsquo;oxyde de chrome<\/a><\/span><br \/>\nsont des particules d&rsquo;oxyde de chrome de haute puret\u00e9 qui pr\u00e9sentent une excellente r\u00e9sistance \u00e0 l&rsquo;abrasion et \u00e0 la corrosion. Ils sont largement utilis\u00e9s dans la fabrication de rev\u00eatements, de c\u00e9ramiques, d&rsquo;acier et de catalyseurs dans les r\u00e9actions chimiques.<\/p>\n<p>Nous proposons des granul\u00e9s d&rsquo;oxyde de chrome de haute qualit\u00e9 qui r\u00e9pondent \u00e0 des normes de qualit\u00e9 strictes et conviennent \u00e0 diverses applications industrielles. N&rsquo;h\u00e9sitez pas \u00e0 <span style=\"color: #0000ff;\"><a style=\"color: #0000ff;\" href=\"https:\/\/ulpmat.com\/fr\/contactez-nous\/\">nous contacter<\/a><\/span><br \/>\nsi vous avez des questions sur le produit ou si vous avez besoin <span style=\"color: #0000ff;\"><a style=\"color: #0000ff;\" href=\"https:\/\/ulpmat.com\/fr\/service\/personnalisation\/\">d&rsquo;une personnalisation<\/a><\/span><br \/>\n.<\/p>\n<h2><span style=\"font-size: 14pt;\">Points forts du produit<\/span><\/h2>\n<p>Haute puret\u00e9<br \/>\nExcellente r\u00e9sistance \u00e0 l&rsquo;abrasion et \u00e0 la corrosion<br \/>\nPropri\u00e9t\u00e9s chimiques stables<br \/>\nBonne stabilit\u00e9 thermique Taille<br \/>\n<span style=\"color: #0000ff;\"><\/span><br \/>\ndes particules<br \/>\n<span style=\"color: #0000ff;\"><a style=\"color: #0000ff;\" href=\"https:\/\/ulpmat.com\/fr\/service\/personnalisation\/\">personnalisable<\/a><\/span><\/p>\n<p>Convient \u00e0 de multiples applications industrielles<\/p>\n<h2><span style=\"font-size: 14pt;\">Applications des granul\u00e9s d&rsquo;oxyde de chrome<\/span><\/h2>\n<p><strong>Rev\u00eatements et colorants :<\/strong><br \/>\nlargement utilis\u00e9s dans la production de rev\u00eatements et de colorants verts, ils offrent une couleur stable et un excellent pouvoir couvrant, et conviennent \u00e0 l&rsquo;industrie des rev\u00eatements et \u00e0 la fabrication de c\u00e9ramiques.<br \/>\n<strong>Production de c\u00e9ramique :<\/strong><br \/>\ndans l&rsquo;industrie c\u00e9ramique, les particules d&rsquo;oxyde de chrome, en tant qu&rsquo;additif, am\u00e9liorent les propri\u00e9t\u00e9s physiques de la c\u00e9ramique, augmentant la r\u00e9sistance \u00e0 haute temp\u00e9rature et la duret\u00e9 du produit.<br \/>\n<strong>Fusion de l&rsquo;acier :<\/strong><br \/>\nutilis\u00e9 dans les processus de d\u00e9sulfuration et de d\u00e9soxydation de la production d&rsquo;acier, am\u00e9liorant la qualit\u00e9 et la durabilit\u00e9 de l&rsquo;acier.<br \/>\n<strong>Fabrication de catalyseurs :<\/strong><br \/>\nutilis\u00e9 pour am\u00e9liorer l&rsquo;efficacit\u00e9 des r\u00e9actions lors de la production de catalyseurs, largement appliqu\u00e9 dans les r\u00e9actions catalytiques dans les industries chimiques et p\u00e9troli\u00e8res.<\/p>\n<h2><span style=\"color: #0000ff;\"><a style=\"color: #0000ff;\" href=\"https:\/\/ulpmat.com\/fr\/societe\/faq\/\"><span style=\"font-size: 14pt;\">FAQ<\/span><\/a><\/span><\/h2>\n<p>Q1 : Quelle est la puret\u00e9 des granul\u00e9s d&rsquo;oxyde de chrome ?<br \/>\nA1 : Nous proposons des granul\u00e9s d&rsquo;oxyde de chrome de haute puret\u00e9, \u00e0 99,5 %, garantissant d&rsquo;excellentes performances dans diverses applications.<\/p>\n<p>Q2 : La taille des particules des granul\u00e9s d&rsquo;oxyde de chrome peut-elle \u00eatre personnalis\u00e9e ?<br \/>\nA2 : Oui, nous proposons des granul\u00e9s de diff\u00e9rentes tailles et pouvons les personnaliser en fonction des besoins des clients afin de r\u00e9pondre \u00e0 diff\u00e9rentes exigences de processus.<\/p>\n<p>Q3 : Quel est le degr\u00e9 de r\u00e9sistance \u00e0 la corrosion des granul\u00e9s de Cr2O3 ?<br \/>\nA3 : Ils ont une excellente r\u00e9sistance \u00e0 la corrosion et peuvent \u00eatre utilis\u00e9s pendant de longues p\u00e9riodes dans divers environnements acides et alcalins, ce qui les rend adapt\u00e9s aux conditions difficiles de la production chimique et industrielle.<\/p>\n<p>Q4 : \u00c0 quelles industries les granul\u00e9s d&rsquo;oxyde de chrome sont-ils adapt\u00e9s ?<br \/>\nA4 : Largement utilis\u00e9s dans les rev\u00eatements, la c\u00e9ramique, la fonte de l&rsquo;acier, la fabrication de catalyseurs et de nombreuses autres industries, ils conviennent comme additifs dans divers processus de production industrielle.<\/p>\n<h2><span style=\"font-size: 14pt;\">Rapport<\/span><\/h2>\n<p>Chaque lot est fourni avec :<br \/>\n<span style=\"color: #0000ff;\"><a style=\"color: #0000ff;\" href=\"https:\/\/ulpmat.com\/fr\/documents\/certificat-danalyse\/\"><u>Certificat d&rsquo;analyse (COA)<\/u><\/a><\/span><\/p>\n<p><span style=\"color: #0000ff;\"><a style=\"color: #0000ff;\" href=\"https:\/\/ulpmat.com\/fr\/documents\/fiche-technique\/\"><u>Fiche technique (TDS)<\/u><\/a><\/span><\/p>\n<p><span style=\"color: #0000ff;\"><a style=\"color: #0000ff;\" href=\"https:\/\/ulpmat.com\/fr\/documents\/fiche-de-donnees-de-securite\/\"><u>Fiche de donn\u00e9es de s\u00e9curit\u00e9 (MSDS)<\/u><\/a><\/span><br \/>\nRapport d&rsquo;inspection des dimensions<br \/>\nRapports d&rsquo;essais effectu\u00e9s par des tiers disponibles sur demande<\/p>\n<h2><span style=\"font-size: 14pt;\">Pourquoi nous choisir ?<\/span><\/h2>\n<p>Notre entreprise se concentre sur la fourniture de granul\u00e9s d&rsquo;oxyde de chrome de haute qualit\u00e9, gr\u00e2ce \u00e0 une technologie de production avanc\u00e9e et une vaste exp\u00e9rience dans le secteur. En nous choisissant, vous b\u00e9n\u00e9ficierez de produits stables et fiables ainsi que <span style=\"color: #0000ff;\"><a style=\"color: #0000ff;\" href=\"https:\/\/ulpmat.com\/fr\/service\/support-technique\/\">d&rsquo;un soutien technique<\/a><\/span><br \/>\nprofessionnel, qui vous aideront \u00e0 am\u00e9liorer votre efficacit\u00e9 de production et la qualit\u00e9 de vos produits.<\/p>\n","protected":false},"excerpt":{"rendered":"<p>Pr\u00e9sentation des granul\u00e9s d&rsquo;oxyde de chrome Les granul\u00e9s d&rsquo;oxyde de chrome sont des particules d&rsquo;oxyde de chrome de haute puret\u00e9 qui pr\u00e9sentent une excellente r\u00e9sistance \u00e0 l&rsquo;abrasion et \u00e0 la corrosion. Ils sont largement utilis\u00e9s dans la fabrication de rev\u00eatements, de c\u00e9ramiques, d&rsquo;acier et de catalyseurs dans les r\u00e9actions chimiques. Nous proposons des granul\u00e9s d&rsquo;oxyde [&hellip;]<\/p>\n","protected":false},"featured_media":51634,"template":"","meta":{"_acf_changed":false},"product_brand":[132],"product_cat":[296],"product_tag":[7790],"class_list":{"0":"post-51633","1":"product","2":"type-product","3":"status-publish","4":"has-post-thumbnail","6":"product_brand-ulpmat","7":"product_cat-materiaux-devaporation","8":"product_tag-granules-doxyde-de-chrome","10":"first","11":"instock","12":"shipping-taxable","13":"product-type-variable"},"acf":[],"_links":{"self":[{"href":"https:\/\/ulpmat.com\/fr\/wp-json\/wp\/v2\/product\/51633","targetHints":{"allow":["GET"]}}],"collection":[{"href":"https:\/\/ulpmat.com\/fr\/wp-json\/wp\/v2\/product"}],"about":[{"href":"https:\/\/ulpmat.com\/fr\/wp-json\/wp\/v2\/types\/product"}],"wp:featuredmedia":[{"embeddable":true,"href":"https:\/\/ulpmat.com\/fr\/wp-json\/wp\/v2\/media\/51634"}],"wp:attachment":[{"href":"https:\/\/ulpmat.com\/fr\/wp-json\/wp\/v2\/media?parent=51633"}],"wp:term":[{"taxonomy":"product_brand","embeddable":true,"href":"https:\/\/ulpmat.com\/fr\/wp-json\/wp\/v2\/product_brand?post=51633"},{"taxonomy":"product_cat","embeddable":true,"href":"https:\/\/ulpmat.com\/fr\/wp-json\/wp\/v2\/product_cat?post=51633"},{"taxonomy":"product_tag","embeddable":true,"href":"https:\/\/ulpmat.com\/fr\/wp-json\/wp\/v2\/product_tag?post=51633"}],"curies":[{"name":"wp","href":"https:\/\/api.w.org\/{rel}","templated":true}]}}