{"id":51603,"date":"2026-01-06T11:35:40","date_gmt":"2026-01-06T03:35:40","guid":{"rendered":"https:\/\/ulpmat.com\/product\/oxyde-de-chrome-2\/"},"modified":"2026-01-06T11:35:40","modified_gmt":"2026-01-06T03:35:40","slug":"oxyde-de-chrome-2","status":"publish","type":"product","link":"https:\/\/ulpmat.com\/fr\/produit\/oxyde-de-chrome-2\/","title":{"rendered":"Oxyde de chrome"},"content":{"rendered":"<h2><span style=\"font-size: 14pt;\">Pr\u00e9sentation de la poudre d&rsquo;oxyde de chrome<\/span><\/h2>\n<p>La poudre<br \/>\n<span style=\"color: #0000ff;\"><a style=\"color: #0000ff;\" href=\"https:\/\/ulpmat.com\/fr\/recherche\/?type=name&#038;keyword=Chromium+oxide\">d&rsquo;oxyde de chrome<\/a><\/span><br \/>\nest une poudre d&rsquo;oxyde de chrome de haute puret\u00e9 qui pr\u00e9sente une excellente stabilit\u00e9 chimique et une r\u00e9sistance aux temp\u00e9ratures \u00e9lev\u00e9es. Elle est largement utilis\u00e9e dans les rev\u00eatements, la c\u00e9ramique, le traitement des surfaces m\u00e9talliques et la fabrication de catalyseurs, entre autres domaines.<\/p>\n<p>Nous proposons une poudre de Cr2O3 de haute qualit\u00e9 qui r\u00e9pond \u00e0 des normes industrielles strictes et qui peut \u00eatre personnalis\u00e9e pour r\u00e9pondre \u00e0 diff\u00e9rentes sp\u00e9cifications en fonction des besoins des clients. N&rsquo;h\u00e9sitez pas \u00e0 <span style=\"color: #0000ff;\"><a style=\"color: #0000ff;\" href=\"https:\/\/ulpmat.com\/fr\/contactez-nous\/\">nous contacter<\/a><\/span><br \/>\npour toute question ou demande.<\/p>\n<h2><span style=\"font-size: 14pt;\">Caract\u00e9ristiques du produit<\/span><\/h2>\n<p>Haute puret\u00e9<br \/>\nExcellente r\u00e9sistance aux temp\u00e9ratures \u00e9lev\u00e9es et stabilit\u00e9 chimique<br \/>\nContr\u00f4le fin de la taille des particules<br \/>\nBonne stabilit\u00e9 des couleurs<br \/>\nConvient \u00e0 de multiples applications industrielles Services<br \/>\n<span style=\"color: #0000ff;\"><a style=\"color: #0000ff;\" href=\"https:\/\/ulpmat.com\/fr\/service\/personnalisation\/\">de personnalisation<\/a><\/span><br \/>\ndisponibles<\/p>\n<h2><span style=\"font-size: 14pt;\">Applications de la poudre d&rsquo;oxyde de chrome<\/span><\/h2>\n<p><strong>Rev\u00eatements et colorants :<\/strong><br \/>\nla poudre d&rsquo;oxyde de chrome est une mati\u00e8re premi\u00e8re essentielle pour la pr\u00e9paration de rev\u00eatements et de colorants verts, offrant des couleurs vives et stables. Elle est largement utilis\u00e9e dans la c\u00e9ramique, les peintures, la teinture du cuir et d&rsquo;autres industries.<br \/>\n<strong>Production de c\u00e9ramique :<\/strong><br \/>\ndans l&rsquo;industrie c\u00e9ramique, cette poudre est utilis\u00e9e comme colorant pour augmenter la duret\u00e9 et la r\u00e9sistance aux temp\u00e9ratures \u00e9lev\u00e9es des c\u00e9ramiques, am\u00e9liorant ainsi leur qualit\u00e9 et leurs performances.<br \/>\n<strong>Traitement de surface des m\u00e9taux :<\/strong><br \/>\ncette poudre am\u00e9liore la r\u00e9sistance \u00e0 la corrosion et \u00e0 l&rsquo;oxydation dans les processus de traitement de surface des m\u00e9taux et est couramment utilis\u00e9e dans la fabrication a\u00e9rospatiale et automobile.<br \/>\n<strong>Catalyseurs :<\/strong><br \/>\nelle joue un r\u00f4le crucial dans la fabrication des catalyseurs, en particulier dans les r\u00e9actions catalytiques p\u00e9trochimiques et environnementales, en am\u00e9liorant l&rsquo;efficacit\u00e9 des r\u00e9actions et en prolongeant la dur\u00e9e de vie des catalyseurs.<\/p>\n<h2><a href=\"https:\/\/ulpmat.com\/fr\/societe\/faq\/\"><span style=\"font-size: 14pt; color: #0000ff;\">FAQ<\/span><\/a><\/h2>\n<p>Q1 : Quelle est la puret\u00e9 de la poudre d&rsquo;oxyde de chrome ?<br \/>\nA1 : Notre poudre a une puret\u00e9 pouvant atteindre 99,95 %, ce qui garantit sa stabilit\u00e9 et son efficacit\u00e9 \u00e9lev\u00e9e dans les applications industrielles.<\/p>\n<p>Q2 : Comment la taille des particules de la poudre d&rsquo;oxyde de chrome est-elle contr\u00f4l\u00e9e ?<br \/>\nR2 : Nous proposons des poudres de diff\u00e9rentes tailles de particules et pouvons personnaliser la taille des particules pour r\u00e9pondre \u00e0 diff\u00e9rentes exigences d&rsquo;application.<\/p>\n<p>Q3 : Quelle est la r\u00e9sistance \u00e0 la temp\u00e9rature de la poudre d&rsquo;oxyde de chrome ?<br \/>\nR3 : Elle pr\u00e9sente une excellente r\u00e9sistance aux temp\u00e9ratures \u00e9lev\u00e9es et peut \u00eatre utilis\u00e9e de mani\u00e8re stable \u00e0 des temp\u00e9ratures allant jusqu&rsquo;\u00e0 1 000 \u00b0C, ce qui la rend adapt\u00e9e aux applications de traitement et de rev\u00eatement \u00e0 haute temp\u00e9rature.<\/p>\n<p>Q4 : Quelles sont les principales utilisations de la poudre d&rsquo;oxyde de chrome ?<br \/>\nR4 : Cette poudre est principalement utilis\u00e9e dans les rev\u00eatements, la c\u00e9ramique, le traitement des surfaces m\u00e9talliques, la fabrication de catalyseurs et d&rsquo;autres domaines. Elle est largement utilis\u00e9e dans les industries chimiques, \u00e9lectroniques et a\u00e9rospatiales.<\/p>\n<h2><span style=\"font-size: 14pt;\">Rapport<\/span><\/h2>\n<p>Chaque lot est fourni avec : <span style=\"color: #0000ff;\"><a style=\"color: #0000ff;\" href=\"https:\/\/ulpmat.com\/fr\/documents\/certificat-danalyse\/\"><u>Certificat d&rsquo;analyse (COA)<\/u><\/a><\/span><\/p>\n<p><span style=\"color: #0000ff;\"><a style=\"color: #0000ff;\" href=\"https:\/\/ulpmat.com\/fr\/documents\/fiche-technique\/\"><u>Fiche technique (TDS)<\/u><\/a><\/span><\/p>\n<p><span style=\"color: #0000ff;\"><a style=\"color: #0000ff;\" href=\"https:\/\/ulpmat.com\/fr\/documents\/fiche-de-donnees-de-securite\/\"><u>Fiche de donn\u00e9es de s\u00e9curit\u00e9 (MSDS)<\/u><\/a><\/span><br \/>\nRapports d&rsquo;essais effectu\u00e9s par des tiers disponibles sur demande<\/p>\n<h2><span style=\"font-size: 14pt;\">Pourquoi nous choisir ?<\/span><\/h2>\n<p>Notre entreprise se concentre sur la production de poudre d&rsquo;oxyde de chrome de haute qualit\u00e9, en utilisant une technologie de pointe et un syst\u00e8me de gestion de la qualit\u00e9 rigoureux afin de garantir des performances stables et fiables. En nous choisissant, vous b\u00e9n\u00e9ficierez d&rsquo;un service personnalis\u00e9, d&rsquo;une livraison rapide et d&rsquo;une assistance technique, ce qui vous aidera \u00e0 mener \u00e0 bien vos projets.<\/p>\n","protected":false},"excerpt":{"rendered":"<p>Pr\u00e9sentation de la poudre d&rsquo;oxyde de chrome La poudre d&rsquo;oxyde de chrome est une poudre d&rsquo;oxyde de chrome de haute puret\u00e9 qui pr\u00e9sente une excellente stabilit\u00e9 chimique et une r\u00e9sistance aux temp\u00e9ratures \u00e9lev\u00e9es. Elle est largement utilis\u00e9e dans les rev\u00eatements, la c\u00e9ramique, le traitement des surfaces m\u00e9talliques et la fabrication de catalyseurs, entre autres domaines. [&hellip;]<\/p>\n","protected":false},"featured_media":51604,"template":"","meta":{"_acf_changed":false},"product_brand":[132],"product_cat":[335],"product_tag":[7784],"class_list":{"0":"post-51603","1":"product","2":"type-product","3":"status-publish","4":"has-post-thumbnail","6":"product_brand-ulpmat","7":"product_cat-oxydes","8":"product_tag-poudre-doxyde-de-chrome","10":"first","11":"instock","12":"shipping-taxable","13":"product-type-variable"},"acf":[],"_links":{"self":[{"href":"https:\/\/ulpmat.com\/fr\/wp-json\/wp\/v2\/product\/51603","targetHints":{"allow":["GET"]}}],"collection":[{"href":"https:\/\/ulpmat.com\/fr\/wp-json\/wp\/v2\/product"}],"about":[{"href":"https:\/\/ulpmat.com\/fr\/wp-json\/wp\/v2\/types\/product"}],"wp:featuredmedia":[{"embeddable":true,"href":"https:\/\/ulpmat.com\/fr\/wp-json\/wp\/v2\/media\/51604"}],"wp:attachment":[{"href":"https:\/\/ulpmat.com\/fr\/wp-json\/wp\/v2\/media?parent=51603"}],"wp:term":[{"taxonomy":"product_brand","embeddable":true,"href":"https:\/\/ulpmat.com\/fr\/wp-json\/wp\/v2\/product_brand?post=51603"},{"taxonomy":"product_cat","embeddable":true,"href":"https:\/\/ulpmat.com\/fr\/wp-json\/wp\/v2\/product_cat?post=51603"},{"taxonomy":"product_tag","embeddable":true,"href":"https:\/\/ulpmat.com\/fr\/wp-json\/wp\/v2\/product_tag?post=51603"}],"curies":[{"name":"wp","href":"https:\/\/api.w.org\/{rel}","templated":true}]}}