{"id":51325,"date":"2026-01-06T11:35:46","date_gmt":"2026-01-06T03:35:46","guid":{"rendered":"https:\/\/ulpmat.com\/product\/fluorure-de-chromeiii\/"},"modified":"2026-01-06T11:35:46","modified_gmt":"2026-01-06T03:35:46","slug":"fluorure-de-chromeiii","status":"publish","type":"product","link":"https:\/\/ulpmat.com\/fr\/produit\/fluorure-de-chromeiii\/","title":{"rendered":"Fluorure de chrome(III)"},"content":{"rendered":"<h2><span style=\"font-size: 14pt;\">Pr\u00e9sentation g\u00e9n\u00e9rale de la poudre de fluorure de chrome<\/span><\/h2>\n<p>La poudre<br \/>\n<span style=\"color: #0000ff;\"><a style=\"color: #0000ff;\" href=\"https:\/\/ulpmat.com\/fr\/recherche\/?type=name&#038;keyword=Crf3\">de fluorure de chrome<\/a><\/span><br \/>\nest une poudre de fluorure de chrome de haute puret\u00e9 qui pr\u00e9sente une excellente stabilit\u00e9 chimique et un large potentiel d&rsquo;application. Elle trouve des applications importantes dans la galvanoplastie, la catalyse chimique et les mat\u00e9riaux haute performance, en particulier pour am\u00e9liorer la r\u00e9sistance \u00e0 la corrosion et \u00e0 l&rsquo;oxydation des mat\u00e9riaux.<\/p>\n<p>Nous proposons une poudre CrF3 de haute qualit\u00e9, garantissant des performances sup\u00e9rieures dans diverses applications industrielles. N&rsquo;h\u00e9sitez pas \u00e0 <span style=\"color: #0000ff;\"><a style=\"color: #0000ff;\" href=\"https:\/\/ulpmat.com\/fr\/contactez-nous\/\">nous contacter<\/a><\/span><br \/>\npour toute question technique ou demande de renseignements sur nos produits.<\/p>\n<h2><span style=\"font-size: 14pt;\">Points forts du produit<\/span><\/h2>\n<p>Haute puret\u00e9 et bonne stabilit\u00e9<br \/>\nForte r\u00e9sistance \u00e0 l&rsquo;oxydation<br \/>\nR\u00e9activit\u00e9 chimique tr\u00e8s efficace<br \/>\nContr\u00f4le fin des particules<br \/>\nConvient \u00e0 de multiples applications industrielles Services de production<br \/>\n<span style=\"color: #0000ff;\"><a style=\"color: #0000ff;\" href=\"https:\/\/ulpmat.com\/fr\/service\/personnalisation\/\">personnalis\u00e9s<\/a><\/span><br \/>\ndisponibles<\/p>\n<h2><span style=\"font-size: 14pt;\">Applications de la poudre de fluorure de chrome<\/span><\/h2>\n<p><strong>Industrie de la galvanoplastie :<\/strong><br \/>\nen tant que mat\u00e9riau source de chrome dans le processus de galvanoplastie, la poudre peut am\u00e9liorer consid\u00e9rablement l&rsquo;adh\u00e9rence et la r\u00e9sistance \u00e0 la corrosion des rev\u00eatements, et est largement utilis\u00e9e dans le traitement de surface des pi\u00e8ces automobiles, a\u00e9rospatiales et m\u00e9caniques.<br \/>\n<strong>Catalyse chimique :<\/strong><br \/>\nla poudre a des applications importantes dans les r\u00e9actions de catalyse chimique, am\u00e9liorant l&rsquo;activit\u00e9 du catalyseur et l&rsquo;efficacit\u00e9 de la r\u00e9action, et est particuli\u00e8rement adapt\u00e9e aux r\u00e9actions p\u00e9trochimiques et de synth\u00e8se organique.<br \/>\n<strong>Production de mat\u00e9riaux haute performance :<\/strong><br \/>\nlargement utilis\u00e9e dans la fabrication de mat\u00e9riaux r\u00e9sistants aux temp\u00e9ratures \u00e9lev\u00e9es et \u00e0 la corrosion afin d&rsquo;am\u00e9liorer leur stabilit\u00e9 thermique et chimique, avec des applications dans l&rsquo;a\u00e9rospatiale et les industries manufacturi\u00e8res haut de gamme.<br \/>\n<span style=\"color: #0000ff;\"><a style=\"color: #0000ff;\" href=\"https:\/\/ulpmat.com\/fr\/product-category\/poudres-inorganiques\/materiaux-halogenes\/\"><strong>Synth\u00e8se du fluorure :<\/strong><\/a><\/span><br \/>\nen tant que mati\u00e8re premi\u00e8re importante dans la synth\u00e8se du fluorure, elle est largement utilis\u00e9e dans la production de produits fluorur\u00e9s, pr\u00e9sentant une activit\u00e9 chimique et une r\u00e9activit\u00e9 \u00e9lev\u00e9es.<\/p>\n<h2><span style=\"color: #0000ff;\"><a style=\"color: #0000ff;\" href=\"https:\/\/ulpmat.com\/fr\/societe\/faq\/\"><span style=\"font-size: 14pt;\">FAQ<\/span><\/a><\/span><\/h2>\n<p>Q1 : Quelle est la taille des particules de la poudre de fluorure de chrome (III) ?<br \/>\nA1 : Nous pouvons fournir des poudres de diff\u00e9rentes tailles de particules selon les besoins des clients, allant du microm\u00e8tre au nanom\u00e8tre, afin de r\u00e9pondre aux besoins des diff\u00e9rents domaines d&rsquo;application.<\/p>\n<p>Q2 : Quelles sont les propri\u00e9t\u00e9s uniques de la poudre de fluorure de chrome ?<br \/>\nA2 : La poudre pr\u00e9sente une excellente r\u00e9sistance \u00e0 l&rsquo;oxydation et \u00e0 la corrosion, et peut fonctionner de mani\u00e8re stable pendant longtemps dans des environnements \u00e0 haute temp\u00e9rature et corrosifs, ce qui la rend adapt\u00e9e aux applications n\u00e9cessitant une durabilit\u00e9 et une stabilit\u00e9 \u00e9lev\u00e9es.<\/p>\n<p>Q3 : La poudre de fluorure de chrome est-elle adapt\u00e9e aux r\u00e9actions catalytiques ?<br \/>\nR3 : Oui, elle a d&rsquo;excellents effets catalytiques dans les r\u00e9actions catalytiques et est largement utilis\u00e9e dans les r\u00e9actions p\u00e9trochimiques et autres r\u00e9actions de synth\u00e8se organique, am\u00e9liorant l&rsquo;efficacit\u00e9 et la s\u00e9lectivit\u00e9 des r\u00e9actions.<\/p>\n<p>Q4 : Comment la poudre de fluorure de chrome est-elle conditionn\u00e9e ?<br \/>\nR4 : Nous conditionnons la poudre dans des sacs herm\u00e9tiques et r\u00e9sistants \u00e0 l&rsquo;humidit\u00e9, puis dans des bo\u00eetes solides afin de garantir que le produit ne soit pas endommag\u00e9 pendant le transport et de maintenir sa stabilit\u00e9.<\/p>\n<h2><span style=\"font-size: 14pt;\">Rapports<\/span><\/h2>\n<p>Chaque lot est fourni avec :<br \/>\n<span style=\"color: #0000ff;\"><a style=\"color: #0000ff;\" href=\"https:\/\/ulpmat.com\/fr\/documents\/certificat-danalyse\/\">Certificat d&rsquo;analyse (COA)<\/a><\/span><\/p>\n<p><span style=\"color: #0000ff;\"><a style=\"color: #0000ff;\" href=\"https:\/\/ulpmat.com\/fr\/documents\/fiche-technique\/\">Fiche technique (TDS)<\/a><\/span><\/p>\n<p><span style=\"color: #0000ff;\"><a style=\"color: #0000ff;\" href=\"https:\/\/ulpmat.com\/fr\/documents\/fiche-de-donnees-de-securite\/\">Fiche de donn\u00e9es de s\u00e9curit\u00e9 (MSDS)<\/a><\/span><br \/>\nRapports d&rsquo;essais effectu\u00e9s par des tiers disponibles sur demande<\/p>\n<h2><span style=\"font-size: 14pt;\">Pourquoi nous choisir ?<\/span><\/h2>\n<p>Notre entreprise s&rsquo;engage \u00e0 fournir une poudre de CrF3 de haute qualit\u00e9, gr\u00e2ce \u00e0 une technologie de production avanc\u00e9e et un syst\u00e8me de gestion de la qualit\u00e9 rigoureux. En nous choisissant, vous b\u00e9n\u00e9ficierez de produits stables et fiables, d&rsquo;une livraison rapide et <span style=\"color: #0000ff;\"><a style=\"color: #0000ff;\" href=\"https:\/\/ulpmat.com\/fr\/service\/support-technique\/\">d&rsquo;un soutien technique<\/a><\/span><br \/>\ncomplet pour vous aider \u00e0 mener \u00e0 bien vos projets.<\/p>\n","protected":false},"excerpt":{"rendered":"<p>Pr\u00e9sentation g\u00e9n\u00e9rale de la poudre de fluorure de chrome La poudre de fluorure de chrome est une poudre de fluorure de chrome de haute puret\u00e9 qui pr\u00e9sente une excellente stabilit\u00e9 chimique et un large potentiel d&rsquo;application. Elle trouve des applications importantes dans la galvanoplastie, la catalyse chimique et les mat\u00e9riaux haute performance, en particulier pour [&hellip;]<\/p>\n","protected":false},"featured_media":51326,"template":"","meta":{"_acf_changed":false},"product_brand":[132],"product_cat":[313],"product_tag":[7736],"class_list":{"0":"post-51325","1":"product","2":"type-product","3":"status-publish","4":"has-post-thumbnail","6":"product_brand-ulpmat","7":"product_cat-materiaux-halogenes","8":"product_tag-fluorure-de-chromeiii-en-poudre","10":"first","11":"instock","12":"shipping-taxable","13":"product-type-variable"},"acf":[],"_links":{"self":[{"href":"https:\/\/ulpmat.com\/fr\/wp-json\/wp\/v2\/product\/51325","targetHints":{"allow":["GET"]}}],"collection":[{"href":"https:\/\/ulpmat.com\/fr\/wp-json\/wp\/v2\/product"}],"about":[{"href":"https:\/\/ulpmat.com\/fr\/wp-json\/wp\/v2\/types\/product"}],"wp:featuredmedia":[{"embeddable":true,"href":"https:\/\/ulpmat.com\/fr\/wp-json\/wp\/v2\/media\/51326"}],"wp:attachment":[{"href":"https:\/\/ulpmat.com\/fr\/wp-json\/wp\/v2\/media?parent=51325"}],"wp:term":[{"taxonomy":"product_brand","embeddable":true,"href":"https:\/\/ulpmat.com\/fr\/wp-json\/wp\/v2\/product_brand?post=51325"},{"taxonomy":"product_cat","embeddable":true,"href":"https:\/\/ulpmat.com\/fr\/wp-json\/wp\/v2\/product_cat?post=51325"},{"taxonomy":"product_tag","embeddable":true,"href":"https:\/\/ulpmat.com\/fr\/wp-json\/wp\/v2\/product_tag?post=51325"}],"curies":[{"name":"wp","href":"https:\/\/api.w.org\/{rel}","templated":true}]}}