{"id":51307,"date":"2026-01-06T11:35:47","date_gmt":"2026-01-06T03:35:47","guid":{"rendered":"https:\/\/ulpmat.com\/product\/alliage-de-chrome-et-de-fer-2\/"},"modified":"2026-01-06T11:35:47","modified_gmt":"2026-01-06T03:35:47","slug":"alliage-de-chrome-et-de-fer-2","status":"publish","type":"product","link":"https:\/\/ulpmat.com\/fr\/produit\/alliage-de-chrome-et-de-fer-2\/","title":{"rendered":"Alliage de chrome et de fer"},"content":{"rendered":"<h2><span style=\"font-size: 14pt;\">Pr\u00e9sentation de la poudre d&rsquo;alliage fer-chrome<\/span><\/h2>\n<p>La poudre d&rsquo;alliage<br \/>\n<span style=\"color: #0000ff;\"><a style=\"color: #0000ff;\" href=\"https:\/\/ulpmat.com\/fr\/recherche\/?type=element&#038;keyword=Cr%2CFe\">fer-chrome<\/a><\/span><br \/>\nest une poudre d&rsquo;alliage ferrochrome haute performance qui pr\u00e9sente une excellente r\u00e9sistance \u00e0 l&rsquo;usure, \u00e0 la corrosion et aux temp\u00e9ratures \u00e9lev\u00e9es. Elle est largement utilis\u00e9e dans la m\u00e9tallurgie, les rev\u00eatements r\u00e9sistants \u00e0 l&rsquo;usure et la fabrication d&rsquo;alliages haute temp\u00e9rature, et convient particuli\u00e8rement aux \u00e9quipements industriels n\u00e9cessitant une durabilit\u00e9 accrue des mat\u00e9riaux.<\/p>\n<p>Nous proposons une poudre d&rsquo;alliage fer-chrome de haute qualit\u00e9 pour r\u00e9pondre aux besoins en mat\u00e9riaux haute performance de diverses industries. N&rsquo;h\u00e9sitez pas \u00e0 <span style=\"color: #0000ff;\"><a style=\"color: #0000ff;\" href=\"https:\/\/ulpmat.com\/fr\/contactez-nous\/\">nous contacter<\/a><\/span><br \/>\npour toute exigence technique ou demande de personnalisation.<\/p>\n<h2><span style=\"font-size: 14pt;\">Points forts du produit<\/span><\/h2>\n<p>Excellente r\u00e9sistance \u00e0 l&rsquo;usure<br \/>\nForte r\u00e9sistance aux temp\u00e9ratures \u00e9lev\u00e9es<br \/>\nBonne r\u00e9sistance \u00e0 la corrosion<br \/>\nPropri\u00e9t\u00e9s chimiques stables<br \/>\nHaute efficacit\u00e9 de pulv\u00e9risation Sp\u00e9cifications de la poudre<br \/>\n<span style=\"color: #0000ff;\"><a style=\"color: #0000ff;\" href=\"https:\/\/ulpmat.com\/fr\/service\/personnalisation\/\">personnalisables<\/a><\/span><\/p>\n<h2><span style=\"font-size: 14pt;\">Applications de la poudre d&rsquo;alliage de chrome et de fer<\/span><\/h2>\n<p><strong>Rev\u00eatements r\u00e9sistants \u00e0 l&rsquo;usure :<\/strong><br \/>\nlargement utilis\u00e9s dans les rev\u00eatements hautement r\u00e9sistants \u00e0 l&rsquo;usure, ils am\u00e9liorent efficacement la r\u00e9sistance \u00e0 l&rsquo;usure des pi\u00e8ces m\u00e9caniques, des outils et des \u00e9quipements, et conviennent particuli\u00e8rement aux industries d&rsquo;\u00e9quipements lourds telles que l&rsquo;exploitation mini\u00e8re et la sid\u00e9rurgie.<br \/>\n<strong>Alliages haute temp\u00e9rature :<\/strong><br \/>\ncette poudre est largement utilis\u00e9e dans la fabrication d&rsquo;alliages haute temp\u00e9rature, am\u00e9liorant consid\u00e9rablement la r\u00e9sistance aux temp\u00e9ratures \u00e9lev\u00e9es des alliages, adapt\u00e9e aux \u00e9quipements et composants utilis\u00e9s dans l&rsquo;a\u00e9rospatiale, l&rsquo;\u00e9nergie et d&rsquo;autres environnements \u00e0 haute temp\u00e9rature.<br \/>\n<strong>Mat\u00e9riaux r\u00e9sistants \u00e0 la corrosion :<\/strong><br \/>\nutilis\u00e9s dans la fabrication de mat\u00e9riaux r\u00e9sistants \u00e0 la corrosion, am\u00e9liorant leur r\u00e9sistance \u00e0 l&rsquo;oxydation et \u00e0 la corrosion. Largement utilis\u00e9s dans les \u00e9quipements et les pipelines des industries chimique, navale et p\u00e9troli\u00e8re.<br \/>\n<strong>Mat\u00e9riaux de soudage :<\/strong><br \/>\ndans les alliages de soudage, la poudre am\u00e9liore consid\u00e9rablement la duret\u00e9 et la r\u00e9sistance \u00e0 la corrosion du joint de soudure. Elle est largement utilis\u00e9e dans les industries qui n\u00e9cessitent un soudage \u00e0 haute r\u00e9sistance.<\/p>\n<h2><span style=\"color: #0000ff;\"><a style=\"color: #0000ff;\" href=\"https:\/\/ulpmat.com\/fr\/societe\/faq\/\"><span style=\"font-size: 14pt;\">FAQ<\/span><\/a><\/span><\/h2>\n<p>Q1 : Comment la poudre d&rsquo;alliage de chrome et de fer est-elle conditionn\u00e9e ?<br \/>\nA1 : Nous conditionnons la poudre dans des sacs herm\u00e9tiques et \u00e9tanches \u00e0 l&rsquo;humidit\u00e9, avec des mat\u00e9riaux de protection suppl\u00e9mentaires afin de garantir qu&rsquo;elle ne soit pas expos\u00e9e \u00e0 l&rsquo;humidit\u00e9 ou \u00e0 la contamination pendant le transport, ce qui permet de maintenir la qualit\u00e9 et la stabilit\u00e9 du produit.<\/p>\n<p>Q2 : Comment la poudre d&rsquo;alliage de chrome et de fer doit-elle \u00eatre stock\u00e9e ?<br \/>\nR2 : Pour maintenir sa stabilit\u00e9, la poudre doit \u00eatre stock\u00e9e dans un environnement sec, frais et bien ventil\u00e9, en \u00e9vitant les temp\u00e9ratures \u00e9lev\u00e9es et l&rsquo;humidit\u00e9 afin de garantir que ses performances ne soient pas affect\u00e9es.<\/p>\n<p>Q3 : Comment la puret\u00e9 de la poudre d&rsquo;alliage de chrome et de fer est-elle garantie ?<br \/>\nR3 : Nous utilisons une technologie de production avanc\u00e9e et des processus de contr\u00f4le qualit\u00e9 stricts pour garantir que la puret\u00e9 de chaque lot de poudre r\u00e9pond aux normes industrielles et est v\u00e9rifi\u00e9e par de multiples tests.<\/p>\n<p>Q4 : Quelles sont les propri\u00e9t\u00e9s de cet alliage en poudre ?<br \/>\nR4 : Cet alliage en poudre pr\u00e9sente d&rsquo;excellentes performances en termes d&rsquo;am\u00e9lioration de la r\u00e9sistance \u00e0 l&rsquo;usure, \u00e0 la corrosion et aux temp\u00e9ratures \u00e9lev\u00e9es, ce qui am\u00e9liore consid\u00e9rablement la stabilit\u00e9 et la dur\u00e9e de vie des mat\u00e9riaux alli\u00e9s, le rendant adapt\u00e9 \u00e0 une vari\u00e9t\u00e9 d&rsquo;applications industrielles exigeantes.<\/p>\n<h2><span style=\"font-size: 14pt;\">Rapports<\/span><\/h2>\n<p>Chaque lot est fourni avec :<\/p>\n<p><span style=\"color: #0000ff;\"><a style=\"color: #0000ff;\" href=\"https:\/\/ulpmat.com\/fr\/documents\/certificat-danalyse\/\">Certificat d&rsquo;analyse (COA)<\/a><\/span><\/p>\n<p><span style=\"color: #0000ff;\"><a style=\"color: #0000ff;\" href=\"https:\/\/ulpmat.com\/fr\/documents\/fiche-technique\/\">Fiche technique (TDS)<\/a><\/span><\/p>\n<p><span style=\"color: #0000ff;\"><a style=\"color: #0000ff;\" href=\"https:\/\/ulpmat.com\/fr\/documents\/fiche-de-donnees-de-securite\/\">Fiche de donn\u00e9es de s\u00e9curit\u00e9 (MSDS)<\/a><\/span><br \/>\nRapports d&rsquo;essais effectu\u00e9s par des tiers disponibles sur demande<\/p>\n<h2><span style=\"font-size: 14pt;\">Pourquoi nous choisir ?<\/span><\/h2>\n<p>Notre entreprise est sp\u00e9cialis\u00e9e dans la production de poudre d&rsquo;alliage chrome-fer de haute qualit\u00e9. Elle est \u00e9quip\u00e9e d&rsquo;un mat\u00e9riel de production de pointe et dispose d&rsquo;un syst\u00e8me de gestion de la qualit\u00e9 rigoureux. En nous choisissant, vous avez la garantie de b\u00e9n\u00e9ficier de produits fiables, de d\u00e9lais de livraison rapides et <span style=\"color: #0000ff;\"><a style=\"color: #0000ff;\" href=\"https:\/\/ulpmat.com\/fr\/service\/support-technique\/\">d&rsquo;une assistance technique<\/a><\/span><br \/>\ncompl\u00e8te<span style=\"color: #0000ff;\"><a style=\"color: #0000ff;\" href=\"https:\/\/ulpmat.com\/fr\/service\/support-technique\/\">,<\/a><\/span><br \/>\nce qui vous assure le bon d\u00e9roulement de vos projets.<\/p>\n","protected":false},"excerpt":{"rendered":"<p>Pr\u00e9sentation de la poudre d&rsquo;alliage fer-chrome La poudre d&rsquo;alliage fer-chrome est une poudre d&rsquo;alliage ferrochrome haute performance qui pr\u00e9sente une excellente r\u00e9sistance \u00e0 l&rsquo;usure, \u00e0 la corrosion et aux temp\u00e9ratures \u00e9lev\u00e9es. Elle est largement utilis\u00e9e dans la m\u00e9tallurgie, les rev\u00eatements r\u00e9sistants \u00e0 l&rsquo;usure et la fabrication d&rsquo;alliages haute temp\u00e9rature, et convient particuli\u00e8rement aux \u00e9quipements industriels [&hellip;]<\/p>\n","protected":false},"featured_media":51308,"template":"","meta":{"_acf_changed":false},"product_brand":[132],"product_cat":[276],"product_tag":[7730],"class_list":{"0":"post-51307","1":"product","2":"type-product","3":"status-publish","4":"has-post-thumbnail","6":"product_brand-ulpmat","7":"product_cat-metaux-purs-et-alliages","8":"product_tag-poudre-dalliage-de-chrome-et-de-fer","10":"first","11":"instock","12":"shipping-taxable","13":"product-type-variable"},"acf":[],"_links":{"self":[{"href":"https:\/\/ulpmat.com\/fr\/wp-json\/wp\/v2\/product\/51307","targetHints":{"allow":["GET"]}}],"collection":[{"href":"https:\/\/ulpmat.com\/fr\/wp-json\/wp\/v2\/product"}],"about":[{"href":"https:\/\/ulpmat.com\/fr\/wp-json\/wp\/v2\/types\/product"}],"wp:featuredmedia":[{"embeddable":true,"href":"https:\/\/ulpmat.com\/fr\/wp-json\/wp\/v2\/media\/51308"}],"wp:attachment":[{"href":"https:\/\/ulpmat.com\/fr\/wp-json\/wp\/v2\/media?parent=51307"}],"wp:term":[{"taxonomy":"product_brand","embeddable":true,"href":"https:\/\/ulpmat.com\/fr\/wp-json\/wp\/v2\/product_brand?post=51307"},{"taxonomy":"product_cat","embeddable":true,"href":"https:\/\/ulpmat.com\/fr\/wp-json\/wp\/v2\/product_cat?post=51307"},{"taxonomy":"product_tag","embeddable":true,"href":"https:\/\/ulpmat.com\/fr\/wp-json\/wp\/v2\/product_tag?post=51307"}],"curies":[{"name":"wp","href":"https:\/\/api.w.org\/{rel}","templated":true}]}}