{"id":51191,"date":"2026-01-06T11:35:49","date_gmt":"2026-01-06T03:35:49","guid":{"rendered":"https:\/\/ulpmat.com\/product\/alliage-chrome-niobium\/"},"modified":"2026-01-06T11:35:49","modified_gmt":"2026-01-06T03:35:49","slug":"alliage-chrome-niobium","status":"publish","type":"product","link":"https:\/\/ulpmat.com\/fr\/produit\/alliage-chrome-niobium\/","title":{"rendered":"Alliage chrome-niobium"},"content":{"rendered":"<h2><span style=\"font-size: 14pt;\">Pr\u00e9sentation des cibles de pulv\u00e9risation en alliage chrome-niobium<\/span><\/h2>\n<p>Les cibles de pulv\u00e9risation<br \/>\n<span style=\"color: #0000ff;\"><a style=\"color: #0000ff;\" href=\"https:\/\/ulpmat.com\/fr\/recherche\/?type=name&#038;keyword=Chromium+Niobium+alloy\">en alliage chrome-niobium<\/a><\/span><br \/>\nsont compos\u00e9es d&rsquo;un alliage de chrome et de niobium, qui pr\u00e9sente une excellente stabilit\u00e9 \u00e0 haute temp\u00e9rature et une excellente r\u00e9sistance \u00e0 la corrosion. Elles sont largement utilis\u00e9es dans le d\u00e9p\u00f4t de couches minces dans <span style=\"color: #0000ff;\"><a style=\"color: #0000ff;\" href=\"https:\/\/ulpmat.com\/fr\/candidature\/materiaux-semi-conducteurs\/\">les semi-conducteurs<\/a><\/span><br \/>\n, l&rsquo;\u00e9nergie <span style=\"color: #0000ff;\"><a style=\"color: #0000ff;\" href=\"https:\/\/ulpmat.com\/fr\/candidature\/solaire-photovoltaique\/\">solaire<\/a><\/span><br \/>\net les applications <span style=\"color: #0000ff;\"><a style=\"color: #0000ff;\" href=\"https:\/\/ulpmat.com\/fr\/candidature\/materiaux-optiques\/\">optiques<\/a><\/span><br \/>\n, ainsi que dans d&rsquo;autres technologies de rev\u00eatement exigeantes.<\/p>\n<p>Nous proposons des cibles de pulv\u00e9risation CrNb de haute qualit\u00e9 adapt\u00e9es \u00e0 diverses technologies de d\u00e9p\u00f4t et de rev\u00eatement de couches minces afin de r\u00e9pondre \u00e0 vos besoins dans diff\u00e9rents domaines. N&rsquo;h\u00e9sitez pas \u00e0 <span style=\"color: #0000ff;\"><a style=\"color: #0000ff;\" href=\"https:\/\/ulpmat.com\/fr\/contactez-nous\/\">nous contacter<\/a><\/span><br \/>\npour toute question technique ou demande <span style=\"color: #0000ff;\"><a style=\"color: #0000ff;\" href=\"https:\/\/ulpmat.com\/fr\/service\/personnalisation\/\">de personnalisation<\/a><\/span><br \/>\n.<\/p>\n<h2><span style=\"font-size: 14pt;\">Points forts du produit<\/span><\/h2>\n<p>Excellente stabilit\u00e9 \u00e0 haute temp\u00e9rature<br \/>\nForte r\u00e9sistance \u00e0 la corrosion<br \/>\nPerformances de pulv\u00e9risation tr\u00e8s efficaces<br \/>\nPermet un d\u00e9p\u00f4t uniforme et pr\u00e9cis de couches minces<br \/>\nHaute r\u00e9sistance et r\u00e9sistance \u00e0 l&rsquo;usure<br \/>\nSp\u00e9cifications personnalisables disponibles sur demande<\/p>\n<h2><span style=\"font-size: 14pt;\">Applications des cibles de pulv\u00e9risation en alliage de chrome-niobium<\/span><\/h2>\n<p><strong>D\u00e9p\u00f4t de couches minces :<\/strong><br \/>\nles cibles sont largement utilis\u00e9es pour le d\u00e9p\u00f4t de couches minces dans les dispositifs semi-conducteurs et opto\u00e9lectroniques, fournissant des couches minces de haute qualit\u00e9 dans les circuits int\u00e9gr\u00e9s, les capteurs et les cellules photovolta\u00efques.<br \/>\n<strong>Technologie de rev\u00eatement :<\/strong><br \/>\nces cibles conviennent \u00e0 la fabrication de rev\u00eatements r\u00e9sistants \u00e0 l&rsquo;usure et \u00e0 la corrosion, largement utilis\u00e9s dans l&rsquo;a\u00e9rospatiale, les pi\u00e8ces automobiles et les outils \u00e0 haute r\u00e9sistance, prolongeant ainsi la dur\u00e9e de vie des mat\u00e9riaux.<br \/>\n<strong>Films <span style=\"color: #0000ff;\"><a style=\"color: #0000ff;\" href=\"https:\/\/ulpmat.com\/fr\/candidature\/materiaux-optiques\/\">optiques <\/a><\/span>minces :<\/strong><br \/>\nles cibles peuvent \u00eatre utilis\u00e9es pour le d\u00e9p\u00f4t de films optiques minces \u00e0 haute r\u00e9flectivit\u00e9, largement utilis\u00e9s dans les lentilles laser, les fen\u00eatres optiques et d&rsquo;autres dispositifs afin d&rsquo;am\u00e9liorer leurs performances et leur durabilit\u00e9.<br \/>\n<strong>Fabrication d&rsquo;alliages \u00e0 haute temp\u00e9rature :<\/strong><br \/>\nCes cibles poss\u00e8dent une excellente r\u00e9sistance aux temp\u00e9ratures \u00e9lev\u00e9es et sont couramment utilis\u00e9es dans l&rsquo;a\u00e9rospatiale et les \u00e9quipements \u00e0 haute temp\u00e9rature pour garantir la stabilit\u00e9 et la fiabilit\u00e9 dans des environnements extr\u00eames.<\/p>\n<h2><span style=\"color: #0000ff;\"><a style=\"color: #0000ff;\" href=\"https:\/\/ulpmat.com\/fr\/societe\/faq\/\"><span style=\"font-size: 14pt;\">FAQ<\/span><\/a><\/span><\/h2>\n<p>Q1 : Quelle est l&rsquo;efficacit\u00e9 de pulv\u00e9risation des cibles de pulv\u00e9risation en alliage de chrome-niobium ?<br \/>\nA1 : Les cibles ont une efficacit\u00e9 de pulv\u00e9risation \u00e9lev\u00e9e, g\u00e9n\u00e9rant rapidement des films minces uniformes, adapt\u00e9s \u00e0 la production de masse, garantissant des films de haute qualit\u00e9 \u00e0 chaque pulv\u00e9risation.<\/p>\n<p>Q2 : Quelles pr\u00e9cautions faut-il prendre lors de l&rsquo;utilisation de cibles de pulv\u00e9risation en alliage de chrome-niobium ?<br \/>\nR2 : Pendant l&rsquo;utilisation, l&rsquo;environnement de pulv\u00e9risation doit \u00eatre maintenu stable, y compris la temp\u00e9rature et l&rsquo;atmosph\u00e8re, afin d&rsquo;\u00e9viter que la contamination externe n&rsquo;affecte la qualit\u00e9 du film. Parall\u00e8lement, la surface de la cible doit \u00eatre maintenue propre afin d&rsquo;\u00e9viter que des impuret\u00e9s n&rsquo;interf\u00e8rent avec l&rsquo;effet de pulv\u00e9risation.<\/p>\n<p>Q3 : Comment s&rsquo;effectue le collage entre le fond de panier et la cible CrNb ?<br \/>\nR3 : Le collage de la plaque arri\u00e8re \u00e0 la cible s&rsquo;effectue g\u00e9n\u00e9ralement \u00e0 l&rsquo;aide de techniques de soudage ou d&rsquo;adh\u00e9sifs afin de garantir que la cible adh\u00e8re fermement \u00e0 la plaque arri\u00e8re, ce qui permet d&rsquo;obtenir des r\u00e9sultats de pulv\u00e9risation stables. Nous proposons des solutions de collage de plaques arri\u00e8re personnalis\u00e9es en fonction des besoins des clients.<\/p>\n<p>Q4 : Quels sont les domaines d&rsquo;application des cibles de pulv\u00e9risation CrNb ?<br \/>\nR4 : Elles sont utilis\u00e9es dans le d\u00e9p\u00f4t de couches minces, la technologie de rev\u00eatement, les couches minces optiques et la fabrication d&rsquo;alliages \u00e0 haute temp\u00e9rature. Elles sont particuli\u00e8rement adapt\u00e9es aux domaines technologiques de pointe qui exigent une stabilit\u00e9 \u00e0 haute temp\u00e9rature et une r\u00e9sistance \u00e0 la corrosion.<\/p>\n<h2><span style=\"font-size: 14pt;\">Rapports<\/span><\/h2>\n<p>Chaque lot est fourni avec :<br \/>\n<span style=\"color: #0000ff;\"><a style=\"color: #0000ff;\" href=\"https:\/\/ulpmat.com\/fr\/documents\/certificat-danalyse\/\"><u>Certificat d&rsquo;analyse (COA)<\/u><\/a><\/span><\/p>\n<p><span style=\"color: #0000ff;\"><a style=\"color: #0000ff;\" href=\"https:\/\/ulpmat.com\/fr\/documents\/fiche-technique\/\"><u>Fiche technique (TDS)<\/u><\/a><\/span><\/p>\n<p><span style=\"color: #0000ff;\"><a style=\"color: #0000ff;\" href=\"https:\/\/ulpmat.com\/fr\/documents\/fiche-de-donnees-de-securite\/\"><u>Fiche de donn\u00e9es de s\u00e9curit\u00e9 (MSDS)<\/u><\/a><\/span><br \/>\nRapport d&rsquo;inspection des dimensions<br \/>\nRapports d&rsquo;essais effectu\u00e9s par des tiers disponibles sur demande<\/p>\n<h2><span style=\"font-size: 14pt;\">Pourquoi nous choisir ?<\/span><\/h2>\n<p>Nous nous engageons \u00e0 fournir des cibles de pulv\u00e9risation CrNb de haute qualit\u00e9, en utilisant une technologie de production avanc\u00e9e et un syst\u00e8me de contr\u00f4le qualit\u00e9 rigoureux afin de garantir la stabilit\u00e9 et la fiabilit\u00e9 des produits. En nous choisissant, vous b\u00e9n\u00e9ficierez de produits personnalis\u00e9s et <span style=\"color: #0000ff;\"><a style=\"color: #0000ff;\" href=\"https:\/\/ulpmat.com\/fr\/service\/support-technique\/\">d&rsquo;une assistance technique<\/a><\/span><br \/>\nqui vous aideront \u00e0 relever divers d\u00e9fis li\u00e9s \u00e0 vos applications.<\/p>\n","protected":false},"excerpt":{"rendered":"<p>Pr\u00e9sentation des cibles de pulv\u00e9risation en alliage chrome-niobium Les cibles de pulv\u00e9risation en alliage chrome-niobium sont compos\u00e9es d&rsquo;un alliage de chrome et de niobium, qui pr\u00e9sente une excellente stabilit\u00e9 \u00e0 haute temp\u00e9rature et une excellente r\u00e9sistance \u00e0 la corrosion. Elles sont largement utilis\u00e9es dans le d\u00e9p\u00f4t de couches minces dans les semi-conducteurs , l&rsquo;\u00e9nergie solaire [&hellip;]<\/p>\n","protected":false},"featured_media":51195,"template":"","meta":{"_acf_changed":false},"product_brand":[132],"product_cat":[560],"product_tag":[7694],"class_list":{"0":"post-51191","1":"product","2":"type-product","3":"status-publish","4":"has-post-thumbnail","6":"product_brand-ulpmat","7":"product_cat-cible-de-pulverisation-dalliage","8":"product_tag-alliage-de-chrome-et-de-niobium-cible-de-pulverisation","10":"first","11":"instock","12":"shipping-taxable","13":"product-type-variable"},"acf":[],"_links":{"self":[{"href":"https:\/\/ulpmat.com\/fr\/wp-json\/wp\/v2\/product\/51191","targetHints":{"allow":["GET"]}}],"collection":[{"href":"https:\/\/ulpmat.com\/fr\/wp-json\/wp\/v2\/product"}],"about":[{"href":"https:\/\/ulpmat.com\/fr\/wp-json\/wp\/v2\/types\/product"}],"wp:featuredmedia":[{"embeddable":true,"href":"https:\/\/ulpmat.com\/fr\/wp-json\/wp\/v2\/media\/51195"}],"wp:attachment":[{"href":"https:\/\/ulpmat.com\/fr\/wp-json\/wp\/v2\/media?parent=51191"}],"wp:term":[{"taxonomy":"product_brand","embeddable":true,"href":"https:\/\/ulpmat.com\/fr\/wp-json\/wp\/v2\/product_brand?post=51191"},{"taxonomy":"product_cat","embeddable":true,"href":"https:\/\/ulpmat.com\/fr\/wp-json\/wp\/v2\/product_cat?post=51191"},{"taxonomy":"product_tag","embeddable":true,"href":"https:\/\/ulpmat.com\/fr\/wp-json\/wp\/v2\/product_tag?post=51191"}],"curies":[{"name":"wp","href":"https:\/\/api.w.org\/{rel}","templated":true}]}}