{"id":51170,"date":"2026-01-06T11:35:50","date_gmt":"2026-01-06T03:35:50","guid":{"rendered":"https:\/\/ulpmat.com\/product\/alliage-chrome-nickel\/"},"modified":"2026-01-06T11:35:50","modified_gmt":"2026-01-06T03:35:50","slug":"alliage-chrome-nickel","status":"publish","type":"product","link":"https:\/\/ulpmat.com\/fr\/produit\/alliage-chrome-nickel\/","title":{"rendered":"Alliage chrome-nickel"},"content":{"rendered":"<h2><span style=\"font-size: 14pt;\">Cibles de pulv\u00e9risation en alliage chrome-nickel &#8211; Pr\u00e9sentation<\/span><\/h2>\n<p>Les cibles de pulv\u00e9risation<br \/>\n<span style=\"color: #0000ff;\"><a style=\"color: #0000ff;\" href=\"https:\/\/ulpmat.com\/fr\/recherche\/?type=name&#038;keyword=Chromium+Nickel+Alloy\">en alliage chrome-nickel<\/a><\/span><br \/>\nsont des mat\u00e9riaux haute performance compos\u00e9s d&rsquo;un alliage de chrome et de nickel, qui pr\u00e9sentent une excellente r\u00e9sistance \u00e0 la corrosion et une bonne conductivit\u00e9 \u00e9lectrique. Elles sont largement utilis\u00e9es dans le d\u00e9p\u00f4t de couches minces, les rev\u00eatements <span style=\"color: #0000ff;\"><a style=\"color: #0000ff;\" href=\"https:\/\/ulpmat.com\/fr\/candidature\/materiaux-optiques\/\">optiques<\/a><\/span><br \/>\net les dispositifs \u00e9lectroniques, et sont particuli\u00e8rement adapt\u00e9es aux environnements exigeant une r\u00e9sistance \u00e9lev\u00e9e et une r\u00e9sistance aux temp\u00e9ratures \u00e9lev\u00e9es.<\/p>\n<p>Nous proposons des cibles de pulv\u00e9risation en alliage chrome-nickel de haute qualit\u00e9 pour r\u00e9pondre aux exigences de divers domaines en mati\u00e8re de d\u00e9p\u00f4t et de rev\u00eatement de couches minces. Pour toute question ou besoin <span style=\"color: #0000ff;\"><a style=\"color: #0000ff;\" href=\"https:\/\/ulpmat.com\/fr\/service\/personnalisation\/\">de personnalisation<\/a><\/span><br \/>\n, veuillez <span style=\"color: #0000ff;\"><a style=\"color: #0000ff;\" href=\"https:\/\/ulpmat.com\/fr\/contactez-nous\/\">nous contacter,<\/a><\/span><br \/>\nnous vous fournirons le meilleur produit et <span style=\"color: #0000ff;\"><a style=\"color: #0000ff;\" href=\"https:\/\/ulpmat.com\/fr\/service\/support-technique\/\">le<\/a><\/span><br \/>\nmeilleur <span style=\"color: #0000ff;\"><a style=\"color: #0000ff;\" href=\"https:\/\/ulpmat.com\/fr\/service\/support-technique\/\">support technique.<\/a><\/span><\/p>\n<h2><span style=\"font-size: 14pt;\">Points forts du produit<\/span><\/h2>\n<p>Excellente r\u00e9sistance \u00e0 la corrosion<br \/>\nHaute r\u00e9sistance et bonne conductivit\u00e9 \u00e9lectrique<br \/>\nExcellente efficacit\u00e9 de pulv\u00e9risation<br \/>\nPermet un d\u00e9p\u00f4t de couches minces tr\u00e8s uniformes<br \/>\nForte stabilit\u00e9 \u00e0 haute temp\u00e9rature Sp\u00e9cifications et dimensions<br \/>\n<span style=\"color: #0000ff;\"><a style=\"color: #0000ff;\" href=\"https:\/\/ulpmat.com\/fr\/service\/personnalisation\/\">personnalisables<\/a><\/span><\/p>\n<h2><span style=\"font-size: 14pt;\">Applications des cibles de pulv\u00e9risation en alliage chrome-nickel<\/span><\/h2>\n<p><strong>D\u00e9p\u00f4t de couches minces :<\/strong><br \/>\nces cibles sont largement utilis\u00e9es dans les industries des semi-conducteurs, de l&rsquo;opto\u00e9lectronique et des cellules solaires, permettant un d\u00e9p\u00f4t efficace de couches minces uniformes afin d&rsquo;am\u00e9liorer la stabilit\u00e9 et les performances des dispositifs.<\/p>\n<p><strong>Rev\u00eatement <span style=\"color: #0000ff;\"><a style=\"color: #0000ff;\" href=\"https:\/\/ulpmat.com\/fr\/candidature\/materiaux-optiques\/\">optique<\/a><\/span> :<\/strong><br \/>\nces cibles sont couramment utilis\u00e9es dans les rev\u00eatements optiques, pour le d\u00e9p\u00f4t de films r\u00e9fl\u00e9chissants et antireflets de haute qualit\u00e9, largement utilis\u00e9s dans les lasers, les lentilles optiques et d&rsquo;autres dispositifs afin d&rsquo;am\u00e9liorer leurs performances optiques.<\/p>\n<p><strong>Dispositifs \u00e9lectroniques :<\/strong><br \/>\nles cibles sont utilis\u00e9es dans les dispositifs \u00e9lectroniques pour cr\u00e9er des couches conductrices, offrant une conductivit\u00e9 et une stabilit\u00e9 \u00e9lev\u00e9es, ce qui les rend adapt\u00e9es \u00e0 la fabrication de circuits int\u00e9gr\u00e9s, de capteurs et d&rsquo;autres dispositifs.<\/p>\n<p><strong>Rev\u00eatements haute temp\u00e9rature :<\/strong><br \/>\ncette cible en alliage pr\u00e9sente une excellente stabilit\u00e9 \u00e0 haute temp\u00e9rature, offrant des rev\u00eatements r\u00e9sistants \u00e0 l&rsquo;usure et \u00e0 la corrosion dans des environnements \u00e0 haute temp\u00e9rature. Elle est largement utilis\u00e9e dans l&rsquo;a\u00e9rospatiale, les \u00e9quipements \u00e9nerg\u00e9tiques et d&rsquo;autres domaines.<br \/>\nFAQ<br \/>\nQ1 : Quelle est l&rsquo;efficacit\u00e9 de pulv\u00e9risation de la cible de pulv\u00e9risation en alliage chrome-nickel ?<br \/>\nA1 : La cible pr\u00e9sente une efficacit\u00e9 de pulv\u00e9risation \u00e9lev\u00e9e, capable de g\u00e9n\u00e9rer des films uniformes et stables en peu de temps, ce qui la rend id\u00e9ale pour le d\u00e9p\u00f4t de films minces \u00e0 haut rendement et la production \u00e0 grande \u00e9chelle.<\/p>\n<p>Q2 : Quelles pr\u00e9cautions faut-il prendre lors de l&rsquo;utilisation de cibles de pulv\u00e9risation en alliage chrome-nickel ?<br \/>\nR2 : Pendant l&rsquo;utilisation, il est recommand\u00e9 de maintenir la surface de la cible propre afin d&rsquo;\u00e9viter que des contaminants n&rsquo;affectent la qualit\u00e9 du film. Parall\u00e8lement, la temp\u00e9rature et l&rsquo;atmosph\u00e8re de l&rsquo;environnement de pulv\u00e9risation doivent \u00eatre contr\u00f4l\u00e9es afin de garantir des r\u00e9sultats de d\u00e9p\u00f4t optimaux.<\/p>\n<p>Q3 : Comment s&rsquo;effectue <span style=\"color: #0000ff;\"><a style=\"color: #0000ff;\" href=\"https:\/\/ulpmat.com\/fr\/service\/collage-des-cibles\/\">la liaison<\/a><\/span><br \/>\nentre la plaque arri\u00e8re et la cible en alliage chrome-nickel ?<br \/>\nA3 : La liaison entre la plaque arri\u00e8re et la cible s&rsquo;effectue g\u00e9n\u00e9ralement \u00e0 l&rsquo;aide de techniques de soudage ou d&rsquo;adh\u00e9sifs afin de garantir que la cible est solidement fix\u00e9e \u00e0 la plaque arri\u00e8re, ce qui assure des r\u00e9sultats de pulv\u00e9risation stables. Nous proposons diverses technologies de liaison et fournissons des solutions adapt\u00e9es \u00e0 diff\u00e9rents besoins.<\/p>\n<p>Q4 : Comment les cibles de pulv\u00e9risation en alliage chrome-nickel se comportent-elles dans des environnements \u00e0 haute temp\u00e9rature ?<br \/>\nR4 : Les cibles pr\u00e9sentent une excellente r\u00e9sistance aux temp\u00e9ratures \u00e9lev\u00e9es, conservant une bonne stabilit\u00e9 de pulv\u00e9risation m\u00eame dans des conditions de temp\u00e9rature \u00e9lev\u00e9e, ce qui les rend adapt\u00e9es aux rev\u00eatements \u00e0 haute temp\u00e9rature et aux applications d&rsquo;alliages haute performance.<\/p>\n<h2><span style=\"font-size: 14pt;\">Rapports<\/span><\/h2>\n<p>Chaque lot est fourni avec :<br \/>\n<span style=\"color: #0000ff;\"><a style=\"color: #0000ff;\" href=\"https:\/\/ulpmat.com\/fr\/documents\/certificat-danalyse\/\"><u>Certificat d&rsquo;analyse (COA)<\/u><\/a><\/span><\/p>\n<p><span style=\"color: #0000ff;\"><a style=\"color: #0000ff;\" href=\"https:\/\/ulpmat.com\/fr\/documents\/fiche-technique\/\"><u>Fiche technique (TDS)<\/u><\/a><\/span><\/p>\n<p><span style=\"color: #0000ff;\"><a style=\"color: #0000ff;\" href=\"https:\/\/ulpmat.com\/fr\/documents\/fiche-de-donnees-de-securite\/\"><u>Fiche de donn\u00e9es de s\u00e9curit\u00e9 (MSDS)<\/u><\/a><\/span><br \/>\nRapport d&rsquo;inspection des dimensions<br \/>\nRapports d&rsquo;essais par des tiers disponibles sur demande<\/p>\n<h2><span style=\"font-size: 14pt;\">Pourquoi nous choisir ?<\/span><\/h2>\n<p>Forts de nos nombreuses ann\u00e9es d&rsquo;exp\u00e9rience dans le secteur, nous fournissons des cibles de pulv\u00e9risation en alliage chrome-nickel de haute qualit\u00e9 et nous nous engageons \u00e0 fournir des services personnalis\u00e9s et <span style=\"color: #0000ff;\"><a style=\"color: #0000ff;\" href=\"https:\/\/ulpmat.com\/fr\/service\/support-technique\/\">une assistance technique<\/a><\/span><br \/>\ncompl\u00e8te<span style=\"color: #0000ff;\"><a style=\"color: #0000ff;\" href=\"https:\/\/ulpmat.com\/fr\/service\/support-technique\/\">.<\/a><\/span><br \/>\nEn nous choisissant, vous b\u00e9n\u00e9ficierez de produits fiables, de d\u00e9lais de livraison rapides et <span style=\"color: #0000ff;\"><a style=\"color: #0000ff;\" href=\"https:\/\/ulpmat.com\/fr\/service\/service-apres-vente\/\">d&rsquo;un<\/a><\/span><br \/>\nexcellent <span style=\"color: #0000ff;\"><a style=\"color: #0000ff;\" href=\"https:\/\/ulpmat.com\/fr\/service\/service-apres-vente\/\">service apr\u00e8s-vente<\/a><\/span><br \/>\npour vous aider \u00e0 mener \u00e0 bien vos projets.<\/p>\n","protected":false},"excerpt":{"rendered":"<p>Cibles de pulv\u00e9risation en alliage chrome-nickel &#8211; Pr\u00e9sentation Les cibles de pulv\u00e9risation en alliage chrome-nickel sont des mat\u00e9riaux haute performance compos\u00e9s d&rsquo;un alliage de chrome et de nickel, qui pr\u00e9sentent une excellente r\u00e9sistance \u00e0 la corrosion et une bonne conductivit\u00e9 \u00e9lectrique. Elles sont largement utilis\u00e9es dans le d\u00e9p\u00f4t de couches minces, les rev\u00eatements optiques et [&hellip;]<\/p>\n","protected":false},"featured_media":51171,"template":"","meta":{"_acf_changed":false},"product_brand":[132],"product_cat":[560],"product_tag":[7687],"class_list":{"0":"post-51170","1":"product","2":"type-product","3":"status-publish","4":"has-post-thumbnail","6":"product_brand-ulpmat","7":"product_cat-cible-de-pulverisation-dalliage","8":"product_tag-cible-de-pulverisation-cathodique-en-alliage-chrome-nickel","10":"first","11":"instock","12":"shipping-taxable","13":"product-type-variable"},"acf":[],"_links":{"self":[{"href":"https:\/\/ulpmat.com\/fr\/wp-json\/wp\/v2\/product\/51170","targetHints":{"allow":["GET"]}}],"collection":[{"href":"https:\/\/ulpmat.com\/fr\/wp-json\/wp\/v2\/product"}],"about":[{"href":"https:\/\/ulpmat.com\/fr\/wp-json\/wp\/v2\/types\/product"}],"wp:featuredmedia":[{"embeddable":true,"href":"https:\/\/ulpmat.com\/fr\/wp-json\/wp\/v2\/media\/51171"}],"wp:attachment":[{"href":"https:\/\/ulpmat.com\/fr\/wp-json\/wp\/v2\/media?parent=51170"}],"wp:term":[{"taxonomy":"product_brand","embeddable":true,"href":"https:\/\/ulpmat.com\/fr\/wp-json\/wp\/v2\/product_brand?post=51170"},{"taxonomy":"product_cat","embeddable":true,"href":"https:\/\/ulpmat.com\/fr\/wp-json\/wp\/v2\/product_cat?post=51170"},{"taxonomy":"product_tag","embeddable":true,"href":"https:\/\/ulpmat.com\/fr\/wp-json\/wp\/v2\/product_tag?post=51170"}],"curies":[{"name":"wp","href":"https:\/\/api.w.org\/{rel}","templated":true}]}}