{"id":51123,"date":"2026-01-06T11:35:50","date_gmt":"2026-01-06T03:35:50","guid":{"rendered":"https:\/\/ulpmat.com\/product\/siliciure-de-chrome-3\/"},"modified":"2026-01-06T11:35:50","modified_gmt":"2026-01-06T03:35:50","slug":"siliciure-de-chrome-3","status":"publish","type":"product","link":"https:\/\/ulpmat.com\/fr\/produit\/siliciure-de-chrome-3\/","title":{"rendered":"Siliciure de chrome"},"content":{"rendered":"<h2><span style=\"font-size: 14pt;\">Pr\u00e9sentation des granul\u00e9s de siliciure de chrome<\/span><\/h2>\n<p>Les granul\u00e9s<br \/>\n<span style=\"color: #0000ff;\"><a style=\"color: #0000ff;\" href=\"https:\/\/ulpmat.com\/fr\/recherche\/?type=name&#038;keyword=Chromium+Silicide\">de siliciure de chrome<\/a><\/span><br \/>\n, compos\u00e9s de silicium et de chrome, poss\u00e8dent une excellente stabilit\u00e9 \u00e0 haute temp\u00e9rature et une excellente r\u00e9sistance \u00e0 la corrosion. Ils sont largement utilis\u00e9s dans la production de mat\u00e9riaux haute temp\u00e9rature, de composants \u00e9lectroniques et d&rsquo;alliages. Ils am\u00e9liorent non seulement efficacement les performances des produits, mais maintiennent \u00e9galement leur stabilit\u00e9 dans des conditions environnementales difficiles.<\/p>\n<p>Nous proposons des granul\u00e9s CrSi2 sp\u00e9cialement con\u00e7us pour les applications \u00e0 haute temp\u00e9rature et haute r\u00e9sistance afin de r\u00e9pondre \u00e0 vos exigences techniques. N&rsquo;h\u00e9sitez pas \u00e0 <span style=\"color: #0000ff;\"><a style=\"color: #0000ff;\" href=\"https:\/\/ulpmat.com\/fr\/contactez-nous\/\">nous contacter<\/a><\/span><br \/>\npour toute question ou demande <span style=\"color: #0000ff;\"><a style=\"color: #0000ff;\" href=\"https:\/\/ulpmat.com\/fr\/service\/personnalisation\/\">de personnalisation<\/a><\/span><br \/>\n.<\/p>\n<h2><span style=\"font-size: 14pt;\">Points forts du produit<\/span><\/h2>\n<p>Excellente stabilit\u00e9 \u00e0 haute temp\u00e9rature<br \/>\nExcellente r\u00e9sistance \u00e0 la corrosion<br \/>\nBonne r\u00e9sistance m\u00e9canique<br \/>\nR\u00e9sistance \u00e0 l&rsquo;usure et \u00e0 l&rsquo;oxydation am\u00e9lior\u00e9e<br \/>\nConductivit\u00e9 thermique tr\u00e8s efficace<br \/>\nSp\u00e9cifications personnalis\u00e9es pour r\u00e9pondre \u00e0 divers besoins<\/p>\n<h2><span style=\"font-size: 14pt;\">Applications des granul\u00e9s de siliciure de chrome<\/span><\/h2>\n<p><strong>Mat\u00e9riaux haute temp\u00e9rature :<\/strong><br \/>\nces particules pr\u00e9sentent une excellente stabilit\u00e9 \u00e0 haute temp\u00e9rature et sont largement utilis\u00e9es dans la production d&rsquo;alliages haute temp\u00e9rature, conservant d&rsquo;excellentes propri\u00e9t\u00e9s physiques m\u00eame \u00e0 des temp\u00e9ratures extr\u00eames.<\/p>\n<p><strong>Composants \u00e9lectroniques :<\/strong><br \/>\nces particules sont couramment utilis\u00e9es dans la fabrication de composants \u00e9lectroniques en tant que mat\u00e9riaux conducteurs ou thermoconducteurs, am\u00e9liorant la stabilit\u00e9 thermique et les performances des appareils.<\/p>\n<p><strong>Rev\u00eatements r\u00e9sistants \u00e0 l&rsquo;usure :<\/strong><br \/>\nlargement utilis\u00e9es dans la technologie des rev\u00eatements, ces particules am\u00e9liorent la r\u00e9sistance \u00e0 l&rsquo;usure et \u00e0 l&rsquo;oxydation des surfaces, ce qui les rend adapt\u00e9es aux pi\u00e8ces m\u00e9caniques, aux outils et aux appareils a\u00e9rospatiaux.<\/p>\n<p><strong>Industrie m\u00e9tallurgique :<\/strong><br \/>\nen tant qu&rsquo;additif dans l&rsquo;industrie m\u00e9tallurgique, ces granul\u00e9s contribuent \u00e0 am\u00e9liorer la t\u00e9nacit\u00e9 et la r\u00e9sistance \u00e0 la corrosion des alliages et sont largement utilis\u00e9s dans la production d&rsquo;acier, d&rsquo;alliages d&rsquo;aluminium, etc.<\/p>\n<h2><span style=\"color: #0000ff;\"><a style=\"color: #0000ff;\" href=\"https:\/\/ulpmat.com\/fr\/societe\/faq\/\"><span style=\"font-size: 14pt;\">FAQ<\/span><\/a><\/span><\/h2>\n<p>Q1 : Quelles sont les exigences en mati\u00e8re d&#8217;emballage et de stockage des granul\u00e9s de siliciure de chrome ?<br \/>\nA1 : Un emballage professionnel est utilis\u00e9 pour garantir qu&rsquo;aucun dommage ne survienne pendant le transport. Il est recommand\u00e9 de le stocker dans un environnement sec et frais, en \u00e9vitant l&rsquo;humidit\u00e9 et les fortes variations de temp\u00e9rature afin de garantir que sa qualit\u00e9 ne soit pas affect\u00e9e.<\/p>\n<p>Q2 : Quels sont les domaines d&rsquo;application des granul\u00e9s de siliciure de chrome ?<br \/>\nR2 : Largement utilis\u00e9s dans la fabrication d&rsquo;alliages \u00e0 haute temp\u00e9rature, les composants \u00e9lectroniques, la technologie de rev\u00eatement et l&rsquo;industrie m\u00e9tallurgique, ils sont particuli\u00e8rement adapt\u00e9s \u00e0 une utilisation dans des environnements extr\u00eames.<\/p>\n<p>Q3 : Comment garantissez-vous la puret\u00e9 et la qualit\u00e9 des granul\u00e9s de siliciure de chrome ?<br \/>\nR3 : Nous adoptons un syst\u00e8me de contr\u00f4le qualit\u00e9 strict, effectuant des tests rigoureux \u00e0 chaque \u00e9tape, de l&rsquo;approvisionnement en mati\u00e8res premi\u00e8res \u00e0 la production, afin de garantir que la puret\u00e9 et la qualit\u00e9 des granul\u00e9s r\u00e9pondent aux normes.<\/p>\n<p>Q4 : Quelles sont les caract\u00e9ristiques de performance des granul\u00e9s de CrSi2 \u00e0 haute temp\u00e9rature ?<br \/>\nA4 : Ils pr\u00e9sentent une excellente stabilit\u00e9 et une excellente r\u00e9sistance \u00e0 la corrosion dans les environnements \u00e0 haute temp\u00e9rature, sont capables de r\u00e9sister \u00e0 des conditions de fonctionnement difficiles \u00e0 haute temp\u00e9rature et conviennent aux applications \u00e0 haute temp\u00e9rature.<\/p>\n<h2><span style=\"font-size: 14pt;\">Rapports<\/span><\/h2>\n<p>Chaque lot est fourni avec :<br \/>\n<span style=\"color: #0000ff;\"><a style=\"color: #0000ff;\" href=\"https:\/\/ulpmat.com\/fr\/documents\/certificat-danalyse\/\"><u>Certificat d&rsquo;analyse (COA)<\/u><\/a><\/span><\/p>\n<p><span style=\"color: #0000ff;\"><a style=\"color: #0000ff;\" href=\"https:\/\/ulpmat.com\/fr\/documents\/fiche-technique\/\"><u>Fiche technique (TDS)<\/u><\/a><\/span><\/p>\n<p><span style=\"color: #0000ff;\"><a style=\"color: #0000ff;\" href=\"https:\/\/ulpmat.com\/fr\/documents\/fiche-de-donnees-de-securite\/\"><u>Fiche de donn\u00e9es de s\u00e9curit\u00e9 (MSDS)<\/u><\/a><\/span><br \/>\nRapport d&rsquo;inspection des dimensions<br \/>\nRapports d&rsquo;essais effectu\u00e9s par des tiers disponibles sur demande<\/p>\n<h2><span style=\"font-size: 14pt;\">Pourquoi nous choisir ?<\/span><\/h2>\n<p>Nous sommes sp\u00e9cialis\u00e9s dans la production de granul\u00e9s CrSi2 et disposons de processus de production avanc\u00e9s et d&rsquo;un syst\u00e8me de contr\u00f4le qualit\u00e9 rigoureux. En nous choisissant, vous b\u00e9n\u00e9ficierez de produits de haute qualit\u00e9 et de services personnalis\u00e9s, tout en profitant <span style=\"color: #0000ff;\"><a style=\"color: #0000ff;\" href=\"https:\/\/ulpmat.com\/fr\/service\/support-technique\/\">d&rsquo;une assistance technique<\/a><\/span><br \/>\ncompl\u00e8te pour vous aider \u00e0 mener \u00e0 bien vos projets.<\/p>\n","protected":false},"excerpt":{"rendered":"<p>Pr\u00e9sentation des granul\u00e9s de siliciure de chrome Les granul\u00e9s de siliciure de chrome , compos\u00e9s de silicium et de chrome, poss\u00e8dent une excellente stabilit\u00e9 \u00e0 haute temp\u00e9rature et une excellente r\u00e9sistance \u00e0 la corrosion. Ils sont largement utilis\u00e9s dans la production de mat\u00e9riaux haute temp\u00e9rature, de composants \u00e9lectroniques et d&rsquo;alliages. Ils am\u00e9liorent non seulement efficacement [&hellip;]<\/p>\n","protected":false},"featured_media":51126,"template":"","meta":{"_acf_changed":false},"product_brand":[132],"product_cat":[296],"product_tag":[7675],"class_list":{"0":"post-51123","1":"product","2":"type-product","3":"status-publish","4":"has-post-thumbnail","6":"product_brand-ulpmat","7":"product_cat-materiaux-devaporation","8":"product_tag-siliciure-de-chrome-en-granules","10":"first","11":"instock","12":"shipping-taxable","13":"product-type-variable"},"acf":[],"_links":{"self":[{"href":"https:\/\/ulpmat.com\/fr\/wp-json\/wp\/v2\/product\/51123","targetHints":{"allow":["GET"]}}],"collection":[{"href":"https:\/\/ulpmat.com\/fr\/wp-json\/wp\/v2\/product"}],"about":[{"href":"https:\/\/ulpmat.com\/fr\/wp-json\/wp\/v2\/types\/product"}],"wp:featuredmedia":[{"embeddable":true,"href":"https:\/\/ulpmat.com\/fr\/wp-json\/wp\/v2\/media\/51126"}],"wp:attachment":[{"href":"https:\/\/ulpmat.com\/fr\/wp-json\/wp\/v2\/media?parent=51123"}],"wp:term":[{"taxonomy":"product_brand","embeddable":true,"href":"https:\/\/ulpmat.com\/fr\/wp-json\/wp\/v2\/product_brand?post=51123"},{"taxonomy":"product_cat","embeddable":true,"href":"https:\/\/ulpmat.com\/fr\/wp-json\/wp\/v2\/product_cat?post=51123"},{"taxonomy":"product_tag","embeddable":true,"href":"https:\/\/ulpmat.com\/fr\/wp-json\/wp\/v2\/product_tag?post=51123"}],"curies":[{"name":"wp","href":"https:\/\/api.w.org\/{rel}","templated":true}]}}