{"id":50923,"date":"2026-01-08T14:45:05","date_gmt":"2026-01-08T06:45:05","guid":{"rendered":"https:\/\/ulpmat.com\/product\/vanadium-metal-5\/"},"modified":"2026-01-08T14:45:05","modified_gmt":"2026-01-08T06:45:05","slug":"vanadium-metal-5","status":"publish","type":"product","link":"https:\/\/ulpmat.com\/fr\/produit\/vanadium-metal-5\/","title":{"rendered":"Vanadium m\u00e9tal"},"content":{"rendered":"<h2><span style=\"font-size: 14pt;\">Pr\u00e9sentation de la feuille m\u00e9tallique de vanadium<\/span><\/h2>\n<p>La feuille<br \/>\n<span style=\"color: #0000ff;\"><a style=\"color: #0000ff;\" href=\"https:\/\/ulpmat.com\/fr\/recherche\/?type=name&#038;keyword=Vanadium+metal\">m\u00e9tallique de vanadium<\/a><\/span><br \/>\nposs\u00e8de une excellente r\u00e9sistance \u00e0 la corrosion et une grande solidit\u00e9, ce qui la rend tr\u00e8s utilis\u00e9e dans l&rsquo;a\u00e9rospatiale, <span style=\"color: #0000ff;\"><a style=\"color: #0000ff;\" href=\"https:\/\/ulpmat.com\/fr\/candidature\/materiaux-de-la-batterie\/\">les batteries<\/a><\/span><br \/>\net la production d&rsquo;alliages \u00e0 haute temp\u00e9rature. Sa conductivit\u00e9 \u00e9lectrique \u00e9lev\u00e9e et sa r\u00e9sistance aux temp\u00e9ratures \u00e9lev\u00e9es la rendent indispensable dans les domaines de haute technologie.<\/p>\n<p>Nous proposons des feuilles m\u00e9talliques de vanadium personnalis\u00e9es pour r\u00e9pondre aux divers besoins industriels. <span style=\"color: #0000ff;\"><a style=\"color: #0000ff;\" href=\"https:\/\/ulpmat.com\/fr\/contactez-nous\/\">Contactez-nous<\/a><\/span><br \/>\npour obtenir des informations d\u00e9taill\u00e9es et <span style=\"color: #0000ff;\"><a style=\"color: #0000ff;\" href=\"https:\/\/ulpmat.com\/fr\/service\/support-technique\/\">une assistance technique<\/a><\/span><br \/>\n.<\/p>\n<h2><span style=\"font-size: 14pt;\">Points forts du produit<\/span><\/h2>\n<p>Excellente r\u00e9sistance \u00e0 la corrosion<br \/>\nGrande solidit\u00e9 et t\u00e9nacit\u00e9<br \/>\nBonne conductivit\u00e9 \u00e9lectrique<br \/>\nR\u00e9sistance aux temp\u00e9ratures \u00e9lev\u00e9es<br \/>\nPropri\u00e9t\u00e9s m\u00e9caniques stables Sp\u00e9cifications<br \/>\n<span style=\"color: #0000ff;\"><a style=\"color: #0000ff;\" href=\"https:\/\/ulpmat.com\/fr\/service\/personnalisation\/\">personnalisables<\/a><\/span><br \/>\npour r\u00e9pondre \u00e0 diff\u00e9rents besoins<\/p>\n<h2><span style=\"font-size: 14pt;\">Applications de la feuille m\u00e9tallique de vanadium<\/span><\/h2>\n<p><strong>A\u00e9rospatiale :<\/strong><br \/>\nutilis\u00e9e dans les composants structurels des avions et des engins spatiaux, elle offre des performances fiables \u00e0 haute temp\u00e9rature et une r\u00e9sistance \u00e0 la corrosion, garantissant un fonctionnement stable \u00e0 long terme des avions.<\/p>\n<p><strong>Fabrication <span style=\"color: #0000ff;\"><a style=\"color: #0000ff;\" href=\"https:\/\/ulpmat.com\/fr\/candidature\/materiaux-de-la-batterie\/\">de batteries<\/a><\/span> :<\/strong><br \/>\nla feuille m\u00e9tallique de vanadium joue un r\u00f4le crucial dans les batteries redox \u00e0 flux de vanadium et les batteries au lithium, offrant une efficacit\u00e9 \u00e9nerg\u00e9tique et une dur\u00e9e de vie accrues.<\/p>\n<p><strong>Production d&rsquo;alliages haute temp\u00e9rature :<\/strong><br \/>\nutilis\u00e9 dans la fabrication d&rsquo;alliages haute temp\u00e9rature adapt\u00e9s aux environnements \u00e0 haute temp\u00e9rature tels que les turbines \u00e0 gaz, contribuant \u00e0 am\u00e9liorer la dur\u00e9e de vie et la stabilit\u00e9 des composants m\u00e9caniques.<\/p>\n<p><strong>Industrie chimique :<\/strong><br \/>\nen raison de sa r\u00e9sistance \u00e0 la corrosion, le vanadium est utilis\u00e9 dans divers r\u00e9acteurs chimiques et syst\u00e8mes de traitement, prolongeant la dur\u00e9e de vie des \u00e9quipements et am\u00e9liorant l&rsquo;efficacit\u00e9 de la production.<\/p>\n<h2><span style=\"color: #0000ff;\"><a style=\"color: #0000ff;\" href=\"https:\/\/ulpmat.com\/fr\/societe\/faq\/\"><span style=\"font-size: 14pt;\">FAQ<\/span><\/a><\/span><\/h2>\n<p>Q1 : La feuille de vanadium peut-elle \u00eatre utilis\u00e9e \u00e0 des temp\u00e9ratures extr\u00eamement \u00e9lev\u00e9es ?<br \/>\nA1 : Oui, la feuille de vanadium a une r\u00e9sistance \u00e0 des temp\u00e9ratures extr\u00eamement \u00e9lev\u00e9es et peut fonctionner de mani\u00e8re stable dans des environnements allant jusqu&rsquo;\u00e0 1000 \u00b0C.<\/p>\n<p>Q2 : La feuille de vanadium convient-elle \u00e0 la fabrication de batteries ?<br \/>\nA2 : Oui, ce mat\u00e9riau est utilis\u00e9 dans les batteries \u00e0 flux et les batteries au lithium, am\u00e9liorant l&rsquo;efficacit\u00e9 et la dur\u00e9e de vie des batteries.<\/p>\n<p>Q3 : Quelle est la r\u00e9sistance \u00e0 la corrosion de la feuille de vanadium ?<br \/>\nR3 : Cette feuille pr\u00e9sente une excellente r\u00e9sistance \u00e0 la corrosion et est particuli\u00e8rement adapt\u00e9e aux \u00e9quipements fonctionnant dans des environnements chimiques et tr\u00e8s humides.<\/p>\n<p>Q4 : La feuille de vanadium peut-elle \u00eatre fournie dans des sp\u00e9cifications personnalis\u00e9es ?<br \/>\nR4 : Oui, nous proposons des produits de diff\u00e9rentes \u00e9paisseurs et tailles pour r\u00e9pondre aux besoins sp\u00e9cifiques de nos clients.<\/p>\n<h2><span style=\"font-size: 14pt;\">Rapports<\/span><\/h2>\n<p>Chaque lot est fourni avec :<br \/>\n<span style=\"color: #0000ff;\"><a style=\"color: #0000ff;\" href=\"https:\/\/ulpmat.com\/fr\/documents\/certificat-danalyse\/\"><u>Certificat d&rsquo;analyse (COA)<\/u><\/a><\/span><\/p>\n<p><span style=\"color: #0000ff;\"><a style=\"color: #0000ff;\" href=\"https:\/\/ulpmat.com\/fr\/documents\/fiche-technique\/\"><u>Fiche technique (TDS)<\/u><\/a><\/span><\/p>\n<p><span style=\"color: #0000ff;\"><a style=\"color: #0000ff;\" href=\"https:\/\/ulpmat.com\/fr\/documents\/fiche-de-donnees-de-securite\/\"><u>Fiche de donn\u00e9es de s\u00e9curit\u00e9 (MSDS)<\/u><\/a><\/span><br \/>\nRapport d&rsquo;inspection des dimensions<br \/>\nRapports d&rsquo;essais effectu\u00e9s par des tiers disponibles sur demande<\/p>\n<h2><span style=\"font-size: 14pt;\">Pourquoi nous choisir ?<\/span><\/h2>\n<p>Nous nous engageons \u00e0 fournir des produits en feuille de vanadium personnalis\u00e9s et de haute qualit\u00e9. Forts de nos nombreuses ann\u00e9es d&rsquo;exp\u00e9rience dans le secteur, nous sommes en mesure d&rsquo;offrir un soutien technique pr\u00e9cis et des solutions adapt\u00e9es aux besoins de nos clients. Nos produits sont d&rsquo;une qualit\u00e9 stable et livr\u00e9s dans les d\u00e9lais, ce qui nous vaut la confiance et les \u00e9loges de nombreux clients dans divers secteurs.<\/p>\n","protected":false},"excerpt":{"rendered":"<p>Pr\u00e9sentation de la feuille m\u00e9tallique de vanadium La feuille m\u00e9tallique de vanadium poss\u00e8de une excellente r\u00e9sistance \u00e0 la corrosion et une grande solidit\u00e9, ce qui la rend tr\u00e8s utilis\u00e9e dans l&rsquo;a\u00e9rospatiale, les batteries et la production d&rsquo;alliages \u00e0 haute temp\u00e9rature. Sa conductivit\u00e9 \u00e9lectrique \u00e9lev\u00e9e et sa r\u00e9sistance aux temp\u00e9ratures \u00e9lev\u00e9es la rendent indispensable dans les [&hellip;]<\/p>\n","protected":false},"featured_media":50924,"template":"","meta":{"_acf_changed":false},"product_brand":[132],"product_cat":[394],"product_tag":[7628],"class_list":{"0":"post-50923","1":"product","2":"type-product","3":"status-publish","4":"has-post-thumbnail","6":"product_brand-ulpmat","7":"product_cat-autres-materiaux","8":"product_tag-feuille-de-metal-au-vanadium","10":"first","11":"instock","12":"shipping-taxable","13":"product-type-variable"},"acf":[],"_links":{"self":[{"href":"https:\/\/ulpmat.com\/fr\/wp-json\/wp\/v2\/product\/50923","targetHints":{"allow":["GET"]}}],"collection":[{"href":"https:\/\/ulpmat.com\/fr\/wp-json\/wp\/v2\/product"}],"about":[{"href":"https:\/\/ulpmat.com\/fr\/wp-json\/wp\/v2\/types\/product"}],"wp:featuredmedia":[{"embeddable":true,"href":"https:\/\/ulpmat.com\/fr\/wp-json\/wp\/v2\/media\/50924"}],"wp:attachment":[{"href":"https:\/\/ulpmat.com\/fr\/wp-json\/wp\/v2\/media?parent=50923"}],"wp:term":[{"taxonomy":"product_brand","embeddable":true,"href":"https:\/\/ulpmat.com\/fr\/wp-json\/wp\/v2\/product_brand?post=50923"},{"taxonomy":"product_cat","embeddable":true,"href":"https:\/\/ulpmat.com\/fr\/wp-json\/wp\/v2\/product_cat?post=50923"},{"taxonomy":"product_tag","embeddable":true,"href":"https:\/\/ulpmat.com\/fr\/wp-json\/wp\/v2\/product_tag?post=50923"}],"curies":[{"name":"wp","href":"https:\/\/api.w.org\/{rel}","templated":true}]}}