{"id":50896,"date":"2026-01-08T14:45:06","date_gmt":"2026-01-08T06:45:06","guid":{"rendered":"https:\/\/ulpmat.com\/product\/vanadium-metal-4\/"},"modified":"2026-01-08T14:45:06","modified_gmt":"2026-01-08T06:45:06","slug":"vanadium-metal-4","status":"publish","type":"product","link":"https:\/\/ulpmat.com\/fr\/produit\/vanadium-metal-4\/","title":{"rendered":"Vanadium m\u00e9tal"},"content":{"rendered":"<h2><span style=\"font-size: 14pt;\">Pr\u00e9sentation des pastilles de vanadium m\u00e9tallique<\/span><\/h2>\n<p>Les pastilles<br \/>\n<span style=\"color: #0000ff;\"><a style=\"color: #0000ff;\" href=\"https:\/\/ulpmat.com\/fr\/recherche\/?type=name&#038;keyword=Vanadium+metal\">de vanadium m\u00e9tallique<\/a><\/span><br \/>\nsont une mati\u00e8re premi\u00e8re m\u00e9tallique r\u00e9put\u00e9e pour son point de fusion \u00e9lev\u00e9, sa grande r\u00e9sistance et ses excellentes capacit\u00e9s d&rsquo;alliage. Elles sont couramment utilis\u00e9es dans la pr\u00e9paration d&rsquo;alliages haute performance et de mat\u00e9riaux fonctionnels. Elles trouvent notamment des applications dans la pr\u00e9paration de cibles de pulv\u00e9risation, la fusion d&rsquo;aciers sp\u00e9ciaux, les mat\u00e9riaux de stockage d&rsquo;\u00e9nergie et la recherche et le d\u00e9veloppement de mat\u00e9riaux avanc\u00e9s.<\/p>\n<p>Nous pouvons fournir de mani\u00e8re stable des pastilles de vanadium m\u00e9tallique de diff\u00e9rentes tailles de particules selon les besoins des clients, adapt\u00e9es \u00e0 la fois \u00e0 la recherche et aux applications industrielles. Veuillez <span style=\"color: #0000ff;\"><a style=\"color: #0000ff;\" href=\"https:\/\/ulpmat.com\/fr\/contactez-nous\/\">nous contacter<\/a><\/span><br \/>\npour obtenir <span style=\"color: #0000ff;\"><a style=\"color: #0000ff;\" href=\"https:\/\/ulpmat.com\/fr\/service\/support-technique\/\">une assistance technique<\/a><\/span><br \/>\net des informations sur les \u00e9chantillons.<\/p>\n<h2><span style=\"font-size: 14pt;\">Points forts du produit<\/span><\/h2>\n<p>Activit\u00e9 m\u00e9tallique stable<br \/>\nMorphologie uniforme des particules<br \/>\nPoint de fusion \u00e9lev\u00e9 et haute r\u00e9sistance<br \/>\nConvient \u00e0 la refonte et \u00e0 l&rsquo;alliage<br \/>\nBonne adaptabilit\u00e9 au processus<br \/>\nPeut \u00eatre utilis\u00e9 pour la pr\u00e9paration de mati\u00e8res premi\u00e8res pour pulv\u00e9risation<\/p>\n<h2><span style=\"font-size: 14pt;\">Applications des pastilles de m\u00e9tal vanadium<\/span><\/h2>\n<p><strong>Pr\u00e9paration de cibles de pulv\u00e9risation :<\/strong><br \/>\nles pastilles de m\u00e9tal vanadium peuvent \u00eatre utilis\u00e9es comme mati\u00e8re premi\u00e8re pour les cibles de pulv\u00e9risation. Gr\u00e2ce \u00e0 la fusion, au moulage et \u00e0 l&rsquo;usinage, elles peuvent \u00eatre transform\u00e9es en cibles planes ou rotatives pour le d\u00e9p\u00f4t de films minces fonctionnels.<\/p>\n<p><strong>Additifs pour alliages \u00e0 base de vanadium et de fer :<\/strong><br \/>\ndans la production d&rsquo;aciers sp\u00e9ciaux et d&rsquo;alliages \u00e0 haute temp\u00e9rature, les pastilles de vanadium sont souvent utilis\u00e9es comme additifs d&rsquo;alliage pour affiner les grains et am\u00e9liorer la r\u00e9sistance et la r\u00e9sistance \u00e0 l&rsquo;usure des mat\u00e9riaux.<\/p>\n<p><strong>Recherche sur les nouvelles \u00e9nergies et les mat\u00e9riaux de stockage d&rsquo;\u00e9nergie :<\/strong><br \/>\nles mat\u00e9riaux li\u00e9s au vanadium ont une valeur significative dans les batteries \u00e0 flux et les syst\u00e8mes de stockage d&rsquo;\u00e9nergie. Les particules de vanadium m\u00e9tallique sont couramment utilis\u00e9es dans la synth\u00e8se de mat\u00e9riaux \u00e0 l&rsquo;\u00e9chelle exp\u00e9rimentale ou pilote.<\/p>\n<p><strong>Recherche scientifique et d\u00e9veloppement de mat\u00e9riaux :<\/strong><br \/>\nconvient aux d\u00e9partements <span style=\"color: #0000ff;\"><a style=\"color: #0000ff;\" href=\"https:\/\/ulpmat.com\/fr\/societe\/rd\/\">de R&amp;D<\/a><\/span><br \/>\ndes universit\u00e9s, des instituts de recherche et des entreprises pour la recherche fondamentale sur les nouveaux compos\u00e9s de vanadium, les compos\u00e9s interm\u00e9talliques et les mat\u00e9riaux fonctionnels.<\/p>\n<h2><span style=\"color: #0000ff; font-size: 14pt;\"><a style=\"color: #0000ff;\" href=\"https:\/\/ulpmat.com\/fr\/societe\/faq\/\"><strong>FAQ<\/strong><\/a><\/span><\/h2>\n<p>Q1 : Les particules de vanadium m\u00e9tallique peuvent-elles \u00eatre utilis\u00e9es directement dans les processus de pulv\u00e9risation ?<br \/>\nA1 : En g\u00e9n\u00e9ral, elles ne sont pas utilis\u00e9es directement pour la pulv\u00e9risation. Elles sont plut\u00f4t utilis\u00e9es comme mati\u00e8res premi\u00e8res pour la pr\u00e9paration des cibles. Apr\u00e8s avoir \u00e9t\u00e9 fondues et trait\u00e9es, elles sont transform\u00e9es en cibles de pulv\u00e9risation pour \u00eatre utilis\u00e9es.<\/p>\n<p>Q2 : Quelles pr\u00e9cautions faut-il prendre lors de l&rsquo;utilisation de particules de vanadium m\u00e9tallique ?<br \/>\nA2 : Il est recommand\u00e9 de les stocker et de les manipuler dans un environnement sec, inerte ou pauvre en oxyg\u00e8ne, en \u00e9vitant toute exposition prolong\u00e9e \u00e0 l&rsquo;air afin de r\u00e9duire l&rsquo;impact de l&rsquo;oxydation de surface sur les processus ult\u00e9rieurs.<\/p>\n<p>Q3 : Quelles m\u00e9thodes de fusion ou de traitement conviennent aux particules de vanadium m\u00e9tallique ?<br \/>\nR3 : Ce produit convient \u00e0 la fusion sous vide, \u00e0 la fusion sous atmosph\u00e8re protectrice et aux processus li\u00e9s \u00e0 la m\u00e9tallurgie des poudres. La m\u00e9thode sp\u00e9cifique peut \u00eatre choisie en fonction de l&rsquo;application finale.<\/p>\n<h2><span style=\"font-size: 14pt;\">Rapports<\/span><\/h2>\n<p>Chaque lot est fourni avec :<br \/>\n<span style=\"color: #0000ff;\"><a style=\"color: #0000ff;\" href=\"https:\/\/ulpmat.com\/fr\/documents\/certificat-danalyse\/\"><u>Certificat d&rsquo;analyse (COA)<\/u><\/a><\/span><\/p>\n<p><span style=\"color: #0000ff;\"><a style=\"color: #0000ff;\" href=\"https:\/\/ulpmat.com\/fr\/documents\/fiche-technique\/\"><u>Fiche technique (TDS)<\/u><\/a><\/span><\/p>\n<p><span style=\"color: #0000ff;\"><a style=\"color: #0000ff;\" href=\"https:\/\/ulpmat.com\/fr\/documents\/fiche-de-donnees-de-securite\/\"><u>Fiche de donn\u00e9es de s\u00e9curit\u00e9 (MSDS)<\/u><\/a><\/span><br \/>\nRapport d&rsquo;inspection des dimensions<br \/>\nRapports d&rsquo;essais par des tiers disponibles sur demande<\/p>\n<h2><span style=\"font-size: 14pt;\">Pourquoi nous choisir ?<\/span><\/h2>\n<p>Nous sommes sp\u00e9cialis\u00e9s dans l&rsquo;approvisionnement stable et \u00e0 long terme de mati\u00e8res premi\u00e8res pour les m\u00e9taux et les mat\u00e9riaux inorganiques. Nous connaissons bien les besoins pratiques des mat\u00e9riaux en vanadium dans les domaines de la pulv\u00e9risation, de l&rsquo;alliage et de la recherche scientifique. Nous pouvons fournir des produits d&rsquo;une qualit\u00e9 constante, une documentation technique claire et une assistance <span style=\"color: #0000ff;\"><a style=\"color: #0000ff;\" href=\"https:\/\/ulpmat.com\/fr\/service\/personnalisation\/\">personnalis\u00e9e<\/a><\/span><br \/>\nflexible afin d&rsquo;aider nos clients \u00e0 mener \u00e0 bien leurs projets de mani\u00e8re efficace.<\/p>\n","protected":false},"excerpt":{"rendered":"<p>Pr\u00e9sentation des pastilles de vanadium m\u00e9tallique Les pastilles de vanadium m\u00e9tallique sont une mati\u00e8re premi\u00e8re m\u00e9tallique r\u00e9put\u00e9e pour son point de fusion \u00e9lev\u00e9, sa grande r\u00e9sistance et ses excellentes capacit\u00e9s d&rsquo;alliage. Elles sont couramment utilis\u00e9es dans la pr\u00e9paration d&rsquo;alliages haute performance et de mat\u00e9riaux fonctionnels. Elles trouvent notamment des applications dans la pr\u00e9paration de cibles [&hellip;]<\/p>\n","protected":false},"featured_media":50900,"template":"","meta":{"_acf_changed":false},"product_brand":[132],"product_cat":[296],"product_tag":[7622],"class_list":{"0":"post-50896","1":"product","2":"type-product","3":"status-publish","4":"has-post-thumbnail","6":"product_brand-ulpmat","7":"product_cat-materiaux-devaporation","8":"product_tag-pellets-de-vanadium-metal","10":"first","11":"instock","12":"shipping-taxable","13":"product-type-variable"},"acf":[],"_links":{"self":[{"href":"https:\/\/ulpmat.com\/fr\/wp-json\/wp\/v2\/product\/50896","targetHints":{"allow":["GET"]}}],"collection":[{"href":"https:\/\/ulpmat.com\/fr\/wp-json\/wp\/v2\/product"}],"about":[{"href":"https:\/\/ulpmat.com\/fr\/wp-json\/wp\/v2\/types\/product"}],"wp:featuredmedia":[{"embeddable":true,"href":"https:\/\/ulpmat.com\/fr\/wp-json\/wp\/v2\/media\/50900"}],"wp:attachment":[{"href":"https:\/\/ulpmat.com\/fr\/wp-json\/wp\/v2\/media?parent=50896"}],"wp:term":[{"taxonomy":"product_brand","embeddable":true,"href":"https:\/\/ulpmat.com\/fr\/wp-json\/wp\/v2\/product_brand?post=50896"},{"taxonomy":"product_cat","embeddable":true,"href":"https:\/\/ulpmat.com\/fr\/wp-json\/wp\/v2\/product_cat?post=50896"},{"taxonomy":"product_tag","embeddable":true,"href":"https:\/\/ulpmat.com\/fr\/wp-json\/wp\/v2\/product_tag?post=50896"}],"curies":[{"name":"wp","href":"https:\/\/api.w.org\/{rel}","templated":true}]}}