{"id":50875,"date":"2026-01-08T14:45:06","date_gmt":"2026-01-08T06:45:06","guid":{"rendered":"https:\/\/ulpmat.com\/product\/vanadium-metal-3\/"},"modified":"2026-01-08T14:45:06","modified_gmt":"2026-01-08T06:45:06","slug":"vanadium-metal-3","status":"publish","type":"product","link":"https:\/\/ulpmat.com\/fr\/produit\/vanadium-metal-3\/","title":{"rendered":"Vanadium m\u00e9tal"},"content":{"rendered":"<h2><span style=\"font-size: 14pt;\">Pr\u00e9sentation de la poudre m\u00e9tallique de vanadium<\/span><\/h2>\n<p>La poudre<br \/>\n<span style=\"color: #0000ff;\"><a style=\"color: #0000ff;\" href=\"https:\/\/ulpmat.com\/fr\/recherche\/?type=name&#038;keyword=Vanadium+metal\">m\u00e9tallique de vanadium<\/a><\/span><br \/>\nest une mati\u00e8re premi\u00e8re m\u00e9tallique de base qui pr\u00e9sente d&rsquo;excellentes propri\u00e9t\u00e9s m\u00e9talliques et une excellente aptitude au traitement. Elle convient \u00e0 divers processus de synth\u00e8se et de formage des mat\u00e9riaux. Elle est couramment utilis\u00e9e dans la m\u00e9tallurgie des poudres, la pr\u00e9paration d&rsquo;alliages, la recherche sur les mat\u00e9riaux fonctionnels et les domaines de recherche industrielle et scientifique connexes.<\/p>\n<p>Nous pouvons fournir un approvisionnement stable en solutions de poudre m\u00e9tallique de vanadium afin de r\u00e9pondre \u00e0 diff\u00e9rents besoins d&rsquo;application. Veuillez <span style=\"color: #0000ff;\"><a style=\"color: #0000ff;\" href=\"https:\/\/ulpmat.com\/fr\/contactez-nous\/\">nous contacter<\/a><\/span><br \/>\npour obtenir des \u00e9chantillons et des informations techniques.<\/p>\n<h2><span style=\"font-size: 14pt;\">Points forts du produit<\/span><\/h2>\n<p>Morphologie uniforme de la poudre<br \/>\nFacile \u00e0 pr\u00e9parer et \u00e0 m\u00e9langer<br \/>\nAdaptable \u00e0 divers processus de formage<br \/>\nPropri\u00e9t\u00e9s m\u00e9talliques de base stables<br \/>\nConvient au traitement secondaire<br \/>\nPolyvalent pour la recherche et la production<\/p>\n<h2><span style=\"font-size: 14pt;\">Applications de la poudre m\u00e9tallique de vanadium<\/span><\/h2>\n<p><strong>Pr\u00e9paration de mat\u00e9riaux pour la m\u00e9tallurgie des poudres :<\/strong><br \/>\nla poudre m\u00e9tallique de vanadium convient aux processus de m\u00e9tallurgie des poudres tels que le pressage et le frittage, et peut \u00eatre utilis\u00e9e pour pr\u00e9parer des mat\u00e9riaux \u00e0 base de vanadium ou multim\u00e9talliques haute performance.<\/p>\n<p><strong>Synth\u00e8se d&rsquo;alliages et de mat\u00e9riaux interm\u00e9diaires :<\/strong><br \/>\ndans la recherche et la production d&rsquo;alliages, la poudre m\u00e9tallique de vanadium peut \u00eatre utilis\u00e9e comme mati\u00e8re premi\u00e8re pour am\u00e9liorer les propri\u00e9t\u00e9s m\u00e9caniques et structurelles des mat\u00e9riaux.<\/p>\n<p><strong>Recherche sur les mat\u00e9riaux fonctionnels et les nouveaux mat\u00e9riaux :<\/strong><br \/>\ncette poudre est largement utilis\u00e9e dans les laboratoires et les \u00e9tapes de recherche pour explorer le potentiel des mat\u00e9riaux li\u00e9s au vanadium en termes de structure, de propri\u00e9t\u00e9s et d&rsquo;applications.<\/p>\n<p><strong>Applications industrielles et scientifiques :<\/strong><br \/>\nconvient aux universit\u00e9s, aux instituts de recherche et aux d\u00e9partements de R&amp;D des entreprises pour la v\u00e9rification des processus, les exp\u00e9riences \u00e0 l&rsquo;\u00e9chelle pilote et l&rsquo;\u00e9valuation des performances des mat\u00e9riaux.<\/p>\n<h2><span style=\"color: #0000ff; font-size: 14pt;\"><a style=\"color: #0000ff;\" href=\"https:\/\/ulpmat.com\/fr\/societe\/faq\/\">FAQ<\/a><\/span><\/h2>\n<p>Q1 : \u00c0 quelles m\u00e9thodes de traitement la poudre de vanadium m\u00e9tallique est-elle adapt\u00e9e ?<br \/>\nA1 : Ce produit peut \u00eatre utilis\u00e9 dans divers processus tels que le pressage, le frittage et la granulation. La m\u00e9thode sp\u00e9cifique peut \u00eatre choisie en fonction de l&rsquo;application finale.<\/p>\n<p>Q2 : Quelles pr\u00e9cautions faut-il prendre lors du stockage de la poudre de vanadium m\u00e9tallique ?<br \/>\nA2 : Il est recommand\u00e9 de la stocker dans un environnement sec et herm\u00e9tique, en \u00e9vitant l&rsquo;humidit\u00e9 et une exposition prolong\u00e9e \u00e0 l&rsquo;air afin de maintenir la stabilit\u00e9 de la poudre.<\/p>\n<p>Q3 : La poudre de vanadium m\u00e9tallique convient-elle \u00e0 la recherche en laboratoire ?<br \/>\nA3 : Oui, ce produit pr\u00e9sente une bonne applicabilit\u00e9 dans le d\u00e9veloppement de mat\u00e9riaux, la v\u00e9rification des processus et les tests de performance.<\/p>\n<p>Q4 : Quelles sont les caract\u00e9ristiques de la poudre de vanadium m\u00e9tallique par rapport aux mat\u00e9riaux en vrac ou granulaires ?<br \/>\nA4 : La forme en poudre est plus propice \u00e0 un m\u00e9lange uniforme et \u00e0 un dosage fin, ce qui convient aux applications n\u00e9cessitant un contr\u00f4le pr\u00e9cis de la composition.<\/p>\n<h2><span style=\"font-size: 14pt;\">Rapports<\/span><\/h2>\n<p>Chaque lot est fourni avec :<br \/>\n<span style=\"color: #0000ff;\"><a style=\"color: #0000ff;\" href=\"https:\/\/ulpmat.com\/fr\/documents\/certificat-danalyse\/\"><u>Certificat d&rsquo;analyse (COA)<\/u><\/a><\/span><\/p>\n<p><span style=\"color: #0000ff;\"><a style=\"color: #0000ff;\" href=\"https:\/\/ulpmat.com\/fr\/documents\/fiche-technique\/\"><u>Fiche technique (TDS)<\/u><\/a><\/span><\/p>\n<p><span style=\"color: #0000ff;\"><a style=\"color: #0000ff;\" href=\"https:\/\/ulpmat.com\/fr\/documents\/fiche-de-donnees-de-securite\/\"><u>Fiche de donn\u00e9es de s\u00e9curit\u00e9 (MSDS)<\/u><\/a><\/span><br \/>\nRapports d&rsquo;essais effectu\u00e9s par des tiers disponibles sur demande<\/p>\n<h2><span style=\"font-size: 14pt;\">Pourquoi nous choisir ?<\/span><\/h2>\n<p>Nous sommes sp\u00e9cialis\u00e9s dans la fourniture \u00e0 long terme de mati\u00e8res premi\u00e8res pour les m\u00e9taux et les mat\u00e9riaux inorganiques. Nous connaissons bien les besoins pratiques de la poudre de vanadium m\u00e9tallique dans la recherche scientifique et l&rsquo;industrie, et pouvons fournir une qualit\u00e9 de produit stable, une documentation technique claire et un service d&rsquo;assistance continu pour aider nos clients \u00e0 r\u00e9duire leurs co\u00fbts.<\/p>\n","protected":false},"excerpt":{"rendered":"<p>Pr\u00e9sentation de la poudre m\u00e9tallique de vanadium La poudre m\u00e9tallique de vanadium est une mati\u00e8re premi\u00e8re m\u00e9tallique de base qui pr\u00e9sente d&rsquo;excellentes propri\u00e9t\u00e9s m\u00e9talliques et une excellente aptitude au traitement. Elle convient \u00e0 divers processus de synth\u00e8se et de formage des mat\u00e9riaux. Elle est couramment utilis\u00e9e dans la m\u00e9tallurgie des poudres, la pr\u00e9paration d&rsquo;alliages, la [&hellip;]<\/p>\n","protected":false},"featured_media":50876,"template":"","meta":{"_acf_changed":false},"product_brand":[132],"product_cat":[276],"product_tag":[7616],"class_list":{"0":"post-50875","1":"product","2":"type-product","3":"status-publish","4":"has-post-thumbnail","6":"product_brand-ulpmat","7":"product_cat-metaux-purs-et-alliages","8":"product_tag-vanadium-metal-poudre","10":"first","11":"instock","12":"shipping-taxable","13":"product-type-variable"},"acf":[],"_links":{"self":[{"href":"https:\/\/ulpmat.com\/fr\/wp-json\/wp\/v2\/product\/50875","targetHints":{"allow":["GET"]}}],"collection":[{"href":"https:\/\/ulpmat.com\/fr\/wp-json\/wp\/v2\/product"}],"about":[{"href":"https:\/\/ulpmat.com\/fr\/wp-json\/wp\/v2\/types\/product"}],"wp:featuredmedia":[{"embeddable":true,"href":"https:\/\/ulpmat.com\/fr\/wp-json\/wp\/v2\/media\/50876"}],"wp:attachment":[{"href":"https:\/\/ulpmat.com\/fr\/wp-json\/wp\/v2\/media?parent=50875"}],"wp:term":[{"taxonomy":"product_brand","embeddable":true,"href":"https:\/\/ulpmat.com\/fr\/wp-json\/wp\/v2\/product_brand?post=50875"},{"taxonomy":"product_cat","embeddable":true,"href":"https:\/\/ulpmat.com\/fr\/wp-json\/wp\/v2\/product_cat?post=50875"},{"taxonomy":"product_tag","embeddable":true,"href":"https:\/\/ulpmat.com\/fr\/wp-json\/wp\/v2\/product_tag?post=50875"}],"curies":[{"name":"wp","href":"https:\/\/api.w.org\/{rel}","templated":true}]}}