{"id":50809,"date":"2026-01-08T14:45:07","date_gmt":"2026-01-08T06:45:07","guid":{"rendered":"https:\/\/ulpmat.com\/product\/vanadium-metal-2\/"},"modified":"2026-01-08T14:45:07","modified_gmt":"2026-01-08T06:45:07","slug":"vanadium-metal-2","status":"publish","type":"product","link":"https:\/\/ulpmat.com\/fr\/produit\/vanadium-metal-2\/","title":{"rendered":"Vanadium m\u00e9tal"},"content":{"rendered":"<h2><span style=\"font-size: 14pt;\">Pr\u00e9sentation des cibles de pulv\u00e9risation m\u00e9tallique en vanadium<\/span><\/h2>\n<p>Les cibles de pulv\u00e9risation<br \/>\n<span style=\"color: #000080;\"><a style=\"color: #000080;\" href=\"https:\/\/ulpmat.com\/fr\/recherche\/?type=name&#038;keyword=Vanadium+metal\"><span style=\"color: #0000ff;\">m\u00e9tallique en vanadium<\/span><\/a><\/span><br \/>\nsont des mat\u00e9riaux m\u00e9talliques fonctionnels utilis\u00e9s pour le d\u00e9p\u00f4t de couches minces, qui pr\u00e9sentent une excellente stabilit\u00e9 et des performances de pulv\u00e9risation contr\u00f4lables. Ces produits sont largement utilis\u00e9s dans les couches minces de semi-conducteurs, les rev\u00eatements fonctionnels, les exp\u00e9riences de recherche scientifique et les domaines connexes du d\u00e9p\u00f4t sous vide.<\/p>\n<p>Nous proposons des cibles de pulv\u00e9risation m\u00e9tallique en vanadium de diff\u00e9rentes tailles et structures, et prenons en charge le traitement sur mesure. Veuillez <span style=\"color: #0000ff;\"><a style=\"color: #0000ff;\" href=\"https:\/\/ulpmat.com\/fr\/contactez-nous\/\">nous contacter<\/a><\/span><br \/>\npour obtenir des solutions techniques.<\/p>\n<h2><span style=\"font-size: 14pt;\">Points forts du produit<\/span><\/h2>\n<p>Composition m\u00e9tallique uniforme<br \/>\nProcessus de pulv\u00e9risation stable<br \/>\nDensit\u00e9 \u00e9lev\u00e9e de la cible<br \/>\nCompatible avec divers \u00e9quipements sous vide<br \/>\nCapable de <span style=\"color: #0000ff;\"><a style=\"color: #0000ff;\" href=\"https:\/\/ulpmat.com\/fr\/service\/collage-des-cibles\/\">liaison<\/a><\/span><br \/>\npar plaque arri\u00e8re Tailles personnalis\u00e9es prises en charge<\/p>\n<h2><span style=\"font-size: 14pt;\">Applications des cibles de pulv\u00e9risation en m\u00e9tal vanadium<\/span><\/h2>\n<p><strong>Films minces <span style=\"color: #0000ff;\"><a style=\"color: #0000ff;\" href=\"https:\/\/ulpmat.com\/fr\/candidature\/materiaux-semi-conducteurs\/\">pour semi-conducteurs<\/a> <\/span>et micro\u00e9lectronique :<\/strong><br \/>\nles cibles de pulv\u00e9risation en m\u00e9tal vanadium peuvent \u00eatre utilis\u00e9es pour d\u00e9poser des films minces en m\u00e9tal vanadium, adapt\u00e9s \u00e0 la fabrication de dispositifs micro\u00e9lectroniques et de couches structurelles connexes.<\/p>\n<p><strong>Rev\u00eatements fonctionnels et modification de surface :<\/strong><br \/>\ndans le domaine des rev\u00eatements fonctionnels, cette cible est souvent utilis\u00e9e pour pr\u00e9parer des films minces m\u00e9talliques pr\u00e9sentant une r\u00e9sistance \u00e0 l&rsquo;usure, une conductivit\u00e9 ou des propri\u00e9t\u00e9s physiques sp\u00e9ciales.<\/p>\n<p><strong>Recherche scientifique et \u00e9tudes de pulv\u00e9risation en laboratoire :<\/strong><br \/>\nles cibles en vanadium sont largement utilis\u00e9es dans les universit\u00e9s et les instituts de recherche pour l&rsquo;exploration de processus et les tests de performance de nouveaux mat\u00e9riaux en film mince.<\/p>\n<p><strong>Mat\u00e9riaux sp\u00e9ciaux et d\u00e9veloppement de proc\u00e9d\u00e9s :<\/strong><br \/>\nles cibles de pulv\u00e9risation en m\u00e9tal vanadium constituent une source importante de d\u00e9p\u00f4t m\u00e9tallique dans le d\u00e9veloppement de nouveaux mat\u00e9riaux et proc\u00e9d\u00e9s.<\/p>\n<h2><span style=\"color: #0000ff;\"><a style=\"color: #0000ff;\" href=\"https:\/\/ulpmat.com\/fr\/societe\/faq\/\"><span style=\"font-size: 14pt;\">FAQ<\/span><\/a><\/span><\/h2>\n<p>Q1 : Quelle m\u00e9thode de pulv\u00e9risation convient aux cibles de pulv\u00e9risation en m\u00e9tal vanadium ?<br \/>\nA1 : Ces cibles peuvent \u00eatre utilis\u00e9es pour la pulv\u00e9risation en courant continu ou la pulv\u00e9risation en radiofr\u00e9quence ; la m\u00e9thode sp\u00e9cifique d\u00e9pend de la configuration de l&rsquo;\u00e9quipement et des exigences du proc\u00e9d\u00e9.<\/p>\n<p>Q2 : Les cibles en vanadium sont-elles stables pendant la pulv\u00e9risation ?<br \/>\nR2 : Dans des conditions de processus appropri\u00e9es, les cibles en m\u00e9tal vanadium pr\u00e9sentent une bonne stabilit\u00e9 de pulv\u00e9risation, ce qui permet d&rsquo;obtenir des films minces uniformes.<\/p>\n<p>Q3 : Les cibles de pulv\u00e9risation en m\u00e9tal vanadium peuvent-elles \u00eatre coll\u00e9es sur un fond de panier ?<br \/>\nR3 : Oui, en fonction des exigences de l&rsquo;application, les cibles en vanadium peuvent \u00eatre coll\u00e9es sur des mat\u00e9riaux tels que des fonds de panier en cuivre afin d&rsquo;am\u00e9liorer la dissipation thermique et la stabilit\u00e9 de l&rsquo;installation.<\/p>\n<p>Q4 : Une cible en vanadium convient-elle \u00e0 la recherche ou \u00e0 la production de masse ?<br \/>\nA4 : Ce produit convient \u00e0 la fois \u00e0 la v\u00e9rification des processus dans le cadre d&rsquo;exp\u00e9riences de recherche scientifique et \u00e0 des sc\u00e9narios de production en petites s\u00e9ries ou sur mesure.<\/p>\n<h2><span style=\"font-size: 14pt;\">Rapports<\/span><\/h2>\n<p>Chaque lot est fourni avec :<br \/>\n<span style=\"color: #0000ff;\"><a style=\"color: #0000ff;\" href=\"https:\/\/ulpmat.com\/fr\/documents\/certificat-danalyse\/\"><u>Certificat d&rsquo;analyse (COA)<\/u><\/a><\/span><\/p>\n<p><span style=\"color: #0000ff;\"><a style=\"color: #0000ff;\" href=\"https:\/\/ulpmat.com\/fr\/documents\/fiche-technique\/\"><u>Fiche technique (TDS)<\/u><\/a><\/span><\/p>\n<p><span style=\"color: #0000ff;\"><a style=\"color: #0000ff;\" href=\"https:\/\/ulpmat.com\/fr\/documents\/fiche-de-donnees-de-securite\/\"><u>Fiche de donn\u00e9es de s\u00e9curit\u00e9 (MSDS)<\/u><\/a><\/span><br \/>\nRapport d&rsquo;inspection des dimensions<br \/>\nRapports d&rsquo;essais par des tiers disponibles sur demande<\/p>\n<h2><span style=\"font-size: 14pt;\">Pourquoi nous choisir ?<\/span><\/h2>\n<p>Nous nous concentrons depuis longtemps sur la fourniture de cibles de pulv\u00e9risation et de mat\u00e9riaux m\u00e9talliques connexes. Nous connaissons bien les caract\u00e9ristiques d&rsquo;application du vanadium m\u00e9tallique dans le d\u00e9p\u00f4t de couches minces et pouvons fournir une qualit\u00e9 de cible stable, des capacit\u00e9s <span style=\"color: #0000ff;\"><a style=\"color: #0000ff;\" href=\"https:\/\/ulpmat.com\/fr\/service\/personnalisation\/\">de personnalisation<\/a><\/span><br \/>\nflexibles et <span style=\"color: #0000ff;\"><a style=\"color: #0000ff;\" href=\"https:\/\/ulpmat.com\/fr\/service\/support-technique\/\">un support technique<\/a><\/span><br \/>\nclair pour aider nos clients \u00e0 faire avancer leurs projets de pulv\u00e9risation en toute s\u00e9r\u00e9nit\u00e9.<\/p>\n","protected":false},"excerpt":{"rendered":"<p>Pr\u00e9sentation des cibles de pulv\u00e9risation m\u00e9tallique en vanadium Les cibles de pulv\u00e9risation m\u00e9tallique en vanadium sont des mat\u00e9riaux m\u00e9talliques fonctionnels utilis\u00e9s pour le d\u00e9p\u00f4t de couches minces, qui pr\u00e9sentent une excellente stabilit\u00e9 et des performances de pulv\u00e9risation contr\u00f4lables. Ces produits sont largement utilis\u00e9s dans les couches minces de semi-conducteurs, les rev\u00eatements fonctionnels, les exp\u00e9riences de [&hellip;]<\/p>\n","protected":false},"featured_media":50810,"template":"","meta":{"_acf_changed":false},"product_brand":[132],"product_cat":[274],"product_tag":[7610],"class_list":{"0":"post-50809","1":"product","2":"type-product","3":"status-publish","4":"has-post-thumbnail","6":"product_brand-ulpmat","7":"product_cat-cible-de-pulverisation-metallique","8":"product_tag-cible-de-pulverisation-du-metal-vanadium","10":"first","11":"instock","12":"shipping-taxable","13":"product-type-variable"},"acf":[],"_links":{"self":[{"href":"https:\/\/ulpmat.com\/fr\/wp-json\/wp\/v2\/product\/50809","targetHints":{"allow":["GET"]}}],"collection":[{"href":"https:\/\/ulpmat.com\/fr\/wp-json\/wp\/v2\/product"}],"about":[{"href":"https:\/\/ulpmat.com\/fr\/wp-json\/wp\/v2\/types\/product"}],"wp:featuredmedia":[{"embeddable":true,"href":"https:\/\/ulpmat.com\/fr\/wp-json\/wp\/v2\/media\/50810"}],"wp:attachment":[{"href":"https:\/\/ulpmat.com\/fr\/wp-json\/wp\/v2\/media?parent=50809"}],"wp:term":[{"taxonomy":"product_brand","embeddable":true,"href":"https:\/\/ulpmat.com\/fr\/wp-json\/wp\/v2\/product_brand?post=50809"},{"taxonomy":"product_cat","embeddable":true,"href":"https:\/\/ulpmat.com\/fr\/wp-json\/wp\/v2\/product_cat?post=50809"},{"taxonomy":"product_tag","embeddable":true,"href":"https:\/\/ulpmat.com\/fr\/wp-json\/wp\/v2\/product_tag?post=50809"}],"curies":[{"name":"wp","href":"https:\/\/api.w.org\/{rel}","templated":true}]}}