{"id":50807,"date":"2026-01-08T14:45:08","date_gmt":"2026-01-08T06:45:08","guid":{"rendered":"https:\/\/ulpmat.com\/product\/oxyde-de-vanadium-5\/"},"modified":"2026-01-08T14:45:08","modified_gmt":"2026-01-08T06:45:08","slug":"oxyde-de-vanadium-5","status":"publish","type":"product","link":"https:\/\/ulpmat.com\/fr\/produit\/oxyde-de-vanadium-5\/","title":{"rendered":"Oxyde de vanadium"},"content":{"rendered":"<h2><span style=\"font-size: 14pt;\">Pr\u00e9sentation g\u00e9n\u00e9rale de la poudre d&rsquo;oxyde de vanadium<\/span><\/h2>\n<p>La poudre<br \/>\n<span style=\"color: #0000ff;\"><a style=\"color: #0000ff;\" href=\"https:\/\/ulpmat.com\/fr\/recherche\/?type=name&#038;keyword=Vanadium+Oxide\">d&rsquo;oxyde de vanadium<\/a><\/span><br \/>\nest un oxyde de m\u00e9tal de transition typique qui pr\u00e9sente des propri\u00e9t\u00e9s \u00e9lectriques et structurelles uniques, ce qui la rend pr\u00e9cieuse pour les applications dans les mat\u00e9riaux fonctionnels et la recherche li\u00e9e \u00e0 l&rsquo;\u00e9lectronique. Elle est largement utilis\u00e9e dans les c\u00e9ramiques fonctionnelles, les mat\u00e9riaux \u00e9lectroniques et la recherche fondamentale connexe.<\/p>\n<p>Nous proposons de la poudre de V\u2082O\u2083 dans diff\u00e9rentes sp\u00e9cifications et prenons en charge <span style=\"color: #0000ff;\"><a style=\"color: #0000ff;\" href=\"https:\/\/ulpmat.com\/fr\/service\/personnalisation\/\">la personnalisation<\/a><\/span><br \/>\nen fonction des besoins sp\u00e9cifiques de l&rsquo;application. Pour les applications impliquant un frittage, un moulage ou un traitement ult\u00e9rieur, veuillez nous communiquer vos exigences techniques \u00e0 l&rsquo;avance.<\/p>\n<h2><span style=\"font-size: 14pt;\">Points forts du produit<\/span><\/h2>\n<p>Oxyde de m\u00e9tal de transition aux caract\u00e9ristiques de performance distinctes<br \/>\nMorphologie de la poudre facilitant la r\u00e9action et le moulage<br \/>\nConvient comme mati\u00e8re premi\u00e8re pour les mat\u00e9riaux fonctionnels et les cibles<br \/>\nStructure stable, adapt\u00e9e \u00e0 la recherche scientifique et industrielle<br \/>\nPeut r\u00e9pondre aux besoins de divers syst\u00e8mes de mat\u00e9riaux<\/p>\n<h2><span style=\"font-size: 14pt;\">Applications de la poudre d&rsquo;oxyde de vanadium<\/span><\/h2>\n<p><strong>C\u00e9ramiques fonctionnelles et synth\u00e8se de mat\u00e9riaux :<\/strong><br \/>\nPeut \u00eatre utilis\u00e9 dans la pr\u00e9paration de c\u00e9ramiques fonctionnelles ou de mat\u00e9riaux composites, formant des structures stables gr\u00e2ce \u00e0 des processus tels que le frittage.<br \/>\n<strong>Recherche sur les mat\u00e9riaux \u00e9lectroniques et fonctionnels :<\/strong><br \/>\nle trioxyde de vanadium est largement utilis\u00e9 dans les mat\u00e9riaux \u00e9lectroniques et la recherche li\u00e9e \u00e0 la transition de phase en raison de son comportement \u00e9lectrique unique.<br \/>\n<strong>Recherche sur les mat\u00e9riaux en couche mince :<\/strong><br \/>\nla poudre de V\u2082O\u2083 peut \u00eatre utilis\u00e9e comme mati\u00e8re premi\u00e8re de base pour les cibles de pulv\u00e9risation ou les mat\u00e9riaux d&rsquo;\u00e9vaporation dans la recherche sur le d\u00e9p\u00f4t de couches minces.<\/p>\n<h2><span style=\"color: #0000ff;\"><a style=\"color: #0000ff;\" href=\"https:\/\/ulpmat.com\/fr\/societe\/faq\/\"><span style=\"font-size: 14pt;\">FAQ<\/span><\/a><\/span><\/h2>\n<p>Q1 : Quels sont les principaux domaines de recherche ou d&rsquo;application de la poudre d&rsquo;oxyde de vanadium ?<br \/>\nA1 : Elle est principalement utilis\u00e9e dans la recherche sur les mat\u00e9riaux fonctionnels, les mat\u00e9riaux \u00e9lectroniques et le comportement de transition de phase. Elle peut \u00e9galement \u00eatre utilis\u00e9e dans les syst\u00e8mes de mat\u00e9riaux c\u00e9ramiques et composites.<\/p>\n<p>Q2 : Cette poudre convient-elle comme mati\u00e8re premi\u00e8re pour les cibles de pulv\u00e9risation ?<br \/>\nA2 : Elle peut \u00eatre utilis\u00e9e comme mati\u00e8re premi\u00e8re de base pour les cibles de pulv\u00e9risation ou les mat\u00e9riaux d&rsquo;\u00e9vaporation. La m\u00e9thode de traitement sp\u00e9cifique d\u00e9pend de la structure finale de la cible et des exigences du processus.<\/p>\n<p>Q3 : Quelles pr\u00e9cautions faut-il prendre lors du stockage de la poudre d&rsquo;oxyde de vanadium ?<br \/>\nA3 : Il est recommand\u00e9 de la stocker dans un environnement herm\u00e9tique, sec et \u00e0 l&rsquo;abri de la lumi\u00e8re afin d&rsquo;\u00e9viter l&rsquo;humidit\u00e9 ou l&rsquo;oxydation et de maintenir la stabilit\u00e9 du mat\u00e9riau.<\/p>\n<p>Q4 : Les sp\u00e9cifications de la poudre peuvent-elles \u00eatre personnalis\u00e9es ?<br \/>\nA4 : Diff\u00e9rentes sp\u00e9cifications ou des produits personnalis\u00e9s peuvent \u00eatre fournis en fonction de l&rsquo;application sp\u00e9cifique du client et des exigences du processus.<\/p>\n<h2><span style=\"font-size: 14pt;\">Rapport<\/span><\/h2>\n<p>Chaque lot est fourni avec :<br \/>\n<span style=\"color: #0000ff;\"><a style=\"color: #0000ff;\" href=\"https:\/\/ulpmat.com\/fr\/documents\/certificat-danalyse\/\"><u>Certificat d&rsquo;analyse (COA)<\/u><\/a><\/span><\/p>\n<p><span style=\"color: #0000ff;\"><a style=\"color: #0000ff;\" href=\"https:\/\/ulpmat.com\/fr\/documents\/fiche-technique\/\"><u>Fiche technique (TDS)<\/u><\/a><\/span><\/p>\n<p><span style=\"color: #0000ff;\"><a style=\"color: #0000ff;\" href=\"https:\/\/ulpmat.com\/fr\/documents\/fiche-de-donnees-de-securite\/\"><u>Fiche de donn\u00e9es de s\u00e9curit\u00e9 (MSDS)<\/u><\/a><\/span><br \/>\nRapports d&rsquo;essais effectu\u00e9s par des tiers disponibles sur demande<\/p>\n<h2><span style=\"font-size: 14pt;\">Pourquoi nous choisir ?<\/span><\/h2>\n<p>Nous sommes sp\u00e9cialis\u00e9s dans la fourniture d&rsquo;oxydes de m\u00e9taux de transition et de mat\u00e9riaux pour le d\u00e9p\u00f4t de couches minces. Forts d&rsquo;une exp\u00e9rience confirm\u00e9e en mati\u00e8re de contr\u00f4le qualit\u00e9 et d&rsquo;assistance \u00e0 l&rsquo;application, nous sommes en mesure de fournir des solutions de poudre de V\u2082O\u2083 stables et fiables aux clients issus du monde de la recherche et de l&rsquo;industrie.<\/p>\n","protected":false},"excerpt":{"rendered":"<p>Pr\u00e9sentation g\u00e9n\u00e9rale de la poudre d&rsquo;oxyde de vanadium La poudre d&rsquo;oxyde de vanadium est un oxyde de m\u00e9tal de transition typique qui pr\u00e9sente des propri\u00e9t\u00e9s \u00e9lectriques et structurelles uniques, ce qui la rend pr\u00e9cieuse pour les applications dans les mat\u00e9riaux fonctionnels et la recherche li\u00e9e \u00e0 l&rsquo;\u00e9lectronique. Elle est largement utilis\u00e9e dans les c\u00e9ramiques fonctionnelles, [&hellip;]<\/p>\n","protected":false},"featured_media":50755,"template":"","meta":{"_acf_changed":false},"product_brand":[132],"product_cat":[335],"product_tag":[7538],"class_list":{"0":"post-50807","1":"product","2":"type-product","3":"status-publish","4":"has-post-thumbnail","6":"product_brand-ulpmat","7":"product_cat-oxydes","8":"product_tag-poudre-doxyde-de-vanadium","10":"first","11":"instock","12":"shipping-taxable","13":"product-type-variable"},"acf":[],"_links":{"self":[{"href":"https:\/\/ulpmat.com\/fr\/wp-json\/wp\/v2\/product\/50807","targetHints":{"allow":["GET"]}}],"collection":[{"href":"https:\/\/ulpmat.com\/fr\/wp-json\/wp\/v2\/product"}],"about":[{"href":"https:\/\/ulpmat.com\/fr\/wp-json\/wp\/v2\/types\/product"}],"wp:featuredmedia":[{"embeddable":true,"href":"https:\/\/ulpmat.com\/fr\/wp-json\/wp\/v2\/media\/50755"}],"wp:attachment":[{"href":"https:\/\/ulpmat.com\/fr\/wp-json\/wp\/v2\/media?parent=50807"}],"wp:term":[{"taxonomy":"product_brand","embeddable":true,"href":"https:\/\/ulpmat.com\/fr\/wp-json\/wp\/v2\/product_brand?post=50807"},{"taxonomy":"product_cat","embeddable":true,"href":"https:\/\/ulpmat.com\/fr\/wp-json\/wp\/v2\/product_cat?post=50807"},{"taxonomy":"product_tag","embeddable":true,"href":"https:\/\/ulpmat.com\/fr\/wp-json\/wp\/v2\/product_tag?post=50807"}],"curies":[{"name":"wp","href":"https:\/\/api.w.org\/{rel}","templated":true}]}}