{"id":50789,"date":"2026-01-08T14:45:07","date_gmt":"2026-01-08T06:45:07","guid":{"rendered":"https:\/\/ulpmat.com\/product\/vanadium-metal\/"},"modified":"2026-01-08T14:45:07","modified_gmt":"2026-01-08T06:45:07","slug":"vanadium-metal","status":"publish","type":"product","link":"https:\/\/ulpmat.com\/fr\/produit\/vanadium-metal\/","title":{"rendered":"Vanadium m\u00e9tal"},"content":{"rendered":"<h2><span style=\"font-size: 14pt;\">Cible rotative en m\u00e9tal vanadium Pr\u00e9sentation<\/span><\/h2>\n<p><span style=\"color: #0000ff;\"><a style=\"color: #0000ff;\" href=\"https:\/\/ulpmat.com\/fr\/product-category\/materiaux-de-premier-choix\/cibles-rotatives\/\">Les cibles rotatives<\/a> <a style=\"color: #0000ff;\" href=\"https:\/\/ulpmat.com\/fr\/recherche\/?type=name&#038;keyword=Vanadium+metal\">en m\u00e9tal vanadium<\/a><\/span><br \/>\nsont des mat\u00e9riaux de pulv\u00e9risation hautement efficaces pour le d\u00e9p\u00f4t continu de couches minces, adapt\u00e9s \u00e0 un fonctionnement stable \u00e0 long terme dans les processus de rev\u00eatement sous vide. Ce produit est principalement utilis\u00e9 dans les rev\u00eatements de grande surface, la pr\u00e9paration de couches minces fonctionnelles et les domaines industriels et de recherche o\u00f9 la coh\u00e9rence des couches est tr\u00e8s importante.<\/p>\n<p>Nous pouvons fournir des cibles de pulv\u00e9risation rotatives en m\u00e9tal vanadium adapt\u00e9es \u00e0 diff\u00e9rentes sp\u00e9cifications d&rsquo;\u00e9quipement et prendre en charge des structures et des dimensions personnalis\u00e9es. Veuillez <span style=\"color: #0000ff;\"><a style=\"color: #0000ff;\" href=\"https:\/\/ulpmat.com\/fr\/contactez-nous\/\">nous contacter<\/a><\/span><br \/>\npour obtenir <span style=\"color: #0000ff;\"><a style=\"color: #0000ff;\" href=\"https:\/\/ulpmat.com\/fr\/service\/support-technique\/\">une assistance technique.<\/a><\/span><\/p>\n<h2><span style=\"font-size: 14pt;\">Points forts du produit<\/span><\/h2>\n<p>Convient aux processus de pulv\u00e9risation cathodique en continu<br \/>\nTaux d&rsquo;utilisation \u00e9lev\u00e9 de la cible<br \/>\nBonne uniformit\u00e9 du film<br \/>\nGrande stabilit\u00e9 structurelle<br \/>\nPrend en charge le collage du tube arri\u00e8re<br \/>\nCompatible avec les \u00e9quipements de rev\u00eatement courants<\/p>\n<h2><span style=\"font-size: 14pt;\">Applications de la cible rotative en m\u00e9tal vanadium<\/span><\/h2>\n<p><strong>D\u00e9p\u00f4t de films minces fonctionnels sur de grandes surfaces :<\/strong><br \/>\nles cibles rotatives en m\u00e9tal vanadium conviennent \u00e0 la pulv\u00e9risation cathodique en continu de substrats de grande surface, am\u00e9liorant l&rsquo;efficacit\u00e9 de la production et maintenant la coh\u00e9rence de l&rsquo;\u00e9paisseur du film.<\/p>\n<p><strong>Production industrielle de rev\u00eatements sous vide :<\/strong><br \/>\nsur les lignes de rev\u00eatement industrielles, les cibles rotatives contribuent \u00e0 prolonger le cycle d&rsquo;utilisation unique, \u00e0 r\u00e9duire les temps d&rsquo;arr\u00eat pour le remplacement et \u00e0 augmenter la capacit\u00e9 globale.<\/p>\n<p><strong>Rev\u00eatement <span style=\"color: #0000ff;\"><a style=\"color: #0000ff;\" href=\"https:\/\/ulpmat.com\/fr\/candidature\/materiaux-semi-conducteurs\/\">de semi-conducteurs<\/a><\/span> et de dispositifs \u00e9lectroniques :<\/strong><br \/>\nce mat\u00e9riau cible peut \u00eatre utilis\u00e9 pour pr\u00e9parer des films minces \u00e0 base de vanadium, r\u00e9pondant aux exigences des dispositifs \u00e9lectroniques en mati\u00e8re de stabilit\u00e9 et de r\u00e9p\u00e9tabilit\u00e9 des films.<\/p>\n<p><strong>Recherche et validation de la mise \u00e0 l&rsquo;\u00e9chelle du processus :<\/strong><br \/>\nles cibles rotatives conviennent \u00e0 la mise \u00e0 l&rsquo;\u00e9chelle du processus, de la phase exp\u00e9rimentale \u00e0 la phase pilote, et sont utilis\u00e9es pour \u00e9valuer les performances de d\u00e9p\u00f4t des films minces de vanadium dans diff\u00e9rentes conditions de fonctionnement.<\/p>\n<h2><span style=\"color: #0000ff;\"><a style=\"color: #0000ff;\" href=\"https:\/\/ulpmat.com\/fr\/societe\/faq\/\"><span style=\"font-size: 14pt;\">FAQ<\/span><\/a><\/span><\/h2>\n<p>Q1 : Quels sont les principaux avantages d&rsquo;une cible rotative en vanadium m\u00e9tallique par rapport \u00e0 une cible plane ?<br \/>\nA1 : La cible rotative met continuellement \u00e0 jour sa surface pendant la pulv\u00e9risation, ce qui contribue \u00e0 am\u00e9liorer l&rsquo;utilisation de la cible et l&rsquo;uniformit\u00e9 du film.<\/p>\n<p>Q2 : Une cible rotative en vanadium est-elle adapt\u00e9e \u00e0 un fonctionnement continu \u00e0 long terme ?<br \/>\nR2 : Oui, ce produit est con\u00e7u pour des conditions de pulv\u00e9risation continue et peut supporter une utilisation stable pendant de longues p\u00e9riodes.<\/p>\n<p>Q3 : Une cible rotative en vanadium m\u00e9tallique n\u00e9cessite-t-elle un collage sur un tube arri\u00e8re ?<br \/>\nR3 : En g\u00e9n\u00e9ral, oui. En fonction des exigences de l&rsquo;\u00e9quipement, la cible en vanadium sera coll\u00e9e sur un tube arri\u00e8re m\u00e9tallique afin d&rsquo;am\u00e9liorer la dissipation thermique et la stabilit\u00e9 m\u00e9canique.<\/p>\n<p>Q4 : \u00c0 quels types d&rsquo;\u00e9quipements de rev\u00eatement la cible rotative en vanadium est-elle adapt\u00e9e ?<br \/>\nA4 : Cette cible est compatible avec divers \u00e9quipements de rev\u00eatement industriels ; les interfaces et les dimensions sp\u00e9cifiques peuvent \u00eatre personnalis\u00e9es en fonction des param\u00e8tres de l&rsquo;\u00e9quipement.<\/p>\n<h2><span style=\"font-size: 14pt;\">Rapports<\/span><\/h2>\n<p>Chaque lot est fourni avec :<br \/>\n<span style=\"color: #0000ff;\"><a style=\"color: #0000ff;\" href=\"https:\/\/ulpmat.com\/fr\/documents\/certificat-danalyse\/\"><u>Certificat d&rsquo;analyse (COA)<\/u><\/a><\/span><\/p>\n<p><span style=\"color: #0000ff;\"><a style=\"color: #0000ff;\" href=\"https:\/\/ulpmat.com\/fr\/documents\/fiche-technique\/\"><u>Fiche technique (TDS)<\/u><\/a><\/span><\/p>\n<p><span style=\"color: #0000ff;\"><a style=\"color: #0000ff;\" href=\"https:\/\/ulpmat.com\/fr\/documents\/fiche-de-donnees-de-securite\/\"><u>Fiche de donn\u00e9es de s\u00e9curit\u00e9 (MSDS)<\/u><\/a><\/span><br \/>\nRapport d&rsquo;inspection des dimensions<br \/>\nRapports d&rsquo;essais effectu\u00e9s par des tiers disponibles sur demande<\/p>\n<h2><span style=\"font-size: 14pt;\">Pourquoi nous choisir ?<\/span><\/h2>\n<p>Nous avons une grande exp\u00e9rience dans le domaine des cibles de pulv\u00e9risation rotatives et des mat\u00e9riaux m\u00e9talliques associ\u00e9s, nous connaissons bien les caract\u00e9ristiques du processus de pulv\u00e9risation continue du vanadium m\u00e9tallique et nous pouvons offrir une fiabilit\u00e9 constante, des capacit\u00e9s <span style=\"color: #0000ff;\"><a style=\"color: #0000ff;\" href=\"https:\/\/ulpmat.com\/fr\/service\/personnalisation\/\">de personnalisation<\/a><\/span><br \/>\nflexibles et une communication technique claire afin d&rsquo;aider nos clients \u00e0 obtenir une production de films minces stable et efficace.<\/p>\n","protected":false},"excerpt":{"rendered":"<p>Cible rotative en m\u00e9tal vanadium Pr\u00e9sentation Les cibles rotatives en m\u00e9tal vanadium sont des mat\u00e9riaux de pulv\u00e9risation hautement efficaces pour le d\u00e9p\u00f4t continu de couches minces, adapt\u00e9s \u00e0 un fonctionnement stable \u00e0 long terme dans les processus de rev\u00eatement sous vide. Ce produit est principalement utilis\u00e9 dans les rev\u00eatements de grande surface, la pr\u00e9paration de [&hellip;]<\/p>\n","protected":false},"featured_media":50790,"template":"","meta":{"_acf_changed":false},"product_brand":[132],"product_cat":[274,464],"product_tag":[7604],"class_list":{"0":"post-50789","1":"product","2":"type-product","3":"status-publish","4":"has-post-thumbnail","6":"product_brand-ulpmat","7":"product_cat-cible-de-pulverisation-metallique","8":"product_cat-cibles-rotatives","9":"product_tag-vanadium-metal-cible-rotative","11":"first","12":"instock","13":"shipping-taxable","14":"product-type-variable"},"acf":[],"_links":{"self":[{"href":"https:\/\/ulpmat.com\/fr\/wp-json\/wp\/v2\/product\/50789","targetHints":{"allow":["GET"]}}],"collection":[{"href":"https:\/\/ulpmat.com\/fr\/wp-json\/wp\/v2\/product"}],"about":[{"href":"https:\/\/ulpmat.com\/fr\/wp-json\/wp\/v2\/types\/product"}],"wp:featuredmedia":[{"embeddable":true,"href":"https:\/\/ulpmat.com\/fr\/wp-json\/wp\/v2\/media\/50790"}],"wp:attachment":[{"href":"https:\/\/ulpmat.com\/fr\/wp-json\/wp\/v2\/media?parent=50789"}],"wp:term":[{"taxonomy":"product_brand","embeddable":true,"href":"https:\/\/ulpmat.com\/fr\/wp-json\/wp\/v2\/product_brand?post=50789"},{"taxonomy":"product_cat","embeddable":true,"href":"https:\/\/ulpmat.com\/fr\/wp-json\/wp\/v2\/product_cat?post=50789"},{"taxonomy":"product_tag","embeddable":true,"href":"https:\/\/ulpmat.com\/fr\/wp-json\/wp\/v2\/product_tag?post=50789"}],"curies":[{"name":"wp","href":"https:\/\/api.w.org\/{rel}","templated":true}]}}