{"id":50772,"date":"2026-01-08T14:45:08","date_gmt":"2026-01-08T06:45:08","guid":{"rendered":"https:\/\/ulpmat.com\/product\/vanadium-carbure-daluminium\/"},"modified":"2026-01-08T14:45:08","modified_gmt":"2026-01-08T06:45:08","slug":"vanadium-carbure-daluminium","status":"publish","type":"product","link":"https:\/\/ulpmat.com\/fr\/produit\/vanadium-carbure-daluminium\/","title":{"rendered":"Vanadium Carbure d&rsquo;aluminium"},"content":{"rendered":"<h2><span style=\"font-size: 14pt;\">Pr\u00e9sentation de la poudre de carbure de vanadium et d&rsquo;aluminium<\/span><\/h2>\n<p>La poudre<br \/>\n<span style=\"color: #0000ff;\"><a style=\"color: #0000ff;\" href=\"https:\/\/ulpmat.com\/fr\/recherche\/?type=name&#038;keyword=Vanadium+Aluminum+Carbide\">de carbure de vanadium et d&rsquo;aluminium<\/a><\/span><br \/>\nest un mat\u00e9riau c\u00e9ramique de phase MAX dot\u00e9 d&rsquo;une structure cristalline en couches, combinant les propri\u00e9t\u00e9s des m\u00e9taux et des c\u00e9ramiques. Ce mat\u00e9riau est couramment utilis\u00e9 dans la recherche sur les mat\u00e9riaux structurels \u00e0 haute temp\u00e9rature, la pr\u00e9paration de rev\u00eatements fonctionnels et les mat\u00e9riaux composites avanc\u00e9s.<\/p>\n<p>Nous pouvons fournir de mani\u00e8re fiable de la poudre de carbure de vanadium et d&rsquo;aluminium dans diff\u00e9rentes gammes de tailles de particules, adapt\u00e9e \u00e0 la recherche et \u00e0 la v\u00e9rification des processus. Veuillez <span style=\"color: #0000ff;\"><a style=\"color: #0000ff;\" href=\"https:\/\/ulpmat.com\/fr\/recherche\/?type=name&#038;keyword=Vanadium+Aluminum+Carbide\">nous contacter<\/a><\/span><br \/>\npour obtenir des informations techniques.<\/p>\n<h2><span style=\"font-size: 14pt;\">Points forts du produit<\/span><\/h2>\n<p>Structure<br \/>\n<span style=\"color: #0000ff;\"><\/span><br \/>\nstratifi\u00e9e<br \/>\n<span style=\"color: #0000ff;\"><a style=\"color: #0000ff;\" href=\"https:\/\/ulpmat.com\/fr\/product-category\/materiaux-de-premier-choix\/les-precurseurs-mxene-materiaux-de-phase-max\/\">de phase MAX<\/a><\/span><\/p>\n<p>Conductivit\u00e9 \u00e9lectrique et r\u00e9sistance thermique combin\u00e9es<br \/>\nBonne stabilit\u00e9 thermique<br \/>\nFacile \u00e0 traiter et \u00e0 former<br \/>\nConvient aux processus de m\u00e9tallurgie des poudres<br \/>\nApplications de recherche matures<\/p>\n<h2><span style=\"font-size: 14pt;\">Applications de la poudre de carbure de vanadium et d&rsquo;aluminium<\/span><\/h2>\n<p><strong>Recherche sur les mat\u00e9riaux structurels \u00e0 haute temp\u00e9rature :<\/strong><br \/>\nla poudre pr\u00e9sente une bonne stabilit\u00e9 structurelle \u00e0 haute temp\u00e9rature et est souvent utilis\u00e9e pour explorer de nouveaux mat\u00e9riaux r\u00e9sistants \u00e0 la chaleur et leurs performances.<\/p>\n<p><strong>Pr\u00e9paration de rev\u00eatements fonctionnels et de couches protectrices :<\/strong><br \/>\npeut \u00eatre utilis\u00e9e pour pr\u00e9parer des rev\u00eatements r\u00e9sistants \u00e0 la chaleur, \u00e0 l&rsquo;usure et aux chocs thermiques, adapt\u00e9s aux applications de protection de surface dans des conditions difficiles.<\/p>\n<p><strong>Mat\u00e9riaux composites et phases de renforcement :<\/strong><br \/>\ndans les composites \u00e0 matrice c\u00e9ramique ou m\u00e9tallique, la poudre V2AlC peut servir de phase de renforcement, am\u00e9liorant les propri\u00e9t\u00e9s m\u00e9caniques et thermiques globales du mat\u00e9riau.<\/p>\n<p><strong>Nouveaux mat\u00e9riaux et recherche scientifique fondamentale :<\/strong><br \/>\nlargement utilis\u00e9 dans les universit\u00e9s et les instituts de recherche pour la recherche sur la structure, les propri\u00e9t\u00e9s et les applications des mat\u00e9riaux de phase MAX.<\/p>\n<h2><span style=\"color: #0000ff;\"><a style=\"color: #0000ff;\" href=\"https:\/\/ulpmat.com\/fr\/product-category\/materiaux-de-premier-choix\/les-precurseurs-mxene-materiaux-de-phase-max\/\"><span style=\"font-size: 14pt;\">FAQ<\/span><\/a><\/span><\/h2>\n<p>Q1 : \u00c0 quelle cat\u00e9gorie de mat\u00e9riaux appartient la poudre de carbure de vanadium et d&rsquo;aluminium ?<br \/>\nA1 : Elle appartient \u00e0 la cat\u00e9gorie des mat\u00e9riaux de phase MAX, un carbure de m\u00e9tal de transition \u00e0 structure stratifi\u00e9e.<\/p>\n<p>Q2 : La poudre de V2AlC est-elle adapt\u00e9e aux environnements \u00e0 haute temp\u00e9rature ?<br \/>\nR2 : Ce mat\u00e9riau pr\u00e9sente une bonne r\u00e9sistance aux temp\u00e9ratures \u00e9lev\u00e9es et convient \u00e0 la recherche et aux applications li\u00e9es aux mat\u00e9riaux \u00e0 haute temp\u00e9rature.<\/p>\n<p>Q3 : Quelles m\u00e9thodes de moulage ou de traitement peuvent \u00eatre utilis\u00e9es pour la poudre de carbure de vanadium et d&rsquo;aluminium ?<br \/>\nR3 : Elle peut \u00eatre utilis\u00e9e dans divers processus tels que le pressage, le frittage et la pr\u00e9paration de mat\u00e9riaux composites, en fonction des exigences de l&rsquo;application finale.<\/p>\n<p>Q4 : La poudre de V2AlC est-elle principalement utilis\u00e9e dans la recherche scientifique ou dans des applications industrielles ?<br \/>\nA4 : Actuellement, elle est principalement utilis\u00e9e dans la recherche scientifique et les applications \u00e0 l&rsquo;\u00e9chelle pilote, ainsi que dans le d\u00e9veloppement de certains mat\u00e9riaux fonctionnels sp\u00e9cifiques.<\/p>\n<h2><span style=\"font-size: 14pt;\">Rapport<\/span><\/h2>\n<p>Chaque lot est fourni avec :<br \/>\n<span style=\"color: #0000ff;\"><a style=\"color: #0000ff;\" href=\"https:\/\/ulpmat.com\/fr\/documents\/certificat-danalyse\/\"><u>Certificat d&rsquo;analyse (COA)<\/u><\/a><\/span><\/p>\n<p><span style=\"color: #0000ff;\"><a style=\"color: #0000ff;\" href=\"https:\/\/ulpmat.com\/fr\/documents\/fiche-technique\/\"><u>Fiche technique (TDS)<\/u><\/a><\/span><\/p>\n<p><span style=\"color: #0000ff;\"><a style=\"color: #0000ff;\" href=\"https:\/\/ulpmat.com\/fr\/documents\/fiche-de-donnees-de-securite\/\"><u>Fiche de donn\u00e9es de s\u00e9curit\u00e9 (MSDS)<\/u><\/a><\/span><br \/>\nRapports d&rsquo;essais effectu\u00e9s par des tiers disponibles sur demande<\/p>\n<h2><span style=\"font-size: 14pt;\">Pourquoi nous choisir ?<\/span><\/h2>\n<p>Nous nous concentrons depuis longtemps sur la fourniture de poudres c\u00e9ramiques et de mat\u00e9riaux fonctionnels avanc\u00e9s, nous connaissons bien les besoins pratiques des mat\u00e9riaux de phase MAX dans la recherche scientifique et le d\u00e9veloppement d&rsquo;applications, et nous pouvons fournir une qualit\u00e9 de produit stable, une documentation technique claire et un soutien professionnel en mati\u00e8re de communication afin d&rsquo;aider nos clients \u00e0 faire progresser efficacement la recherche sur les mat\u00e9riaux et l&rsquo;exploration des applications.<\/p>\n","protected":false},"excerpt":{"rendered":"<p>Pr\u00e9sentation de la poudre de carbure de vanadium et d&rsquo;aluminium La poudre de carbure de vanadium et d&rsquo;aluminium est un mat\u00e9riau c\u00e9ramique de phase MAX dot\u00e9 d&rsquo;une structure cristalline en couches, combinant les propri\u00e9t\u00e9s des m\u00e9taux et des c\u00e9ramiques. Ce mat\u00e9riau est couramment utilis\u00e9 dans la recherche sur les mat\u00e9riaux structurels \u00e0 haute temp\u00e9rature, la [&hellip;]<\/p>\n","protected":false},"featured_media":50775,"template":"","meta":{"_acf_changed":false},"product_brand":[132],"product_cat":[1202,710],"product_tag":[7599],"class_list":{"0":"post-50772","1":"product","2":"type-product","3":"status-publish","4":"has-post-thumbnail","6":"product_brand-ulpmat","7":"product_cat-les-precurseurs-mxene-materiaux-de-phase-max","8":"product_cat-materiaux-refractaires","9":"product_tag-poudre-de-carbure-daluminium-au-vanadium","11":"first","12":"instock","13":"shipping-taxable","14":"product-type-variable"},"acf":[],"_links":{"self":[{"href":"https:\/\/ulpmat.com\/fr\/wp-json\/wp\/v2\/product\/50772","targetHints":{"allow":["GET"]}}],"collection":[{"href":"https:\/\/ulpmat.com\/fr\/wp-json\/wp\/v2\/product"}],"about":[{"href":"https:\/\/ulpmat.com\/fr\/wp-json\/wp\/v2\/types\/product"}],"wp:featuredmedia":[{"embeddable":true,"href":"https:\/\/ulpmat.com\/fr\/wp-json\/wp\/v2\/media\/50775"}],"wp:attachment":[{"href":"https:\/\/ulpmat.com\/fr\/wp-json\/wp\/v2\/media?parent=50772"}],"wp:term":[{"taxonomy":"product_brand","embeddable":true,"href":"https:\/\/ulpmat.com\/fr\/wp-json\/wp\/v2\/product_brand?post=50772"},{"taxonomy":"product_cat","embeddable":true,"href":"https:\/\/ulpmat.com\/fr\/wp-json\/wp\/v2\/product_cat?post=50772"},{"taxonomy":"product_tag","embeddable":true,"href":"https:\/\/ulpmat.com\/fr\/wp-json\/wp\/v2\/product_tag?post=50772"}],"curies":[{"name":"wp","href":"https:\/\/api.w.org\/{rel}","templated":true}]}}