{"id":50738,"date":"2026-01-08T14:45:08","date_gmt":"2026-01-08T06:45:08","guid":{"rendered":"https:\/\/ulpmat.com\/product\/oxyde-de-vanadium-4\/"},"modified":"2026-01-08T14:45:08","modified_gmt":"2026-01-08T06:45:08","slug":"oxyde-de-vanadium-4","status":"publish","type":"product","link":"https:\/\/ulpmat.com\/fr\/produit\/oxyde-de-vanadium-4\/","title":{"rendered":"Oxyde de vanadium"},"content":{"rendered":"<h2><span style=\"font-size: 14pt;\">Cibles de pulv\u00e9risation en oxyde de vanadium Pr\u00e9sentation<\/span><\/h2>\n<p>Les cibles de pulv\u00e9risation<br \/>\n<span style=\"color: #0000ff;\"><a style=\"color: #0000ff;\" href=\"https:\/\/ulpmat.com\/fr\/recherche\/?type=name&#038;keyword=Vanadium+Oxide\">en oxyde de vanadium<\/a><\/span><br \/>\nsont des cibles importantes en oxyde de m\u00e9tal de transition adapt\u00e9es \u00e0 la pr\u00e9paration de films minces en oxyde pr\u00e9sentant des propri\u00e9t\u00e9s \u00e9lectriques et structurelles particuli\u00e8res. Ce produit est largement utilis\u00e9 dans les films minces fonctionnels, la recherche sur les dispositifs \u00e9lectroniques et le d\u00e9veloppement de mat\u00e9riaux et de processus li\u00e9s au changement de phase.<\/p>\n<p>Nous proposons des cibles de pulv\u00e9risation en V\u2082O\u2083 de diff\u00e9rentes tailles et structures, adapt\u00e9es \u00e0 diff\u00e9rents processus et pouvant \u00eatre personnalis\u00e9es. Veuillez <span style=\"color: #0000ff;\"><a style=\"color: #0000ff;\" href=\"https:\/\/ulpmat.com\/fr\/contactez-nous\/\">nous contacter<\/a><\/span><br \/>\npour obtenir <span style=\"color: #0000ff;\"><a style=\"color: #0000ff;\" href=\"https:\/\/ulpmat.com\/fr\/service\/support-technique\/\">une assistance technique.<\/a><\/span><\/p>\n<h2><span style=\"font-size: 14pt;\">Points forts du produit<\/span><\/h2>\n<p>Composition d&rsquo;oxyde stable<br \/>\nDensit\u00e9 \u00e9lev\u00e9e de la cible<br \/>\nProcessus de pulv\u00e9risation contr\u00f4lable<br \/>\nBonne r\u00e9p\u00e9tabilit\u00e9 du film<br \/>\nCompatible avec divers processus de d\u00e9p\u00f4t<br \/>\nPrend en charge <span style=\"color: #0000ff;\"><a style=\"color: #0000ff;\" href=\"https:\/\/ulpmat.com\/fr\/service\/collage-des-cibles\/\">la liaison<\/a><\/span><br \/>\ndu fond de panier<\/p>\n<h2><span style=\"font-size: 14pt;\">Applications des cibles de pulv\u00e9risation en oxyde de vanadium<\/span><\/h2>\n<p><strong>Pr\u00e9paration de films minces d&rsquo;oxyde fonctionnel :<\/strong><br \/>\npeut \u00eatre utilis\u00e9 pour d\u00e9poser des films minces d&rsquo;oxyde de m\u00e9tal de transition, r\u00e9pondant aux exigences d&rsquo;applications avec des propri\u00e9t\u00e9s \u00e9lectriques et structurelles sp\u00e9cifiques.<\/p>\n<p><strong>Mat\u00e9riaux \u00e0 changement de phase et recherche sur les dispositifs :<\/strong><br \/>\ncette cible est souvent utilis\u00e9e pour \u00e9tudier le comportement de changement de phase li\u00e9 \u00e0 la temp\u00e9rature ou aux champs externes, et constitue une source de d\u00e9p\u00f4t importante pour les mat\u00e9riaux fonctionnels \u00e0 changement de phase.<\/p>\n<p><strong>Applications dans l&rsquo;\u00e9lectronique et les dispositifs micro\/nano :<\/strong><br \/>\nles films minces de V\u2082O\u2083 peuvent servir de couches fonctionnelles dans la conception de la structure des dispositifs lors de la fabrication de dispositifs \u00e9lectroniques et de structures micro\/nano.<\/p>\n<p><strong>Recherche et d\u00e9veloppement de param\u00e8tres de processus :<\/strong><br \/>\nconvient aux universit\u00e9s et aux instituts de recherche pour explorer les fen\u00eatres de processus de pulv\u00e9risation et \u00e9tudier le contr\u00f4le des performances des films minces.<\/p>\n<h2><span style=\"color: #0000ff; font-size: 14pt;\"><a style=\"color: #0000ff;\" href=\"https:\/\/ulpmat.com\/fr\/societe\/faq\/\">FAQ<\/a><\/span><\/h2>\n<p>Q1 : \u00c0 quelle m\u00e9thode de pulv\u00e9risation la cible de pulv\u00e9risation d&rsquo;oxyde de vanadium convient-elle ?<br \/>\nA1 : Cette cible peut \u00eatre utilis\u00e9e pour la pulv\u00e9risation RF et, dans des conditions appropri\u00e9es, pour la pulv\u00e9risation DC, en fonction de la configuration de l&rsquo;\u00e9quipement.<\/p>\n<p>Q2 : Le contr\u00f4le de l&rsquo;atmosph\u00e8re est-il n\u00e9cessaire lors de l&rsquo;utilisation de cibles V\u2082O\u2083 ?<br \/>\nA2 : En g\u00e9n\u00e9ral, l&rsquo;atmosph\u00e8re de d\u00e9p\u00f4t doit \u00eatre contr\u00f4l\u00e9e pour obtenir la composition et la structure souhait\u00e9es du film mince.<\/p>\n<p>Q3 : Les cibles de pulv\u00e9risation d&rsquo;oxyde de vanadium peuvent-elles \u00eatre coll\u00e9es sur un fond de panier ?<br \/>\nA3 : Oui, en fonction des exigences de l&rsquo;application, la cible peut \u00eatre coll\u00e9e sur un fond de panier m\u00e9tallique afin d&rsquo;am\u00e9liorer la dissipation thermique et la stabilit\u00e9 du montage.<\/p>\n<p>Q4 : La cible en oxyde de vanadium est-elle plus adapt\u00e9e \u00e0 la recherche ou \u00e0 la production ?<br \/>\nA4 : Actuellement principalement utilis\u00e9e dans la recherche scientifique et le d\u00e9veloppement de processus \u00e0 petite \u00e9chelle, elle convient \u00e9galement \u00e0 la production pilote de films minces fonctionnels sp\u00e9cifiques.<\/p>\n<h2><span style=\"font-size: 14pt;\">Rapports<\/span><\/h2>\n<p>Chaque lot est fourni avec :<br \/>\n<span style=\"color: #0000ff;\"><a style=\"color: #0000ff;\" href=\"https:\/\/ulpmat.com\/fr\/documents\/certificat-danalyse\/\"><u>Certificat d&rsquo;analyse (COA)<\/u><\/a><\/span><\/p>\n<p><span style=\"color: #0000ff;\"><a style=\"color: #0000ff;\" href=\"https:\/\/ulpmat.com\/fr\/documents\/fiche-technique\/\"><u>Fiche technique (TDS)<\/u><\/a><\/span><\/p>\n<p><span style=\"color: #0000ff;\"><a style=\"color: #0000ff;\" href=\"https:\/\/ulpmat.com\/fr\/documents\/fiche-de-donnees-de-securite\/\"><u>Fiche de donn\u00e9es de s\u00e9curit\u00e9 (MSDS)<\/u><\/a><\/span><br \/>\nRapport d&rsquo;inspection des dimensions<br \/>\nRapports d&rsquo;essais par des tiers disponibles sur demande<\/p>\n<h2><span style=\"font-size: 14pt;\">Pourquoi nous choisir ?<\/span><\/h2>\n<p>Nous avons une exp\u00e9rience continue dans le domaine des cibles de pulv\u00e9risation d&rsquo;oxyde, nous connaissons bien les caract\u00e9ristiques d&rsquo;application du V\u2082O\u2083 dans le d\u00e9p\u00f4t de films minces et la recherche sur les transitions de phase, et nous pouvons fournir une qualit\u00e9 de cible stable, des informations techniques claires et un soutien flexible <span style=\"color: #0000ff;\"><a style=\"color: #0000ff;\" href=\"https:\/\/ulpmat.com\/fr\/service\/personnalisation\/\">en mati\u00e8re de personnalisation<\/a><\/span><br \/>\nafin d&rsquo;aider nos clients \u00e0 faire progresser efficacement leurs projets de recherche et d&rsquo;application.<\/p>\n","protected":false},"excerpt":{"rendered":"<p>Cibles de pulv\u00e9risation en oxyde de vanadium Pr\u00e9sentation Les cibles de pulv\u00e9risation en oxyde de vanadium sont des cibles importantes en oxyde de m\u00e9tal de transition adapt\u00e9es \u00e0 la pr\u00e9paration de films minces en oxyde pr\u00e9sentant des propri\u00e9t\u00e9s \u00e9lectriques et structurelles particuli\u00e8res. Ce produit est largement utilis\u00e9 dans les films minces fonctionnels, la recherche sur [&hellip;]<\/p>\n","protected":false},"featured_media":50739,"template":"","meta":{"_acf_changed":false},"product_brand":[132],"product_cat":[449],"product_tag":[7532],"class_list":{"0":"post-50738","1":"product","2":"type-product","3":"status-publish","4":"has-post-thumbnail","6":"product_brand-ulpmat","7":"product_cat-cible-de-pulverisation-ceramique","8":"product_tag-cible-de-pulverisation-doxyde-de-vanadium","10":"first","11":"instock","12":"shipping-taxable","13":"product-type-variable"},"acf":[],"_links":{"self":[{"href":"https:\/\/ulpmat.com\/fr\/wp-json\/wp\/v2\/product\/50738","targetHints":{"allow":["GET"]}}],"collection":[{"href":"https:\/\/ulpmat.com\/fr\/wp-json\/wp\/v2\/product"}],"about":[{"href":"https:\/\/ulpmat.com\/fr\/wp-json\/wp\/v2\/types\/product"}],"wp:featuredmedia":[{"embeddable":true,"href":"https:\/\/ulpmat.com\/fr\/wp-json\/wp\/v2\/media\/50739"}],"wp:attachment":[{"href":"https:\/\/ulpmat.com\/fr\/wp-json\/wp\/v2\/media?parent=50738"}],"wp:term":[{"taxonomy":"product_brand","embeddable":true,"href":"https:\/\/ulpmat.com\/fr\/wp-json\/wp\/v2\/product_brand?post=50738"},{"taxonomy":"product_cat","embeddable":true,"href":"https:\/\/ulpmat.com\/fr\/wp-json\/wp\/v2\/product_cat?post=50738"},{"taxonomy":"product_tag","embeddable":true,"href":"https:\/\/ulpmat.com\/fr\/wp-json\/wp\/v2\/product_tag?post=50738"}],"curies":[{"name":"wp","href":"https:\/\/api.w.org\/{rel}","templated":true}]}}