{"id":50687,"date":"2026-01-08T14:45:09","date_gmt":"2026-01-08T06:45:09","guid":{"rendered":"https:\/\/ulpmat.com\/product\/oxyde-de-vanadium-3\/"},"modified":"2026-01-08T14:45:09","modified_gmt":"2026-01-08T06:45:09","slug":"oxyde-de-vanadium-3","status":"publish","type":"product","link":"https:\/\/ulpmat.com\/fr\/produit\/oxyde-de-vanadium-3\/","title":{"rendered":"Oxyde de vanadium"},"content":{"rendered":"<h2><span style=\"font-size: 14pt;\">Cibles de pulv\u00e9risation d&rsquo;oxyde de vanadium &#8211; Pr\u00e9sentation<\/span><\/h2>\n<p>Les cibles de pulv\u00e9risation<br \/>\n<span style=\"color: #0000ff;\"><a style=\"color: #0000ff;\" href=\"https:\/\/ulpmat.com\/fr\/recherche\/?type=name&#038;keyword=Vanadium+Oxide\">d&rsquo;oxyde de vanadium<\/a><\/span><br \/>\nsont des cibles classiques en oxyde de vanadium adapt\u00e9es \u00e0 la pr\u00e9paration de films minces fonctionnels pr\u00e9sentant des propri\u00e9t\u00e9s <span style=\"color: #0000ff;\"><a style=\"color: #0000ff;\" href=\"https:\/\/ulpmat.com\/fr\/candidature\/materiaux-optiques\/\">optiques<\/a><\/span><br \/>\net \u00e9lectriques. Ce mat\u00e9riau est couramment utilis\u00e9 dans des domaines de recherche tels que les mat\u00e9riaux intelligents, les rev\u00eatements fonctionnels et les proc\u00e9d\u00e9s de films minces associ\u00e9s.<\/p>\n<p>Nous pouvons fournir des services de traitement et de fourniture de cibles de pulv\u00e9risation V2O5 en fonction des diff\u00e9rentes exigences des \u00e9quipements. Veuillez <span style=\"color: #0000ff;\"><a style=\"color: #0000ff;\" href=\"https:\/\/ulpmat.com\/fr\/contactez-nous\/\">nous contacter<\/a><\/span><br \/>\npour obtenir les sp\u00e9cifications correspondantes.<\/p>\n<h2><span style=\"font-size: 14pt;\">Points forts du produit<\/span><\/h2>\n<p>Composition d\u00e9finitive de la phase d&rsquo;oxyde<br \/>\nStructure dense de la cible<br \/>\nProcessus de pulv\u00e9risation stable et contr\u00f4lable<br \/>\nBonne coh\u00e9rence du film mince<br \/>\nConvient \u00e0 la pulv\u00e9risation RF<br \/>\nPrend en charge les structures <span style=\"color: #0000ff;\"><a style=\"color: #0000ff;\" href=\"https:\/\/ulpmat.com\/fr\/service\/collage-des-cibles\/\">de liaison<\/a><\/span><br \/>\ndu fond de panier<\/p>\n<h2><span style=\"font-size: 14pt;\">Applications des cibles de pulv\u00e9risation d&rsquo;oxyde de vanadium<\/span><\/h2>\n<p><span style=\"color: #000000;\"><strong>Films minces \u00e9lectrochromiques et optiques :<\/strong><\/span><br \/>\npeuvent \u00eatre utilis\u00e9s pour pr\u00e9parer des films minces avec des capacit\u00e9s de contr\u00f4le optique, avec une valeur d&rsquo;application dans la recherche sur les fen\u00eatres intelligentes et les mat\u00e9riaux fonctionnels optiques.<\/p>\n<p><strong>Films minces fonctionnels li\u00e9s aux capteurs :<\/strong><br \/>\nles films minces pr\u00e9par\u00e9s avec cette cible pr\u00e9sentent de bonnes caract\u00e9ristiques de r\u00e9ponse aux changements de l&rsquo;environnement externe, ce qui les rend adapt\u00e9s \u00e0 la recherche et au d\u00e9veloppement de mat\u00e9riaux pour capteurs.<\/p>\n<p><strong>Recherche sur les films minces pour l&rsquo;\u00e9nergie et le stockage d&rsquo;\u00e9nergie :<\/strong><br \/>\nles films minces de V2O5 ont une importance pour la recherche dans le domaine des mat\u00e9riaux li\u00e9s \u00e0 l&rsquo;\u00e9nergie, et les cibles de pulv\u00e9risation fournissent une source stable pour leur pr\u00e9paration.<\/p>\n<p><strong>Recherche et optimisation des param\u00e8tres de processus :<\/strong><br \/>\nconvient aux universit\u00e9s et aux instituts de recherche, utilis\u00e9 pour l&rsquo;optimisation des param\u00e8tres de pulv\u00e9risation, le contr\u00f4le de la structure des films minces et les tests de performance.<\/p>\n<h2><span style=\"color: #0000ff;\"><a style=\"color: #0000ff;\" href=\"https:\/\/ulpmat.com\/fr\/societe\/faq\/\"><span style=\"font-size: 14pt;\">FAQ<\/span><\/a><\/span><\/h2>\n<p>Q1 : Quel est le r\u00f4le principal des cibles de pulv\u00e9risation d&rsquo;oxyde de vanadium dans le d\u00e9p\u00f4t de films minces ?<br \/>\nA1 : Cette cible sert de source de mat\u00e9riau pour les films minces d&rsquo;oxyde de vanadium, utilis\u00e9s pour former des couches fonctionnelles ayant des propri\u00e9t\u00e9s optiques, \u00e9lectriques ou chimiques sp\u00e9cifiques.<\/p>\n<p>Q2 : Existe-t-il des exigences particuli\u00e8res concernant les param\u00e8tres de pulv\u00e9risation lors de l&rsquo;utilisation de cibles V\u2082O\u2085 ?<br \/>\nR2 : La puissance de pulv\u00e9risation, le rapport gazeux et la temp\u00e9rature du substrat ont tous une incidence sur la structure du film mince, et une optimisation du processus est g\u00e9n\u00e9ralement n\u00e9cessaire en fonction de l&rsquo;application cible.<\/p>\n<p>Q3 : Les cibles de pulv\u00e9risation en oxyde de vanadium sont-elles stables \u00e0 long terme ?<br \/>\nR3 : Dans des conditions de pulv\u00e9risation raisonnables, la cible pr\u00e9sente une bonne stabilit\u00e9 structurelle et convient \u00e0 des exp\u00e9riences de d\u00e9p\u00f4t continues ou r\u00e9p\u00e9t\u00e9es.<\/p>\n<p>Q4 : Dans quels domaines de recherche les films minces pr\u00e9par\u00e9s \u00e0 l&rsquo;aide de cibles en oxyde de vanadium sont-ils couramment utilis\u00e9s ?<br \/>\nR4 : Ils sont couramment utilis\u00e9s dans les films minces \u00e9lectrochromiques li\u00e9s \u00e0 l&rsquo;\u00e9nergie, les mat\u00e9riaux fonctionnels de d\u00e9tection et la recherche sur les nouveaux films minces d&rsquo;oxyde.<\/p>\n<h2><span style=\"font-size: 14pt;\">Rapport<\/span><\/h2>\n<p>Chaque lot est fourni avec :<br \/>\n<span style=\"color: #0000ff;\"><a style=\"color: #0000ff;\" href=\"https:\/\/ulpmat.com\/fr\/documents\/certificat-danalyse\/\"><u>Certificat d&rsquo;analyse (COA)<\/u><\/a><\/span><\/p>\n<p><span style=\"color: #0000ff;\"><a style=\"color: #0000ff;\" href=\"https:\/\/ulpmat.com\/fr\/documents\/fiche-technique\/\"><u>Fiche technique (TDS)<\/u><\/a><\/span><\/p>\n<p><span style=\"color: #0000ff;\"><a style=\"color: #0000ff;\" href=\"https:\/\/ulpmat.com\/fr\/documents\/fiche-de-donnees-de-securite\/\"><u>Fiche de donn\u00e9es de s\u00e9curit\u00e9 (MSDS)<\/u><\/a><\/span><br \/>\nRapport d&rsquo;inspection des dimensions<br \/>\nRapports d&rsquo;essais effectu\u00e9s par des tiers disponibles sur demande<\/p>\n<h2><span style=\"font-size: 14pt;\">Pourquoi nous choisir ?<\/span><\/h2>\n<p>Nous sommes sp\u00e9cialis\u00e9s dans la fourniture \u00e0 long terme de cibles de pulv\u00e9risation d&rsquo;oxyde, nous connaissons bien les caract\u00e9ristiques d&rsquo;application du V\u2082O\u2085 dans les films minces fonctionnels et nous pouvons fournir une qualit\u00e9 de produit stable, <span style=\"color: #0000ff;\"><a style=\"color: #0000ff;\" href=\"https:\/\/ulpmat.com\/fr\/service\/personnalisation\/\">une personnalisation<\/a><\/span><br \/>\nflexible des sp\u00e9cifications et <span style=\"color: #0000ff;\"><a style=\"color: #0000ff;\" href=\"https:\/\/ulpmat.com\/fr\/service\/support-technique\/\">une assistance technique<\/a><\/span><br \/>\nclaire<span style=\"color: #0000ff;\">.<\/span><\/p>\n","protected":false},"excerpt":{"rendered":"<p>Cibles de pulv\u00e9risation d&rsquo;oxyde de vanadium &#8211; Pr\u00e9sentation Les cibles de pulv\u00e9risation d&rsquo;oxyde de vanadium sont des cibles classiques en oxyde de vanadium adapt\u00e9es \u00e0 la pr\u00e9paration de films minces fonctionnels pr\u00e9sentant des propri\u00e9t\u00e9s optiques et \u00e9lectriques. Ce mat\u00e9riau est couramment utilis\u00e9 dans des domaines de recherche tels que les mat\u00e9riaux intelligents, les rev\u00eatements fonctionnels [&hellip;]<\/p>\n","protected":false},"featured_media":50689,"template":"","meta":{"_acf_changed":false},"product_brand":[132],"product_cat":[449],"product_tag":[7532],"class_list":{"0":"post-50687","1":"product","2":"type-product","3":"status-publish","4":"has-post-thumbnail","6":"product_brand-ulpmat","7":"product_cat-cible-de-pulverisation-ceramique","8":"product_tag-cible-de-pulverisation-doxyde-de-vanadium","10":"first","11":"instock","12":"shipping-taxable","13":"product-type-variable"},"acf":[],"_links":{"self":[{"href":"https:\/\/ulpmat.com\/fr\/wp-json\/wp\/v2\/product\/50687","targetHints":{"allow":["GET"]}}],"collection":[{"href":"https:\/\/ulpmat.com\/fr\/wp-json\/wp\/v2\/product"}],"about":[{"href":"https:\/\/ulpmat.com\/fr\/wp-json\/wp\/v2\/types\/product"}],"wp:featuredmedia":[{"embeddable":true,"href":"https:\/\/ulpmat.com\/fr\/wp-json\/wp\/v2\/media\/50689"}],"wp:attachment":[{"href":"https:\/\/ulpmat.com\/fr\/wp-json\/wp\/v2\/media?parent=50687"}],"wp:term":[{"taxonomy":"product_brand","embeddable":true,"href":"https:\/\/ulpmat.com\/fr\/wp-json\/wp\/v2\/product_brand?post=50687"},{"taxonomy":"product_cat","embeddable":true,"href":"https:\/\/ulpmat.com\/fr\/wp-json\/wp\/v2\/product_cat?post=50687"},{"taxonomy":"product_tag","embeddable":true,"href":"https:\/\/ulpmat.com\/fr\/wp-json\/wp\/v2\/product_tag?post=50687"}],"curies":[{"name":"wp","href":"https:\/\/api.w.org\/{rel}","templated":true}]}}