{"id":50633,"date":"2026-01-08T14:45:10","date_gmt":"2026-01-08T06:45:10","guid":{"rendered":"https:\/\/ulpmat.com\/product\/vanadium-aluminium\/"},"modified":"2026-01-08T14:45:10","modified_gmt":"2026-01-08T06:45:10","slug":"vanadium-aluminium","status":"publish","type":"product","link":"https:\/\/ulpmat.com\/fr\/produit\/vanadium-aluminium\/","title":{"rendered":"Vanadium Aluminium"},"content":{"rendered":"<h2><span style=\"font-size: 14pt;\">Aper\u00e7u de la poudre d&rsquo;aluminium-vanadium<\/span><\/h2>\n<p>La poudre<br \/>\n<span style=\"color: #0000ff;\"><a style=\"color: #0000ff;\" href=\"https:\/\/ulpmat.com\/fr\/recherche\/?type=name&#038;keyword=Vanadium+aluminum\">d&rsquo;aluminium-vanadium<\/a><\/span><br \/>\nest un mat\u00e9riau en poudre alli\u00e9 compos\u00e9 principalement de vanadium et d&rsquo;aluminium, qui pr\u00e9sente \u00e0 la fois une l\u00e9g\u00e8ret\u00e9 et une stabilit\u00e9 structurelle. Ce produit est couramment utilis\u00e9 dans la recherche sur les mat\u00e9riaux \u00e0 haute temp\u00e9rature, le d\u00e9veloppement de syst\u00e8mes d&rsquo;alliages et l&rsquo;exploration exp\u00e9rimentale et applicative de mat\u00e9riaux fonctionnels connexes.<\/p>\n<p>Nous pouvons fournir un approvisionnement stable en produits en poudre d&rsquo;alliage aluminium-vanadium pour diverses applications. Veuillez <span style=\"color: #0000ff;\"><a style=\"color: #0000ff;\" href=\"https:\/\/ulpmat.com\/fr\/contactez-nous\/\">nous contacter<\/a><\/span><br \/>\npour obtenir des informations techniques et une assistance.<\/p>\n<h2><span style=\"font-size: 14pt;\">Points forts du produit<\/span><\/h2>\n<p>Syst\u00e8me d&rsquo;alliage vanadium-aluminium<br \/>\nMorphologie uniforme de la poudre<br \/>\nFacilit\u00e9 de dosage de l&rsquo;alliage<br \/>\nConvient aux processus de m\u00e9tallurgie des poudres<br \/>\nStructure et composition stables<br \/>\nConvient \u00e0 la recherche et au d\u00e9veloppement<\/p>\n<h2><span style=\"font-size: 14pt;\">Applications de la poudre de vanadium-aluminium<\/span><\/h2>\n<p><strong>Recherche sur les mat\u00e9riaux \u00e0 haute temp\u00e9rature et les mat\u00e9riaux de structure :<\/strong><br \/>\ncouramment utilis\u00e9e dans la recherche sur les alliages \u00e0 haute temp\u00e9rature ou les mat\u00e9riaux de structure l\u00e9gers, elle convient \u00e0 l&rsquo;exploration de leurs performances dans des conditions de travail complexes.<br \/>\n<strong>D\u00e9veloppement et optimisation du syst\u00e8me d&rsquo;alliage :<\/strong><br \/>\ndans le d\u00e9veloppement d&rsquo;alliages \u00e0 plusieurs \u00e9l\u00e9ments, cette poudre peut servir de mati\u00e8re premi\u00e8re de base pour les exp\u00e9riences de contr\u00f4le de la composition et d&rsquo;optimisation des performances.<br \/>\n<strong>M\u00e9tallurgie des poudres et mat\u00e9riaux fritt\u00e9s :<\/strong><br \/>\nce produit convient aux processus de pressage et de frittage et peut \u00eatre utilis\u00e9 pour pr\u00e9parer des corps fritt\u00e9s \u00e0 base de vanadium-aluminium ou des mat\u00e9riaux composites.<br \/>\n<strong>Recherche et essais \u00e0 l&rsquo;\u00e9chelle pilote :<\/strong><br \/>\nconvient aux universit\u00e9s, aux instituts de recherche et aux d\u00e9partements de R&amp;D des entreprises pour la v\u00e9rification des mat\u00e9riaux, les exp\u00e9riences \u00e0 l&rsquo;\u00e9chelle pilote et l&rsquo;\u00e9valuation des performances.<\/p>\n<h2><span style=\"color: #0000ff; font-size: 14pt;\"><a style=\"color: #0000ff;\" href=\"https:\/\/ulpmat.com\/fr\/societe\/faq\/\">FAQ<\/a><\/span><\/h2>\n<p>Q1 : La poudre de vanadium-aluminium est-elle une poudre m\u00e9tallique ou une poudre d&rsquo;alliage ?<br \/>\nA1 : Ce produit est une poudre d&rsquo;alliage de vanadium-aluminium, compos\u00e9e de vanadium et d&rsquo;aluminium, adapt\u00e9e \u00e0 la recherche sur les alliages.<\/p>\n<p>Q2 : Quelles m\u00e9thodes de traitement conviennent \u00e0 la poudre de vanadium-aluminium ?<br \/>\nA2 : Elle peut \u00eatre utilis\u00e9e dans la m\u00e9tallurgie des poudres, le m\u00e9lange de poudres, le frittage et d&rsquo;autres processus, en fonction des exigences de l&rsquo;application finale.<\/p>\n<p>Q3 : La poudre de vanadium-aluminium est-elle principalement utilis\u00e9e pour la recherche ou la production ?<br \/>\nA3 : Actuellement, elle est principalement utilis\u00e9e dans la phase de recherche et de d\u00e9veloppement des mat\u00e9riaux, et peut \u00e9galement \u00eatre utilis\u00e9e pour la v\u00e9rification des processus dans des domaines sp\u00e9cifiques.<\/p>\n<p>Q4 : Quelles sont les recommandations de stockage pour la poudre de vanadium-aluminium ?<br \/>\nA4 : Il est recommand\u00e9 de la stocker dans un r\u00e9cipient herm\u00e9tique dans un environnement sec, en \u00e9vitant l&rsquo;humidit\u00e9 et le contact avec des substances corrosives.<\/p>\n<h2><span style=\"font-size: 14pt;\">Rapport<\/span><\/h2>\n<p>Chaque lot est fourni avec :<br \/>\n<span style=\"color: #0000ff;\"><a style=\"color: #0000ff;\" href=\"https:\/\/ulpmat.com\/fr\/documents\/certificat-danalyse\/\"><u>Certificat d&rsquo;analyse (COA)<\/u><\/a><\/span><\/p>\n<p><span style=\"color: #0000ff;\"><a style=\"color: #0000ff;\" href=\"https:\/\/ulpmat.com\/fr\/documents\/fiche-technique\/\"><u>Fiche technique (TDS)<\/u><\/a><\/span><\/p>\n<p><span style=\"color: #0000ff;\"><a style=\"color: #0000ff;\" href=\"https:\/\/ulpmat.com\/fr\/documents\/fiche-de-donnees-de-securite\/\"><u>Fiche de donn\u00e9es de s\u00e9curit\u00e9 (MSDS)<\/u><\/a><\/span><br \/>\nRapports d&rsquo;essais par des tiers disponibles sur demande<\/p>\n<h2><span style=\"font-size: 14pt;\">Pourquoi nous choisir ?<\/span><\/h2>\n<p>Nous sommes sp\u00e9cialis\u00e9s dans la fourniture \u00e0 long terme de poudres m\u00e9talliques et d&rsquo;alliages, nous connaissons bien les besoins en mati\u00e8re d&rsquo;application des alliages de vanadium-aluminium dans la recherche scientifique et le d\u00e9veloppement de mat\u00e9riaux, et nous pouvons fournir une qualit\u00e9 de produit stable, des informations techniques claires et un service d&rsquo;assistance fiable pour aider nos clients \u00e0 faire avancer efficacement leurs projets.<\/p>\n","protected":false},"excerpt":{"rendered":"<p>Aper\u00e7u de la poudre d&rsquo;aluminium-vanadium La poudre d&rsquo;aluminium-vanadium est un mat\u00e9riau en poudre alli\u00e9 compos\u00e9 principalement de vanadium et d&rsquo;aluminium, qui pr\u00e9sente \u00e0 la fois une l\u00e9g\u00e8ret\u00e9 et une stabilit\u00e9 structurelle. Ce produit est couramment utilis\u00e9 dans la recherche sur les mat\u00e9riaux \u00e0 haute temp\u00e9rature, le d\u00e9veloppement de syst\u00e8mes d&rsquo;alliages et l&rsquo;exploration exp\u00e9rimentale et applicative [&hellip;]<\/p>\n","protected":false},"featured_media":50634,"template":"","meta":{"_acf_changed":false},"product_brand":[132],"product_cat":[276],"product_tag":[7580],"class_list":{"0":"post-50633","1":"product","2":"type-product","3":"status-publish","4":"has-post-thumbnail","6":"product_brand-ulpmat","7":"product_cat-metaux-purs-et-alliages","8":"product_tag-poudre-daluminium-au-vanadium","10":"first","11":"instock","12":"shipping-taxable","13":"product-type-variable"},"acf":[],"_links":{"self":[{"href":"https:\/\/ulpmat.com\/fr\/wp-json\/wp\/v2\/product\/50633","targetHints":{"allow":["GET"]}}],"collection":[{"href":"https:\/\/ulpmat.com\/fr\/wp-json\/wp\/v2\/product"}],"about":[{"href":"https:\/\/ulpmat.com\/fr\/wp-json\/wp\/v2\/types\/product"}],"wp:featuredmedia":[{"embeddable":true,"href":"https:\/\/ulpmat.com\/fr\/wp-json\/wp\/v2\/media\/50634"}],"wp:attachment":[{"href":"https:\/\/ulpmat.com\/fr\/wp-json\/wp\/v2\/media?parent=50633"}],"wp:term":[{"taxonomy":"product_brand","embeddable":true,"href":"https:\/\/ulpmat.com\/fr\/wp-json\/wp\/v2\/product_brand?post=50633"},{"taxonomy":"product_cat","embeddable":true,"href":"https:\/\/ulpmat.com\/fr\/wp-json\/wp\/v2\/product_cat?post=50633"},{"taxonomy":"product_tag","embeddable":true,"href":"https:\/\/ulpmat.com\/fr\/wp-json\/wp\/v2\/product_tag?post=50633"}],"curies":[{"name":"wp","href":"https:\/\/api.w.org\/{rel}","templated":true}]}}