{"id":50495,"date":"2026-01-08T14:45:11","date_gmt":"2026-01-08T06:45:11","guid":{"rendered":"https:\/\/ulpmat.com\/product\/carbure-de-vanadium\/"},"modified":"2026-01-08T14:45:11","modified_gmt":"2026-01-08T06:45:11","slug":"carbure-de-vanadium","status":"publish","type":"product","link":"https:\/\/ulpmat.com\/fr\/produit\/carbure-de-vanadium\/","title":{"rendered":"Carbure de vanadium"},"content":{"rendered":"<h2><span style=\"font-size: 14pt;\">Cibles de pulv\u00e9risation en carbure de vanadium Pr\u00e9sentation<\/span><\/h2>\n<p>Les cibles de pulv\u00e9risation<br \/>\n<span style=\"color: #0000ff;\"><a style=\"color: #0000ff;\" href=\"https:\/\/ulpmat.com\/fr\/recherche\/?type=name&#038;keyword=Vanadium+carbide\">en carbure de vanadium<\/a><\/span><br \/>\nsont des cibles fonctionnelles qui combinent une duret\u00e9 \u00e9lev\u00e9e et une grande stabilit\u00e9 chimique, adapt\u00e9es \u00e0 divers proc\u00e9d\u00e9s de d\u00e9p\u00f4t physique en phase vapeur. Les films minces pr\u00e9par\u00e9s \u00e0 partir de celles-ci pr\u00e9sentent des performances exceptionnelles en termes de r\u00e9sistance \u00e0 l&rsquo;usure, de stabilit\u00e9 thermique et de densit\u00e9 structurelle.<\/p>\n<p>Nous proposons des cibles de pulv\u00e9risation en carbure de vanadium dans diff\u00e9rentes sp\u00e9cifications et avec diff\u00e9rents sch\u00e9mas de contr\u00f4le de la composition. Veuillez <span style=\"color: #0000ff;\"><a style=\"color: #0000ff;\" href=\"https:\/\/ulpmat.com\/fr\/contactez-nous\/\">nous contacter<\/a><\/span><br \/>\npour <span style=\"color: #0000ff;\"><a style=\"color: #0000ff;\" href=\"https:\/\/ulpmat.com\/fr\/service\/personnalisation\/\">toute personnalisation<\/a><\/span><br \/>\net <span style=\"color: #0000ff;\"><a style=\"color: #0000ff;\" href=\"https:\/\/ulpmat.com\/fr\/service\/support-technique\/\">assistance technique.<\/a><\/span><\/p>\n<h2><span style=\"font-size: 14pt;\">Caract\u00e9ristiques du produit<\/span><\/h2>\n<p>Syst\u00e8me de cibles \u00e0 haute duret\u00e9<br \/>\nProc\u00e9d\u00e9 de pulv\u00e9risation stable<br \/>\nBonne densit\u00e9 du film<br \/>\nExcellente r\u00e9sistance \u00e0 l&rsquo;usure<br \/>\nGrande stabilit\u00e9 chimique<br \/>\nSp\u00e9cifications et structures personnalisables<\/p>\n<h2><span style=\"font-size: 14pt;\">Applications des cibles de pulv\u00e9risation en carbure de vanadium<\/span><\/h2>\n<p><strong>Pr\u00e9paration de films fonctionnels r\u00e9sistants \u00e0 l&rsquo;usure :<\/strong><br \/>\nconvient \u00e0 la pr\u00e9paration de films r\u00e9sistants \u00e0 l&rsquo;usure et \u00e0 haute duret\u00e9, am\u00e9liorant consid\u00e9rablement la dur\u00e9e de vie et la r\u00e9sistance \u00e0 l&rsquo;usure des surfaces des substrats.<br \/>\n<strong>Rev\u00eatements protecteurs haute temp\u00e9rature :<\/strong><br \/>\ngr\u00e2ce \u00e0 son excellente stabilit\u00e9 thermique, il est possible de d\u00e9poser des rev\u00eatements protecteurs destin\u00e9s \u00e0 \u00eatre utilis\u00e9s dans des environnements \u00e0 haute temp\u00e9rature, tout en conservant la stabilit\u00e9 structurelle et les performances.<br \/>\n<strong>Modification de la surface des outils et des moules :<\/strong><br \/>\nla formation de films de carbure de vanadium sur les surfaces des outils ou des moules par pulv\u00e9risation permet de r\u00e9duire le coefficient de frottement et d&rsquo;am\u00e9liorer la durabilit\u00e9 globale.<br \/>\n<strong>Mat\u00e9riaux fonctionnels et recherche scientifique sur les films minces :<\/strong><br \/>\ncette cible de pulv\u00e9risation est couramment utilis\u00e9e dans la recherche sur les films minces fonctionnels et les nouvelles structures de rev\u00eatement, et convient aux applications en laboratoire et \u00e0 l&rsquo;\u00e9chelle pilote.<\/p>\n<h2><span style=\"color: #0000ff;\"><a style=\"color: #0000ff;\" href=\"https:\/\/ulpmat.com\/fr\/societe\/faq\/\"><span style=\"font-size: 14pt;\">FAQ<\/span><\/a><\/span><\/h2>\n<p>Q1 : \u00c0 quelle m\u00e9thode de d\u00e9p\u00f4t la cible de pulv\u00e9risation au carbure de vanadium est-elle adapt\u00e9e ?<br \/>\nA1 : Cette cible est principalement utilis\u00e9e dans les processus de d\u00e9p\u00f4t physique en phase vapeur (PVD). Le processus de pulv\u00e9risation est stable et l&rsquo;uniformit\u00e9 du film est bonne.<\/p>\n<p>Q2 : La cible est-elle susceptible de se fissurer pendant son utilisation ?<br \/>\nR2 : Dans des conditions de processus raisonnables, la structure de la cible est stable et n&rsquo;est pas sujette \u00e0 des fissures ou \u00e0 un d\u00e9tachement anormaux.<\/p>\n<p>Q3 : Comment la cible affecte-t-elle les performances du film ?<br \/>\nR3 : La densit\u00e9 et l&rsquo;uniformit\u00e9 de la composition de la cible affectent directement la duret\u00e9, l&rsquo;adh\u00e9rence et la r\u00e9sistance \u00e0 l&rsquo;usure du film.<\/p>\n<p>Q4 : Peut-elle \u00eatre utilis\u00e9e pour une pulv\u00e9risation continue ou \u00e0 long terme ?<br \/>\nA4 : Oui, elle est adapt\u00e9e. Dans de bonnes conditions de refroidissement et de contr\u00f4le du processus, elle peut r\u00e9pondre aux exigences d&rsquo;une pulv\u00e9risation continue.<\/p>\n<h2><span style=\"font-size: 14pt;\">Rapport<\/span><\/h2>\n<p>Chaque lot est fourni avec :<br \/>\n<span style=\"color: #0000ff;\"><a style=\"color: #0000ff;\" href=\"https:\/\/ulpmat.com\/fr\/documents\/certificat-danalyse\/\"><u>Certificat d&rsquo;analyse (COA)<\/u><\/a><\/span><\/p>\n<p><span style=\"color: #0000ff;\"><a style=\"color: #0000ff;\" href=\"https:\/\/ulpmat.com\/fr\/documents\/fiche-technique\/\"><u>Fiche technique (TDS)<\/u><\/a><\/span><\/p>\n<p><span style=\"color: #0000ff;\"><a style=\"color: #0000ff;\" href=\"https:\/\/ulpmat.com\/fr\/documents\/fiche-de-donnees-de-securite\/\"><u>Fiche de donn\u00e9es de s\u00e9curit\u00e9 (MSDS)<\/u><\/a><\/span><br \/>\nRapport d&rsquo;inspection des dimensions<br \/>\nRapports d&rsquo;essais effectu\u00e9s par des tiers disponibles sur demande<\/p>\n<h2><span style=\"font-size: 14pt;\">Pourquoi nous choisir ?<\/span><\/h2>\n<p>Nous avons une grande exp\u00e9rience dans la pr\u00e9paration de cibles de pulv\u00e9risation fonctionnelles et l&rsquo;assistance \u00e0 l&rsquo;application, ce qui nous permet de fournir de mani\u00e8re fiable des cibles de pulv\u00e9risation en carbure de vanadium avec des param\u00e8tres contr\u00f4lables. Nous fournissons \u00e9galement des conseils techniques personnalis\u00e9s en fonction des exigences des processus de nos clients, afin d&rsquo;am\u00e9liorer la qualit\u00e9 des films et la stabilit\u00e9 des processus.<\/p>\n","protected":false},"excerpt":{"rendered":"<p>Cibles de pulv\u00e9risation en carbure de vanadium Pr\u00e9sentation Les cibles de pulv\u00e9risation en carbure de vanadium sont des cibles fonctionnelles qui combinent une duret\u00e9 \u00e9lev\u00e9e et une grande stabilit\u00e9 chimique, adapt\u00e9es \u00e0 divers proc\u00e9d\u00e9s de d\u00e9p\u00f4t physique en phase vapeur. Les films minces pr\u00e9par\u00e9s \u00e0 partir de celles-ci pr\u00e9sentent des performances exceptionnelles en termes de [&hellip;]<\/p>\n","protected":false},"featured_media":50496,"template":"","meta":{"_acf_changed":false},"product_brand":[132],"product_cat":[449],"product_tag":[7556],"class_list":{"0":"post-50495","1":"product","2":"type-product","3":"status-publish","4":"has-post-thumbnail","6":"product_brand-ulpmat","7":"product_cat-cible-de-pulverisation-ceramique","8":"product_tag-cible-de-pulverisation-cathodique-en-carbure-de-vanadium","10":"first","11":"instock","12":"shipping-taxable","13":"product-type-variable"},"acf":[],"_links":{"self":[{"href":"https:\/\/ulpmat.com\/fr\/wp-json\/wp\/v2\/product\/50495","targetHints":{"allow":["GET"]}}],"collection":[{"href":"https:\/\/ulpmat.com\/fr\/wp-json\/wp\/v2\/product"}],"about":[{"href":"https:\/\/ulpmat.com\/fr\/wp-json\/wp\/v2\/types\/product"}],"wp:featuredmedia":[{"embeddable":true,"href":"https:\/\/ulpmat.com\/fr\/wp-json\/wp\/v2\/media\/50496"}],"wp:attachment":[{"href":"https:\/\/ulpmat.com\/fr\/wp-json\/wp\/v2\/media?parent=50495"}],"wp:term":[{"taxonomy":"product_brand","embeddable":true,"href":"https:\/\/ulpmat.com\/fr\/wp-json\/wp\/v2\/product_brand?post=50495"},{"taxonomy":"product_cat","embeddable":true,"href":"https:\/\/ulpmat.com\/fr\/wp-json\/wp\/v2\/product_cat?post=50495"},{"taxonomy":"product_tag","embeddable":true,"href":"https:\/\/ulpmat.com\/fr\/wp-json\/wp\/v2\/product_tag?post=50495"}],"curies":[{"name":"wp","href":"https:\/\/api.w.org\/{rel}","templated":true}]}}