{"id":50399,"date":"2026-01-08T14:45:13","date_gmt":"2026-01-08T06:45:13","guid":{"rendered":"https:\/\/ulpmat.com\/product\/oxyde-de-vanadium-2\/"},"modified":"2026-01-08T14:45:13","modified_gmt":"2026-01-08T06:45:13","slug":"oxyde-de-vanadium-2","status":"publish","type":"product","link":"https:\/\/ulpmat.com\/fr\/produit\/oxyde-de-vanadium-2\/","title":{"rendered":"Oxyde de vanadium"},"content":{"rendered":"<h2><span style=\"font-size: 14pt;\">Pr\u00e9sentation de la poudre d&rsquo;oxyde de vanadium<\/span><\/h2>\n<p>La poudre<br \/>\n<span style=\"color: #0000ff;\"><a style=\"color: #0000ff;\" href=\"https:\/\/ulpmat.com\/fr\/recherche\/?type=name&#038;keyword=Vanadium+oxide\">d&rsquo;oxyde de vanadium<\/a><\/span><br \/>\nest un oxyde de m\u00e9tal de transition dot\u00e9 de propri\u00e9t\u00e9s de transition de phase r\u00e9versibles, permettant une transition m\u00e9tal-isolant \u00e0 temp\u00e9rature ambiante. Elle est largement utilis\u00e9e dans le contr\u00f4le thermique intelligent, les dispositifs <span style=\"color: #0000ff;\"><a style=\"color: #0000ff;\" href=\"https:\/\/ulpmat.com\/fr\/candidature\/materiaux-optiques\/\">optiques<\/a><\/span><br \/>\net les mat\u00e9riaux fonctionnels en couches minces.<\/p>\n<p>Nous proposons de la poudre VO2 avec diff\u00e9rentes tailles de particules et formes cristallines, et offrons un service de traitement personnalis\u00e9 et de consultation technique. Veuillez <span style=\"color: #0000ff;\"><a style=\"color: #0000ff;\" href=\"https:\/\/ulpmat.com\/fr\/contactez-nous\/\">nous contacter<\/a><\/span><br \/>\npour obtenir des param\u00e8tres d\u00e9taill\u00e9s.<\/p>\n<h2><span style=\"font-size: 14pt;\">Points forts du produit<\/span><\/h2>\n<p>Transition de phase m\u00e9tal-isolant r\u00e9versible<br \/>\nExcellentes performances de contr\u00f4le intelligent de la temp\u00e9rature<br \/>\nHaute puret\u00e9 et forme cristalline contr\u00f4lable<br \/>\nDistribution uniforme de la taille des particules<br \/>\nBonnes performances de pr\u00e9paration des films minces<br \/>\nStabilit\u00e9 fiable des lots<\/p>\n<h2><span style=\"font-size: 14pt;\">Applications de la poudre d&rsquo;oxyde de vanadium<\/span><\/h2>\n<p><strong>Rev\u00eatements de contr\u00f4le thermique intelligent :<\/strong><br \/>\npeut \u00eatre utilis\u00e9 pour pr\u00e9parer des rev\u00eatements intelligents \u00e0 temp\u00e9rature contr\u00f4l\u00e9e, en ajustant la transmittance infrarouge en fonction des changements de temp\u00e9rature ambiante, permettant ainsi de r\u00e9aliser des \u00e9conomies d&rsquo;\u00e9nergie et de g\u00e9rer la temp\u00e9rature.<br \/>\n<strong>Dispositifs de contr\u00f4le <span style=\"color: #0000ff;\"><a style=\"color: #0000ff;\" href=\"https:\/\/ulpmat.com\/fr\/candidature\/materiaux-optiques\/\">optique<\/a><\/span> :<\/strong><br \/>\ngr\u00e2ce aux propri\u00e9t\u00e9s de transition de phase du VO\u2082, il peut \u00eatre utilis\u00e9 dans les modulateurs optiques, les fen\u00eatres intelligentes et les dispositifs infrarouges accordables, am\u00e9liorant ainsi la vitesse de r\u00e9ponse et les performances des dispositifs.<br \/>\n<strong>Mat\u00e9riaux fonctionnels pour films minces :<\/strong><br \/>\nla poudre de VO\u2082 convient \u00e0 la pr\u00e9paration de films minces fonctionnels, qui peuvent \u00eatre utilis\u00e9s dans les appareils \u00e9lectroniques, les dispositifs opto\u00e9lectroniques et les capteurs afin d&rsquo;am\u00e9liorer la stabilit\u00e9 des performances des films minces.<br \/>\n<strong>Recherche et d\u00e9veloppement de mat\u00e9riaux :<\/strong><br \/>\ndans la recherche sur les nouveaux mat\u00e9riaux \u00e0 changement de phase et les films minces intelligents, la poudre de VO\u2082 fournit une base mat\u00e9rielle fiable et contr\u00f4lable pour les exp\u00e9riences.<\/p>\n<h2><span style=\"color: #0000ff; font-size: 14pt;\"><a style=\"color: #0000ff;\" href=\"https:\/\/ulpmat.com\/fr\/societe\/faq\/\">FAQ<\/a><\/span><\/h2>\n<p>Q1 : La temp\u00e9rature de transition de phase de la poudre d&rsquo;oxyde de vanadium est-elle r\u00e9glable ?<br \/>\nA1 : La temp\u00e9rature de transition m\u00e9tal-isolant du VO\u2082 peut \u00eatre ajust\u00e9e de mani\u00e8re appropri\u00e9e par dopage ou contr\u00f4le du processus afin de r\u00e9pondre \u00e0 diff\u00e9rentes exigences d&rsquo;application.<\/p>\n<p>Q2 : \u00c0 quelles m\u00e9thodes de pr\u00e9paration de films minces la poudre de VO\u2082 est-elle adapt\u00e9e ?<br \/>\nA2 : Elle peut \u00eatre utilis\u00e9e dans diverses m\u00e9thodes de pr\u00e9paration de films minces telles que la pulv\u00e9risation, le d\u00e9p\u00f4t par pulv\u00e9risation cathodique ou le d\u00e9p\u00f4t chimique en phase vapeur.<\/p>\n<p>Q3 : La poudre de VO\u2082 est-elle stable \u00e0 des temp\u00e9ratures \u00e9lev\u00e9es ?<br \/>\nR3 : Dans une plage de temp\u00e9ratures raisonnable, les propri\u00e9t\u00e9s de transition de phase de la poudre restent stables, mais \u00e0 des temp\u00e9ratures excessivement \u00e9lev\u00e9es ou dans des environnements fortement r\u00e9ducteurs, il convient de pr\u00eater attention aux changements dans la structure du mat\u00e9riau.<\/p>\n<p>Q4 : Quelles sont les pr\u00e9cautions d&rsquo;utilisation de la poudre d&rsquo;oxyde de vanadium ?<br \/>\nR4 : \u00c9vitez d&rsquo;inhaler la poussi\u00e8re, conservez-la au sec pendant le stockage et pr\u00eatez attention au contr\u00f4le de la temp\u00e9rature et de l&rsquo;environnement pendant le traitement et la pr\u00e9paration des couches minces.<\/p>\n<h2><span style=\"font-size: 14pt;\">Rapport<\/span><\/h2>\n<p>Chaque lot est fourni avec :<br \/>\n<span style=\"color: #0000ff;\"><a style=\"color: #0000ff;\" href=\"https:\/\/ulpmat.com\/fr\/documents\/certificat-danalyse\/\"><u>Certificat d&rsquo;analyse (COA)<\/u><\/a><\/span><\/p>\n<p><span style=\"color: #0000ff;\"><a style=\"color: #0000ff;\" href=\"https:\/\/ulpmat.com\/fr\/documents\/fiche-technique\/\"><u>Fiche technique (TDS)<\/u><\/a><\/span><\/p>\n<p><span style=\"color: #0000ff;\"><a style=\"color: #0000ff;\" href=\"https:\/\/ulpmat.com\/fr\/documents\/fiche-de-donnees-de-securite\/\"><u>Fiche de donn\u00e9es de s\u00e9curit\u00e9 (MSDS)<\/u><\/a><\/span><br \/>\nRapports d&rsquo;essais effectu\u00e9s par des tiers disponibles sur demande<\/p>\n<h2><span style=\"font-size: 14pt;\">Pourquoi nous choisir ?<\/span><\/h2>\n<p>Nous sommes sp\u00e9cialis\u00e9s dans la recherche et la fourniture de mat\u00e9riaux fonctionnels \u00e0 base d&rsquo;oxyde de vanadium, et proposons une poudre VO2 aux propri\u00e9t\u00e9s de changement de phase stables et \u00e0 la taille des particules contr\u00f4lable. Nous offrons \u00e9galement une assistance technique professionnelle adapt\u00e9e aux sc\u00e9narios d&rsquo;application de nos clients, afin de les aider \u00e0 d\u00e9velopper de mani\u00e8re fiable des films minces et des dispositifs intelligents.<\/p>\n","protected":false},"excerpt":{"rendered":"<p>Pr\u00e9sentation de la poudre d&rsquo;oxyde de vanadium La poudre d&rsquo;oxyde de vanadium est un oxyde de m\u00e9tal de transition dot\u00e9 de propri\u00e9t\u00e9s de transition de phase r\u00e9versibles, permettant une transition m\u00e9tal-isolant \u00e0 temp\u00e9rature ambiante. Elle est largement utilis\u00e9e dans le contr\u00f4le thermique intelligent, les dispositifs optiques et les mat\u00e9riaux fonctionnels en couches minces. Nous proposons [&hellip;]<\/p>\n","protected":false},"featured_media":50400,"template":"","meta":{"_acf_changed":false},"product_brand":[132],"product_cat":[335],"product_tag":[7538],"class_list":{"0":"post-50399","1":"product","2":"type-product","3":"status-publish","4":"has-post-thumbnail","6":"product_brand-ulpmat","7":"product_cat-oxydes","8":"product_tag-poudre-doxyde-de-vanadium","10":"first","11":"instock","12":"shipping-taxable","13":"product-type-variable"},"acf":[],"_links":{"self":[{"href":"https:\/\/ulpmat.com\/fr\/wp-json\/wp\/v2\/product\/50399","targetHints":{"allow":["GET"]}}],"collection":[{"href":"https:\/\/ulpmat.com\/fr\/wp-json\/wp\/v2\/product"}],"about":[{"href":"https:\/\/ulpmat.com\/fr\/wp-json\/wp\/v2\/types\/product"}],"wp:featuredmedia":[{"embeddable":true,"href":"https:\/\/ulpmat.com\/fr\/wp-json\/wp\/v2\/media\/50400"}],"wp:attachment":[{"href":"https:\/\/ulpmat.com\/fr\/wp-json\/wp\/v2\/media?parent=50399"}],"wp:term":[{"taxonomy":"product_brand","embeddable":true,"href":"https:\/\/ulpmat.com\/fr\/wp-json\/wp\/v2\/product_brand?post=50399"},{"taxonomy":"product_cat","embeddable":true,"href":"https:\/\/ulpmat.com\/fr\/wp-json\/wp\/v2\/product_cat?post=50399"},{"taxonomy":"product_tag","embeddable":true,"href":"https:\/\/ulpmat.com\/fr\/wp-json\/wp\/v2\/product_tag?post=50399"}],"curies":[{"name":"wp","href":"https:\/\/api.w.org\/{rel}","templated":true}]}}