{"id":50375,"date":"2026-01-08T14:45:13","date_gmt":"2026-01-08T06:45:13","guid":{"rendered":"https:\/\/ulpmat.com\/product\/oxyde-de-vanadium\/"},"modified":"2026-01-08T14:45:13","modified_gmt":"2026-01-08T06:45:13","slug":"oxyde-de-vanadium","status":"publish","type":"product","link":"https:\/\/ulpmat.com\/fr\/produit\/oxyde-de-vanadium\/","title":{"rendered":"Oxyde de vanadium"},"content":{"rendered":"<h2><span style=\"font-size: 14pt;\">Cibles de pulv\u00e9risation en oxyde de vanadium Pr\u00e9sentation<\/span><\/h2>\n<p>Les cibles de pulv\u00e9risation<br \/>\n<span style=\"color: #0000ff;\"><a style=\"color: #0000ff;\" href=\"https:\/\/ulpmat.com\/fr\/recherche\/?type=name&#038;keyword=Vanadium+oxide\">en oxyde de vanadium<\/a><\/span><br \/>\nsont des cibles fonctionnelles r\u00e9versibles \u00e0 changement de phase m\u00e9tal-isolant adapt\u00e9es \u00e0 divers proc\u00e9d\u00e9s de d\u00e9p\u00f4t physique en phase vapeur. Elles peuvent \u00eatre utilis\u00e9es pour pr\u00e9parer des films minces fonctionnels intelligents, denses et stables, largement utilis\u00e9s dans la modulation optique et la gestion thermique.<\/p>\n<p>Nous proposons des cibles de pulv\u00e9risation VO2 de diff\u00e9rentes tailles, formes cristallines et contr\u00f4les de densit\u00e9. <span style=\"color: #0000ff;\"><a style=\"color: #0000ff;\" href=\"https:\/\/ulpmat.com\/fr\/contactez-nous\/\">Contactez-nous<\/a><\/span><br \/>\npour obtenir des solutions personnalis\u00e9es et <span style=\"color: #0000ff;\"><a style=\"color: #0000ff;\" href=\"https:\/\/ulpmat.com\/fr\/service\/support-technique\/\">une assistance technique.<\/a><\/span><\/p>\n<h2><span style=\"font-size: 14pt;\">Points forts du produit<\/span><\/h2>\n<p>Cible haute densit\u00e9<br \/>\nBonne stabilit\u00e9 de pulv\u00e9risation<br \/>\nPerformances de changement de phase des films minces contr\u00f4lables<br \/>\nConvient \u00e0 la pr\u00e9paration de films minces \u00e0 contr\u00f4le thermique intelligent<br \/>\nTaille et forme cristalline personnalisables<br \/>\nCoh\u00e9rence fiable des lots<\/p>\n<h2><span style=\"font-size: 14pt;\">Applications des cibles de pulv\u00e9risation \u00e0 l&rsquo;oxyde de vanadium<\/span><\/h2>\n<p><strong>Pr\u00e9paration de films minces \u00e0 contr\u00f4le thermique intelligent :<\/strong><br \/>\nCapable de d\u00e9poser des films minces \u00e0 contr\u00f4le de temp\u00e9rature intelligent qui ajustent la transmittance infrarouge en fonction des changements de temp\u00e9rature ambiante, permettant ainsi de r\u00e9aliser des \u00e9conomies d&rsquo;\u00e9nergie et d&rsquo;assurer la gestion thermique.<br \/>\n<strong>Rev\u00eatement de dispositifs de modulation <span style=\"color: #0000ff;\"><a style=\"color: #0000ff;\" href=\"https:\/\/ulpmat.com\/fr\/candidature\/materiaux-optiques\/\">optique<\/a><\/span> :<\/strong><br \/>\nles films minces VO2 form\u00e9s par pulv\u00e9risation peuvent \u00eatre utilis\u00e9s dans les modulateurs optiques, les fen\u00eatres intelligentes et les dispositifs infrarouges, am\u00e9liorant la vitesse de r\u00e9ponse et la stabilit\u00e9 des dispositifs.<br \/>\n<strong>Films minces \u00e9lectroniques fonctionnels :<\/strong><br \/>\nles cibles VO2 conviennent \u00e0 la pr\u00e9paration de films minces \u00e9lectroniques fonctionnels pour les capteurs et les dispositifs \u00e9lectroniques, garantissant des performances de film coh\u00e9rentes et fiables.<br \/>\n<strong>Recherche et d\u00e9veloppement de processus :<\/strong><br \/>\nles cibles sont couramment utilis\u00e9es dans la recherche sur les films minces VO2 et les mat\u00e9riaux fonctionnels \u00e0 changement de phase, fournissant une base mat\u00e9rielle stable pour les applications en laboratoire et \u00e0 l&rsquo;\u00e9chelle pilote.<\/p>\n<h2><span style=\"color: #0000ff;\"><a style=\"color: #0000ff;\" href=\"https:\/\/ulpmat.com\/fr\/societe\/faq\/\"><span style=\"font-size: 14pt;\">FAQ<\/span><\/a><\/span><\/h2>\n<p>Q1 : Quels sont les proc\u00e9d\u00e9s de pulv\u00e9risation adapt\u00e9s aux cibles d&rsquo;oxyde de vanadium ?<br \/>\nA1 : Elles peuvent \u00eatre utilis\u00e9es pour la pulv\u00e9risation magn\u00e9tron, la pulv\u00e9risation CC ou la pulv\u00e9risation RF, garantissant la continuit\u00e9 du film et l&rsquo;uniformit\u00e9 de la structure.<\/p>\n<p>Q2 : Comment la densit\u00e9 de la cible affecte-t-elle les performances du film ?<br \/>\nA2 : Les cibles \u00e0 haute densit\u00e9 contribuent \u00e0 former des films fonctionnels avec une bonne adh\u00e9rence et une structure dense, am\u00e9liorant ainsi la stabilit\u00e9 des propri\u00e9t\u00e9s de changement de phase.<\/p>\n<p>Q3 : Les cibles sont-elles adapt\u00e9es \u00e0 une pulv\u00e9risation continue \u00e0 long terme ?<br \/>\nA3 : Avec un refroidissement et un contr\u00f4le des processus appropri\u00e9s, les exigences de d\u00e9p\u00f4t continu ou \u00e0 long terme peuvent \u00eatre satisfaites.<\/p>\n<p>Q4 : Quelles pr\u00e9cautions faut-il prendre lors de l&rsquo;utilisation de cibles VO2 ?<br \/>\nA4 : Il est recommand\u00e9 de garder la cible propre et s\u00e8che, d&rsquo;\u00e9viter les chocs et l&rsquo;inhalation de poussi\u00e8re pendant le fonctionnement, et de contr\u00f4ler la temp\u00e9rature et l&rsquo;atmosph\u00e8re de pulv\u00e9risation selon les param\u00e8tres recommand\u00e9s par l&rsquo;\u00e9quipement.<\/p>\n<h2><span style=\"font-size: 14pt;\">Rapport<\/span><\/h2>\n<p>Chaque lot est fourni avec :<br \/>\n<span style=\"color: #0000ff;\"><a style=\"color: #0000ff;\" href=\"https:\/\/ulpmat.com\/fr\/documents\/certificat-danalyse\/\"><u>Certificat d&rsquo;analyse (COA)<\/u><\/a><\/span><\/p>\n<p><span style=\"color: #0000ff;\"><a style=\"color: #0000ff;\" href=\"https:\/\/ulpmat.com\/fr\/documents\/fiche-technique\/\"><u>Fiche technique (TDS)<\/u><\/a><\/span><\/p>\n<p><span style=\"color: #0000ff;\"><a style=\"color: #0000ff;\" href=\"https:\/\/ulpmat.com\/fr\/documents\/fiche-de-donnees-de-securite\/\"><u>Fiche de donn\u00e9es de s\u00e9curit\u00e9 (MSDS)<\/u><\/a><\/span><br \/>\nRapport d&rsquo;inspection des dimensions<br \/>\nRapports d&rsquo;essais effectu\u00e9s par des tiers disponibles sur demande<\/p>\n<h2><span style=\"font-size: 14pt;\">Pourquoi nous choisir ?<\/span><\/h2>\n<p>Nous nous concentrons depuis longtemps sur la pr\u00e9paration et le soutien \u00e0 l&rsquo;application de cibles de pulv\u00e9risation fonctionnelles en oxyde de vanadium, fournissant des cibles de pulv\u00e9risation VO2 denses et stables, et offrant des conseils professionnels adapt\u00e9s aux exigences des processus des clients afin de garantir une fabrication de haute qualit\u00e9 de films minces intelligents et de dispositifs fonctionnels.<\/p>\n","protected":false},"excerpt":{"rendered":"<p>Cibles de pulv\u00e9risation en oxyde de vanadium Pr\u00e9sentation Les cibles de pulv\u00e9risation en oxyde de vanadium sont des cibles fonctionnelles r\u00e9versibles \u00e0 changement de phase m\u00e9tal-isolant adapt\u00e9es \u00e0 divers proc\u00e9d\u00e9s de d\u00e9p\u00f4t physique en phase vapeur. Elles peuvent \u00eatre utilis\u00e9es pour pr\u00e9parer des films minces fonctionnels intelligents, denses et stables, largement utilis\u00e9s dans la modulation [&hellip;]<\/p>\n","protected":false},"featured_media":50376,"template":"","meta":{"_acf_changed":false},"product_brand":[132],"product_cat":[449],"product_tag":[7532],"class_list":{"0":"post-50375","1":"product","2":"type-product","3":"status-publish","4":"has-post-thumbnail","6":"product_brand-ulpmat","7":"product_cat-cible-de-pulverisation-ceramique","8":"product_tag-cible-de-pulverisation-doxyde-de-vanadium","10":"first","11":"instock","12":"shipping-taxable","13":"product-type-variable"},"acf":[],"_links":{"self":[{"href":"https:\/\/ulpmat.com\/fr\/wp-json\/wp\/v2\/product\/50375","targetHints":{"allow":["GET"]}}],"collection":[{"href":"https:\/\/ulpmat.com\/fr\/wp-json\/wp\/v2\/product"}],"about":[{"href":"https:\/\/ulpmat.com\/fr\/wp-json\/wp\/v2\/types\/product"}],"wp:featuredmedia":[{"embeddable":true,"href":"https:\/\/ulpmat.com\/fr\/wp-json\/wp\/v2\/media\/50376"}],"wp:attachment":[{"href":"https:\/\/ulpmat.com\/fr\/wp-json\/wp\/v2\/media?parent=50375"}],"wp:term":[{"taxonomy":"product_brand","embeddable":true,"href":"https:\/\/ulpmat.com\/fr\/wp-json\/wp\/v2\/product_brand?post=50375"},{"taxonomy":"product_cat","embeddable":true,"href":"https:\/\/ulpmat.com\/fr\/wp-json\/wp\/v2\/product_cat?post=50375"},{"taxonomy":"product_tag","embeddable":true,"href":"https:\/\/ulpmat.com\/fr\/wp-json\/wp\/v2\/product_tag?post=50375"}],"curies":[{"name":"wp","href":"https:\/\/api.w.org\/{rel}","templated":true}]}}