{"id":50204,"date":"2026-01-08T16:15:49","date_gmt":"2026-01-08T08:15:49","guid":{"rendered":"https:\/\/ulpmat.com\/product\/scandium-metal-3\/"},"modified":"2026-01-08T16:15:49","modified_gmt":"2026-01-08T08:15:49","slug":"scandium-metal-3","status":"publish","type":"product","link":"https:\/\/ulpmat.com\/fr\/produit\/scandium-metal-3\/","title":{"rendered":"Scandium m\u00e9tal"},"content":{"rendered":"<h2><span style=\"font-size: 14pt;\">Pr\u00e9sentation de la poudre m\u00e9tallique de scandium<\/span><\/h2>\n<p>La poudre<br \/>\n<span style=\"color: #0000ff;\"><a style=\"color: #0000ff;\" href=\"https:\/\/ulpmat.com\/fr\/recherche\/?type=name&#038;keyword=Scandium+metal\">m\u00e9tallique de scandium<\/a><\/span><br \/>\nest une poudre fine pr\u00e9par\u00e9e \u00e0 partir de scandium m\u00e9tallique de haute puret\u00e9 par des m\u00e9thodes physiques ou m\u00e9caniques. Elle se caract\u00e9rise par une activit\u00e9 \u00e9lev\u00e9e et une bonne dispersibilit\u00e9. Cette poudre est principalement utilis\u00e9e dans la pr\u00e9paration d&rsquo;alliages avanc\u00e9s, la recherche sur les mat\u00e9riaux fonctionnels et les processus n\u00e9cessitant une r\u00e9activit\u00e9 m\u00e9tallique \u00e9lev\u00e9e.<\/p>\n<p>Nous pouvons fournir des poudres m\u00e9talliques de scandium dans diff\u00e9rentes gammes de tailles de particules et de degr\u00e9s de puret\u00e9 afin de r\u00e9pondre \u00e0 diff\u00e9rents besoins d&rsquo;application, et nous proposons <span style=\"color: #0000ff;\"><a style=\"color: #0000ff;\" href=\"https:\/\/ulpmat.com\/fr\/service\/personnalisation\/\">une personnalisation<\/a><\/span><br \/>\net une fourniture en fonction des exigences du projet.<\/p>\n<h2><span style=\"font-size: 14pt;\">Points forts du produit<\/span><\/h2>\n<p>Mati\u00e8re premi\u00e8re m\u00e9tallique de scandium de haute puret\u00e9<br \/>\nDistribution granulom\u00e9trique contr\u00f4lable<br \/>\nHaute activit\u00e9 m\u00e9tallique et bonne efficacit\u00e9 de r\u00e9action<br \/>\nFaible teneur en impuret\u00e9s<br \/>\nConvient aux exp\u00e9riences et \u00e0 la production \u00e0 petite \u00e9chelle<br \/>\nStabilit\u00e9 et tra\u00e7abilit\u00e9 des lots<\/p>\n<h2><span style=\"font-size: 14pt;\">Applications de la poudre de scandium m\u00e9tallique<\/span><\/h2>\n<p><strong>Pr\u00e9paration d&rsquo;alliages de scandium :<\/strong><br \/>\ncouramment utilis\u00e9e dans le processus de formulation d&rsquo;alliages haute performance tels que les alliages \u00e0 base d&rsquo;aluminium et de magn\u00e9sium, am\u00e9liorant efficacement la r\u00e9sistance, la r\u00e9sistance \u00e0 la chaleur et la stabilit\u00e9 microstructurale des mat\u00e9riaux.<br \/>\n<strong>Recherche en science des mat\u00e9riaux :<\/strong><br \/>\ndans la recherche sur les mat\u00e9riaux et la m\u00e9tallurgie, cette poudre peut \u00eatre utilis\u00e9e comme source de m\u00e9tal actif pour \u00e9tudier l&rsquo;influence du scandium sur la structure cristalline et les propri\u00e9t\u00e9s.<br \/>\n<strong>Synth\u00e8se de mat\u00e9riaux fonctionnels :<\/strong><br \/>\nconvient \u00e0 la pr\u00e9paration de compos\u00e9s ou de mat\u00e9riaux composites \u00e0 base de scandium, fournissant un soutien fondamental en mati\u00e8re premi\u00e8re pour le d\u00e9veloppement de nouveaux mat\u00e9riaux fonctionnels.<br \/>\n<strong>R\u00e9actions en laboratoire et exp\u00e9riences comparatives :<\/strong><br \/>\nen raison de sa bonne contr\u00f4labilit\u00e9 et de sa coh\u00e9rence, elle convient aux r\u00e9actions \u00e0 faible dose et aux exp\u00e9riences de contr\u00f4le de diff\u00e9rents syst\u00e8mes.<\/p>\n<h2><span style=\"color: #0000ff; font-size: 14pt;\"><a style=\"color: #0000ff;\" href=\"https:\/\/ulpmat.com\/fr\/societe\/faq\/\">FAQ<\/a><\/span><\/h2>\n<p>Q1 : Quelle est la puret\u00e9 typique de la poudre m\u00e9tallique de scandium ?<br \/>\nR1 : Les produits standard sont des poudres m\u00e9talliques de scandium de haute puret\u00e9 ; diff\u00e9rents degr\u00e9s de puret\u00e9 peuvent \u00eatre s\u00e9lectionn\u00e9s en fonction des exigences sp\u00e9cifiques de l&rsquo;application.<\/p>\n<p>Q2 : La poudre m\u00e9tallique de scandium s&rsquo;oxyde-t-elle facilement ?<br \/>\nR2 : La poudre pr\u00e9sente un certain degr\u00e9 d&rsquo;activit\u00e9 ; il est recommand\u00e9 de la stocker et de la manipuler dans un environnement de gaz inerte ou dans des conditions herm\u00e9tiques.<\/p>\n<p>Q3 : La taille des particules de la poudre peut-elle \u00eatre ajust\u00e9e ?<br \/>\nR3 : Oui, diff\u00e9rentes gammes de tailles de particules sont disponibles en fonction de l&rsquo;application, et la personnalisation est prise en charge.<\/p>\n<p>Q4 : Cette poudre est-elle plus adapt\u00e9e \u00e0 la recherche ou aux applications industrielles ?<br \/>\nA4 : Actuellement, elle est principalement utilis\u00e9e dans les phases de recherche et de d\u00e9veloppement de mat\u00e9riaux, et peut \u00e9galement \u00eatre utilis\u00e9e pour des essais industriels sp\u00e9cifiques \u00e0 petite \u00e9chelle.<\/p>\n<h2><span style=\"font-size: 14pt;\">Rapport<\/span><\/h2>\n<p>Chaque lot est fourni avec :<br \/>\n<span style=\"color: #0000ff;\"><a style=\"color: #0000ff;\" href=\"https:\/\/ulpmat.com\/fr\/documents\/certificat-danalyse\/\"><u>Certificat d&rsquo;analyse (COA)<\/u><\/a><\/span><\/p>\n<p><span style=\"color: #0000ff;\"><a style=\"color: #0000ff;\" href=\"https:\/\/ulpmat.com\/fr\/documents\/fiche-technique\/\"><u>Fiche technique (TDS)<\/u><\/a><\/span><\/p>\n<p><span style=\"color: #0000ff;\"><a style=\"color: #0000ff;\" href=\"https:\/\/ulpmat.com\/fr\/documents\/fiche-de-donnees-de-securite\/\"><u>Fiche de donn\u00e9es de s\u00e9curit\u00e9 (MSDS)<\/u><\/a><\/span><br \/>\nRapport d&rsquo;inspection des dimensions<br \/>\nRapports d&rsquo;essais effectu\u00e9s par des tiers disponibles sur demande<\/p>\n<h2><span style=\"font-size: 14pt;\">Pourquoi nous choisir ?<\/span><\/h2>\n<p>Nous disposons de canaux d&rsquo;approvisionnement en mati\u00e8res premi\u00e8res stables et d&rsquo;un syst\u00e8me de contr\u00f4le qualit\u00e9 \u00e9prouv\u00e9 dans le domaine des poudres m\u00e9talliques de haute puret\u00e9, ce qui garantit que les poudres m\u00e9talliques de scandium r\u00e9pondent aux besoins de la recherche et des applications en termes de puret\u00e9, de taille des particules et d&rsquo;uniformit\u00e9 des lots, offrant ainsi \u00e0 nos clients un soutien fiable et durable en mati\u00e8re de mat\u00e9riaux.<\/p>\n","protected":false},"excerpt":{"rendered":"<p>Pr\u00e9sentation de la poudre m\u00e9tallique de scandium La poudre m\u00e9tallique de scandium est une poudre fine pr\u00e9par\u00e9e \u00e0 partir de scandium m\u00e9tallique de haute puret\u00e9 par des m\u00e9thodes physiques ou m\u00e9caniques. Elle se caract\u00e9rise par une activit\u00e9 \u00e9lev\u00e9e et une bonne dispersibilit\u00e9. Cette poudre est principalement utilis\u00e9e dans la pr\u00e9paration d&rsquo;alliages avanc\u00e9s, la recherche sur [&hellip;]<\/p>\n","protected":false},"featured_media":50207,"template":"","meta":{"_acf_changed":false},"product_brand":[132],"product_cat":[314],"product_tag":[7490],"class_list":{"0":"post-50204","1":"product","2":"type-product","3":"status-publish","4":"has-post-thumbnail","6":"product_brand-ulpmat","7":"product_cat-materiaux-a-base-de-terres-rares","8":"product_tag-scandium-metal-poudre","10":"first","11":"instock","12":"shipping-taxable","13":"product-type-variable"},"acf":[],"_links":{"self":[{"href":"https:\/\/ulpmat.com\/fr\/wp-json\/wp\/v2\/product\/50204","targetHints":{"allow":["GET"]}}],"collection":[{"href":"https:\/\/ulpmat.com\/fr\/wp-json\/wp\/v2\/product"}],"about":[{"href":"https:\/\/ulpmat.com\/fr\/wp-json\/wp\/v2\/types\/product"}],"wp:featuredmedia":[{"embeddable":true,"href":"https:\/\/ulpmat.com\/fr\/wp-json\/wp\/v2\/media\/50207"}],"wp:attachment":[{"href":"https:\/\/ulpmat.com\/fr\/wp-json\/wp\/v2\/media?parent=50204"}],"wp:term":[{"taxonomy":"product_brand","embeddable":true,"href":"https:\/\/ulpmat.com\/fr\/wp-json\/wp\/v2\/product_brand?post=50204"},{"taxonomy":"product_cat","embeddable":true,"href":"https:\/\/ulpmat.com\/fr\/wp-json\/wp\/v2\/product_cat?post=50204"},{"taxonomy":"product_tag","embeddable":true,"href":"https:\/\/ulpmat.com\/fr\/wp-json\/wp\/v2\/product_tag?post=50204"}],"curies":[{"name":"wp","href":"https:\/\/api.w.org\/{rel}","templated":true}]}}