{"id":50177,"date":"2026-01-08T16:15:50","date_gmt":"2026-01-08T08:15:50","guid":{"rendered":"https:\/\/ulpmat.com\/product\/scandium-metal-2\/"},"modified":"2026-01-08T16:15:50","modified_gmt":"2026-01-08T08:15:50","slug":"scandium-metal-2","status":"publish","type":"product","link":"https:\/\/ulpmat.com\/fr\/produit\/scandium-metal-2\/","title":{"rendered":"Scandium m\u00e9tal"},"content":{"rendered":"<h2><span style=\"font-size: 14pt;\">Aper\u00e7u des granul\u00e9s m\u00e9talliques de scandium<\/span><\/h2>\n<p>Les granul\u00e9s<br \/>\n<span style=\"color: #0000ff;\"><a style=\"color: #0000ff;\" href=\"https:\/\/ulpmat.com\/fr\/recherche\/?type=name&#038;keyword=Scandium+metal\">m\u00e9talliques de scandium<\/a><\/span><br \/>\nsont des mat\u00e9riaux granulaires r\u00e9guliers ou irr\u00e9guliers fabriqu\u00e9s \u00e0 partir de scandium m\u00e9tallique de haute puret\u00e9, qui poss\u00e8dent \u00e0 la fois une bonne fluidit\u00e9 et une bonne stabilit\u00e9. Ce produit est couramment utilis\u00e9 dans la fonte des m\u00e9taux, le dosage des alliages et les applications industrielles et de recherche n\u00e9cessitant un contr\u00f4le pr\u00e9cis de l&rsquo;alimentation.<\/p>\n<p>Nous pouvons fournir des granul\u00e9s m\u00e9talliques de scandium dans diff\u00e9rentes gammes de tailles de particules et sp\u00e9cifications de puret\u00e9, en fonction des exigences r\u00e9elles du processus.<\/p>\n<h2><span style=\"font-size: 14pt;\">Points forts du produit<\/span><\/h2>\n<p>Haute puret\u00e9<br \/>\nForme des particules facile \u00e0 peser<br \/>\nAlimentation uniforme, forte contr\u00f4labilit\u00e9<br \/>\nBonne consistance m\u00e9tallique<br \/>\nFaible teneur en impuret\u00e9s<br \/>\nConvient aux processus de fusion et de dosage<\/p>\n<h2><span style=\"font-size: 14pt;\">Applications des granul\u00e9s de scandium m\u00e9tallique<\/span><\/h2>\n<p><strong>Additif pour la fusion d&rsquo;alliages :<\/strong><br \/>\nutilis\u00e9 comme \u00e9l\u00e9ment additif dans la fusion d&rsquo;alliages, il permet une introduction stable et uniforme des \u00e9l\u00e9ments, am\u00e9liorant ainsi la microstructure et les propri\u00e9t\u00e9s des alliages.<br \/>\n<strong>Dosage des mat\u00e9riaux en laboratoire :<\/strong><br \/>\nla forme des particules facilite le pesage pr\u00e9cis et la r\u00e9p\u00e9tition des exp\u00e9riences, ce qui convient aux instituts de recherche pour \u00e9tudier et v\u00e9rifier les syst\u00e8mes de mat\u00e9riaux li\u00e9s au scandium.<br \/>\n<strong>Proc\u00e9d\u00e9s m\u00e9tallurgiques :<\/strong><br \/>\ndans certains proc\u00e9d\u00e9s m\u00e9tallurgiques sp\u00e9cifiques, il peut \u00eatre utilis\u00e9 comme mati\u00e8re premi\u00e8re interm\u00e9diaire, r\u00e9pondant aux exigences de contr\u00f4labilit\u00e9 de la morphologie des m\u00e9taux et des processus de r\u00e9action.<br \/>\n<strong>D\u00e9veloppement et test de nouveaux mat\u00e9riaux :<\/strong><br \/>\nau stade du d\u00e9veloppement de nouveaux alliages ou mat\u00e9riaux fonctionnels, les particules de scandium m\u00e9tallique constituent une base fiable pour l&rsquo;exploration des processus et l&rsquo;optimisation des param\u00e8tres.<\/p>\n<h2><span style=\"color: #0000ff;\"><a style=\"color: #0000ff;\" href=\"https:\/\/ulpmat.com\/fr\/societe\/faq\/\"><span style=\"font-size: 14pt;\">FAQ<\/span><\/a><\/span><\/h2>\n<p>Q1 : Quelle est la diff\u00e9rence entre les granul\u00e9s et la poudre de scandium m\u00e9tallique ?<br \/>\nA1 : La morphologie des particules est plus adapt\u00e9e aux op\u00e9rations de fusion et d&rsquo;alimentation, ce qui facilite le contr\u00f4le du dosage et r\u00e9duit le risque d&rsquo;oxydation par rapport \u00e0 la poudre.<\/p>\n<p>Q2 : La taille des particules des granul\u00e9s de scandium m\u00e9tallique est-elle fixe ?<br \/>\nR2 : La taille des particules peut \u00eatre s\u00e9lectionn\u00e9e en fonction des besoins, g\u00e9n\u00e9ralement dans la gamme des particules de taille moyenne, mais elle peut \u00e9galement \u00eatre personnalis\u00e9e en fonction des exigences du projet.<\/p>\n<p>Q3 : Quelles pr\u00e9cautions faut-il prendre lors du stockage du produit ?<br \/>\nR3 : Il est recommand\u00e9 de le stocker dans un r\u00e9cipient herm\u00e9tique et d&rsquo;\u00e9viter toute exposition prolong\u00e9e \u00e0 des environnements humides ou oxydants.<\/p>\n<p>Q4 : Qui sont les principaux clients de ce produit ?<br \/>\nA4 : Il est principalement utilis\u00e9 dans les instituts de recherche sur les mat\u00e9riaux, les entreprises li\u00e9es \u00e0 la fabrication d&rsquo;alliages et les laboratoires de recherche.<\/p>\n<h2><span style=\"font-size: 14pt;\">Rapport<\/span><\/h2>\n<p>Chaque lot est fourni avec :<br \/>\n<span style=\"color: #0000ff;\"><a style=\"color: #0000ff;\" href=\"https:\/\/ulpmat.com\/fr\/documents\/certificat-danalyse\/\"><u>Certificat d&rsquo;analyse (COA)<\/u><\/a><\/span><\/p>\n<p><span style=\"color: #0000ff;\"><a style=\"color: #0000ff;\" href=\"https:\/\/ulpmat.com\/fr\/documents\/fiche-technique\/\"><u>Fiche technique (TDS)<\/u><\/a><\/span><\/p>\n<p><span style=\"color: #0000ff;\"><a style=\"color: #0000ff;\" href=\"https:\/\/ulpmat.com\/fr\/documents\/fiche-de-donnees-de-securite\/\"><u>Fiche de donn\u00e9es de s\u00e9curit\u00e9 (MSDS)<\/u><\/a><\/span><br \/>\nRapport d&rsquo;inspection des dimensions<br \/>\nRapports d&rsquo;essais effectu\u00e9s par des tiers disponibles sur demande<\/p>\n<h2><span style=\"font-size: 14pt;\">Pourquoi nous choisir ?<\/span><\/h2>\n<p>Nous nous concentrons sur l&rsquo;approvisionnement stable de m\u00e9taux de haute puret\u00e9 et de leurs produits morphologiques. Nous avons une grande exp\u00e9rience dans le contr\u00f4le des mati\u00e8res premi\u00e8res, la coh\u00e9rence du traitement et les tests de qualit\u00e9 des particules de scandium m\u00e9tallique, ce qui nous permet de fournir \u00e0 nos clients des solutions mat\u00e9rielles fiables et tra\u00e7ables.<\/p>\n","protected":false},"excerpt":{"rendered":"<p>Aper\u00e7u des granul\u00e9s m\u00e9talliques de scandium Les granul\u00e9s m\u00e9talliques de scandium sont des mat\u00e9riaux granulaires r\u00e9guliers ou irr\u00e9guliers fabriqu\u00e9s \u00e0 partir de scandium m\u00e9tallique de haute puret\u00e9, qui poss\u00e8dent \u00e0 la fois une bonne fluidit\u00e9 et une bonne stabilit\u00e9. Ce produit est couramment utilis\u00e9 dans la fonte des m\u00e9taux, le dosage des alliages et les [&hellip;]<\/p>\n","protected":false},"featured_media":50183,"template":"","meta":{"_acf_changed":false},"product_brand":[132],"product_cat":[296],"product_tag":[7484],"class_list":{"0":"post-50177","1":"product","2":"type-product","3":"status-publish","4":"has-post-thumbnail","6":"product_brand-ulpmat","7":"product_cat-materiaux-devaporation","8":"product_tag-scandium-metal-granules","10":"first","11":"instock","12":"shipping-taxable","13":"product-type-variable"},"acf":[],"_links":{"self":[{"href":"https:\/\/ulpmat.com\/fr\/wp-json\/wp\/v2\/product\/50177","targetHints":{"allow":["GET"]}}],"collection":[{"href":"https:\/\/ulpmat.com\/fr\/wp-json\/wp\/v2\/product"}],"about":[{"href":"https:\/\/ulpmat.com\/fr\/wp-json\/wp\/v2\/types\/product"}],"wp:featuredmedia":[{"embeddable":true,"href":"https:\/\/ulpmat.com\/fr\/wp-json\/wp\/v2\/media\/50183"}],"wp:attachment":[{"href":"https:\/\/ulpmat.com\/fr\/wp-json\/wp\/v2\/media?parent=50177"}],"wp:term":[{"taxonomy":"product_brand","embeddable":true,"href":"https:\/\/ulpmat.com\/fr\/wp-json\/wp\/v2\/product_brand?post=50177"},{"taxonomy":"product_cat","embeddable":true,"href":"https:\/\/ulpmat.com\/fr\/wp-json\/wp\/v2\/product_cat?post=50177"},{"taxonomy":"product_tag","embeddable":true,"href":"https:\/\/ulpmat.com\/fr\/wp-json\/wp\/v2\/product_tag?post=50177"}],"curies":[{"name":"wp","href":"https:\/\/api.w.org\/{rel}","templated":true}]}}