{"id":50002,"date":"2026-01-08T16:15:53","date_gmt":"2026-01-08T08:15:53","guid":{"rendered":"https:\/\/ulpmat.com\/product\/sulfure-de-scandium\/"},"modified":"2026-01-08T16:15:53","modified_gmt":"2026-01-08T08:15:53","slug":"sulfure-de-scandium","status":"publish","type":"product","link":"https:\/\/ulpmat.com\/fr\/produit\/sulfure-de-scandium\/","title":{"rendered":"Sulfure de scandium"},"content":{"rendered":"<h2><span style=\"font-size: 14pt;\">Pr\u00e9sentation de la poudre de sulfure de scandium<\/span><\/h2>\n<p><span style=\"color: #0000ff;\"><a style=\"color: #0000ff;\" href=\"https:\/\/ulpmat.com\/fr\/recherche\/?type=name&#038;keyword=Scandium+sulfide\">Le sulfure de scandium<\/a><\/span><br \/>\nest un mat\u00e9riau fonctionnel en poudre \u00e0 base de sulfure de terre rare dot\u00e9 d&rsquo;une structure cristalline unique, r\u00e9put\u00e9 pour ses excellentes propri\u00e9t\u00e9s optiques et semi-conductrices. Ce mat\u00e9riau pr\u00e9sente un potentiel d&rsquo;application significatif dans la conversion thermo\u00e9lectrique haute performance, <span style=\"color: #0000ff;\"><a style=\"color: #0000ff;\" href=\"https:\/\/ulpmat.com\/fr\/candidature\/materiaux-optiques\/\">l&rsquo;optique<\/a><\/span><br \/>\ninfrarouge et les dispositifs \u00e9lectroniques avanc\u00e9s.<\/p>\n<p>Nous sommes sp\u00e9cialis\u00e9s dans la fourniture de poudres de sulfure de scandium de diff\u00e9rentes puret\u00e9s, tailles de particules et formes cristallines. Veuillez <span style=\"color: #0000ff;\"><a style=\"color: #0000ff;\" href=\"https:\/\/ulpmat.com\/fr\/contactez-nous\/\">nous contacter<\/a><\/span><br \/>\npour obtenir des informations d\u00e9taill\u00e9es si vous avez des exigences techniques sp\u00e9cifiques.<\/p>\n<h2><span style=\"font-size: 14pt;\">Points forts du produit<\/span><\/h2>\n<p>St\u0153chiom\u00e9trie pr\u00e9cise<br \/>\nContr\u00f4le strict de la teneur en oxyg\u00e8ne<br \/>\nDistribution granulom\u00e9trique uniforme et concentr\u00e9e<br \/>\nPerformances stables d&rsquo;un lot \u00e0 l&rsquo;autre<\/p>\n<h2><span style=\"font-size: 14pt;\">Applications de la poudre de sulfure de scandium<\/span><\/h2>\n<p><strong>Dispositifs de conversion thermo\u00e9lectrique<\/strong><br \/>\n: le sulfure de scandium est un composant essentiel des mat\u00e9riaux thermo\u00e9lectriques \u00e0 haut rendement, capable de convertir directement la chaleur industrielle r\u00e9siduelle en \u00e9nergie \u00e9lectrique utilisable.<br \/>\n<strong>Fen\u00eatres <span style=\"color: #0000ff;\"><a style=\"color: #0000ff;\" href=\"https:\/\/ulpmat.com\/fr\/candidature\/materiaux-optiques\/\">optiques<\/a><\/span> infrarouges :<\/strong><br \/>\ngr\u00e2ce \u00e0 son excellente transmittance dans des bandes infrarouges sp\u00e9cifiques, il peut \u00eatre utilis\u00e9 pour fabriquer des fen\u00eatres et des lentilles infrarouges haute performance pour des applications militaires et de s\u00e9curit\u00e9.<br \/>\n<strong>Mat\u00e9riaux d&rsquo;\u00e9mission d&rsquo;\u00e9lectrons :<\/strong><br \/>\nen tant que mat\u00e9riau cathodique pour les \u00e9crans \u00e0 \u00e9mission de champ et les sources d&rsquo;\u00e9lectrons \u00e0 haute puissance, il pr\u00e9sente une faible fonction de travail et une bonne stabilit\u00e9 d&rsquo;\u00e9mission.<br \/>\n<strong>\u00c9lectrolyte \u00e0 l&rsquo;\u00e9tat solide :<\/strong><br \/>\nutilis\u00e9 dans les nouvelles batteries \u00e0 sulfure \u00e0 l&rsquo;\u00e9tat solide, il offre une conductivit\u00e9 lithium-ion plus \u00e9lev\u00e9e, am\u00e9liorant ainsi la s\u00e9curit\u00e9 et la densit\u00e9 \u00e9nerg\u00e9tique des batteries.<\/p>\n<h2><span style=\"color: #0000ff;\"><a style=\"color: #0000ff;\" href=\"https:\/\/ulpmat.com\/fr\/societe\/faq\/\"><span style=\"font-size: 14pt;\">FAQ<\/span><\/a><\/span><\/h2>\n<p>Q1 : Quelles sont les principales conditions de stockage de la poudre de sulfure de scandium ?<br \/>\nR1 : Le produit est sensible \u00e0 l&rsquo;air et \u00e0 l&rsquo;humidit\u00e9. Il est recommand\u00e9 de le stocker dans un emballage herm\u00e9tique sous protection d&rsquo;un gaz inerte ou sous vide afin de pr\u00e9server son activit\u00e9 chimique.<\/p>\n<p>Q2 : Comment la teneur en oxyg\u00e8ne est-elle contr\u00f4l\u00e9e pendant le processus de production ?<br \/>\nR2 : Nous utilisons un processus de synth\u00e8se et de post-traitement sous atmosph\u00e8re inerte strictement contr\u00f4l\u00e9e, ainsi qu&rsquo;un analyseur d&rsquo;oxyg\u00e8ne haute sensibilit\u00e9 afin de garantir que la teneur en oxyg\u00e8ne du produit r\u00e9pond aux exigences des applications haut de gamme.<\/p>\n<p>Q3 : Est-il possible de personnaliser la taille des particules en fonction des exigences de frittage ?<br \/>\nR3 : Oui. Nous pouvons fournir des produits en poudre optimis\u00e9s avec des tailles et des morphologies de particules sp\u00e9cifiques en fonction de vos processus de moulage et de frittage ult\u00e9rieurs (tels que le pressage \u00e0 chaud, le frittage par plasma de d\u00e9charge).<\/p>\n<p>Q4 : Quel est le degr\u00e9 de toxicit\u00e9 du sulfure de scandium et quelles pr\u00e9cautions faut-il prendre lors de sa manipulation ?<br \/>\nR4 : Le sulfure de scandium lui-m\u00eame a une faible toxicit\u00e9, mais comme il s&rsquo;agit d&rsquo;une poudre fine, il faut tout de m\u00eame porter un \u00e9quipement de protection lors de sa manipulation afin d&rsquo;\u00e9viter toute inhalation, et il doit \u00eatre manipul\u00e9 conform\u00e9ment \u00e0 la fiche de donn\u00e9es de s\u00e9curit\u00e9 (FDS).<\/p>\n<h2><span style=\"font-size: 14pt;\">Rapport<\/span><\/h2>\n<p>Chaque lot est fourni avec :<br \/>\n<span style=\"color: #0000ff;\"><a style=\"color: #0000ff;\" href=\"https:\/\/ulpmat.com\/fr\/documents\/certificat-danalyse\/\"><u>Certificat d&rsquo;analyse (COA)<\/u><\/a><\/span><\/p>\n<p><span style=\"color: #0000ff;\"><a style=\"color: #0000ff;\" href=\"https:\/\/ulpmat.com\/fr\/documents\/fiche-technique\/\"><u>Fiche technique (TDS)<\/u><\/a><\/span><\/p>\n<p><span style=\"color: #0000ff;\"><a style=\"color: #0000ff;\" href=\"https:\/\/ulpmat.com\/fr\/documents\/fiche-de-donnees-de-securite\/\"><u>Fiche de donn\u00e9es de s\u00e9curit\u00e9 (MSDS)<\/u><\/a><\/span><br \/>\nRapports d&rsquo;essais effectu\u00e9s par des tiers disponibles sur demande<\/p>\n<h2><span style=\"font-size: 14pt;\">Pourquoi nous choisir ?<\/span><\/h2>\n<p>Nous nous appuyons sur une plateforme technologique mature de synth\u00e8se de compos\u00e9s de terres rares, ax\u00e9e sur le d\u00e9veloppement et la production de mat\u00e9riaux fonctionnels sp\u00e9ciaux tels que le sulfure de scandium. Gr\u00e2ce \u00e0 notre connaissance approfondie de la microstructure et des propri\u00e9t\u00e9s macroscopiques des mat\u00e9riaux, nous pouvons non seulement fournir des produits en poudre de haute qualit\u00e9 et tr\u00e8s homog\u00e8nes, mais aussi offrir des conseils techniques professionnels, du choix des mat\u00e9riaux \u00e0 l&rsquo;adaptation des processus, adapt\u00e9s \u00e0 vos sc\u00e9narios d&rsquo;utilisation finale. Nous sommes un partenaire de R&amp;D et de production digne de confiance.<\/p>\n","protected":false},"excerpt":{"rendered":"<p>Pr\u00e9sentation de la poudre de sulfure de scandium Le sulfure de scandium est un mat\u00e9riau fonctionnel en poudre \u00e0 base de sulfure de terre rare dot\u00e9 d&rsquo;une structure cristalline unique, r\u00e9put\u00e9 pour ses excellentes propri\u00e9t\u00e9s optiques et semi-conductrices. Ce mat\u00e9riau pr\u00e9sente un potentiel d&rsquo;application significatif dans la conversion thermo\u00e9lectrique haute performance, l&rsquo;optique infrarouge et les [&hellip;]<\/p>\n","protected":false},"featured_media":50004,"template":"","meta":{"_acf_changed":false},"product_brand":[132],"product_cat":[314,668],"product_tag":[7448],"class_list":{"0":"post-50002","1":"product","2":"type-product","3":"status-publish","4":"has-post-thumbnail","6":"product_brand-ulpmat","7":"product_cat-materiaux-a-base-de-terres-rares","8":"product_cat-materiaux-de-chalcogenure","9":"product_tag-poudre-de-sulfure-de-scandium","11":"first","12":"instock","13":"shipping-taxable","14":"product-type-variable"},"acf":[],"_links":{"self":[{"href":"https:\/\/ulpmat.com\/fr\/wp-json\/wp\/v2\/product\/50002","targetHints":{"allow":["GET"]}}],"collection":[{"href":"https:\/\/ulpmat.com\/fr\/wp-json\/wp\/v2\/product"}],"about":[{"href":"https:\/\/ulpmat.com\/fr\/wp-json\/wp\/v2\/types\/product"}],"wp:featuredmedia":[{"embeddable":true,"href":"https:\/\/ulpmat.com\/fr\/wp-json\/wp\/v2\/media\/50004"}],"wp:attachment":[{"href":"https:\/\/ulpmat.com\/fr\/wp-json\/wp\/v2\/media?parent=50002"}],"wp:term":[{"taxonomy":"product_brand","embeddable":true,"href":"https:\/\/ulpmat.com\/fr\/wp-json\/wp\/v2\/product_brand?post=50002"},{"taxonomy":"product_cat","embeddable":true,"href":"https:\/\/ulpmat.com\/fr\/wp-json\/wp\/v2\/product_cat?post=50002"},{"taxonomy":"product_tag","embeddable":true,"href":"https:\/\/ulpmat.com\/fr\/wp-json\/wp\/v2\/product_tag?post=50002"}],"curies":[{"name":"wp","href":"https:\/\/api.w.org\/{rel}","templated":true}]}}